{"id":8916,"date":"2024-10-10T21:07:55","date_gmt":"2024-10-10T21:07:55","guid":{"rendered":"https:\/\/kiemmi.com\/?post_type=product&#038;p=8916"},"modified":"2025-05-26T22:26:25","modified_gmt":"2025-05-26T22:26:25","slug":"anpassningsbar-3d-pennhallare-formad-som-hundben","status":"publish","type":"product","link":"https:\/\/kiemmi.com\/sv\/shop\/mascotas\/porta-boligrafos-y-lapices-en-forma-de-hueso-de-perro-3d-personalizable\/","title":{"rendered":"3D-penn- och pennh\u00e5llare med hundben \u2013 anpassningsbar"},"content":{"rendered":"<p>Ge ditt skrivbord en originell och personlig touch med denna pennh\u00e5llare formad som ett hundben, tillverkad med 3D-utskriftsteknik. Detta unika tillbeh\u00f6r \u00e4r inte bara praktiskt utan \u00e4ven dekorativt, perfekt f\u00f6r kontor, hemmakontor eller butiker. Med tre fack kan du organisera dina pennor, pennor, visitkort och andra sm\u00e5 tillbeh\u00f6r. Dessutom kan du anpassa f\u00e4rgerna och l\u00e4gga till ett namn eller en speciell fras, vilket g\u00f6r den till en perfekt present till hund\u00e4lskare. G\u00f6r ditt utrymme roligare och mer funktionellt!<\/p>\n<p><strong>Utvalda funktioner:<\/strong><\/p>\n<ul>\n<li>\ud83d\udd8b\ufe0f <strong>Unik design i form av hundben<\/strong>L\u00e4gg till en originell och tematisk touch till ditt skrivbord, perfekt f\u00f6r hund\u00e4lskare.<\/li>\n<li>\ud83c\udfa8 <strong>Fullst\u00e4ndig anpassning<\/strong>Du kan v\u00e4lja de f\u00e4rger du vill ha och personifiera den med ditt namn eller en speciell fras, f\u00f6r en accessoar som \u00e4r helt skr\u00e4ddarsydd f\u00f6r dig.<\/li>\n<li>\ud83d\udccf <strong>Praktisk storlek<\/strong>Den \u00e4r 17,6 cm l\u00e5ng, 9,6 cm bred och 3,5 cm tjock, perfekt f\u00f6r alla kontors- eller skrivbordsbord utan att ta upp mycket plats.<\/li>\n<li>\ud83d\udd8a\ufe0f <strong>Effektiv organisation<\/strong>Den har tre fack: tv\u00e5 f\u00f6r pennor, blyertspennor etc., och ytterligare ett f\u00f6r visitkort eller USB-minnen.<\/li>\n<li>\ud83c\udf81 <strong>Perfekt present<\/strong>En unik och personlig present till alla hund\u00e4lskare eller som en originell detalj till skrivbordet.<\/li>\n<li>\ud83c\udfe0 <strong>Dekorativt element<\/strong>Mer \u00e4n ett funktionellt tillbeh\u00f6r \u00e4r det ocks\u00e5 ett dekorativt f\u00f6rem\u00e5l som f\u00f6rb\u00e4ttrar vilken arbets- eller studiemilj\u00f6 som helst.<\/li>\n<\/ul>","protected":false},"excerpt":{"rendered":"<p>Denna pennh\u00e5llare formad som ett hundben \u00e4r perfekt f\u00f6r att dekorera skrivbord och h\u00e5lla allt organiserat. Tillverkad med 3D-utskrift kan den anpassas i f\u00e4rger och med namn eller speciella fraser. Den har tre fack f\u00f6r pennor, visitkort eller USB-minnen. Dess kompakta storlek g\u00f6r den perfekt f\u00f6r alla kontor eller hem. Det \u00e4r den perfekta presenten f\u00f6r hund\u00e4lskare eller alla som letar efter en originell touch p\u00e5 sin arbetsyta.<\/p>","protected":false},"featured_media":8925,"template":"","meta":{"_seopress_robots_primary_cat":"87","_seopress_titles_title":"Portabol\u00edgrafos 3D en forma de hueso: \u00a1escribe con estilo!","_seopress_titles_desc":"Dale estilo a tu escritorio con este porta bol\u00edgrafos 3D con forma de hueso. Personalizable y perfecto para amantes de perros. \u00a1Organiza y decora!","_seopress_robots_index":"","site-sidebar-layout":"default","site-content-layout":"","ast-site-content-layout":"default","site-content-style":"default","site-sidebar-style":"default","ast-global-header-display":"","ast-banner-title-visibility":"","ast-main-header-display":"","ast-hfb-above-header-display":"","ast-hfb-below-header-display":"","ast-hfb-mobile-header-display":"","site-post-title":"","ast-breadcrumbs-content":"","ast-featured-img":"","footer-sml-layout":"","ast-disable-related-posts":"","theme-transparent-header-meta":"default","adv-header-id-meta":"","stick-header-meta":"default","header-above-stick-meta":"","header-main-stick-meta":"","header-below-stick-meta":"","astra-migrate-meta-layouts":"set","ast-page-background-enabled":"default","ast-page-background-meta":{"desktop":{"background-color":"","background-image":"","background-repeat":"repeat","background-position":"center center","background-size":"auto","background-attachment":"scroll","background-type":"","background-media":"","overlay-type":"","overlay-color":"","overlay-opacity":"","overlay-gradient":""},"tablet":{"background-color":"","background-image":"","background-repeat":"repeat","background-position":"center center","background-size":"auto","background-attachment":"scroll","background-type":"","background-media":"","overlay-type":"","overlay-color":"","overlay-opacity":"","overlay-gradient":""},"mobile":{"background-color":"","background-image":"","background-repeat":"repeat","background-position":"center center","background-size":"auto","background-attachment":"scroll","background-type":"","background-media":"","overlay-type":"","overlay-color":"","overlay-opacity":"","overlay-gradient":""}},"ast-content-background-meta":{"desktop":{"background-color":"var(--ast-global-color-5)","background-image":"","background-repeat":"repeat","background-position":"center center","background-size":"auto","background-attachment":"scroll","background-type":"","background-media":"","overlay-type":"","overlay-color":"","overlay-opacity":"","overlay-gradient":""},"tablet":{"background-color":"var(--ast-global-color-5)","background-image":"","background-repeat":"repeat","background-position":"center center","background-size":"auto","background-attachment":"scroll","background-type":"","background-media":"","overlay-type":"","overlay-color":"","overlay-opacity":"","overlay-gradient":""},"mobile":{"background-color":"var(--ast-global-color-5)","background-image":"","background-repeat":"repeat","background-position":"center center","background-size":"auto","background-attachment":"scroll","background-type":"","background-media":"","overlay-type":"","overlay-color":"","overlay-opacity":"","overlay-gradient":""}}},"product_brand":[],"product_cat":[51,87,49],"product_tag":[],"class_list":{"0":"post-8916","1":"product","2":"type-product","3":"status-publish","4":"has-post-thumbnail","6":"product_cat-decoracion-del-hogar","7":"product_cat-mascotas","8":"product_cat-regalos-originales","9":"desktop-align-center","10":"tablet-align-left","11":"mobile-align-center","12":"ast-product-gallery-layout-horizontal","13":"ast-magnify-disabled","14":"ast-product-tabs-layout-horizontal","15":"tm-has-options","17":"first","18":"instock","19":"taxable","20":"shipping-taxable","21":"purchasable","22":"product-type-simple"},"_links":{"self":[{"href":"https:\/\/kiemmi.com\/sv\/wp-json\/wp\/v2\/product\/8916","targetHints":{"allow":["GET"]}}],"collection":[{"href":"https:\/\/kiemmi.com\/sv\/wp-json\/wp\/v2\/product"}],"about":[{"href":"https:\/\/kiemmi.com\/sv\/wp-json\/wp\/v2\/types\/product"}],"version-history":[{"count":0,"href":"https:\/\/kiemmi.com\/sv\/wp-json\/wp\/v2\/product\/8916\/revisions"}],"wp:featuredmedia":[{"embeddable":true,"href":"https:\/\/kiemmi.com\/sv\/wp-json\/wp\/v2\/media\/8925"}],"wp:attachment":[{"href":"https:\/\/kiemmi.com\/sv\/wp-json\/wp\/v2\/media?parent=8916"}],"wp:term":[{"taxonomy":"product_brand","embeddable":true,"href":"https:\/\/kiemmi.com\/sv\/wp-json\/wp\/v2\/product_brand?post=8916"},{"taxonomy":"product_cat","embeddable":true,"href":"https:\/\/kiemmi.com\/sv\/wp-json\/wp\/v2\/product_cat?post=8916"},{"taxonomy":"product_tag","embeddable":true,"href":"https:\/\/kiemmi.com\/sv\/wp-json\/wp\/v2\/product_tag?post=8916"}],"curies":[{"name":"wp","href":"https:\/\/api.w.org\/{rel}","templated":true}]}}