{"id":8900,"date":"2024-10-10T13:06:00","date_gmt":"2024-10-10T13:06:00","guid":{"rendered":"https:\/\/kiemmi.com\/?post_type=product&#038;p=8900"},"modified":"2025-12-09T11:26:49","modified_gmt":"2025-12-09T11:26:49","slug":"anpassningsbar-3d-kaninspargris","status":"publish","type":"product","link":"https:\/\/kiemmi.com\/sv\/shop\/huchas\/hucha-conejo-3d-personalizable\/","title":{"rendered":"Anpassningsbar 3D-kaninspargris"},"content":{"rendered":"<p>Om du letar efter en unik och funktionell present \u00e4r v\u00e5r 3D-printade sparb\u00f6ssa med kanin det perfekta valet. Med m\u00f6jligheten att anpassa f\u00e4rgerna och l\u00e4gga till ett namn \u00e4r denna sparb\u00f6ssa en speciell present f\u00f6r alla tillf\u00e4llen. Perfekt f\u00f6r b\u00e5de barn och vuxna, har den en charmig design som kombinerar roligt och praktiskt.<\/p>\n<p><strong>Egenskaper:<\/strong><\/p>\n<ul>\n<li>\ud83d\udc07 <strong>Exklusiv kaninformad design<\/strong>En bed\u00e5rande sparb\u00f6ssa formad som kanin och som ger en touch av gullighet till vilket vr\u00e5r som helst i huset.<\/li>\n<li>\ud83c\udfa8 <strong style=\"font-size: 1rem;\">F\u00e4rger efter eget val<\/strong><span style=\"font-size: 1rem;\">Anpassa spargrisen genom att v\u00e4lja de f\u00e4rger du gillar b\u00e4st f\u00f6r att anpassa den till din stil eller preferens.<\/span><\/li>\n<li>\ud83d\udd8b\ufe0f <strong style=\"font-size: 1rem;\">Personligt namn<\/strong><span style=\"font-size: 1rem;\">G\u00f6r den unik genom att l\u00e4gga till det namn du vill ha, perfekt att ge bort som present eller f\u00f6r personligt bruk.<\/span><\/li>\n<li>\u2699\ufe0f <strong style=\"font-size: 1rem;\">Rolig avslutning f\u00f6r barn<\/strong><span style=\"font-size: 1rem;\">Kugghjulsl\u00e5smekanismen g\u00f6r sparande till en interaktiv och rolig aktivitet f\u00f6r de sm\u00e5.<\/span><\/li>\n<li>\ud83c\udf81 <strong style=\"font-size: 1rem;\">En perfekt present<\/strong><span style=\"font-size: 1rem;\">Perfekt f\u00f6r alla, s\u00e4rskilt kanin\u00e4lskare eller de som uppskattar originella och anpassningsbara produkter.<\/span><\/li>\n<li>\ud83d\udccf <strong style=\"font-size: 1rem;\">Optimala dimensioner<\/strong><span style=\"font-size: 1rem;\">Med m\u00e5tten 10 cm bred x 17 cm h\u00f6g och 3,5 cm tjock \u00e4r den kompakt och praktisk f\u00f6r alla utrymmen.<\/span><\/li>\n<li>\ud83c\udfa8 <strong style=\"font-size: 1rem;\">3D-utskrift av h\u00f6gsta kvalitet<\/strong><span style=\"font-size: 1rem;\">Tillverkad med en toppmodern 3D-skrivare garanterar den detaljerade ytor och h\u00e5llbarhet.<\/span><\/li>\n<\/ul>\n<p>Denna kaninformade spargris kommer inte bara att hj\u00e4lpa dig att spara pengar, utan kommer ocks\u00e5 att vara ett unikt och personligt dekorationsf\u00f6rem\u00e5l som kommer att ge en speciell touch till ditt hem eller det hem som mottagaren har.<\/p>","protected":false},"excerpt":{"rendered":"<p>Sparb\u00f6ssan med 3D-kaninmotiv \u00e4r en originell och anpassningsbar present, perfekt f\u00f6r alla tillf\u00e4llen. Du kan v\u00e4lja f\u00e4rger och l\u00e4gga till ett namn f\u00f6r att g\u00f6ra den unik. Dess kugghjulsl\u00e5s g\u00f6r den rolig och praktisk, s\u00e4rskilt f\u00f6r barn. Tillverkad med h\u00f6gkvalitativ 3D-utskrift har den en detaljerad och h\u00e5llbar design. Med sina kompakta m\u00e5tt \u00e4r den perfekt f\u00f6r att dekorera vilket utrymme som helst.<\/p>","protected":false},"featured_media":8906,"template":"","meta":{"_seopress_robots_primary_cat":"88","_seopress_titles_title":"Hucha Conejo 3D Personalizable: Perfecto Regalo","_seopress_titles_desc":"Descubre nuestra hucha conejo 3D personalizable en colores y nombres. Regalo ideal para cualquier ocasi\u00f3n, combina diversi\u00f3n y funcionalidad.","_seopress_robots_index":"","site-sidebar-layout":"default","site-content-layout":"","ast-site-content-layout":"default","site-content-style":"default","site-sidebar-style":"default","ast-global-header-display":"","ast-banner-title-visibility":"","ast-main-header-display":"","ast-hfb-above-header-display":"","ast-hfb-below-header-display":"","ast-hfb-mobile-header-display":"","site-post-title":"","ast-breadcrumbs-content":"","ast-featured-img":"","footer-sml-layout":"","ast-disable-related-posts":"","theme-transparent-header-meta":"","adv-header-id-meta":"","stick-header-meta":"","header-above-stick-meta":"","header-main-stick-meta":"","header-below-stick-meta":"","astra-migrate-meta-layouts":"default","ast-page-background-enabled":"default","ast-page-background-meta":{"desktop":{"background-color":"","background-image":"","background-repeat":"repeat","background-position":"center center","background-size":"auto","background-attachment":"scroll","background-type":"","background-media":"","overlay-type":"","overlay-color":"","overlay-opacity":"","overlay-gradient":""},"tablet":{"background-color":"","background-image":"","background-repeat":"repeat","background-position":"center center","background-size":"auto","background-attachment":"scroll","background-type":"","background-media":"","overlay-type":"","overlay-color":"","overlay-opacity":"","overlay-gradient":""},"mobile":{"background-color":"","background-image":"","background-repeat":"repeat","background-position":"center center","background-size":"auto","background-attachment":"scroll","background-type":"","background-media":"","overlay-type":"","overlay-color":"","overlay-opacity":"","overlay-gradient":""}},"ast-content-background-meta":{"desktop":{"background-color":"var(--ast-global-color-5)","background-image":"","background-repeat":"repeat","background-position":"center center","background-size":"auto","background-attachment":"scroll","background-type":"","background-media":"","overlay-type":"","overlay-color":"","overlay-opacity":"","overlay-gradient":""},"tablet":{"background-color":"var(--ast-global-color-5)","background-image":"","background-repeat":"repeat","background-position":"center center","background-size":"auto","background-attachment":"scroll","background-type":"","background-media":"","overlay-type":"","overlay-color":"","overlay-opacity":"","overlay-gradient":""},"mobile":{"background-color":"var(--ast-global-color-5)","background-image":"","background-repeat":"repeat","background-position":"center center","background-size":"auto","background-attachment":"scroll","background-type":"","background-media":"","overlay-type":"","overlay-color":"","overlay-opacity":"","overlay-gradient":""}}},"product_brand":[],"product_cat":[88,87,49],"product_tag":[],"class_list":{"0":"post-8900","1":"product","2":"type-product","3":"status-publish","4":"has-post-thumbnail","6":"product_cat-huchas","7":"product_cat-mascotas","8":"product_cat-regalos-originales","9":"desktop-align-center","10":"tablet-align-left","11":"mobile-align-center","12":"ast-product-gallery-layout-horizontal","13":"ast-magnify-disabled","14":"ast-product-tabs-layout-horizontal","15":"tm-has-options","17":"first","18":"instock","19":"taxable","20":"shipping-taxable","21":"purchasable","22":"product-type-simple"},"_links":{"self":[{"href":"https:\/\/kiemmi.com\/sv\/wp-json\/wp\/v2\/product\/8900","targetHints":{"allow":["GET"]}}],"collection":[{"href":"https:\/\/kiemmi.com\/sv\/wp-json\/wp\/v2\/product"}],"about":[{"href":"https:\/\/kiemmi.com\/sv\/wp-json\/wp\/v2\/types\/product"}],"version-history":[{"count":0,"href":"https:\/\/kiemmi.com\/sv\/wp-json\/wp\/v2\/product\/8900\/revisions"}],"wp:featuredmedia":[{"embeddable":true,"href":"https:\/\/kiemmi.com\/sv\/wp-json\/wp\/v2\/media\/8906"}],"wp:attachment":[{"href":"https:\/\/kiemmi.com\/sv\/wp-json\/wp\/v2\/media?parent=8900"}],"wp:term":[{"taxonomy":"product_brand","embeddable":true,"href":"https:\/\/kiemmi.com\/sv\/wp-json\/wp\/v2\/product_brand?post=8900"},{"taxonomy":"product_cat","embeddable":true,"href":"https:\/\/kiemmi.com\/sv\/wp-json\/wp\/v2\/product_cat?post=8900"},{"taxonomy":"product_tag","embeddable":true,"href":"https:\/\/kiemmi.com\/sv\/wp-json\/wp\/v2\/product_tag?post=8900"}],"curies":[{"name":"wp","href":"https:\/\/api.w.org\/{rel}","templated":true}]}}