{"id":8883,"date":"2024-10-10T12:28:21","date_gmt":"2024-10-10T12:28:21","guid":{"rendered":"https:\/\/kiemmi.com\/?post_type=product&#038;p=8883"},"modified":"2025-05-14T12:56:26","modified_gmt":"2025-05-14T12:56:26","slug":"3d-kattformad-spargris-anpassningsbara-spargrisar","status":"publish","type":"product","link":"https:\/\/kiemmi.com\/sv\/shop\/huchas\/hucha-3d-en-forma-de-gato-huchas-personalizable\/","title":{"rendered":"3D-kattformad spargris \u2013 Anpassningsbara spargrisar"},"content":{"rendered":"<p>Letar du efter en unik och speciell present till katt\u00e4lskare? V\u00e5r 3D-printade sparb\u00f6ssa med katthuvud \u00e4r det perfekta valet! Designad med personliga detaljer och en interaktiv st\u00e4ngningsmekanism, \u00e4r den idealisk f\u00f6r b\u00e5de vuxna och barn. Denna roliga sparb\u00f6ssa kan anpassas med olika f\u00e4rger och m\u00f6nster, vilket g\u00f6r den till en kreativ och originell present.<\/p>\n<p><strong>Egenskaper:<\/strong><\/p>\n<ul>\n<li>\ud83d\udc31 <strong>Original design i form av ett katthuvud<\/strong>En charmig och unik sparb\u00f6ssa formad som ett katthuvud, perfekt f\u00f6r alla katt\u00e4lskare.<\/li>\n<li>\ud83c\udfa8 <strong style=\"font-size: 1rem;\">Anpassningsbara f\u00e4rger<\/strong><span style=\"font-size: 1rem;\">V\u00e4lj bland ett brett utbud av f\u00e4rger som matchar din stil eller den person du vill ge presenten till.<\/span><\/li>\n<li>\u2699\ufe0f <strong style=\"font-size: 1rem;\">St\u00e4ngning med kugghjulsmekanism<\/strong><span style=\"font-size: 1rem;\">Ett roligt och s\u00e4kert l\u00e5ssystem som barn kommer att \u00e4lska, vilket ger en interaktiv touch vid \u00f6ppning och st\u00e4ngning.<\/span><\/li>\n<li>\ud83c\udf81 <strong style=\"font-size: 1rem;\">Perfekt som present<\/strong><span style=\"font-size: 1rem;\">Perfekt f\u00f6r alla tillf\u00e4llen, denna sparb\u00f6ssa \u00e4r en speciell present till katt\u00e4lskare.<\/span><\/li>\n<li>\ud83d\udccf <strong style=\"font-size: 1rem;\">Praktisk storlek<\/strong><span style=\"font-size: 1rem;\">Med m\u00e5tten 14 cm bred x 13 cm h\u00f6g och 3,5 cm tjock, \u00e4r den r\u00e4tt storlek f\u00f6r alla hyllor eller skrivbord.<\/span><\/li>\n<li>\ud83c\udfa8 <strong style=\"font-size: 1rem;\">H\u00f6gkvalitativ 3D-utskrift<\/strong><span style=\"font-size: 1rem;\">Tillverkad med 3D-utskrift, vilket garanterar exakta ytbehandlingar och ett modernt utseende.<\/span><\/li>\n<\/ul>\n<p>Med den h\u00e4r sparb\u00f6ssan har du inte bara ett dekorativt element, utan ocks\u00e5 ett praktiskt och funktionellt tillbeh\u00f6r som ger alla utrymmen ett roligt och stilfullt intryck.<\/p>","protected":false},"excerpt":{"rendered":"<p>Denna 3D-printade spargris med katthuvud \u00e4r en perfekt present till katt\u00e4lskare. Du kan anpassa f\u00e4rgerna och v\u00e4lja mellan flera modeller f\u00f6r att anpassa den till vilken stil som helst. Dess kugghjulsl\u00e5s ger en rolig touch, s\u00e4rskilt f\u00f6r barn. Med en praktisk storlek. <span style=\"font-size: 1rem;\">14 cm bred x 13 cm h\u00f6g och 3,5 cm tjock<\/span>, \u00e4r perfekt f\u00f6r alla utrymmen. Tillverkad med 3D-utskrift, vilket garanterar h\u00f6gkvalitativa ytbehandlingar och en modern design.<\/p>","protected":false},"featured_media":8897,"template":"","meta":{"_seopress_robots_primary_cat":"88","_seopress_titles_title":"Hucha de gato 3D personalizable: regalo ideal","_seopress_titles_desc":"Descubre la hucha 3D de cabeza de gato, ideal para catlovers. Personalizable y con un cierre interactivo, es el regalo original perfecto.","_seopress_robots_index":"","site-sidebar-layout":"default","site-content-layout":"","ast-site-content-layout":"default","site-content-style":"default","site-sidebar-style":"default","ast-global-header-display":"","ast-banner-title-visibility":"","ast-main-header-display":"","ast-hfb-above-header-display":"","ast-hfb-below-header-display":"","ast-hfb-mobile-header-display":"","site-post-title":"","ast-breadcrumbs-content":"","ast-featured-img":"","footer-sml-layout":"","ast-disable-related-posts":"","theme-transparent-header-meta":"","adv-header-id-meta":"","stick-header-meta":"","header-above-stick-meta":"","header-main-stick-meta":"","header-below-stick-meta":"","astra-migrate-meta-layouts":"default","ast-page-background-enabled":"default","ast-page-background-meta":{"desktop":{"background-color":"","background-image":"","background-repeat":"repeat","background-position":"center center","background-size":"auto","background-attachment":"scroll","background-type":"","background-media":"","overlay-type":"","overlay-color":"","overlay-opacity":"","overlay-gradient":""},"tablet":{"background-color":"","background-image":"","background-repeat":"repeat","background-position":"center center","background-size":"auto","background-attachment":"scroll","background-type":"","background-media":"","overlay-type":"","overlay-color":"","overlay-opacity":"","overlay-gradient":""},"mobile":{"background-color":"","background-image":"","background-repeat":"repeat","background-position":"center center","background-size":"auto","background-attachment":"scroll","background-type":"","background-media":"","overlay-type":"","overlay-color":"","overlay-opacity":"","overlay-gradient":""}},"ast-content-background-meta":{"desktop":{"background-color":"var(--ast-global-color-5)","background-image":"","background-repeat":"repeat","background-position":"center center","background-size":"auto","background-attachment":"scroll","background-type":"","background-media":"","overlay-type":"","overlay-color":"","overlay-opacity":"","overlay-gradient":""},"tablet":{"background-color":"var(--ast-global-color-5)","background-image":"","background-repeat":"repeat","background-position":"center center","background-size":"auto","background-attachment":"scroll","background-type":"","background-media":"","overlay-type":"","overlay-color":"","overlay-opacity":"","overlay-gradient":""},"mobile":{"background-color":"var(--ast-global-color-5)","background-image":"","background-repeat":"repeat","background-position":"center center","background-size":"auto","background-attachment":"scroll","background-type":"","background-media":"","overlay-type":"","overlay-color":"","overlay-opacity":"","overlay-gradient":""}}},"product_brand":[],"product_cat":[88,87,49],"product_tag":[],"class_list":{"0":"post-8883","1":"product","2":"type-product","3":"status-publish","4":"has-post-thumbnail","6":"product_cat-huchas","7":"product_cat-mascotas","8":"product_cat-regalos-originales","9":"desktop-align-center","10":"tablet-align-left","11":"mobile-align-center","12":"ast-product-gallery-layout-horizontal","13":"ast-magnify-disabled","14":"ast-product-tabs-layout-horizontal","15":"tm-has-options","17":"first","18":"instock","19":"taxable","20":"shipping-taxable","21":"purchasable","22":"product-type-simple"},"_links":{"self":[{"href":"https:\/\/kiemmi.com\/sv\/wp-json\/wp\/v2\/product\/8883","targetHints":{"allow":["GET"]}}],"collection":[{"href":"https:\/\/kiemmi.com\/sv\/wp-json\/wp\/v2\/product"}],"about":[{"href":"https:\/\/kiemmi.com\/sv\/wp-json\/wp\/v2\/types\/product"}],"version-history":[{"count":0,"href":"https:\/\/kiemmi.com\/sv\/wp-json\/wp\/v2\/product\/8883\/revisions"}],"wp:featuredmedia":[{"embeddable":true,"href":"https:\/\/kiemmi.com\/sv\/wp-json\/wp\/v2\/media\/8897"}],"wp:attachment":[{"href":"https:\/\/kiemmi.com\/sv\/wp-json\/wp\/v2\/media?parent=8883"}],"wp:term":[{"taxonomy":"product_brand","embeddable":true,"href":"https:\/\/kiemmi.com\/sv\/wp-json\/wp\/v2\/product_brand?post=8883"},{"taxonomy":"product_cat","embeddable":true,"href":"https:\/\/kiemmi.com\/sv\/wp-json\/wp\/v2\/product_cat?post=8883"},{"taxonomy":"product_tag","embeddable":true,"href":"https:\/\/kiemmi.com\/sv\/wp-json\/wp\/v2\/product_tag?post=8883"}],"curies":[{"name":"wp","href":"https:\/\/api.w.org\/{rel}","templated":true}]}}