{"id":8839,"date":"2024-10-04T12:20:48","date_gmt":"2024-10-04T12:20:48","guid":{"rendered":"https:\/\/kiemmi.com\/?post_type=product&#038;p=8839"},"modified":"2025-09-15T12:13:03","modified_gmt":"2025-09-15T12:13:03","slug":"3d-hundtassavtrycksformade-spargrisar-i-anpassningsbar-form","status":"publish","type":"product","link":"https:\/\/kiemmi.com\/sv\/shop\/huchas\/huchas-3d-en-forma-de-huella-de-perro-hucha-personalizable\/","title":{"rendered":"Sparb\u00f6ssor med 3D-tassavtryck fr\u00e5n hundar \u2013 Anpassningsbar sparb\u00f6ssa"},"content":{"rendered":"<p>G\u00f6r sparandet roligare med denna originella, 3D-printade, helt anpassningsbara sparb\u00f6ssa med hundtassavtryck! Du kan l\u00e4gga till ditt husdjurs eller n\u00e5gon annans namn, v\u00e4lja dina favoritf\u00e4rger och anpassa kanterna och framsidan f\u00f6r att g\u00f6ra den unik. L\u00e5set har en kugghjulsmekanism, vilket g\u00f6r den inte bara s\u00e4ker utan ocks\u00e5 underh\u00e5llande f\u00f6r barn. Med en praktisk storlek och dekorativ design \u00e4r denna sparb\u00f6ssa en perfekt present till djur\u00e4lskare.<\/p>\n<p><strong>Utvalda funktioner:<\/strong><\/p>\n<ul>\n<li>\ud83d\udc3e <strong>Anpassningsbar fotavtrycksform<\/strong>L\u00e4gg till ditt husdjurs namn och justera f\u00e4rger, ramar och detaljer efter eget tycke.<\/li>\n<li>\ud83c\udfa8 <strong>Detaljerad 3D-utskrift<\/strong>Tillverkad med h\u00f6gprecisionsteknik, vilket garanterar en h\u00e5llbar och utm\u00e4rkt f\u00e4rdigst\u00e4lld spargris.<\/li>\n<li>\ud83d\udd10 <strong>St\u00e4ngning med kugghjul<\/strong>Dess l\u00e4ttanv\u00e4nda l\u00e5smekanism av kugghjulstyp h\u00e5ller spargrisen s\u00e4ker och \u00e4r samtidigt rolig f\u00f6r de sm\u00e5.<\/li>\n<li>\ud83c\udf81 <strong>En unik present till djur\u00e4lskare<\/strong>Perfekt f\u00f6r alla som \u00e4lskar hundar eller husdjur i allm\u00e4nhet.<\/li>\n<li>\ud83d\udccf <strong>Kompakt och funktionell storlek<\/strong>Med m\u00e5tten 16,7 cm bred, 16 cm h\u00f6g och 3,5 cm tjock \u00e4r den perfekt att placera var som helst.<\/li>\n<li>\ud83c\udf08 <strong>Anpassningsalternativ<\/strong>V\u00e4lj de f\u00e4rger och detaljer du f\u00f6redrar, s\u00e5 att varje spargris \u00e4r lika unik som ditt husdjur.<\/li>\n<\/ul>","protected":false},"excerpt":{"rendered":"<p>Denna 3D-printade sparb\u00f6ssa med tassavtryck \u00e4r helt anpassningsbar, s\u00e5 att du kan l\u00e4gga till ditt husdjurs namn och v\u00e4lja f\u00e4rger och kanter. Dess l\u00e5smekanism \u00e4r s\u00e4ker och rolig f\u00f6r barn. Med en kompakt design m\u00e4ter den 16,7 cm bred, 16 cm h\u00f6g och 3,5 cm tjock. Perfekt som present till djur\u00e4lskare, den \u00e4r b\u00e5de dekorativ och funktionell. Den erbjuder ocks\u00e5 anpassningsm\u00f6jligheter f\u00f6r att g\u00f6ra varje l\u00e5da unik.<\/p>","protected":false},"featured_media":8862,"template":"","meta":{"_seopress_robots_primary_cat":"88","_seopress_titles_title":"Hucha 3D Huella Personalizada: Ahorra con Estilo","_seopress_titles_desc":"Haz del ahorro un juego divertido con nuestra hucha impresa en 3D. Personal\u00edzala totalmente y sorprende a los amantes de los animales.","_seopress_robots_index":"","site-sidebar-layout":"default","site-content-layout":"","ast-site-content-layout":"default","site-content-style":"default","site-sidebar-style":"default","ast-global-header-display":"","ast-banner-title-visibility":"","ast-main-header-display":"","ast-hfb-above-header-display":"","ast-hfb-below-header-display":"","ast-hfb-mobile-header-display":"","site-post-title":"","ast-breadcrumbs-content":"","ast-featured-img":"","footer-sml-layout":"","ast-disable-related-posts":"","theme-transparent-header-meta":"","adv-header-id-meta":"","stick-header-meta":"","header-above-stick-meta":"","header-main-stick-meta":"","header-below-stick-meta":"","astra-migrate-meta-layouts":"default","ast-page-background-enabled":"default","ast-page-background-meta":{"desktop":{"background-color":"","background-image":"","background-repeat":"repeat","background-position":"center center","background-size":"auto","background-attachment":"scroll","background-type":"","background-media":"","overlay-type":"","overlay-color":"","overlay-opacity":"","overlay-gradient":""},"tablet":{"background-color":"","background-image":"","background-repeat":"repeat","background-position":"center center","background-size":"auto","background-attachment":"scroll","background-type":"","background-media":"","overlay-type":"","overlay-color":"","overlay-opacity":"","overlay-gradient":""},"mobile":{"background-color":"","background-image":"","background-repeat":"repeat","background-position":"center center","background-size":"auto","background-attachment":"scroll","background-type":"","background-media":"","overlay-type":"","overlay-color":"","overlay-opacity":"","overlay-gradient":""}},"ast-content-background-meta":{"desktop":{"background-color":"var(--ast-global-color-5)","background-image":"","background-repeat":"repeat","background-position":"center center","background-size":"auto","background-attachment":"scroll","background-type":"","background-media":"","overlay-type":"","overlay-color":"","overlay-opacity":"","overlay-gradient":""},"tablet":{"background-color":"var(--ast-global-color-5)","background-image":"","background-repeat":"repeat","background-position":"center center","background-size":"auto","background-attachment":"scroll","background-type":"","background-media":"","overlay-type":"","overlay-color":"","overlay-opacity":"","overlay-gradient":""},"mobile":{"background-color":"var(--ast-global-color-5)","background-image":"","background-repeat":"repeat","background-position":"center center","background-size":"auto","background-attachment":"scroll","background-type":"","background-media":"","overlay-type":"","overlay-color":"","overlay-opacity":"","overlay-gradient":""}}},"product_brand":[],"product_cat":[88,87,49],"product_tag":[],"class_list":{"0":"post-8839","1":"product","2":"type-product","3":"status-publish","4":"has-post-thumbnail","6":"product_cat-huchas","7":"product_cat-mascotas","8":"product_cat-regalos-originales","9":"desktop-align-center","10":"tablet-align-left","11":"mobile-align-center","12":"ast-product-gallery-layout-horizontal","13":"ast-magnify-disabled","14":"ast-product-tabs-layout-horizontal","15":"tm-has-options","17":"first","18":"instock","19":"taxable","20":"shipping-taxable","21":"purchasable","22":"product-type-simple"},"_links":{"self":[{"href":"https:\/\/kiemmi.com\/sv\/wp-json\/wp\/v2\/product\/8839","targetHints":{"allow":["GET"]}}],"collection":[{"href":"https:\/\/kiemmi.com\/sv\/wp-json\/wp\/v2\/product"}],"about":[{"href":"https:\/\/kiemmi.com\/sv\/wp-json\/wp\/v2\/types\/product"}],"version-history":[{"count":0,"href":"https:\/\/kiemmi.com\/sv\/wp-json\/wp\/v2\/product\/8839\/revisions"}],"wp:featuredmedia":[{"embeddable":true,"href":"https:\/\/kiemmi.com\/sv\/wp-json\/wp\/v2\/media\/8862"}],"wp:attachment":[{"href":"https:\/\/kiemmi.com\/sv\/wp-json\/wp\/v2\/media?parent=8839"}],"wp:term":[{"taxonomy":"product_brand","embeddable":true,"href":"https:\/\/kiemmi.com\/sv\/wp-json\/wp\/v2\/product_brand?post=8839"},{"taxonomy":"product_cat","embeddable":true,"href":"https:\/\/kiemmi.com\/sv\/wp-json\/wp\/v2\/product_cat?post=8839"},{"taxonomy":"product_tag","embeddable":true,"href":"https:\/\/kiemmi.com\/sv\/wp-json\/wp\/v2\/product_tag?post=8839"}],"curies":[{"name":"wp","href":"https:\/\/api.w.org\/{rel}","templated":true}]}}