{"id":8819,"date":"2024-10-01T14:28:40","date_gmt":"2024-10-01T14:28:40","guid":{"rendered":"https:\/\/kiemmi.com\/?post_type=product&#038;p=8819"},"modified":"2025-06-02T21:15:08","modified_gmt":"2025-06-02T21:15:08","slug":"3d-hundbenformad-spargris-i-anpassningsbar-form","status":"publish","type":"product","link":"https:\/\/kiemmi.com\/sv\/shop\/mascotas\/hucha-en-forma-de-hueso-3d-de-perro-hucha-personalizable\/","title":{"rendered":"3D-sparb\u00f6ssa formad som hundben \u2013 Anpassningsbar sparb\u00f6ssa"},"content":{"rendered":"<p>\u00d6verraska hund\u00e4lskare med denna roliga, 3D-printade, helt anpassningsbara sparb\u00f6ssa i benform. L\u00e4gg till en unik touch med ditt husdjurs namn, v\u00e4lj dina favoritf\u00e4rger och anpassa framsidan och kanterna! Dessutom garanterar dess unika kugghjulsl\u00e5sningsmekanism timmar av skoj f\u00f6r de sm\u00e5. Denna sparb\u00f6ssa har en perfekt storlek f\u00f6r alla hyllor eller skrivbord och \u00e4r en praktisk och originell present som kombinerar kreativitet och funktionalitet.<\/p>\n<p><strong>Utvalda funktioner:<\/strong><\/p>\n<ul>\n<li>\ud83d\udc3e <strong>Anpassningsbar design<\/strong>L\u00e4gg till det namn du vill ha och v\u00e4lj de f\u00e4rger och ramar som b\u00e4st representerar din hund.<\/li>\n<li>\ud83c\udfa8 <strong>H\u00f6gkvalitativ 3D-utskrift<\/strong>: : Tillverkad med precision och noggrannhet f\u00f6r detaljer f\u00f6r en l\u00e5ngvarig och realistisk upplevelse.<\/li>\n<li>\ud83d\udd10 <strong>Rolig st\u00e4ngningsmekanism<\/strong>Dess v\u00e4xelsystem \u00e4r l\u00e4tt att anv\u00e4nda och underh\u00e5llande f\u00f6r barn, de kommer att l\u00e4ra sig att spara p\u00e5 ett roligt s\u00e4tt!<\/li>\n<li>\ud83c\udf81 <strong>Perfekt present till hund\u00e4lskare<\/strong>En unik detalj f\u00f6r alla speciella tillf\u00e4llen.<\/li>\n<li>\ud83d\udccf <strong>Ideala dimensioner<\/strong>Med sina 17,4 cm breda, 9,4 cm h\u00f6ga och 3,5 cm tjocka \u00e4r den kompakt och dekorativ.<\/li>\n<li>\ud83c\udf08 <strong>Obegr\u00e4nsade anpassningsalternativ<\/strong>Justerbara f\u00e4rger och detaljer f\u00f6r att g\u00f6ra varje spargris helt unik.<\/li>\n<\/ul>","protected":false},"excerpt":{"rendered":"<p>Denna 3D-printade sparb\u00f6ssa formad som ett hundben \u00e4r helt anpassningsbar, s\u00e5 att du kan l\u00e4gga till namn, f\u00e4rger och unika detaljer. Dess roliga och l\u00e4ttanv\u00e4nda l\u00e5smekanism \u00e4r perfekt f\u00f6r barn. Det \u00e4r den perfekta presenten f\u00f6r hund\u00e4lskare, som kombinerar kreativitet och funktionalitet. Med m\u00e5tten 17,4 cm bred, 9,4 cm h\u00f6g och 3,5 cm tjock \u00e4r den kompakt och dekorativ. Anpassa den efter din smak och \u00f6verraska dem med en unik och originell present.<\/p>","protected":false},"featured_media":8824,"template":"","meta":{"_seopress_robots_primary_cat":"87","_seopress_titles_title":"Hucha 3D personalizable en forma de hueso \u00fanica y divertida","_seopress_titles_desc":"Hucha en forma de hueso con mecanismo de cierre de engranajes. Personal\u00edzala con el nombre de tu perro y elige tus colores favoritos. \u00a1Compra ya!","_seopress_robots_index":"","site-sidebar-layout":"default","site-content-layout":"","ast-site-content-layout":"default","site-content-style":"default","site-sidebar-style":"default","ast-global-header-display":"","ast-banner-title-visibility":"","ast-main-header-display":"","ast-hfb-above-header-display":"","ast-hfb-below-header-display":"","ast-hfb-mobile-header-display":"","site-post-title":"","ast-breadcrumbs-content":"","ast-featured-img":"","footer-sml-layout":"","ast-disable-related-posts":"","theme-transparent-header-meta":"","adv-header-id-meta":"","stick-header-meta":"","header-above-stick-meta":"","header-main-stick-meta":"","header-below-stick-meta":"","astra-migrate-meta-layouts":"default","ast-page-background-enabled":"default","ast-page-background-meta":{"desktop":{"background-color":"","background-image":"","background-repeat":"repeat","background-position":"center center","background-size":"auto","background-attachment":"scroll","background-type":"","background-media":"","overlay-type":"","overlay-color":"","overlay-opacity":"","overlay-gradient":""},"tablet":{"background-color":"","background-image":"","background-repeat":"repeat","background-position":"center center","background-size":"auto","background-attachment":"scroll","background-type":"","background-media":"","overlay-type":"","overlay-color":"","overlay-opacity":"","overlay-gradient":""},"mobile":{"background-color":"","background-image":"","background-repeat":"repeat","background-position":"center center","background-size":"auto","background-attachment":"scroll","background-type":"","background-media":"","overlay-type":"","overlay-color":"","overlay-opacity":"","overlay-gradient":""}},"ast-content-background-meta":{"desktop":{"background-color":"var(--ast-global-color-5)","background-image":"","background-repeat":"repeat","background-position":"center center","background-size":"auto","background-attachment":"scroll","background-type":"","background-media":"","overlay-type":"","overlay-color":"","overlay-opacity":"","overlay-gradient":""},"tablet":{"background-color":"var(--ast-global-color-5)","background-image":"","background-repeat":"repeat","background-position":"center center","background-size":"auto","background-attachment":"scroll","background-type":"","background-media":"","overlay-type":"","overlay-color":"","overlay-opacity":"","overlay-gradient":""},"mobile":{"background-color":"var(--ast-global-color-5)","background-image":"","background-repeat":"repeat","background-position":"center center","background-size":"auto","background-attachment":"scroll","background-type":"","background-media":"","overlay-type":"","overlay-color":"","overlay-opacity":"","overlay-gradient":""}}},"product_brand":[],"product_cat":[88,87,49],"product_tag":[],"class_list":{"0":"post-8819","1":"product","2":"type-product","3":"status-publish","4":"has-post-thumbnail","6":"product_cat-huchas","7":"product_cat-mascotas","8":"product_cat-regalos-originales","9":"desktop-align-center","10":"tablet-align-left","11":"mobile-align-center","12":"ast-product-gallery-layout-horizontal","13":"ast-magnify-disabled","14":"ast-product-tabs-layout-horizontal","15":"tm-has-options","17":"first","18":"instock","19":"taxable","20":"shipping-taxable","21":"purchasable","22":"product-type-simple"},"_links":{"self":[{"href":"https:\/\/kiemmi.com\/sv\/wp-json\/wp\/v2\/product\/8819","targetHints":{"allow":["GET"]}}],"collection":[{"href":"https:\/\/kiemmi.com\/sv\/wp-json\/wp\/v2\/product"}],"about":[{"href":"https:\/\/kiemmi.com\/sv\/wp-json\/wp\/v2\/types\/product"}],"version-history":[{"count":0,"href":"https:\/\/kiemmi.com\/sv\/wp-json\/wp\/v2\/product\/8819\/revisions"}],"wp:featuredmedia":[{"embeddable":true,"href":"https:\/\/kiemmi.com\/sv\/wp-json\/wp\/v2\/media\/8824"}],"wp:attachment":[{"href":"https:\/\/kiemmi.com\/sv\/wp-json\/wp\/v2\/media?parent=8819"}],"wp:term":[{"taxonomy":"product_brand","embeddable":true,"href":"https:\/\/kiemmi.com\/sv\/wp-json\/wp\/v2\/product_brand?post=8819"},{"taxonomy":"product_cat","embeddable":true,"href":"https:\/\/kiemmi.com\/sv\/wp-json\/wp\/v2\/product_cat?post=8819"},{"taxonomy":"product_tag","embeddable":true,"href":"https:\/\/kiemmi.com\/sv\/wp-json\/wp\/v2\/product_tag?post=8819"}],"curies":[{"name":"wp","href":"https:\/\/api.w.org\/{rel}","templated":true}]}}