{"id":8696,"date":"2024-08-27T10:35:00","date_gmt":"2024-08-27T10:35:00","guid":{"rendered":"https:\/\/kiemmi.com\/?post_type=product&#038;p=8696"},"modified":"2025-05-30T05:34:19","modified_gmt":"2025-05-30T05:34:19","slug":"personligt-3d-namn-i-mario-bros-stil","status":"publish","type":"product","link":"https:\/\/kiemmi.com\/sv\/shop\/decoracion-del-hogar\/habitacion-de-bebe\/nombre-3d-personalizado-con-estilo-mario-bros\/","title":{"rendered":"Anpassat 3D-namn i Mario Bros-stil"},"content":{"rendered":"<p>Ge ditt utrymme en unik och nostalgisk touch med denna personliga 3D-skylt i Mario Bros.-stil! Designad med den senaste 3D-utskriftstekniken, erbjuder denna skylt inte bara \u00f6verl\u00e4gsen kvalitet utan ocks\u00e5 fullst\u00e4ndig anpassningsbarhet, s\u00e5 att du kan v\u00e4lja f\u00e4rgerna p\u00e5 varje bokstav efter din smak.<\/p>\n<p>Perfekt som dekorativt element i barnrum eller som en perfekt present till spelbord. 3D-skylten \u00e4r utformad f\u00f6r att st\u00e5 uppr\u00e4tt p\u00e5 vilken plan yta som helst och kombinerar en retro och modern touch som passar in i alla milj\u00f6er.<\/p>\n<p><strong>Egenskaper:<\/strong><\/p>\n<ul>\n<li>\ud83c\udfa8 <strong>Anpassningsbar<\/strong>V\u00e4lj f\u00e4rgerna p\u00e5 varje bokstav enligt din stil.<\/li>\n<li>\ud83c\udfae <strong>Mario Bros-stil<\/strong>En design inspirerad av den klassiska videospelsv\u00e4rlden.<\/li>\n<li>\ud83d\udda8\ufe0f <strong>H\u00f6gkvalitativ 3D-utskrift<\/strong>Tillverkad med toppmoderna 3D-skrivare, vilket garanterar exakta detaljer och h\u00e5llbarhet.<\/li>\n<li>\ud83d\udce6 <strong>L\u00e4tt att placera<\/strong>Skylten st\u00e5r stadigt p\u00e5 plana ytor, perfekt f\u00f6r att dekorera vilket h\u00f6rn som helst i ditt hem eller kontor.<\/li>\n<li>\ud83d\udccf <strong>M\u00e5tt<\/strong>19 mm tjocklek, med anpassningsbara m\u00e5tt f\u00f6r att passa dina behov.<\/li>\n<\/ul>\n<p>V\u00e4ck ditt namn till liv med denna unika 3D-skylt. Anpassa den idag och ge din inredning en touch av originalitet.<\/p>","protected":false},"excerpt":{"rendered":"<p>Denna personliga 3D-skylt i Mario Bros.-stil \u00e4r perfekt f\u00f6r att dekorera barnrum eller spelbord. Tillverkad med toppmoderna 3D-skrivare erbjuder den h\u00f6g kvalitet och precision. Du kan anpassa f\u00e4rgerna p\u00e5 varje bokstav efter dina \u00f6nskem\u00e5l, vilket g\u00f6r den till en unik produkt. Med en tjocklek p\u00e5 19 mm \u00e4r den designad f\u00f6r att st\u00e5 stadigt p\u00e5 vilken plan yta som helst. Det \u00e4r ett originellt alternativ f\u00f6r att ge en retro men modern touch till vilket utrymme som helst.<\/p>","protected":false},"featured_media":8707,"template":"","meta":{"_seopress_robots_primary_cat":"none","_seopress_titles_title":"","_seopress_titles_desc":"","_seopress_robots_index":"","site-sidebar-layout":"default","site-content-layout":"","ast-site-content-layout":"default","site-content-style":"default","site-sidebar-style":"default","ast-global-header-display":"","ast-banner-title-visibility":"","ast-main-header-display":"","ast-hfb-above-header-display":"","ast-hfb-below-header-display":"","ast-hfb-mobile-header-display":"","site-post-title":"","ast-breadcrumbs-content":"","ast-featured-img":"","footer-sml-layout":"","ast-disable-related-posts":"","theme-transparent-header-meta":"default","adv-header-id-meta":"","stick-header-meta":"default","header-above-stick-meta":"","header-main-stick-meta":"","header-below-stick-meta":"","astra-migrate-meta-layouts":"set","ast-page-background-enabled":"default","ast-page-background-meta":{"desktop":{"background-color":"","background-image":"","background-repeat":"repeat","background-position":"center center","background-size":"auto","background-attachment":"scroll","background-type":"","background-media":"","overlay-type":"","overlay-color":"","overlay-opacity":"","overlay-gradient":""},"tablet":{"background-color":"","background-image":"","background-repeat":"repeat","background-position":"center center","background-size":"auto","background-attachment":"scroll","background-type":"","background-media":"","overlay-type":"","overlay-color":"","overlay-opacity":"","overlay-gradient":""},"mobile":{"background-color":"","background-image":"","background-repeat":"repeat","background-position":"center center","background-size":"auto","background-attachment":"scroll","background-type":"","background-media":"","overlay-type":"","overlay-color":"","overlay-opacity":"","overlay-gradient":""}},"ast-content-background-meta":{"desktop":{"background-color":"var(--ast-global-color-5)","background-image":"","background-repeat":"repeat","background-position":"center center","background-size":"auto","background-attachment":"scroll","background-type":"","background-media":"","overlay-type":"","overlay-color":"","overlay-opacity":"","overlay-gradient":""},"tablet":{"background-color":"var(--ast-global-color-5)","background-image":"","background-repeat":"repeat","background-position":"center center","background-size":"auto","background-attachment":"scroll","background-type":"","background-media":"","overlay-type":"","overlay-color":"","overlay-opacity":"","overlay-gradient":""},"mobile":{"background-color":"var(--ast-global-color-5)","background-image":"","background-repeat":"repeat","background-position":"center center","background-size":"auto","background-attachment":"scroll","background-type":"","background-media":"","overlay-type":"","overlay-color":"","overlay-opacity":"","overlay-gradient":""}}},"product_brand":[],"product_cat":[51,52,49],"product_tag":[],"class_list":{"0":"post-8696","1":"product","2":"type-product","3":"status-publish","4":"has-post-thumbnail","6":"product_cat-decoracion-del-hogar","7":"product_cat-habitacion-de-bebe","8":"product_cat-regalos-originales","9":"desktop-align-center","10":"tablet-align-left","11":"mobile-align-center","12":"ast-product-gallery-layout-horizontal","13":"ast-magnify-disabled","14":"ast-product-tabs-layout-horizontal","15":"tm-has-options","17":"first","18":"instock","19":"taxable","20":"shipping-taxable","21":"purchasable","22":"product-type-simple"},"_links":{"self":[{"href":"https:\/\/kiemmi.com\/sv\/wp-json\/wp\/v2\/product\/8696","targetHints":{"allow":["GET"]}}],"collection":[{"href":"https:\/\/kiemmi.com\/sv\/wp-json\/wp\/v2\/product"}],"about":[{"href":"https:\/\/kiemmi.com\/sv\/wp-json\/wp\/v2\/types\/product"}],"version-history":[{"count":0,"href":"https:\/\/kiemmi.com\/sv\/wp-json\/wp\/v2\/product\/8696\/revisions"}],"wp:featuredmedia":[{"embeddable":true,"href":"https:\/\/kiemmi.com\/sv\/wp-json\/wp\/v2\/media\/8707"}],"wp:attachment":[{"href":"https:\/\/kiemmi.com\/sv\/wp-json\/wp\/v2\/media?parent=8696"}],"wp:term":[{"taxonomy":"product_brand","embeddable":true,"href":"https:\/\/kiemmi.com\/sv\/wp-json\/wp\/v2\/product_brand?post=8696"},{"taxonomy":"product_cat","embeddable":true,"href":"https:\/\/kiemmi.com\/sv\/wp-json\/wp\/v2\/product_cat?post=8696"},{"taxonomy":"product_tag","embeddable":true,"href":"https:\/\/kiemmi.com\/sv\/wp-json\/wp\/v2\/product_tag?post=8696"}],"curies":[{"name":"wp","href":"https:\/\/api.w.org\/{rel}","templated":true}]}}