{"id":8682,"date":"2024-08-23T09:52:44","date_gmt":"2024-08-23T09:52:44","guid":{"rendered":"https:\/\/kiemmi.com\/?post_type=product&#038;p=8682"},"modified":"2025-09-25T19:46:31","modified_gmt":"2025-09-25T19:46:31","slug":"specialfargad-3d-bokstav-med-namn","status":"publish","type":"product","link":"https:\/\/kiemmi.com\/sv\/shop\/letras-3d-personalizadas\/letra-3d-de-color-personalizada-con-nombre\/","title":{"rendered":"Anpassad f\u00e4rgad 3D-bokstav med namn"},"content":{"rendered":"<p>Vill du f\u00f6rvandla dina utrymmen till vr\u00e5r fyllda med dr\u00f6mmar och fantasi? V\u00e5ra personliga dekorbokst\u00e4ver \u00e4r det perfekta s\u00e4ttet att uppn\u00e5 detta.<\/p>\n<p>Deras m\u00e5ngsidighet g\u00f6r att de kan integreras i en m\u00e4ngd olika milj\u00f6er, fr\u00e5n barnrumsd\u00f6rrar till hyllor, mantelhyllor eller som dekorativa accenter p\u00e5 v\u00e4ggar.<\/p>\n<p>Varje bokstav \u00e4r helt anpassningsbar, s\u00e5 att du kan v\u00e4lja det namn, de dimensioner och den f\u00e4rg du gillar b\u00e4st.<\/p>\n<p>Vi har ett brett utbud av f\u00e4rger att v\u00e4lja mellan!<\/p>\n<p>De \u00e4r den perfekta presenten till nyf\u00f6dda, sp\u00e4dbarn och barn i alla \u00e5ldrar.<\/p>\n<p>Varje g\u00e5ng du tittar p\u00e5 dem kommer de att p\u00e5minna dig inte bara om deras sk\u00f6nhet, utan ocks\u00e5 om den k\u00e4rlek och det engagemang som lagts ner p\u00e5 deras skapande. Anpassa ditt barns utrymme med denna originella namninitial. F\u00f6rvandla deras rum till en unik och gl\u00e4djefylld plats med denna charmiga produkt!<\/p>\n<ul>\n<li>\ud83c\udfa8 SKAPA DIN SKR\u00c4DDARSYDDA DESIGN! V\u00e4lj bland ett brett urval av f\u00e4rger som matchar din stil. Vi har 5 olika storlekar: 7 cm, 9 cm, 12 cm, 15 cm och 18 cm h\u00f6ga, och kan anpassas till alla utrymmen i ditt hem.<\/li>\n<li>\ud83d\udccf TJOCKA OCH STARKARE: Med en tjocklek p\u00e5 1,6 cm \u00e4r v\u00e5ra personliga bokst\u00e4ver perfekta att visa upp p\u00e5 hyllor, bord eller spiselkransar. Du kan ocks\u00e5 enkelt h\u00e4nga dem p\u00e5 en v\u00e4gg, barnrumsd\u00f6rr eller spj\u00e4ls\u00e4ng.<\/li>\n<li>\ud83c\udf89 \u00d6VERRASKA MED ORIGINALG\u00c5VOR: Perfekta f\u00f6r speciella evenemang som babyshowers, br\u00f6llop etc. ... De \u00e4r en unik detalj f\u00f6r att dekorera godisbordet eller godisbaren och f\u00e5 dina n\u00e4ra och k\u00e4ra att k\u00e4nna sig speciella.<\/li>\n<li>\ud83c\udfe0 M\u00c5NGSIDIG INREDNING: V\u00e5ra bokst\u00e4ver passar perfekt in i alla hem, fr\u00e5n barnrum och sovrum till vardagsrum och hallar. Ge alla utrymmen en personlig och unik touch.<\/li>\n<li>\ud83c\udf0d H\u00c5LLBART MATERIAL OCH LOKALT TILLVERKAT: Tillverkad av PLA, ett milj\u00f6v\u00e4nligt material som utvinns ur naturresurser som majs. Milj\u00f6v\u00e4nlig. Alla v\u00e5ra produkter tillverkas i Spanien med 3D-utskrift, lasersk\u00e4rning och gravyr, vilket garanterar en felfri finish.<\/li>\n<\/ul>","protected":false},"excerpt":{"rendered":"<p>Vill du f\u00f6rvandla dina utrymmen till vr\u00e5r fyllda med dr\u00f6mmar och fantasi? V\u00e5ra personliga dekorbokst\u00e4ver \u00e4r det perfekta alternativet. Deras m\u00e5ngsidighet g\u00f6r att de kan integreras i en m\u00e4ngd olika milj\u00f6er, fr\u00e5n barnrumsd\u00f6rren till hyllor, mantelhyllor eller som dekorativa accenter p\u00e5 v\u00e4ggar. Varje bokstav \u00e4r helt anpassningsbar, s\u00e5 att du kan v\u00e4lja namn, m\u00e5tt och f\u00e4rg efter eget val.<\/p>","protected":false},"featured_media":8683,"template":"","meta":{"_seopress_robots_primary_cat":"104","_seopress_titles_title":"","_seopress_titles_desc":"Transforma tus espacios con letras 3D personalizadas en varios colores y tama\u00f1os. Decora con estilo y sostenibilidad. Ideal para regalos \u00fanicos.","_seopress_robots_index":"","site-sidebar-layout":"default","site-content-layout":"","ast-site-content-layout":"default","site-content-style":"default","site-sidebar-style":"default","ast-global-header-display":"","ast-banner-title-visibility":"","ast-main-header-display":"","ast-hfb-above-header-display":"","ast-hfb-below-header-display":"","ast-hfb-mobile-header-display":"","site-post-title":"","ast-breadcrumbs-content":"","ast-featured-img":"","footer-sml-layout":"","ast-disable-related-posts":"","theme-transparent-header-meta":"default","adv-header-id-meta":"","stick-header-meta":"default","header-above-stick-meta":"","header-main-stick-meta":"","header-below-stick-meta":"","astra-migrate-meta-layouts":"set","ast-page-background-enabled":"default","ast-page-background-meta":{"desktop":{"background-color":"","background-image":"","background-repeat":"repeat","background-position":"center center","background-size":"auto","background-attachment":"scroll","background-type":"","background-media":"","overlay-type":"","overlay-color":"","overlay-opacity":"","overlay-gradient":""},"tablet":{"background-color":"","background-image":"","background-repeat":"repeat","background-position":"center center","background-size":"auto","background-attachment":"scroll","background-type":"","background-media":"","overlay-type":"","overlay-color":"","overlay-opacity":"","overlay-gradient":""},"mobile":{"background-color":"","background-image":"","background-repeat":"repeat","background-position":"center center","background-size":"auto","background-attachment":"scroll","background-type":"","background-media":"","overlay-type":"","overlay-color":"","overlay-opacity":"","overlay-gradient":""}},"ast-content-background-meta":{"desktop":{"background-color":"var(--ast-global-color-5)","background-image":"","background-repeat":"repeat","background-position":"center center","background-size":"auto","background-attachment":"scroll","background-type":"","background-media":"","overlay-type":"","overlay-color":"","overlay-opacity":"","overlay-gradient":""},"tablet":{"background-color":"var(--ast-global-color-5)","background-image":"","background-repeat":"repeat","background-position":"center center","background-size":"auto","background-attachment":"scroll","background-type":"","background-media":"","overlay-type":"","overlay-color":"","overlay-opacity":"","overlay-gradient":""},"mobile":{"background-color":"var(--ast-global-color-5)","background-image":"","background-repeat":"repeat","background-position":"center center","background-size":"auto","background-attachment":"scroll","background-type":"","background-media":"","overlay-type":"","overlay-color":"","overlay-opacity":"","overlay-gradient":""}}},"product_brand":[103],"product_cat":[51,45,52,104,49],"product_tag":[],"class_list":{"0":"post-8682","1":"product","2":"type-product","3":"status-publish","4":"has-post-thumbnail","6":"product_brand-kiemmi-creations","7":"product_cat-decoracion-del-hogar","8":"product_cat-detalles-para-bodas-y-eventos","9":"product_cat-habitacion-de-bebe","10":"product_cat-letras-3d-personalizadas","11":"product_cat-regalos-originales","12":"desktop-align-center","13":"tablet-align-left","14":"mobile-align-center","15":"ast-product-gallery-layout-horizontal","16":"ast-magnify-disabled","17":"ast-product-tabs-layout-horizontal","18":"tm-has-options","20":"first","21":"instock","22":"taxable","23":"shipping-taxable","24":"purchasable","25":"product-type-simple"},"_links":{"self":[{"href":"https:\/\/kiemmi.com\/sv\/wp-json\/wp\/v2\/product\/8682","targetHints":{"allow":["GET"]}}],"collection":[{"href":"https:\/\/kiemmi.com\/sv\/wp-json\/wp\/v2\/product"}],"about":[{"href":"https:\/\/kiemmi.com\/sv\/wp-json\/wp\/v2\/types\/product"}],"version-history":[{"count":0,"href":"https:\/\/kiemmi.com\/sv\/wp-json\/wp\/v2\/product\/8682\/revisions"}],"wp:featuredmedia":[{"embeddable":true,"href":"https:\/\/kiemmi.com\/sv\/wp-json\/wp\/v2\/media\/8683"}],"wp:attachment":[{"href":"https:\/\/kiemmi.com\/sv\/wp-json\/wp\/v2\/media?parent=8682"}],"wp:term":[{"taxonomy":"product_brand","embeddable":true,"href":"https:\/\/kiemmi.com\/sv\/wp-json\/wp\/v2\/product_brand?post=8682"},{"taxonomy":"product_cat","embeddable":true,"href":"https:\/\/kiemmi.com\/sv\/wp-json\/wp\/v2\/product_cat?post=8682"},{"taxonomy":"product_tag","embeddable":true,"href":"https:\/\/kiemmi.com\/sv\/wp-json\/wp\/v2\/product_tag?post=8682"}],"curies":[{"name":"wp","href":"https:\/\/api.w.org\/{rel}","templated":true}]}}