{"id":8618,"date":"2024-07-19T07:30:39","date_gmt":"2024-07-19T07:30:39","guid":{"rendered":"https:\/\/kiemmi.com\/?post_type=product&#038;p=8618"},"modified":"2025-09-25T19:47:42","modified_gmt":"2025-09-25T19:47:42","slug":"personliga-trabokstaver-med-ditt-namn","status":"publish","type":"product","link":"https:\/\/kiemmi.com\/sv\/shop\/letras-3d-personalizadas\/letras-de-madera-personalizadas-con-tu-nombre\/","title":{"rendered":"Tr\u00e4bokst\u00e4ver \u2013 Personliga med ditt namn"},"content":{"rendered":"<p>Uppt\u00e4ck v\u00e5ra exklusiva <strong>personliga tr\u00e4bokst\u00e4ver med namn<\/strong> som kommer att f\u00f6rvandla vilket utrymme som helst till en unik och speciell plats. Dessa bokst\u00e4ver, tillverkade av h\u00f6gkvalitativt tr\u00e4, \u00e4r tillr\u00e4ckligt tjocka f\u00f6r att st\u00e5 stadigt p\u00e5 ett bord, vilket ger en dekorativ och originell touch till ditt hem eller evenemang.<\/p>\n<p><em><strong>Huvudfunktioner:<\/strong><\/em><\/p>\n<ul>\n<li><strong>Anpassad design:<\/strong> Varje bokstav sk\u00e4rs och m\u00e5las enligt dina specifikationer, vilket skapar en verkligt unik och personlig present.<\/li>\n<li><strong>Dekorativ m\u00e5ngsidighet:<\/strong> Perfekt f\u00f6r att dekorera bord, hyllor eller till och med f\u00f6r att h\u00e4nga p\u00e5 v\u00e4ggen. Deras m\u00e5ngsidiga design anpassar sig till alla inredningsstilar.<\/li>\n<li><strong>Stabilitet garanterad:<\/strong> Tack vare sin tjocklek st\u00e5r dessa bokst\u00e4ver stadigt och blir ett funktionellt och estetiskt dekorativt element.<\/li>\n<li><strong>Olika storlekar:<\/strong> Finns i olika storlekar f\u00f6r att perfekt passa dina behov och dekorativa preferenser.<\/li>\n<li><strong>Idealisk present:<\/strong> \u00d6verraska dina n\u00e4ra och k\u00e4ra med en originell och personlig present. Perfekt f\u00f6r br\u00f6llop, \u00e5rsdagar eller andra speciella tillf\u00e4llen.<\/li>\n<li><strong>Handgjort:<\/strong> Varje bokstav \u00e4r noggrant handgjord, vilket garanterar exceptionell kvalitet och noggrannhet i detaljerna.<\/li>\n<li><strong>Tjocklek:<\/strong> 18 mm.<\/li>\n<\/ul>\n<p><em><strong>Rekommenderade anv\u00e4ndningsomr\u00e5den:<\/strong><\/em><\/p>\n<ul>\n<li><strong>Heminredning:<\/strong> Ge ditt vardagsrum, sovrum eller n\u00e5got annat rum en personlig touch.<\/li>\n<li><strong>S\u00e4rskilda evenemang:<\/strong> Perfekt f\u00f6r att personifiera br\u00f6llop, \u00e5rsdagar, babyshowers och andra fester.<\/li>\n<li><strong>Kontor och f\u00f6retag:<\/strong> Skapa en v\u00e4lkomnande och professionell atmosf\u00e4r p\u00e5 din arbetsplats med anpassade bokst\u00e4ver som \u00e5terspeglar ditt varum\u00e4rke eller namn.<\/li>\n<\/ul>\n<p><em><strong>Varf\u00f6r v\u00e4lja v\u00e5ra specialdesignade tr\u00e4bokst\u00e4ver?<\/strong><\/em><br \/>\nVarje m\u00f6bel \u00e4r tillverkad med engagemang och noggrannhet f\u00f6r detaljer, vilket garanterar att du f\u00e5r en h\u00f6gkvalitativ produkt som alla kommer att \u00e4lska. Personliga tr\u00e4bokst\u00e4ver \u00e4r inte bara ett dekorativt element, utan ocks\u00e5 ett s\u00e4tt att uttrycka personlighet och stil.<\/p>\n<p>L\u00e4gg din best\u00e4llning idag och ge alla utrymmen en unik och personlig touch med v\u00e5ra personliga namnbokst\u00e4ver i tr\u00e4. En g\u00e5va som kommer att uppskattas och bli ih\u00e5gkommen!<\/p>","protected":false},"excerpt":{"rendered":"<p>Ge din inredning en unik touch med v\u00e5ra personliga tr\u00e4bokst\u00e4ver med ditt valda namn! Dessa handgjorda, frist\u00e5ende bokst\u00e4ver \u00e4r perfekta f\u00f6r bord eller v\u00e4ggar. En originell och speciell present f\u00f6r alla tillf\u00e4llen, v\u00e5ra bokst\u00e4ver finns i olika storlekar f\u00f6r att passa dina behov. Varje del \u00e4r noggrant utformad f\u00f6r att s\u00e4kerst\u00e4lla en h\u00f6gkvalitativ finish. F\u00f6rvandla vilket utrymme som helst med detta eleganta dekorativa element!<\/p>","protected":false},"featured_media":8621,"template":"","meta":{"_seopress_robots_primary_cat":"104","_seopress_titles_title":"%%title%% %%page%%","_seopress_titles_desc":"","_seopress_robots_index":"","site-sidebar-layout":"default","site-content-layout":"","ast-site-content-layout":"default","site-content-style":"default","site-sidebar-style":"default","ast-global-header-display":"","ast-banner-title-visibility":"","ast-main-header-display":"","ast-hfb-above-header-display":"","ast-hfb-below-header-display":"","ast-hfb-mobile-header-display":"","site-post-title":"","ast-breadcrumbs-content":"","ast-featured-img":"","footer-sml-layout":"","ast-disable-related-posts":"","theme-transparent-header-meta":"default","adv-header-id-meta":"","stick-header-meta":"default","header-above-stick-meta":"","header-main-stick-meta":"","header-below-stick-meta":"","astra-migrate-meta-layouts":"set","ast-page-background-enabled":"default","ast-page-background-meta":{"desktop":{"background-color":"","background-image":"","background-repeat":"repeat","background-position":"center center","background-size":"auto","background-attachment":"scroll","background-type":"","background-media":"","overlay-type":"","overlay-color":"","overlay-opacity":"","overlay-gradient":""},"tablet":{"background-color":"","background-image":"","background-repeat":"repeat","background-position":"center center","background-size":"auto","background-attachment":"scroll","background-type":"","background-media":"","overlay-type":"","overlay-color":"","overlay-opacity":"","overlay-gradient":""},"mobile":{"background-color":"","background-image":"","background-repeat":"repeat","background-position":"center center","background-size":"auto","background-attachment":"scroll","background-type":"","background-media":"","overlay-type":"","overlay-color":"","overlay-opacity":"","overlay-gradient":""}},"ast-content-background-meta":{"desktop":{"background-color":"var(--ast-global-color-5)","background-image":"","background-repeat":"repeat","background-position":"center center","background-size":"auto","background-attachment":"scroll","background-type":"","background-media":"","overlay-type":"","overlay-color":"","overlay-opacity":"","overlay-gradient":""},"tablet":{"background-color":"var(--ast-global-color-5)","background-image":"","background-repeat":"repeat","background-position":"center center","background-size":"auto","background-attachment":"scroll","background-type":"","background-media":"","overlay-type":"","overlay-color":"","overlay-opacity":"","overlay-gradient":""},"mobile":{"background-color":"var(--ast-global-color-5)","background-image":"","background-repeat":"repeat","background-position":"center center","background-size":"auto","background-attachment":"scroll","background-type":"","background-media":"","overlay-type":"","overlay-color":"","overlay-opacity":"","overlay-gradient":""}}},"product_brand":[],"product_cat":[51,45,52,104,40,49],"product_tag":[],"class_list":{"0":"post-8618","1":"product","2":"type-product","3":"status-publish","4":"has-post-thumbnail","6":"product_cat-decoracion-del-hogar","7":"product_cat-detalles-para-bodas-y-eventos","8":"product_cat-habitacion-de-bebe","9":"product_cat-letras-3d-personalizadas","10":"product_cat-letrero-madera","11":"product_cat-regalos-originales","12":"desktop-align-center","13":"tablet-align-left","14":"mobile-align-center","15":"ast-product-gallery-layout-horizontal","16":"ast-magnify-disabled","17":"ast-product-tabs-layout-horizontal","18":"tm-has-options","20":"first","21":"instock","22":"taxable","23":"shipping-taxable","24":"purchasable","25":"product-type-simple"},"_links":{"self":[{"href":"https:\/\/kiemmi.com\/sv\/wp-json\/wp\/v2\/product\/8618","targetHints":{"allow":["GET"]}}],"collection":[{"href":"https:\/\/kiemmi.com\/sv\/wp-json\/wp\/v2\/product"}],"about":[{"href":"https:\/\/kiemmi.com\/sv\/wp-json\/wp\/v2\/types\/product"}],"version-history":[{"count":0,"href":"https:\/\/kiemmi.com\/sv\/wp-json\/wp\/v2\/product\/8618\/revisions"}],"wp:featuredmedia":[{"embeddable":true,"href":"https:\/\/kiemmi.com\/sv\/wp-json\/wp\/v2\/media\/8621"}],"wp:attachment":[{"href":"https:\/\/kiemmi.com\/sv\/wp-json\/wp\/v2\/media?parent=8618"}],"wp:term":[{"taxonomy":"product_brand","embeddable":true,"href":"https:\/\/kiemmi.com\/sv\/wp-json\/wp\/v2\/product_brand?post=8618"},{"taxonomy":"product_cat","embeddable":true,"href":"https:\/\/kiemmi.com\/sv\/wp-json\/wp\/v2\/product_cat?post=8618"},{"taxonomy":"product_tag","embeddable":true,"href":"https:\/\/kiemmi.com\/sv\/wp-json\/wp\/v2\/product_tag?post=8618"}],"curies":[{"name":"wp","href":"https:\/\/api.w.org\/{rel}","templated":true}]}}