{"id":8579,"date":"2024-07-01T21:13:59","date_gmt":"2024-07-01T21:13:59","guid":{"rendered":"https:\/\/kiemmi.com\/?post_type=product&#038;p=8579"},"modified":"2025-10-27T19:06:33","modified_gmt":"2025-10-27T19:06:33","slug":"personlig-rund-vaggklocka-i-tra","status":"publish","type":"product","link":"https:\/\/kiemmi.com\/sv\/shop\/relojes-de-madera\/reloj-de-pared-de-madera-circular-personalizado\/","title":{"rendered":"Personlig rund v\u00e4ggklocka i tr\u00e4"},"content":{"rendered":"<p>Uppt\u00e4ck elegansen och funktionaliteten hos <strong>Personlig tr\u00e4v\u00e4ggklocka<\/strong>Tillverkad med hantverksm\u00e4ssig precision med lasergravering och sk\u00e4rtekniker blir denna klocka ett unikt och distinkt f\u00f6rem\u00e5l f\u00f6r alla utrymmen.<\/p>\n<h4>Utvalda funktioner:<\/h4>\n<ul>\n<li><strong>H\u00f6gkvalitativt material<\/strong>Tillverkad av slitstarkt tr\u00e4 som ger din inredning en naturlig och varm touch.<\/li>\n<li><strong>Fullst\u00e4ndig anpassning<\/strong>V\u00e4lj bland en m\u00e4ngd olika numreringsstilar och handtyper som passar din smak och inredning.<\/li>\n<li><strong>Anpassad mittskiva<\/strong>L\u00e4gg till en unik touch med ett personligt meddelande, en exklusiv design eller gravyr i fullf\u00e4rg. Lasergraveringstekniken garanterar precision och h\u00e5llbarhet.<\/li>\n<li><strong>Dekorativ m\u00e5ngsidighet<\/strong>Perfekt f\u00f6r alla typer av hem, kontor, kommersiella utrymmen och mer. Dess tidl\u00f6sa design passar en m\u00e4ngd olika inredningsstilar.<\/li>\n<\/ul>\n<h4>Varf\u00f6r v\u00e4lja v\u00e5r v\u00e4ggklocka?<\/h4>\n<ul>\n<li><strong>Unik och exklusiv design<\/strong>Varje klocka \u00e4r unik tack vare de anpassningsm\u00f6jligheter vi erbjuder.<\/li>\n<li><strong>\u00d6verl\u00e4gsen kvalitet<\/strong>Kombinationen av h\u00f6gkvalitativa material och avancerade gravyrtekniker s\u00e4kerst\u00e4ller en h\u00e5llbar och estetiskt oklanderlig produkt.<\/li>\n<li><strong>Perfekt present<\/strong>\u00d6verraska dina n\u00e4ra och k\u00e4ra med en personlig och meningsfull present, perfekt f\u00f6r alla speciella tillf\u00e4llen.<\/li>\n<\/ul>\n<h4>S\u00e5 h\u00e4r anpassar du din klocka:<\/h4>\n<ol>\n<li><strong>V\u00e4lj numreringsstil<\/strong>Vi har flera nummerdesigner som passar dina preferenser.<\/li>\n<li><strong>V\u00e4lj typ av n\u00e5lar<\/strong>Anpassa visarnas stil f\u00f6r att komplettera klockans design.<\/li>\n<li><strong>Designa den centrala skivan<\/strong>L\u00e4gg till ett speciellt meddelande, en anpassad design eller en gravyr i fullf\u00e4rg.<\/li>\n<\/ol>\n<h4>Tekniska specifikationer:<\/h4>\n<ul>\n<li><strong>Material<\/strong>Tr\u00e4<\/li>\n<li><strong>Storlek<\/strong>Diameter p\u00e5 28,5 cm<\/li>\n<li><strong>Vikt<\/strong>: 300 gram.<\/li>\n<li><strong>Energik\u00e4lla<\/strong>AA-batterier (ing\u00e5r ej)<\/li>\n<\/ul>\n<p>L\u00e4gg till en touch av sofistikering och personalisering till ditt utrymme med v\u00e5r <strong>Personlig tr\u00e4v\u00e4ggklocka<\/strong>L\u00e4gg din best\u00e4llning idag och f\u00f6rvandla din inredning med detta exklusiva m\u00f6bel!<\/p>","protected":false},"excerpt":{"rendered":"<p>Personlig v\u00e4ggklocka i tr\u00e4 med lasergravyr och -sk\u00e4rning. V\u00e4lj mellan olika numreringsstilar och visartyper. Personifiera mittskivan med ett meddelande, exklusiv design eller f\u00e4rggravyr. Perfekt f\u00f6r att dekorera ditt hem, kontor eller f\u00f6retag. Unik kvalitet och design.<\/p>","protected":false},"featured_media":8585,"template":"","meta":{"_seopress_robots_primary_cat":"86","_seopress_titles_title":"%%title%% %%page%%","_seopress_titles_desc":"","_seopress_robots_index":"","site-sidebar-layout":"default","site-content-layout":"","ast-site-content-layout":"default","site-content-style":"default","site-sidebar-style":"default","ast-global-header-display":"","ast-banner-title-visibility":"","ast-main-header-display":"","ast-hfb-above-header-display":"","ast-hfb-below-header-display":"","ast-hfb-mobile-header-display":"","site-post-title":"","ast-breadcrumbs-content":"","ast-featured-img":"","footer-sml-layout":"","ast-disable-related-posts":"","theme-transparent-header-meta":"","adv-header-id-meta":"","stick-header-meta":"","header-above-stick-meta":"","header-main-stick-meta":"","header-below-stick-meta":"","astra-migrate-meta-layouts":"default","ast-page-background-enabled":"default","ast-page-background-meta":{"desktop":{"background-color":"","background-image":"","background-repeat":"repeat","background-position":"center center","background-size":"auto","background-attachment":"scroll","background-type":"","background-media":"","overlay-type":"","overlay-color":"","overlay-opacity":"","overlay-gradient":""},"tablet":{"background-color":"","background-image":"","background-repeat":"repeat","background-position":"center center","background-size":"auto","background-attachment":"scroll","background-type":"","background-media":"","overlay-type":"","overlay-color":"","overlay-opacity":"","overlay-gradient":""},"mobile":{"background-color":"","background-image":"","background-repeat":"repeat","background-position":"center center","background-size":"auto","background-attachment":"scroll","background-type":"","background-media":"","overlay-type":"","overlay-color":"","overlay-opacity":"","overlay-gradient":""}},"ast-content-background-meta":{"desktop":{"background-color":"var(--ast-global-color-5)","background-image":"","background-repeat":"repeat","background-position":"center center","background-size":"auto","background-attachment":"scroll","background-type":"","background-media":"","overlay-type":"","overlay-color":"","overlay-opacity":"","overlay-gradient":""},"tablet":{"background-color":"var(--ast-global-color-5)","background-image":"","background-repeat":"repeat","background-position":"center center","background-size":"auto","background-attachment":"scroll","background-type":"","background-media":"","overlay-type":"","overlay-color":"","overlay-opacity":"","overlay-gradient":""},"mobile":{"background-color":"var(--ast-global-color-5)","background-image":"","background-repeat":"repeat","background-position":"center center","background-size":"auto","background-attachment":"scroll","background-type":"","background-media":"","overlay-type":"","overlay-color":"","overlay-opacity":"","overlay-gradient":""}}},"product_brand":[],"product_cat":[51,86],"product_tag":[],"class_list":{"0":"post-8579","1":"product","2":"type-product","3":"status-publish","4":"has-post-thumbnail","6":"product_cat-decoracion-del-hogar","7":"product_cat-relojes-de-madera","8":"desktop-align-center","9":"tablet-align-left","10":"mobile-align-center","11":"ast-product-gallery-layout-horizontal","12":"ast-magnify-disabled","13":"ast-product-tabs-layout-horizontal","14":"tm-has-options","16":"first","17":"instock","18":"taxable","19":"shipping-taxable","20":"purchasable","21":"product-type-simple"},"_links":{"self":[{"href":"https:\/\/kiemmi.com\/sv\/wp-json\/wp\/v2\/product\/8579","targetHints":{"allow":["GET"]}}],"collection":[{"href":"https:\/\/kiemmi.com\/sv\/wp-json\/wp\/v2\/product"}],"about":[{"href":"https:\/\/kiemmi.com\/sv\/wp-json\/wp\/v2\/types\/product"}],"version-history":[{"count":0,"href":"https:\/\/kiemmi.com\/sv\/wp-json\/wp\/v2\/product\/8579\/revisions"}],"wp:featuredmedia":[{"embeddable":true,"href":"https:\/\/kiemmi.com\/sv\/wp-json\/wp\/v2\/media\/8585"}],"wp:attachment":[{"href":"https:\/\/kiemmi.com\/sv\/wp-json\/wp\/v2\/media?parent=8579"}],"wp:term":[{"taxonomy":"product_brand","embeddable":true,"href":"https:\/\/kiemmi.com\/sv\/wp-json\/wp\/v2\/product_brand?post=8579"},{"taxonomy":"product_cat","embeddable":true,"href":"https:\/\/kiemmi.com\/sv\/wp-json\/wp\/v2\/product_cat?post=8579"},{"taxonomy":"product_tag","embeddable":true,"href":"https:\/\/kiemmi.com\/sv\/wp-json\/wp\/v2\/product_tag?post=8579"}],"curies":[{"name":"wp","href":"https:\/\/api.w.org\/{rel}","templated":true}]}}