{"id":8565,"date":"2024-06-28T10:38:43","date_gmt":"2024-06-28T10:38:43","guid":{"rendered":"https:\/\/kiemmi.com\/?post_type=product&#038;p=8565"},"modified":"2025-09-11T07:18:58","modified_gmt":"2025-09-11T07:18:58","slug":"personlig-2025-kalender-med-lasergraverade-traomslag-i-fullfarg","status":"publish","type":"product","link":"https:\/\/kiemmi.com\/sv\/shop\/escuelas-y-profesores\/agenda-2025-personalizada-tapas-de-madera-a-color-y-grabadas-a-laser\/","title":{"rendered":"Personlig kalender 2025-2026 \u2013 Lasergraverade, f\u00e4rgade tr\u00e4omslag"},"content":{"rendered":"<p>Uppt\u00e4ck den personliga kalendern f\u00f6r 2025-2026, designad f\u00f6r dig som s\u00f6ker stil och funktionalitet. Med f\u00e4rgglada tr\u00e4omslag och sofistikerad lasergravyr \u00e4r denna kalender det perfekta komplementet till din vardag.<\/p>\n<p><strong>Utvalda funktioner:<\/strong><\/p>\n<ul>\n<li><em><strong>F\u00e4rgade tr\u00e4skivor:<\/strong><\/em> Elegans och h\u00e5llbarhet kombinerat i ett brett utbud av f\u00e4rger.<\/li>\n<li><em><strong>Anpassad lasergravering:<\/strong><\/em> L\u00e4gg till en unik touch med ditt namn, logotyp eller specialdesign.<\/li>\n<li><em><strong>Tillg\u00e4ngliga spr\u00e5k:<\/strong><\/em> V\u00e4lj mellan flera spr\u00e5k som passar dina behov.<\/li>\n<li><em><strong>Anpassningsbar period:<\/strong><\/em> V\u00e4lj den period som passar dig b\u00e4st genom att v\u00e4lja &quot;Startdatum&quot; och &quot;Slutdatum&quot;<\/li>\n<li><em><strong>Anpassningsbara veckodagar:<\/strong><\/em> St\u00e4ll in din kalender s\u00e5 att den bara visar de veckodagar du beh\u00f6ver.<\/li>\n<li><em><strong>Perfekt f\u00f6r presenter:<\/strong><\/em> Perfekt f\u00f6r l\u00e4rare, utbildare, elever och alla som uppskattar snygg organisation.<\/li>\n<\/ul>\n<p><strong>F\u00f6rdelar:<\/strong><\/p>\n<ul>\n<li><em><strong>Anpassad organisation:<\/strong><\/em> Anpassa din planerare s\u00e5 att den passar din livsstil perfekt.<\/li>\n<li><em><strong>Unik och speciell g\u00e5va:<\/strong><\/em> \u00d6verraska dina n\u00e4ra och k\u00e4ra med en praktisk och elegant present.<\/li>\n<li><em><strong>\u00d6verl\u00e4gsen kvalitet:<\/strong><\/em> Tillverkad med h\u00f6gkvalitativa material som garanterar h\u00e5llbarhet och ett f\u00f6rstklassigt utseende.<\/li>\n<\/ul>\n<p><strong>Idealisk anv\u00e4ndning:<\/strong><\/p>\n<ul>\n<li><em><strong>L\u00e4rare och professorer:<\/strong><\/em> H\u00e5ll dina lektioner och uppgifter organiserade.<\/li>\n<li><em><strong>Studenter och studenter:<\/strong><\/em> Planera ditt l\u00e4s\u00e5r noggrant.<\/li>\n<li><em><strong>Yrkesverksamma:<\/strong><\/em> Hantera dina m\u00f6ten och dagliga uppgifter med ett elegant och effektivt verktyg.<\/li>\n<\/ul>\n<p>Missa inte chansen att f\u00e5 en unik planerare som speglar din personlighet och hj\u00e4lper dig att h\u00e5lla dig organiserad. Anpassa din idag och b\u00f6rja 2026 p\u00e5 r\u00e4tt s\u00e4tt!<\/p>\n<p><em><strong>K\u00f6p nu och ge din dagliga organisation den personliga touch den f\u00f6rtj\u00e4nar.<\/strong><\/em><\/p>","protected":false},"excerpt":{"rendered":"<div class=\"flex-shrink-0 flex flex-col relative items-end\">\n<div>\n<div class=\"pt-0.5 juice:pt-0\">\n<div class=\"gizmo-bot-avatar flex h-6 w-6 items-center justify-center overflow-hidden rounded-full juice:h-8 juice:w-8\">\n<div class=\"relative p-1 rounded-sm flex items-center justify-center bg-token-main-surface-primary text-token-text-primary h-8 w-8\"><span style=\"font-size: 1rem;\">Den personliga kalendern f\u00f6r 2025-2026 har eleganta, lasergraverade, f\u00e4rgkoordinerade tr\u00e4omslag och erbjuder en unik och sofistikerad design. Du kan v\u00e4lja mellan olika spr\u00e5k och anpassa anv\u00e4ndningsperioden genom att v\u00e4lja start- och slutdatum. Du kan ocks\u00e5 v\u00e4lja vilka veckodagar du vill ska visas. Det \u00e4r en perfekt present till l\u00e4rare, elever och alla som v\u00e4rdes\u00e4tter organisation. Denna kalender kombinerar \u00f6verl\u00e4gsen kvalitet och funktionalitet, vilket s\u00e4kerst\u00e4ller att varje dag \u00e4r perfekt planerad.<\/span><\/div>\n<\/div>\n<\/div>\n<\/div>\n<\/div>","protected":false},"featured_media":30432,"template":"","meta":{"_seopress_robots_primary_cat":"82","_seopress_titles_title":"Agenda Profesores Personalizada 2026: Elegancia y Estilo \u00danico","_seopress_titles_desc":"Descubre la elegancia de nuestra agenda 2025-26 con tapas de madera y grabado l\u00e1ser. Personaliza y organiza tu d\u00eda a d\u00eda. \u00a1Consigue la tuya ahora!","_seopress_robots_index":"","site-sidebar-layout":"default","site-content-layout":"","ast-site-content-layout":"default","site-content-style":"default","site-sidebar-style":"default","ast-global-header-display":"","ast-banner-title-visibility":"","ast-main-header-display":"","ast-hfb-above-header-display":"","ast-hfb-below-header-display":"","ast-hfb-mobile-header-display":"","site-post-title":"","ast-breadcrumbs-content":"","ast-featured-img":"","footer-sml-layout":"","ast-disable-related-posts":"","theme-transparent-header-meta":"default","adv-header-id-meta":"","stick-header-meta":"default","header-above-stick-meta":"","header-main-stick-meta":"","header-below-stick-meta":"","astra-migrate-meta-layouts":"set","ast-page-background-enabled":"default","ast-page-background-meta":{"desktop":{"background-color":"","background-image":"","background-repeat":"repeat","background-position":"center center","background-size":"auto","background-attachment":"scroll","background-type":"","background-media":"","overlay-type":"","overlay-color":"","overlay-opacity":"","overlay-gradient":""},"tablet":{"background-color":"","background-image":"","background-repeat":"repeat","background-position":"center center","background-size":"auto","background-attachment":"scroll","background-type":"","background-media":"","overlay-type":"","overlay-color":"","overlay-opacity":"","overlay-gradient":""},"mobile":{"background-color":"","background-image":"","background-repeat":"repeat","background-position":"center center","background-size":"auto","background-attachment":"scroll","background-type":"","background-media":"","overlay-type":"","overlay-color":"","overlay-opacity":"","overlay-gradient":""}},"ast-content-background-meta":{"desktop":{"background-color":"var(--ast-global-color-5)","background-image":"","background-repeat":"repeat","background-position":"center center","background-size":"auto","background-attachment":"scroll","background-type":"","background-media":"","overlay-type":"","overlay-color":"","overlay-opacity":"","overlay-gradient":""},"tablet":{"background-color":"var(--ast-global-color-5)","background-image":"","background-repeat":"repeat","background-position":"center center","background-size":"auto","background-attachment":"scroll","background-type":"","background-media":"","overlay-type":"","overlay-color":"","overlay-opacity":"","overlay-gradient":""},"mobile":{"background-color":"var(--ast-global-color-5)","background-image":"","background-repeat":"repeat","background-position":"center center","background-size":"auto","background-attachment":"scroll","background-type":"","background-media":"","overlay-type":"","overlay-color":"","overlay-opacity":"","overlay-gradient":""}}},"product_brand":[],"product_cat":[82,50],"product_tag":[],"class_list":{"0":"post-8565","1":"product","2":"type-product","3":"status-publish","4":"has-post-thumbnail","6":"product_cat-escuelas-y-profesores","7":"product_cat-libretas-de-madera-personalizadas","8":"desktop-align-center","9":"tablet-align-left","10":"mobile-align-center","11":"ast-product-gallery-layout-horizontal","12":"ast-magnify-disabled","13":"ast-product-tabs-layout-horizontal","14":"tm-has-options","16":"first","17":"instock","18":"taxable","19":"shipping-taxable","20":"purchasable","21":"product-type-simple"},"_links":{"self":[{"href":"https:\/\/kiemmi.com\/sv\/wp-json\/wp\/v2\/product\/8565","targetHints":{"allow":["GET"]}}],"collection":[{"href":"https:\/\/kiemmi.com\/sv\/wp-json\/wp\/v2\/product"}],"about":[{"href":"https:\/\/kiemmi.com\/sv\/wp-json\/wp\/v2\/types\/product"}],"version-history":[{"count":0,"href":"https:\/\/kiemmi.com\/sv\/wp-json\/wp\/v2\/product\/8565\/revisions"}],"wp:featuredmedia":[{"embeddable":true,"href":"https:\/\/kiemmi.com\/sv\/wp-json\/wp\/v2\/media\/30432"}],"wp:attachment":[{"href":"https:\/\/kiemmi.com\/sv\/wp-json\/wp\/v2\/media?parent=8565"}],"wp:term":[{"taxonomy":"product_brand","embeddable":true,"href":"https:\/\/kiemmi.com\/sv\/wp-json\/wp\/v2\/product_brand?post=8565"},{"taxonomy":"product_cat","embeddable":true,"href":"https:\/\/kiemmi.com\/sv\/wp-json\/wp\/v2\/product_cat?post=8565"},{"taxonomy":"product_tag","embeddable":true,"href":"https:\/\/kiemmi.com\/sv\/wp-json\/wp\/v2\/product_tag?post=8565"}],"curies":[{"name":"wp","href":"https:\/\/api.w.org\/{rel}","templated":true}]}}