{"id":7788,"date":"2024-03-18T14:38:11","date_gmt":"2024-03-18T14:38:11","guid":{"rendered":"https:\/\/kiemmi.com\/?post_type=product&#038;p=7788"},"modified":"2025-12-09T11:26:37","modified_gmt":"2025-12-09T11:26:37","slug":"traklanning-att-hanga-foton-av-fodelsedagsmanad","status":"publish","type":"product","link":"https:\/\/kiemmi.com\/sv\/shop\/natalicios\/vestido-de-madera-para-colgar-fotos-cumple-mes\/","title":{"rendered":"Tr\u00e4kl\u00e4nning att h\u00e4nga foton p\u00e5, f\u00f6delsedagsm\u00e5nad"},"content":{"rendered":"<p>F\u00e5nga varje \u00f6gonblick av ditt barns f\u00f6rsta \u00e5r med v\u00e5r charmiga personliga fotoh\u00e4ngare i tr\u00e4 f\u00f6r m\u00e5nader!<\/p>\n<p>V\u00e5r f\u00f6delsedagskl\u00e4nning i tr\u00e4 \u00e4r det perfekta plagget f\u00f6r att skapa of\u00f6rgl\u00f6mliga minnen. Tillverkad av h\u00f6gkvalitativt tr\u00e4 \u00e4r denna kl\u00e4nning b\u00e5de h\u00e5llbar och charmig. Du kan enkelt anpassa den genom att l\u00e4gga till ditt barns namn, vilket g\u00f6r den till en unik och speciell skatt.<\/p>\n<p>Med plats f\u00f6r att h\u00e4nga foton fr\u00e5n varje m\u00e5nad av ditt barns f\u00f6rsta \u00e5r \u00e4r den h\u00e4r kl\u00e4nningen inte bara en vacker dekoration f\u00f6r barnrummet, utan ocks\u00e5 ett charmigt s\u00e4tt att f\u00f6lja ditt barns tillv\u00e4xt och utveckling. Varje foto f\u00e5ngar ett v\u00e4rdefullt \u00f6gonblick som du kommer att v\u00e5rda f\u00f6r alltid.<\/p>\n<p>\u00c5terupplev dessa \u00f6gonblick och fira ditt barns f\u00f6rsta \u00e5r med v\u00e5r f\u00f6delsedagskl\u00e4nning i tr\u00e4. G\u00f6r varje m\u00e5nad speciell och minnesv\u00e4rd!<\/p>\n<p><em><strong>M\u00e5tt:<\/strong><\/em><\/p>\n<ul>\n<li>Bredd: 28 cm<\/li>\n<li>H\u00f6jd 49,5 cm<\/li>\n<\/ul>","protected":false},"excerpt":{"rendered":"<p>F\u00e5nga de speciella \u00f6gonblicken under ditt barns f\u00f6rsta \u00e5r med v\u00e5r fotoh\u00e4ngare i tr\u00e4 f\u00f6r m\u00e5nader. Anpassa den med ditt barns namn f\u00f6r att g\u00f6ra den \u00e4nnu mer speciell. Tillverkad av h\u00f6gkvalitativt tr\u00e4, h\u00e5llbar och charmig. Perfekt f\u00f6r att dekorera barnrum och minnas ditt barns utveckling. \u00c5terupplev varje m\u00e5nad med foton som du kommer att v\u00e4rdes\u00e4tta f\u00f6r alltid.<\/p>","protected":false},"featured_media":7791,"template":"","meta":{"_seopress_robots_primary_cat":"81","_seopress_titles_title":"","_seopress_titles_desc":"","_seopress_robots_index":"","site-sidebar-layout":"default","site-content-layout":"","ast-site-content-layout":"default","site-content-style":"default","site-sidebar-style":"default","ast-global-header-display":"","ast-banner-title-visibility":"","ast-main-header-display":"","ast-hfb-above-header-display":"","ast-hfb-below-header-display":"","ast-hfb-mobile-header-display":"","site-post-title":"","ast-breadcrumbs-content":"","ast-featured-img":"","footer-sml-layout":"","ast-disable-related-posts":"","theme-transparent-header-meta":"default","adv-header-id-meta":"","stick-header-meta":"default","header-above-stick-meta":"","header-main-stick-meta":"","header-below-stick-meta":"","astra-migrate-meta-layouts":"set","ast-page-background-enabled":"default","ast-page-background-meta":{"desktop":{"background-color":"","background-image":"","background-repeat":"repeat","background-position":"center center","background-size":"auto","background-attachment":"scroll","background-type":"","background-media":"","overlay-type":"","overlay-color":"","overlay-opacity":"","overlay-gradient":""},"tablet":{"background-color":"","background-image":"","background-repeat":"repeat","background-position":"center center","background-size":"auto","background-attachment":"scroll","background-type":"","background-media":"","overlay-type":"","overlay-color":"","overlay-opacity":"","overlay-gradient":""},"mobile":{"background-color":"","background-image":"","background-repeat":"repeat","background-position":"center center","background-size":"auto","background-attachment":"scroll","background-type":"","background-media":"","overlay-type":"","overlay-color":"","overlay-opacity":"","overlay-gradient":""}},"ast-content-background-meta":{"desktop":{"background-color":"var(--ast-global-color-5)","background-image":"","background-repeat":"repeat","background-position":"center center","background-size":"auto","background-attachment":"scroll","background-type":"","background-media":"","overlay-type":"","overlay-color":"","overlay-opacity":"","overlay-gradient":""},"tablet":{"background-color":"var(--ast-global-color-5)","background-image":"","background-repeat":"repeat","background-position":"center center","background-size":"auto","background-attachment":"scroll","background-type":"","background-media":"","overlay-type":"","overlay-color":"","overlay-opacity":"","overlay-gradient":""},"mobile":{"background-color":"var(--ast-global-color-5)","background-image":"","background-repeat":"repeat","background-position":"center center","background-size":"auto","background-attachment":"scroll","background-type":"","background-media":"","overlay-type":"","overlay-color":"","overlay-opacity":"","overlay-gradient":""}}},"product_brand":[],"product_cat":[52,81,49],"product_tag":[],"class_list":{"0":"post-7788","1":"product","2":"type-product","3":"status-publish","4":"has-post-thumbnail","6":"product_cat-habitacion-de-bebe","7":"product_cat-natalicios","8":"product_cat-regalos-originales","9":"desktop-align-center","10":"tablet-align-left","11":"mobile-align-center","12":"ast-product-gallery-layout-horizontal","13":"ast-product-gallery-with-no-image","14":"ast-magnify-disabled","15":"ast-product-tabs-layout-horizontal","16":"tm-has-options","18":"first","19":"instock","20":"taxable","21":"shipping-taxable","22":"purchasable","23":"product-type-simple"},"_links":{"self":[{"href":"https:\/\/kiemmi.com\/sv\/wp-json\/wp\/v2\/product\/7788","targetHints":{"allow":["GET"]}}],"collection":[{"href":"https:\/\/kiemmi.com\/sv\/wp-json\/wp\/v2\/product"}],"about":[{"href":"https:\/\/kiemmi.com\/sv\/wp-json\/wp\/v2\/types\/product"}],"version-history":[{"count":0,"href":"https:\/\/kiemmi.com\/sv\/wp-json\/wp\/v2\/product\/7788\/revisions"}],"wp:featuredmedia":[{"embeddable":true,"href":"https:\/\/kiemmi.com\/sv\/wp-json\/wp\/v2\/media\/7791"}],"wp:attachment":[{"href":"https:\/\/kiemmi.com\/sv\/wp-json\/wp\/v2\/media?parent=7788"}],"wp:term":[{"taxonomy":"product_brand","embeddable":true,"href":"https:\/\/kiemmi.com\/sv\/wp-json\/wp\/v2\/product_brand?post=7788"},{"taxonomy":"product_cat","embeddable":true,"href":"https:\/\/kiemmi.com\/sv\/wp-json\/wp\/v2\/product_cat?post=7788"},{"taxonomy":"product_tag","embeddable":true,"href":"https:\/\/kiemmi.com\/sv\/wp-json\/wp\/v2\/product_tag?post=7788"}],"curies":[{"name":"wp","href":"https:\/\/api.w.org\/{rel}","templated":true}]}}