{"id":7763,"date":"2024-03-03T21:52:40","date_gmt":"2024-03-03T21:52:40","guid":{"rendered":"https:\/\/kiemmi.com\/?post_type=product&#038;p=7763"},"modified":"2024-07-28T13:37:23","modified_gmt":"2024-07-28T13:37:23","slug":"flerfargad-metakrylat-led-jubellampa","status":"publish","type":"product","link":"https:\/\/kiemmi.com\/sv\/shop\/lamparas\/lampara-led-multicolor-metacrilato-de-nacimiento\/","title":{"rendered":"Flerf\u00e4rgad metakrylat LED-jubellampa"},"content":{"rendered":"<p>Uppt\u00e4ck den perfekta flerf\u00e4rgade LED-lampan i akryl f\u00f6r speciella \u00f6gonblick som din bebis f\u00f6delse! Denna lampa \u00e4r speciellt utformad som nattlampa f\u00f6r barn och erbjuder en personlig och f\u00f6rtrollande upplevelse.<\/p>\n<p>Med m\u00f6jligheten att anpassa barnets namn och l\u00e4gga till f\u00f6delseinformation som datum, tid, vikt och l\u00e4ngd blir denna lampa ett of\u00f6rgl\u00f6mligt minne. Den medf\u00f6ljande fj\u00e4rrkontrollen g\u00f6r det enkelt att styra de mjuka, fl\u00f6dande f\u00e4rganimationerna som projiceras genom dess h\u00f6guppl\u00f6sta lysdioder.<\/p>\n<p>L\u00e5t dig f\u00e4ngslas av regnb\u00e5gsanimationen, som skapar en lugnande och avkopplande milj\u00f6 perfekt f\u00f6r din bebis. Dessutom \u00e4r denna lampa designad med barns\u00e4kerhet i \u00e5tanke, eftersom den drivs med l\u00e5gsp\u00e4nning och enkelt kan anslutas via sin USB-C-mobilladdare.<\/p>\n<p>Oavsett om det \u00e4r en vacker dekoration till ditt barns rum eller en unik present till en nyf\u00f6dd, \u00e4r denna flerf\u00e4rgade LED-lampa ett exceptionellt val. Akrylglaset har ocks\u00e5 en nanoteknologisk behandling som f\u00f6rhindrar mikrorepor och h\u00e5ller lampan dammfri, vilket s\u00e4kerst\u00e4ller dess h\u00e5llbarhet och sk\u00f6nhet \u00f6ver tid.<\/p>\n<p>Skapa magnifika milj\u00f6er med denna LED-babylampa!<\/p>\n<p><strong>Egenskaper:<\/strong><\/p>\n<ul>\n<li><strong>M\u00e5tt:<\/strong>\n<ul>\n<li>Normal modell:\n<ul>\n<li>Bredd: 16 cm<\/li>\n<li>H\u00f6jd: 17 cm<\/li>\n<li>Djup: 6 cm (fr\u00e5n basen)<\/li>\n<\/ul>\n<\/li>\n<li>Stor modell:\n<ul>\n<li>Bredd: 20 cm<\/li>\n<li>H\u00f6jd: 21,5 cm<\/li>\n<li>Djup: 6 cm (fr\u00e5n basen)<\/li>\n<\/ul>\n<\/li>\n<\/ul>\n<\/li>\n<\/ul>","protected":false},"excerpt":{"rendered":"<p>Uppt\u00e4ck den flerf\u00e4rgade LED-f\u00f6delselampan i akryl, perfekt som nattlampa f\u00f6r barn. Den kan anpassas med barnets namn och f\u00f6delsedatum och blir ett unikt minne. Med fj\u00e4rrkontroll och h\u00f6guppl\u00f6sta LED-lampor skapar den flytande och avkopplande animationer. Barns\u00e4ker med l\u00e5gsp\u00e4nningsstr\u00f6mf\u00f6rs\u00f6rjning och USB-C-anslutning. Perfekt som dekoration eller present till nyf\u00f6dda.<\/p>","protected":false},"featured_media":7771,"template":"","meta":{"_seopress_robots_primary_cat":"19","_seopress_titles_title":"%%title%% %%page%%","_seopress_titles_desc":"","_seopress_robots_index":"","site-sidebar-layout":"default","site-content-layout":"","ast-site-content-layout":"default","site-content-style":"default","site-sidebar-style":"default","ast-global-header-display":"","ast-banner-title-visibility":"","ast-main-header-display":"","ast-hfb-above-header-display":"","ast-hfb-below-header-display":"","ast-hfb-mobile-header-display":"","site-post-title":"","ast-breadcrumbs-content":"","ast-featured-img":"","footer-sml-layout":"","ast-disable-related-posts":"","theme-transparent-header-meta":"","adv-header-id-meta":"","stick-header-meta":"","header-above-stick-meta":"","header-main-stick-meta":"","header-below-stick-meta":"","astra-migrate-meta-layouts":"default","ast-page-background-enabled":"default","ast-page-background-meta":{"desktop":{"background-color":"","background-image":"","background-repeat":"repeat","background-position":"center center","background-size":"auto","background-attachment":"scroll","background-type":"","background-media":"","overlay-type":"","overlay-color":"","overlay-opacity":"","overlay-gradient":""},"tablet":{"background-color":"","background-image":"","background-repeat":"repeat","background-position":"center center","background-size":"auto","background-attachment":"scroll","background-type":"","background-media":"","overlay-type":"","overlay-color":"","overlay-opacity":"","overlay-gradient":""},"mobile":{"background-color":"","background-image":"","background-repeat":"repeat","background-position":"center center","background-size":"auto","background-attachment":"scroll","background-type":"","background-media":"","overlay-type":"","overlay-color":"","overlay-opacity":"","overlay-gradient":""}},"ast-content-background-meta":{"desktop":{"background-color":"var(--ast-global-color-5)","background-image":"","background-repeat":"repeat","background-position":"center center","background-size":"auto","background-attachment":"scroll","background-type":"","background-media":"","overlay-type":"","overlay-color":"","overlay-opacity":"","overlay-gradient":""},"tablet":{"background-color":"var(--ast-global-color-5)","background-image":"","background-repeat":"repeat","background-position":"center center","background-size":"auto","background-attachment":"scroll","background-type":"","background-media":"","overlay-type":"","overlay-color":"","overlay-opacity":"","overlay-gradient":""},"mobile":{"background-color":"var(--ast-global-color-5)","background-image":"","background-repeat":"repeat","background-position":"center center","background-size":"auto","background-attachment":"scroll","background-type":"","background-media":"","overlay-type":"","overlay-color":"","overlay-opacity":"","overlay-gradient":""}}},"product_brand":[],"product_cat":[19,49],"product_tag":[],"class_list":{"0":"post-7763","1":"product","2":"type-product","3":"status-publish","4":"has-post-thumbnail","6":"product_cat-lamparas","7":"product_cat-regalos-originales","8":"desktop-align-center","9":"tablet-align-left","10":"mobile-align-center","11":"ast-product-gallery-layout-horizontal","12":"ast-magnify-disabled","13":"ast-product-tabs-layout-horizontal","14":"tm-has-options","16":"first","17":"instock","18":"taxable","19":"shipping-taxable","20":"purchasable","21":"product-type-simple"},"_links":{"self":[{"href":"https:\/\/kiemmi.com\/sv\/wp-json\/wp\/v2\/product\/7763","targetHints":{"allow":["GET"]}}],"collection":[{"href":"https:\/\/kiemmi.com\/sv\/wp-json\/wp\/v2\/product"}],"about":[{"href":"https:\/\/kiemmi.com\/sv\/wp-json\/wp\/v2\/types\/product"}],"version-history":[{"count":0,"href":"https:\/\/kiemmi.com\/sv\/wp-json\/wp\/v2\/product\/7763\/revisions"}],"wp:featuredmedia":[{"embeddable":true,"href":"https:\/\/kiemmi.com\/sv\/wp-json\/wp\/v2\/media\/7771"}],"wp:attachment":[{"href":"https:\/\/kiemmi.com\/sv\/wp-json\/wp\/v2\/media?parent=7763"}],"wp:term":[{"taxonomy":"product_brand","embeddable":true,"href":"https:\/\/kiemmi.com\/sv\/wp-json\/wp\/v2\/product_brand?post=7763"},{"taxonomy":"product_cat","embeddable":true,"href":"https:\/\/kiemmi.com\/sv\/wp-json\/wp\/v2\/product_cat?post=7763"},{"taxonomy":"product_tag","embeddable":true,"href":"https:\/\/kiemmi.com\/sv\/wp-json\/wp\/v2\/product_tag?post=7763"}],"curies":[{"name":"wp","href":"https:\/\/api.w.org\/{rel}","templated":true}]}}