{"id":7684,"date":"2024-02-13T06:42:24","date_gmt":"2024-02-13T06:42:24","guid":{"rendered":"https:\/\/kiemmi.com\/?post_type=product&#038;p=7684"},"modified":"2025-12-09T11:26:37","modified_gmt":"2025-12-09T11:26:37","slug":"parisfargad-traanteckningsbok","status":"publish","type":"product","link":"https:\/\/kiemmi.com\/sv\/shop\/libretas-de-madera-personalizadas\/libreta-de-madera-a-color-paris\/","title":{"rendered":"Parisf\u00e4rgad tr\u00e4anteckningsbok"},"content":{"rendered":"<p>V\u00e5ra handgjorda anteckningsb\u00f6cker \u00e4r sanna p\u00e4rlor f\u00f6r \u00e4lskare av skrivande och design. Var och en har laserskurna tr\u00e4omslag, vilket g\u00f6r dem unika och distinkta. Dessutom \u00e4r v\u00e5ra anteckningsb\u00f6cker dekorerade med ett f\u00e4rgtryck av staden Paris, vilket ger dem en fransk charm och en touch av romantik.<\/p>\n<p>Anteckningsboken \u00e4r i A5-storlek, vilket g\u00f6r den praktisk och enkel att b\u00e4ra med sig \u00f6verallt. Med 80 ark, eller 160 sidor, har du mer \u00e4n tillr\u00e4ckligt med utrymme f\u00f6r att spara alla dina id\u00e9er, tankar och viktiga anteckningar. Oavsett om du skriver, ritar eller bara antecknar, kommer den h\u00e4r anteckningsboken att vara din perfekta f\u00f6ljeslagare p\u00e5 alla dina \u00e4ventyr.<\/p>\n<p>Du kan ocks\u00e5 ytterligare anpassa din anteckningsbok genom att v\u00e4lja mellan en m\u00e4ngd olika metallh\u00f6rn f\u00f6r att skydda kanterna. Oavsett om de \u00e4r i guld, silver eller svart, ger dessa h\u00f6rn en elegant och sofistikerad touch till din anteckningsbok samtidigt som de skyddar den fr\u00e5n slitage vid daglig anv\u00e4ndning.<\/p>\n<p>Kort sagt, v\u00e5ra handgjorda anteckningsb\u00f6cker med laserskurna tr\u00e4omslag, fullf\u00e4rgstryck av Paris stadsmotiv, A5-format och 80 ark \u00e4r den perfekta kombinationen av stil, funktionalitet och kvalitet. De kommer inte bara att hj\u00e4lpa dig att organisera dina id\u00e9er, utan kommer ocks\u00e5 att bli f\u00f6rem\u00e5l f\u00f6r beundran och avund f\u00f6r dem som ser dem. V\u00e4nta inte l\u00e4ngre och k\u00f6p dina nu!<\/p>\n<p><strong>Egenskaper:<\/strong><\/p>\n<ul>\n<li><em>Tapas:<\/em> 15,2 cm (bredd) x 21,5 cm (h\u00f6jd) x 2,5 cm (tjocklek)<\/li>\n<li><em>L\u00f6v:<\/em> Din A5 (14,8 cm bred x 21 cm h\u00f6g)<\/li>\n<li>80 ark (160 sidor)<\/li>\n<\/ul>","protected":false},"excerpt":{"rendered":"<p>V\u00e5ra handgjorda anteckningsb\u00f6cker \u00e4r unika p\u00e4rlor med laserskurna tr\u00e4omslag dekorerade med ett Paris-tryck i fullf\u00e4rg, vilket ger dem en romantisk touch. De \u00e4r praktiska och l\u00e4tta att b\u00e4ra, med 80 ark f\u00f6r att f\u00e5nga dina id\u00e9er och viktiga anteckningar. Dessutom kan du anpassa dem med metallh\u00f6rn i guld, silver eller svart f\u00f6r att skydda dem och ge dem en elegant touch. Kort sagt, v\u00e5ra anteckningsb\u00f6cker \u00e4r den perfekta kombinationen av stil, funktionalitet och kvalitet, som inte bara hj\u00e4lper dig att organisera dina id\u00e9er utan ocks\u00e5 kommer att beundras av andra.<\/p>","protected":false},"featured_media":8212,"template":"","meta":{"_seopress_robots_primary_cat":"50","_seopress_titles_title":"Libretas \u00fanicas de Par\u00eds: dise\u00f1o elegante y pr\u00e1ctico","_seopress_titles_desc":"Descubre nuestras libretas A5 \u00fanicas, hechas a mano con tapas de madera y dise\u00f1o de Par\u00eds. Elegancia, funcionalidad y estilo en cada p\u00e1gina. \u00a1Consigue la tuya!","_seopress_robots_index":"","site-sidebar-layout":"default","site-content-layout":"","ast-site-content-layout":"default","site-content-style":"default","site-sidebar-style":"default","ast-global-header-display":"","ast-banner-title-visibility":"","ast-main-header-display":"","ast-hfb-above-header-display":"","ast-hfb-below-header-display":"","ast-hfb-mobile-header-display":"","site-post-title":"","ast-breadcrumbs-content":"","ast-featured-img":"","footer-sml-layout":"","ast-disable-related-posts":"","theme-transparent-header-meta":"default","adv-header-id-meta":"","stick-header-meta":"default","header-above-stick-meta":"","header-main-stick-meta":"","header-below-stick-meta":"","astra-migrate-meta-layouts":"set","ast-page-background-enabled":"default","ast-page-background-meta":{"desktop":{"background-color":"","background-image":"","background-repeat":"repeat","background-position":"center center","background-size":"auto","background-attachment":"scroll","background-type":"","background-media":"","overlay-type":"","overlay-color":"","overlay-opacity":"","overlay-gradient":""},"tablet":{"background-color":"","background-image":"","background-repeat":"repeat","background-position":"center center","background-size":"auto","background-attachment":"scroll","background-type":"","background-media":"","overlay-type":"","overlay-color":"","overlay-opacity":"","overlay-gradient":""},"mobile":{"background-color":"","background-image":"","background-repeat":"repeat","background-position":"center center","background-size":"auto","background-attachment":"scroll","background-type":"","background-media":"","overlay-type":"","overlay-color":"","overlay-opacity":"","overlay-gradient":""}},"ast-content-background-meta":{"desktop":{"background-color":"var(--ast-global-color-5)","background-image":"","background-repeat":"repeat","background-position":"center center","background-size":"auto","background-attachment":"scroll","background-type":"","background-media":"","overlay-type":"","overlay-color":"","overlay-opacity":"","overlay-gradient":""},"tablet":{"background-color":"var(--ast-global-color-5)","background-image":"","background-repeat":"repeat","background-position":"center center","background-size":"auto","background-attachment":"scroll","background-type":"","background-media":"","overlay-type":"","overlay-color":"","overlay-opacity":"","overlay-gradient":""},"mobile":{"background-color":"var(--ast-global-color-5)","background-image":"","background-repeat":"repeat","background-position":"center center","background-size":"auto","background-attachment":"scroll","background-type":"","background-media":"","overlay-type":"","overlay-color":"","overlay-opacity":"","overlay-gradient":""}}},"product_brand":[],"product_cat":[50],"product_tag":[],"class_list":{"0":"post-7684","1":"product","2":"type-product","3":"status-publish","4":"has-post-thumbnail","6":"product_cat-libretas-de-madera-personalizadas","7":"desktop-align-center","8":"tablet-align-left","9":"mobile-align-center","10":"ast-product-gallery-layout-horizontal","11":"ast-product-gallery-with-no-image","12":"ast-magnify-disabled","13":"ast-product-tabs-layout-horizontal","14":"tm-has-options","16":"first","17":"instock","18":"taxable","19":"shipping-taxable","20":"purchasable","21":"product-type-simple"},"_links":{"self":[{"href":"https:\/\/kiemmi.com\/sv\/wp-json\/wp\/v2\/product\/7684","targetHints":{"allow":["GET"]}}],"collection":[{"href":"https:\/\/kiemmi.com\/sv\/wp-json\/wp\/v2\/product"}],"about":[{"href":"https:\/\/kiemmi.com\/sv\/wp-json\/wp\/v2\/types\/product"}],"version-history":[{"count":0,"href":"https:\/\/kiemmi.com\/sv\/wp-json\/wp\/v2\/product\/7684\/revisions"}],"wp:featuredmedia":[{"embeddable":true,"href":"https:\/\/kiemmi.com\/sv\/wp-json\/wp\/v2\/media\/8212"}],"wp:attachment":[{"href":"https:\/\/kiemmi.com\/sv\/wp-json\/wp\/v2\/media?parent=7684"}],"wp:term":[{"taxonomy":"product_brand","embeddable":true,"href":"https:\/\/kiemmi.com\/sv\/wp-json\/wp\/v2\/product_brand?post=7684"},{"taxonomy":"product_cat","embeddable":true,"href":"https:\/\/kiemmi.com\/sv\/wp-json\/wp\/v2\/product_cat?post=7684"},{"taxonomy":"product_tag","embeddable":true,"href":"https:\/\/kiemmi.com\/sv\/wp-json\/wp\/v2\/product_tag?post=7684"}],"curies":[{"name":"wp","href":"https:\/\/api.w.org\/{rel}","templated":true}]}}