{"id":7005,"date":"2023-11-13T09:33:40","date_gmt":"2023-11-13T09:33:40","guid":{"rendered":"https:\/\/kiemmi.com\/?post_type=product&#038;p=7005"},"modified":"2025-05-12T19:53:56","modified_gmt":"2025-05-12T19:53:56","slug":"tulpanformad-sanglampa-i-tra","status":"publish","type":"product","link":"https:\/\/kiemmi.com\/sv\/shop\/lamparas\/lampara-mesita-de-noche-de-madera-en-forma-de-tulipan\/","title":{"rendered":"Tulpanformad s\u00e4nglampa i tr\u00e4"},"content":{"rendered":"<div class=\"flex-1 overflow-hidden\">\n<div class=\"react-scroll-to-bottom--css-gsxch-79elbk h-full\">\n<div class=\"react-scroll-to-bottom--css-gsxch-1n7m0yu\">\n<div class=\"flex flex-col text-sm gizmo:pb-9 dark:bg-gray-800 gizmo:dark:bg-transparent\">\n<div class=\"group w-full text-token-text-primary border-b border-black\/10 gizmo:border-0 dark:border-gray-900\/50 gizmo:dark:border-0 bg-gray-50 gizmo:bg-transparent dark:bg-[#444654] gizmo:dark:bg-transparent\" data-testid=\"conversation-turn-3\">\n<div class=\"p-4 gizmo:py-2 justify-center text-base md:gap-6 md:py-6 m-auto\">\n<div class=\"flex flex-1 gap-4 text-base mx-auto md:gap-6 gizmo:gap-3 gizmo:md:px-5 gizmo:lg:px-1 gizmo:xl:px-5 md:max-w-2xl lg:max-w-[38rem] gizmo:md:max-w-3xl gizmo:lg:max-w-[40rem] gizmo:xl:max-w-[48rem] xl:max-w-3xl }\">\n<div class=\"relative flex w-[calc(100%-50px)] flex-col gizmo:w-full lg:w-[calc(100%-115px)] agent-turn\">\n<div class=\"flex-col gap-1 md:gap-3\">\n<div class=\"flex flex-grow flex-col max-w-full gap-3 gizmo:gap-0\">\n<div class=\"min-h-[20px] text-message peer flex flex-col items-start gap-3 whitespace-pre-wrap break-words peer-[.text-message]:mt-5 overflow-x-auto\" data-message-author-role=\"assistant\" data-message-id=\"20e55e8b-2d42-4762-b927-b53227b6f295\">\n<div class=\"markdown prose w-full break-words dark:prose-invert light\">\n<p>Descubre la elegancia natural con nuestra l\u00e1mpara de mesita de noche de madera en forma de tulip\u00e1n. Cada una de estas l\u00e1mparas es una obra maestra artesanal, cuidadosamente ensamblada a mano para brindarte una pieza \u00fanica y encantadora.<\/p>\n<p>Nuestra madera ha sido seleccionada con esmero, lijada a la perfecci\u00f3n y tratada con barniz a base de agua, una elecci\u00f3n ecol\u00f3gica que protege el medio ambiente y realza la belleza de la madera. La forma de tulip\u00e1n es una oda a la naturaleza, que se ilumina con una suave calidez en cualquier rinc\u00f3n de tu hogar.<\/p>\n<p>Esta l\u00e1mpara es ideal para dormitorios y cualquier otro espacio donde desees crear una iluminaci\u00f3n tenue, relajante y rom\u00e1ntica. La suave luz que emana de esta l\u00e1mpara de tulip\u00e1n crea una atm\u00f3sfera acogedora y rom\u00e1ntica que te invita a la relajaci\u00f3n y la calma.<\/p>\n<p>La l\u00e1mpara utiliza un casquillo E27 est\u00e1ndar y se conecta directamente al voltaje de 220V, lo que la hace f\u00e1cil de instalar. Adem\u00e1s, su cable de alimentaci\u00f3n incluye un interruptor para un manejo c\u00f3modo y pr\u00e1ctico.<\/p>\n<p>A\u00f1ade un toque de naturaleza y sofisticaci\u00f3n a tu espacio con nuestra l\u00e1mpara de mesita de noche de madera en forma de tulip\u00e1n. No solo ilumina tu habitaci\u00f3n, sino que tambi\u00e9n agrega un toque de arte y sostenibilidad. \u00a1Decora tu hogar con estilo y conciencia ambiental!<\/p>\n<p>La fotograf\u00eda del dormitorio ha sido creada <a href=\"https:\/\/www.instagram.com\/princesa_sandraricau\/\" target=\"_blank\" rel=\"noopener\">@princesa_sandraricau<\/a><\/p>\n<p><strong>Caracter\u00edsticas:<\/strong><\/p>\n<ul>\n<li><strong>Ancho:<\/strong> 18cm<\/li>\n<li><strong>Alto:<\/strong> 23cm<\/li>\n<li><strong>Alimentaci\u00f3n:<\/strong> 220V<\/li>\n<li>Cable con interruptor (bombilla no suministrada)<\/li>\n<\/ul>\n<\/div>\n<\/div>\n<\/div>\n<\/div>\n<\/div>\n<\/div>\n<\/div>\n<\/div>\n<\/div>\n<\/div>\n<\/div>\n<\/div>\n","protected":false},"excerpt":{"rendered":"<p>Uppt\u00e4ck naturlig elegans med v\u00e5r tulpanformade s\u00e4nglampa, handgjord av milj\u00f6behandlat tr\u00e4. Varje lampa avger ett mjukt, romantiskt sken, perfekt f\u00f6r sovrum och avkopplande utrymmen. Tulpandesignen \u00e4r ett konstverk som skapar en mysig atmosf\u00e4r i ditt hem. Lampan ansluts enkelt till 220V och har en str\u00f6mbrytare f\u00f6r extra bekv\u00e4mlighet. L\u00e4gg till en touch av natur och sofistikering till ditt hem med denna s\u00e4nglampa som blandar konst och h\u00e5llbarhet i en enda design.<\/p>","protected":false},"featured_media":7008,"template":"","meta":{"_seopress_robots_primary_cat":"19","_seopress_titles_title":"%%title%% %%page%%","_seopress_titles_desc":"","_seopress_robots_index":"","site-sidebar-layout":"default","site-content-layout":"","ast-site-content-layout":"default","site-content-style":"default","site-sidebar-style":"default","ast-global-header-display":"","ast-banner-title-visibility":"","ast-main-header-display":"","ast-hfb-above-header-display":"","ast-hfb-below-header-display":"","ast-hfb-mobile-header-display":"","site-post-title":"","ast-breadcrumbs-content":"","ast-featured-img":"","footer-sml-layout":"","ast-disable-related-posts":"","theme-transparent-header-meta":"","adv-header-id-meta":"","stick-header-meta":"","header-above-stick-meta":"","header-main-stick-meta":"","header-below-stick-meta":"","astra-migrate-meta-layouts":"default","ast-page-background-enabled":"default","ast-page-background-meta":{"desktop":{"background-color":"","background-image":"","background-repeat":"repeat","background-position":"center center","background-size":"auto","background-attachment":"scroll","background-type":"","background-media":"","overlay-type":"","overlay-color":"","overlay-opacity":"","overlay-gradient":""},"tablet":{"background-color":"","background-image":"","background-repeat":"repeat","background-position":"center center","background-size":"auto","background-attachment":"scroll","background-type":"","background-media":"","overlay-type":"","overlay-color":"","overlay-opacity":"","overlay-gradient":""},"mobile":{"background-color":"","background-image":"","background-repeat":"repeat","background-position":"center center","background-size":"auto","background-attachment":"scroll","background-type":"","background-media":"","overlay-type":"","overlay-color":"","overlay-opacity":"","overlay-gradient":""}},"ast-content-background-meta":{"desktop":{"background-color":"var(--ast-global-color-5)","background-image":"","background-repeat":"repeat","background-position":"center center","background-size":"auto","background-attachment":"scroll","background-type":"","background-media":"","overlay-type":"","overlay-color":"","overlay-opacity":"","overlay-gradient":""},"tablet":{"background-color":"var(--ast-global-color-5)","background-image":"","background-repeat":"repeat","background-position":"center center","background-size":"auto","background-attachment":"scroll","background-type":"","background-media":"","overlay-type":"","overlay-color":"","overlay-opacity":"","overlay-gradient":""},"mobile":{"background-color":"var(--ast-global-color-5)","background-image":"","background-repeat":"repeat","background-position":"center center","background-size":"auto","background-attachment":"scroll","background-type":"","background-media":"","overlay-type":"","overlay-color":"","overlay-opacity":"","overlay-gradient":""}}},"product_brand":[],"product_cat":[51,19],"product_tag":[],"class_list":{"0":"post-7005","1":"product","2":"type-product","3":"status-publish","4":"has-post-thumbnail","6":"product_cat-decoracion-del-hogar","7":"product_cat-lamparas","8":"desktop-align-center","9":"tablet-align-left","10":"mobile-align-center","11":"ast-product-gallery-layout-horizontal","12":"ast-magnify-disabled","13":"ast-product-tabs-layout-horizontal","14":"tm-no-options","16":"first","17":"instock","18":"taxable","19":"shipping-taxable","20":"purchasable","21":"product-type-simple"},"_links":{"self":[{"href":"https:\/\/kiemmi.com\/sv\/wp-json\/wp\/v2\/product\/7005","targetHints":{"allow":["GET"]}}],"collection":[{"href":"https:\/\/kiemmi.com\/sv\/wp-json\/wp\/v2\/product"}],"about":[{"href":"https:\/\/kiemmi.com\/sv\/wp-json\/wp\/v2\/types\/product"}],"version-history":[{"count":0,"href":"https:\/\/kiemmi.com\/sv\/wp-json\/wp\/v2\/product\/7005\/revisions"}],"wp:featuredmedia":[{"embeddable":true,"href":"https:\/\/kiemmi.com\/sv\/wp-json\/wp\/v2\/media\/7008"}],"wp:attachment":[{"href":"https:\/\/kiemmi.com\/sv\/wp-json\/wp\/v2\/media?parent=7005"}],"wp:term":[{"taxonomy":"product_brand","embeddable":true,"href":"https:\/\/kiemmi.com\/sv\/wp-json\/wp\/v2\/product_brand?post=7005"},{"taxonomy":"product_cat","embeddable":true,"href":"https:\/\/kiemmi.com\/sv\/wp-json\/wp\/v2\/product_cat?post=7005"},{"taxonomy":"product_tag","embeddable":true,"href":"https:\/\/kiemmi.com\/sv\/wp-json\/wp\/v2\/product_tag?post=7005"}],"curies":[{"name":"wp","href":"https:\/\/api.w.org\/{rel}","templated":true}]}}