{"id":6726,"date":"2023-10-11T06:42:58","date_gmt":"2023-10-11T06:42:58","guid":{"rendered":"https:\/\/kiemmi.com\/?post_type=product&#038;p=6726"},"modified":"2025-09-12T06:19:20","modified_gmt":"2025-09-12T06:19:20","slug":"stor-ej-dorrskylt-i-form-av-en-hund","status":"publish","type":"product","link":"https:\/\/kiemmi.com\/sv\/shop\/decoracion-del-hogar\/letrero-colgante-para-puerta\/cartel-no-molestar-para-puerta-en-forma-de-perro\/","title":{"rendered":"&quot;St\u00f6r ej&quot;-skylt f\u00f6r hundd\u00f6rr"},"content":{"rendered":"<p>Letar du efter ett unikt och charmigt s\u00e4tt att personifiera din ytterd\u00f6rr eller ge ditt barns rum en speciell touch? V\u00e5r hundformade d\u00f6rrskylt, noggrant handgjord av naturligt tr\u00e4 med lasersk\u00e4rning och gravyr, \u00e4r det perfekta svaret.<\/p>\n<p>Var och en av v\u00e5ra skyltar \u00e4r designade med k\u00e4rlek och noggrannhet f\u00f6r detaljer, vilket g\u00f6r dem till en verkligt unik inredningsdetalj. M\u00f6jligheten att anpassa texten g\u00f6r att du kan ge ditt hem en personlig och meningsfull touch. Det \u00e4r bara din fantasi som s\u00e4tter gr\u00e4nser!<\/p>\n<p>Denna skylt ger inte bara en touch av gullighet till vilket rum som helst, utan skapar ocks\u00e5 en varm atmosf\u00e4r som alla hund- och djur\u00e4lskare kommer att uppskatta. Den \u00e4r det perfekta tillskottet till vilket utrymme som helst, fr\u00e5n ett barnrum till ditt vardagsrum eller till och med din ytterd\u00f6rr.<\/p>\n<p>Kvalitet och h\u00e5llbarhet \u00e4r avg\u00f6rande f\u00f6r oss. D\u00e4rf\u00f6r har vi skyddat tr\u00e4et med vattenbaserad lack, vilket s\u00e4kerst\u00e4ller att din skylt beh\u00e5ller sin sk\u00f6nhet och charm under l\u00e5ng tid.<\/p>\n<p>Vill du ge en speciell present till en hund\u00e4lskare? Den h\u00e4r skylten \u00e4r det perfekta valet. Det \u00e4r ett unikt s\u00e4tt att visa uppskattning och k\u00e4rlek till de p\u00e4lsklingar som lyser upp v\u00e5ra liv.<\/p>\n<p>Ge ditt hem v\u00e4rme och personlighet med v\u00e5r personliga hundformade d\u00f6rrskylt. Dekorera med stil och visa din k\u00e4rlek till husdjur!<\/p>\n<p><b>Egenskaper<\/b><strong>:<\/strong><\/p>\n<ul>\n<li>Material: Naturtr\u00e4 (lackerat p\u00e5 b\u00e5da sidor med ekologiska produkter)<\/li>\n<li>M\u00e5tt: 12 cm bred x 24,4 cm h\u00f6g x 0,3 cm tjock<\/li>\n<\/ul>","protected":false},"excerpt":{"rendered":"<p>V\u00e5r personliga hundformade d\u00f6rrskylt, handgjord av naturligt tr\u00e4 med lasersk\u00e4rning och gravyr, \u00e4r det perfekta valet f\u00f6r en unik heminredning. Den \u00e4r perfekt f\u00f6r ett barnrum eller vilket utrymme du vill g\u00f6ra speciellt. Den skapar en varm atmosf\u00e4r och \u00e4r en fin present till hund- och djur\u00e4lskare. Tr\u00e4et \u00e4r skyddat med vattenbaserad lack f\u00f6r att s\u00e4kerst\u00e4lla dess h\u00e5llbarhet. Ge ditt hem en touch av v\u00e4rme och personlighet med denna vackra dekoration.<\/p>","protected":false},"featured_media":6727,"template":"","meta":{"_seopress_robots_primary_cat":"57","_seopress_titles_title":"%%title%% %%page%%","_seopress_titles_desc":"Personaliza tu puerta con encanto \u00fanico: Cartel de puerta de madera con forma de perro grabado l\u00e1ser. Ideal para amantes de mascotas. \u00a1Compra hoy!","_seopress_robots_index":"","site-sidebar-layout":"default","site-content-layout":"","ast-site-content-layout":"default","site-content-style":"default","site-sidebar-style":"default","ast-global-header-display":"","ast-banner-title-visibility":"","ast-main-header-display":"","ast-hfb-above-header-display":"","ast-hfb-below-header-display":"","ast-hfb-mobile-header-display":"","site-post-title":"","ast-breadcrumbs-content":"","ast-featured-img":"","footer-sml-layout":"","ast-disable-related-posts":"","theme-transparent-header-meta":"default","adv-header-id-meta":"","stick-header-meta":"default","header-above-stick-meta":"","header-main-stick-meta":"","header-below-stick-meta":"","astra-migrate-meta-layouts":"set","ast-page-background-enabled":"default","ast-page-background-meta":{"desktop":{"background-color":"","background-image":"","background-repeat":"repeat","background-position":"center center","background-size":"auto","background-attachment":"scroll","background-type":"","background-media":"","overlay-type":"","overlay-color":"","overlay-opacity":"","overlay-gradient":""},"tablet":{"background-color":"","background-image":"","background-repeat":"repeat","background-position":"center center","background-size":"auto","background-attachment":"scroll","background-type":"","background-media":"","overlay-type":"","overlay-color":"","overlay-opacity":"","overlay-gradient":""},"mobile":{"background-color":"","background-image":"","background-repeat":"repeat","background-position":"center center","background-size":"auto","background-attachment":"scroll","background-type":"","background-media":"","overlay-type":"","overlay-color":"","overlay-opacity":"","overlay-gradient":""}},"ast-content-background-meta":{"desktop":{"background-color":"var(--ast-global-color-5)","background-image":"","background-repeat":"repeat","background-position":"center center","background-size":"auto","background-attachment":"scroll","background-type":"","background-media":"","overlay-type":"","overlay-color":"","overlay-opacity":"","overlay-gradient":""},"tablet":{"background-color":"var(--ast-global-color-5)","background-image":"","background-repeat":"repeat","background-position":"center center","background-size":"auto","background-attachment":"scroll","background-type":"","background-media":"","overlay-type":"","overlay-color":"","overlay-opacity":"","overlay-gradient":""},"mobile":{"background-color":"var(--ast-global-color-5)","background-image":"","background-repeat":"repeat","background-position":"center center","background-size":"auto","background-attachment":"scroll","background-type":"","background-media":"","overlay-type":"","overlay-color":"","overlay-opacity":"","overlay-gradient":""}}},"product_brand":[],"product_cat":[44,51,57,87],"product_tag":[],"class_list":{"0":"post-6726","1":"product","2":"type-product","3":"status-publish","4":"has-post-thumbnail","6":"product_cat-cartel-madera","7":"product_cat-decoracion-del-hogar","8":"product_cat-letrero-colgante-para-puerta","9":"product_cat-mascotas","10":"desktop-align-center","11":"tablet-align-left","12":"mobile-align-center","13":"ast-product-gallery-layout-horizontal","14":"ast-magnify-disabled","15":"ast-product-tabs-layout-horizontal","16":"tm-has-options","18":"first","19":"instock","20":"taxable","21":"shipping-taxable","22":"purchasable","23":"product-type-simple"},"_links":{"self":[{"href":"https:\/\/kiemmi.com\/sv\/wp-json\/wp\/v2\/product\/6726","targetHints":{"allow":["GET"]}}],"collection":[{"href":"https:\/\/kiemmi.com\/sv\/wp-json\/wp\/v2\/product"}],"about":[{"href":"https:\/\/kiemmi.com\/sv\/wp-json\/wp\/v2\/types\/product"}],"version-history":[{"count":0,"href":"https:\/\/kiemmi.com\/sv\/wp-json\/wp\/v2\/product\/6726\/revisions"}],"wp:featuredmedia":[{"embeddable":true,"href":"https:\/\/kiemmi.com\/sv\/wp-json\/wp\/v2\/media\/6727"}],"wp:attachment":[{"href":"https:\/\/kiemmi.com\/sv\/wp-json\/wp\/v2\/media?parent=6726"}],"wp:term":[{"taxonomy":"product_brand","embeddable":true,"href":"https:\/\/kiemmi.com\/sv\/wp-json\/wp\/v2\/product_brand?post=6726"},{"taxonomy":"product_cat","embeddable":true,"href":"https:\/\/kiemmi.com\/sv\/wp-json\/wp\/v2\/product_cat?post=6726"},{"taxonomy":"product_tag","embeddable":true,"href":"https:\/\/kiemmi.com\/sv\/wp-json\/wp\/v2\/product_tag?post=6726"}],"curies":[{"name":"wp","href":"https:\/\/api.w.org\/{rel}","templated":true}]}}