{"id":6609,"date":"2023-10-03T19:33:58","date_gmt":"2023-10-03T19:33:58","guid":{"rendered":"https:\/\/kiemmi.com\/?post_type=product&#038;p=6609"},"modified":"2025-09-02T08:41:17","modified_gmt":"2025-09-02T08:41:17","slug":"personlig-tragalge-med-namn-en-oforglomlig-present-for-par","status":"publish","type":"product","link":"https:\/\/kiemmi.com\/sv\/shop\/detalles-para-bodas-y-eventos\/percha-de-madera-personalizada-con-nombre-un-regalo-inolvidable-para-novios\/","title":{"rendered":"Personlig tr\u00e4h\u00e4ngare med namn \u2013 En of\u00f6rgl\u00f6mlig present till pojkv\u00e4nner"},"content":{"rendered":"<p>Fira k\u00e4rleken och f\u00f6reningen mellan tv\u00e5 speciella personer med v\u00e5r personliga tr\u00e4galge, den perfekta presenten till brudparet som ska s\u00e4ga &quot;ja&quot;. Var och en av v\u00e5ra galgar \u00e4r noggrant designad och tillverkad med detaljer som g\u00f6r den verkligt unik.<\/p>\n<p><strong>M\u00e5tt:<\/strong><\/p>\n<ul>\n<li><em><strong>Bred:<\/strong><\/em> 43 cm<\/li>\n<li><em><strong>H\u00f6g:<\/strong><\/em> 23 cm (inklusive krok)<\/li>\n<li><em><strong>Tjocklek:<\/strong><\/em> 1,2 cm<\/li>\n<\/ul>\n<p><strong>Utvalda funktioner:<\/strong><\/p>\n<ul>\n<li><strong><em>Exklusiv personalisering<\/em><\/strong>Varje galge \u00e4r noggrant personlig med brudens och brudgummens namn, tillverkad av laserskuret tr\u00e4 och handm\u00e5lad. Detta ger en personlig och elegant touch som bruden och brudgummen kommer att uppskatta i \u00e5ratal.<\/li>\n<li><em><strong>360\u00b0 sv\u00e4ngbar krok<\/strong><\/em>V\u00e5r galge har en vridbar krok som erbjuder exceptionell m\u00e5ngsidighet. Detta g\u00f6r att brudkl\u00e4nningar enkelt kan h\u00e4ngas upp, oavsett hur de placeras i garderoben.<\/li>\n<li><em><strong>Of\u00f6rgl\u00f6mlig g\u00e5va:<\/strong><\/em> Denna galge \u00e4r inte bara ett funktionellt tillbeh\u00f6r, utan ocks\u00e5 ett speciellt minne fr\u00e5n en minnesv\u00e4rd dag. Det \u00e4r en g\u00e5va som bruden och brudgummen kommer att v\u00e4rdes\u00e4tta och minnas med gl\u00e4dje i m\u00e5nga \u00e5r fram\u00f6ver.<\/li>\n<li><em><strong>Perfekt f\u00f6r br\u00f6llop och \u00e5rsdagar:<\/strong><\/em> F\u00f6rutom att vara en idealisk br\u00f6llopspresent \u00e4r denna personliga galge ocks\u00e5 perfekt f\u00f6r \u00e5rsdagar, f\u00f6rlovningar och andra speciella tillf\u00e4llen relaterade till k\u00e4rlek.<\/li>\n<li><em><strong>\u00d6verl\u00e4gsen kvalitet:<\/strong><\/em> Vi anv\u00e4nder h\u00f6gkvalitativt tr\u00e4 som \u00e4r starkt och h\u00e5llbart. Noggrannhet i varje aspekt av design och tillverkning s\u00e4kerst\u00e4ller att du f\u00e5r ett kvalitetsstycke som kommer att h\u00e5lla livet ut.<\/li>\n<\/ul>\n<p>Visa din omsorg och omtanke genom att v\u00e4lja denna personliga tr\u00e4galge som present till bruden och brudgummen. Varje g\u00e5ng de h\u00e4nger sina kl\u00e4der p\u00e5 denna unika galge kommer de att bli p\u00e5minda om k\u00e4rleken och gl\u00e4djen p\u00e5 deras speciella dag. L\u00e4gg din best\u00e4llning idag och skapa ett best\u00e5ende minne f\u00f6r det d\u00e4r speciella paret i ditt liv.<\/p>","protected":false},"excerpt":{"rendered":"<p>Personlig namnh\u00e4ngare i tr\u00e4, perfekt att ge bort till blivande brudpar. Laserskurna och handm\u00e5lade namn i tr\u00e4 f\u00f6r en unik touch. 360\u00b0 vridbar krok f\u00f6r bekv\u00e4m upph\u00e4ngning av br\u00f6llopskl\u00e4der. En best\u00e5ende och hj\u00e4rtev\u00e4rmande present till br\u00f6llop och \u00e5rsdagar.<\/p>","protected":false},"featured_media":6630,"template":"","meta":{"_seopress_robots_primary_cat":"45","_seopress_titles_title":"%%title%%","_seopress_titles_desc":"","_seopress_robots_index":"","site-sidebar-layout":"default","site-content-layout":"","ast-site-content-layout":"default","site-content-style":"default","site-sidebar-style":"default","ast-global-header-display":"","ast-banner-title-visibility":"","ast-main-header-display":"","ast-hfb-above-header-display":"","ast-hfb-below-header-display":"","ast-hfb-mobile-header-display":"","site-post-title":"","ast-breadcrumbs-content":"","ast-featured-img":"","footer-sml-layout":"","ast-disable-related-posts":"","theme-transparent-header-meta":"","adv-header-id-meta":"","stick-header-meta":"","header-above-stick-meta":"","header-main-stick-meta":"","header-below-stick-meta":"","astra-migrate-meta-layouts":"default","ast-page-background-enabled":"default","ast-page-background-meta":{"desktop":{"background-color":"","background-image":"","background-repeat":"repeat","background-position":"center center","background-size":"auto","background-attachment":"scroll","background-type":"","background-media":"","overlay-type":"","overlay-color":"","overlay-opacity":"","overlay-gradient":""},"tablet":{"background-color":"","background-image":"","background-repeat":"repeat","background-position":"center center","background-size":"auto","background-attachment":"scroll","background-type":"","background-media":"","overlay-type":"","overlay-color":"","overlay-opacity":"","overlay-gradient":""},"mobile":{"background-color":"","background-image":"","background-repeat":"repeat","background-position":"center center","background-size":"auto","background-attachment":"scroll","background-type":"","background-media":"","overlay-type":"","overlay-color":"","overlay-opacity":"","overlay-gradient":""}},"ast-content-background-meta":{"desktop":{"background-color":"var(--ast-global-color-5)","background-image":"","background-repeat":"repeat","background-position":"center center","background-size":"auto","background-attachment":"scroll","background-type":"","background-media":"","overlay-type":"","overlay-color":"","overlay-opacity":"","overlay-gradient":""},"tablet":{"background-color":"var(--ast-global-color-5)","background-image":"","background-repeat":"repeat","background-position":"center center","background-size":"auto","background-attachment":"scroll","background-type":"","background-media":"","overlay-type":"","overlay-color":"","overlay-opacity":"","overlay-gradient":""},"mobile":{"background-color":"var(--ast-global-color-5)","background-image":"","background-repeat":"repeat","background-position":"center center","background-size":"auto","background-attachment":"scroll","background-type":"","background-media":"","overlay-type":"","overlay-color":"","overlay-opacity":"","overlay-gradient":""}}},"product_brand":[],"product_cat":[45,49],"product_tag":[],"class_list":{"0":"post-6609","1":"product","2":"type-product","3":"status-publish","4":"has-post-thumbnail","6":"product_cat-detalles-para-bodas-y-eventos","7":"product_cat-regalos-originales","8":"desktop-align-center","9":"tablet-align-left","10":"mobile-align-center","11":"ast-product-gallery-layout-horizontal","12":"ast-magnify-disabled","13":"ast-product-tabs-layout-horizontal","14":"tm-has-options","16":"first","17":"instock","18":"taxable","19":"shipping-taxable","20":"purchasable","21":"product-type-simple"},"_links":{"self":[{"href":"https:\/\/kiemmi.com\/sv\/wp-json\/wp\/v2\/product\/6609","targetHints":{"allow":["GET"]}}],"collection":[{"href":"https:\/\/kiemmi.com\/sv\/wp-json\/wp\/v2\/product"}],"about":[{"href":"https:\/\/kiemmi.com\/sv\/wp-json\/wp\/v2\/types\/product"}],"version-history":[{"count":0,"href":"https:\/\/kiemmi.com\/sv\/wp-json\/wp\/v2\/product\/6609\/revisions"}],"wp:featuredmedia":[{"embeddable":true,"href":"https:\/\/kiemmi.com\/sv\/wp-json\/wp\/v2\/media\/6630"}],"wp:attachment":[{"href":"https:\/\/kiemmi.com\/sv\/wp-json\/wp\/v2\/media?parent=6609"}],"wp:term":[{"taxonomy":"product_brand","embeddable":true,"href":"https:\/\/kiemmi.com\/sv\/wp-json\/wp\/v2\/product_brand?post=6609"},{"taxonomy":"product_cat","embeddable":true,"href":"https:\/\/kiemmi.com\/sv\/wp-json\/wp\/v2\/product_cat?post=6609"},{"taxonomy":"product_tag","embeddable":true,"href":"https:\/\/kiemmi.com\/sv\/wp-json\/wp\/v2\/product_tag?post=6609"}],"curies":[{"name":"wp","href":"https:\/\/api.w.org\/{rel}","templated":true}]}}