{"id":5871,"date":"2023-06-06T22:23:59","date_gmt":"2023-06-06T22:23:59","guid":{"rendered":"https:\/\/kiemmi.com\/?post_type=product&#038;p=5871"},"modified":"2024-07-28T13:50:36","modified_gmt":"2024-07-28T13:50:36","slug":"traplakett-for-larare","status":"publish","type":"product","link":"https:\/\/kiemmi.com\/sv\/shop\/decoracion-del-hogar\/placa-de-madera-para-profesores\/","title":{"rendered":"Tr\u00e4plakett f\u00f6r l\u00e4rare"},"content":{"rendered":"<p>Fira din l\u00e4rare p\u00e5 ett speciellt s\u00e4tt med v\u00e5r personliga tr\u00e4plakett f\u00f6r l\u00e4rare! Denna uts\u00f6kta tr\u00e4plakett \u00e4r den perfekta g\u00e5van f\u00f6r att fira slutet av skol\u00e5ret eller pensioneringen av en of\u00f6rgl\u00f6mlig l\u00e4rare.<\/p>\n<p>Varje plakett har en elegant rund tr\u00e4skiva, noggrant utskuren med l\u00e4rarens namn pr\u00e4glat och f\u00e4rgat. Denna unika teknik framh\u00e4ver namnet och ger det en distinkt och i\u00f6gonfallande touch. Dessutom kommer det h\u00f6gkvalitativa tr\u00e4et som anv\u00e4nds i plaketten fr\u00e5n h\u00e5llbara europeiska skogar, vilket \u00e5terspeglar v\u00e5rt engagemang f\u00f6r milj\u00f6ansvar.<\/p>\n<p>Men det \u00e4r inte allt. Du kan ocks\u00e5 anpassa plaketten med elevernas namn ingraverade i tr\u00e4et! Denna speciella funktion g\u00f6r att varje elev kan s\u00e4tta sin pr\u00e4gel p\u00e5 g\u00e5van och skapa ett unikt och meningsfullt minne. Du kan v\u00e4lja den fras du gillar b\u00e4st, vilket g\u00f6r denna plakett till en verkligt personlig och k\u00e4nslosam g\u00e5va.<\/p>\n<p>V\u00e5r l\u00e4rarplakett i tr\u00e4 \u00e4r mycket mer \u00e4n bara en present. Det \u00e4r ett best\u00e5ende och meningsfullt minne som f\u00e5ngar gemensamma stunder i klassrummet och hyllar det engagemang och den inverkan l\u00e4raren har haft p\u00e5 sina elevers liv. Med denna present visar du din tacksamhet och uppskattning p\u00e5 ett konkret och elegant s\u00e4tt.<\/p>\n<p>Missa inte chansen att hedra den d\u00e4r speciella l\u00e4raren med denna unika och minnesv\u00e4rda plakett. L\u00e4gg din best\u00e4llning idag och ge bort ett minne som f\u00f6r alltid kommer att finnas i din favoritl\u00e4rares hj\u00e4rta!<\/p>","protected":false},"excerpt":{"rendered":"<p>Hylla din l\u00e4rare med v\u00e5r personliga tr\u00e4plakett. En tr\u00e4skiva pr\u00e4glad med l\u00e4rarens namn. Tr\u00e4et kommer fr\u00e5n h\u00e5llbara europeiska skogar. Elevernas namn \u00e4r graverade i tr\u00e4et. En minnesg\u00e5va f\u00f6r slutet av skol\u00e5ret eller pensioneringen. Frasen kan anpassas efter eleverna. Ett best\u00e5ende och meningsfullt minne f\u00f6r l\u00e4raren.<\/p>","protected":false},"featured_media":5883,"template":"","meta":{"_seopress_robots_primary_cat":"51","_seopress_titles_title":"","_seopress_titles_desc":"","_seopress_robots_index":"","site-sidebar-layout":"default","site-content-layout":"","ast-site-content-layout":"default","site-content-style":"default","site-sidebar-style":"default","ast-global-header-display":"","ast-banner-title-visibility":"","ast-main-header-display":"","ast-hfb-above-header-display":"","ast-hfb-below-header-display":"","ast-hfb-mobile-header-display":"","site-post-title":"","ast-breadcrumbs-content":"","ast-featured-img":"","footer-sml-layout":"","ast-disable-related-posts":"","theme-transparent-header-meta":"","adv-header-id-meta":"","stick-header-meta":"","header-above-stick-meta":"","header-main-stick-meta":"","header-below-stick-meta":"","astra-migrate-meta-layouts":"default","ast-page-background-enabled":"default","ast-page-background-meta":{"desktop":{"background-color":"","background-image":"","background-repeat":"repeat","background-position":"center center","background-size":"auto","background-attachment":"scroll","background-type":"","background-media":"","overlay-type":"","overlay-color":"","overlay-opacity":"","overlay-gradient":""},"tablet":{"background-color":"","background-image":"","background-repeat":"repeat","background-position":"center center","background-size":"auto","background-attachment":"scroll","background-type":"","background-media":"","overlay-type":"","overlay-color":"","overlay-opacity":"","overlay-gradient":""},"mobile":{"background-color":"","background-image":"","background-repeat":"repeat","background-position":"center center","background-size":"auto","background-attachment":"scroll","background-type":"","background-media":"","overlay-type":"","overlay-color":"","overlay-opacity":"","overlay-gradient":""}},"ast-content-background-meta":{"desktop":{"background-color":"var(--ast-global-color-5)","background-image":"","background-repeat":"repeat","background-position":"center center","background-size":"auto","background-attachment":"scroll","background-type":"","background-media":"","overlay-type":"","overlay-color":"","overlay-opacity":"","overlay-gradient":""},"tablet":{"background-color":"var(--ast-global-color-5)","background-image":"","background-repeat":"repeat","background-position":"center center","background-size":"auto","background-attachment":"scroll","background-type":"","background-media":"","overlay-type":"","overlay-color":"","overlay-opacity":"","overlay-gradient":""},"mobile":{"background-color":"var(--ast-global-color-5)","background-image":"","background-repeat":"repeat","background-position":"center center","background-size":"auto","background-attachment":"scroll","background-type":"","background-media":"","overlay-type":"","overlay-color":"","overlay-opacity":"","overlay-gradient":""}}},"product_brand":[],"product_cat":[51,49],"product_tag":[],"class_list":{"0":"post-5871","1":"product","2":"type-product","3":"status-publish","4":"has-post-thumbnail","6":"product_cat-decoracion-del-hogar","7":"product_cat-regalos-originales","8":"desktop-align-center","9":"tablet-align-left","10":"mobile-align-center","11":"ast-product-gallery-layout-horizontal","12":"ast-magnify-disabled","13":"ast-product-tabs-layout-horizontal","14":"tm-has-options","16":"first","17":"instock","18":"taxable","19":"shipping-taxable","20":"purchasable","21":"product-type-simple"},"_links":{"self":[{"href":"https:\/\/kiemmi.com\/sv\/wp-json\/wp\/v2\/product\/5871","targetHints":{"allow":["GET"]}}],"collection":[{"href":"https:\/\/kiemmi.com\/sv\/wp-json\/wp\/v2\/product"}],"about":[{"href":"https:\/\/kiemmi.com\/sv\/wp-json\/wp\/v2\/types\/product"}],"version-history":[{"count":0,"href":"https:\/\/kiemmi.com\/sv\/wp-json\/wp\/v2\/product\/5871\/revisions"}],"wp:featuredmedia":[{"embeddable":true,"href":"https:\/\/kiemmi.com\/sv\/wp-json\/wp\/v2\/media\/5883"}],"wp:attachment":[{"href":"https:\/\/kiemmi.com\/sv\/wp-json\/wp\/v2\/media?parent=5871"}],"wp:term":[{"taxonomy":"product_brand","embeddable":true,"href":"https:\/\/kiemmi.com\/sv\/wp-json\/wp\/v2\/product_brand?post=5871"},{"taxonomy":"product_cat","embeddable":true,"href":"https:\/\/kiemmi.com\/sv\/wp-json\/wp\/v2\/product_cat?post=5871"},{"taxonomy":"product_tag","embeddable":true,"href":"https:\/\/kiemmi.com\/sv\/wp-json\/wp\/v2\/product_tag?post=5871"}],"curies":[{"name":"wp","href":"https:\/\/api.w.org\/{rel}","templated":true}]}}