{"id":5851,"date":"2023-06-03T11:48:39","date_gmt":"2023-06-03T11:48:39","guid":{"rendered":"https:\/\/kiemmi.com\/?post_type=product&#038;p=5851"},"modified":"2025-12-09T11:26:37","modified_gmt":"2025-12-09T11:26:37","slug":"3d-spargris-i-bokstaver","status":"publish","type":"product","link":"https:\/\/kiemmi.com\/sv\/shop\/regalos-originales\/hucha-3d-en-letra\/","title":{"rendered":"3D-bokstavsspargris"},"content":{"rendered":"<p>3D-bokstavsformad spargris, skapad med den mest avancerade 3D-utskriftstekniken. Denna otroliga anpassningsbara spargris \u00e4r den perfekta presenten som kommer att inspirera barns fantasi.<\/p>\n<p>V\u00e5ra 3D-bokstavsformade spargrisar \u00e4r unika och kan anpassas med varje barns namn. T\u00e4nk dig gl\u00e4djen i deras ansikten n\u00e4r de f\u00e5r en spargris med sin initial och namn. Det \u00e4r en speciell touch som f\u00e5r dem att k\u00e4nna sig unika och \u00e4lskade.<\/p>\n<p>Spargrisens framsida \u00e4r gjord av transparent material, vilket g\u00f6r att de sm\u00e5 kan se hur deras besparingar v\u00e4xer. Det \u00e4r en fascinerande och l\u00e4rorik visuell upplevelse som l\u00e4r dem vikten av att hantera sina pengar klokt.<\/p>\n<p>V\u00e5ra 3D-sparb\u00f6ssor \u00e4r inte bara praktiska, de \u00e4r ocks\u00e5 ett charmigt dekorativt element i alla barnrum. Deras moderna, i\u00f6gonfallande design ger inredningen en touch av gl\u00e4dje och stil.<\/p>\n<p>F\u00f6rutom att vara en originell present \u00e4r v\u00e5ra 3D-bokstavsformade spargrisar ett roligt s\u00e4tt f\u00f6r barn att l\u00e4ra sig om sparande och ekonomi. De kommer att l\u00e4ra dem v\u00e4rdefulla f\u00e4rdigheter som kommer att vara till nytta f\u00f6r dem hela livet.<\/p>\n<p>Kort sagt, v\u00e5ra mest sp\u00e4nnande och anpassningsbara 3D-bokstavsformade spargrisar \u00e4r den perfekta presenten till barn, och inspirerar dem att spara och hantera sina pengar medan de njuter av sin egen unika spargris. Ta vara p\u00e5 denna m\u00f6jlighet och \u00f6verraska de sm\u00e5 med en of\u00f6rgl\u00f6mlig present!<\/p>\n<p><strong>M\u00e5tt:<\/strong><\/p>\n<ul>\n<li><strong>Bred:<\/strong> Det beror p\u00e5 bokstaven<\/li>\n<li><strong>H\u00f6g:<\/strong> 15,5 cm<\/li>\n<li><strong>Tjocklek:<\/strong> 4 cm<\/li>\n<\/ul>","protected":false},"excerpt":{"rendered":"<p>Anpassningsbar 3D-bokstavsformad spargris, tillverkad med 3D-utskrift. Dess transparenta frontdesign l\u00e5ter dig se den fyllas med mynt, vilket g\u00f6r sparandet till en sp\u00e4nnande upplevelse. Det \u00e4r den perfekta och originella presenten f\u00f6r barn som uppmuntrar dem att l\u00e4ra sig om ekonomisk f\u00f6rvaltning.<\/p>","protected":false},"featured_media":5856,"template":"","meta":{"_seopress_robots_primary_cat":"49","_seopress_titles_title":"","_seopress_titles_desc":"","_seopress_robots_index":"","site-sidebar-layout":"default","site-content-layout":"","ast-site-content-layout":"default","site-content-style":"default","site-sidebar-style":"default","ast-global-header-display":"","ast-banner-title-visibility":"","ast-main-header-display":"","ast-hfb-above-header-display":"","ast-hfb-below-header-display":"","ast-hfb-mobile-header-display":"","site-post-title":"","ast-breadcrumbs-content":"","ast-featured-img":"","footer-sml-layout":"","ast-disable-related-posts":"","theme-transparent-header-meta":"","adv-header-id-meta":"","stick-header-meta":"","header-above-stick-meta":"","header-main-stick-meta":"","header-below-stick-meta":"","astra-migrate-meta-layouts":"default","ast-page-background-enabled":"default","ast-page-background-meta":{"desktop":{"background-color":"","background-image":"","background-repeat":"repeat","background-position":"center center","background-size":"auto","background-attachment":"scroll","background-type":"","background-media":"","overlay-type":"","overlay-color":"","overlay-opacity":"","overlay-gradient":""},"tablet":{"background-color":"","background-image":"","background-repeat":"repeat","background-position":"center center","background-size":"auto","background-attachment":"scroll","background-type":"","background-media":"","overlay-type":"","overlay-color":"","overlay-opacity":"","overlay-gradient":""},"mobile":{"background-color":"","background-image":"","background-repeat":"repeat","background-position":"center center","background-size":"auto","background-attachment":"scroll","background-type":"","background-media":"","overlay-type":"","overlay-color":"","overlay-opacity":"","overlay-gradient":""}},"ast-content-background-meta":{"desktop":{"background-color":"var(--ast-global-color-5)","background-image":"","background-repeat":"repeat","background-position":"center center","background-size":"auto","background-attachment":"scroll","background-type":"","background-media":"","overlay-type":"","overlay-color":"","overlay-opacity":"","overlay-gradient":""},"tablet":{"background-color":"var(--ast-global-color-5)","background-image":"","background-repeat":"repeat","background-position":"center center","background-size":"auto","background-attachment":"scroll","background-type":"","background-media":"","overlay-type":"","overlay-color":"","overlay-opacity":"","overlay-gradient":""},"mobile":{"background-color":"var(--ast-global-color-5)","background-image":"","background-repeat":"repeat","background-position":"center center","background-size":"auto","background-attachment":"scroll","background-type":"","background-media":"","overlay-type":"","overlay-color":"","overlay-opacity":"","overlay-gradient":""}}},"product_brand":[],"product_cat":[52,49],"product_tag":[],"class_list":{"0":"post-5851","1":"product","2":"type-product","3":"status-publish","4":"has-post-thumbnail","6":"product_cat-habitacion-de-bebe","7":"product_cat-regalos-originales","8":"desktop-align-center","9":"tablet-align-left","10":"mobile-align-center","11":"ast-product-gallery-layout-horizontal","12":"ast-magnify-disabled","13":"ast-product-tabs-layout-horizontal","14":"tm-has-options","16":"first","17":"instock","18":"taxable","19":"shipping-taxable","20":"purchasable","21":"product-type-simple"},"_links":{"self":[{"href":"https:\/\/kiemmi.com\/sv\/wp-json\/wp\/v2\/product\/5851","targetHints":{"allow":["GET"]}}],"collection":[{"href":"https:\/\/kiemmi.com\/sv\/wp-json\/wp\/v2\/product"}],"about":[{"href":"https:\/\/kiemmi.com\/sv\/wp-json\/wp\/v2\/types\/product"}],"version-history":[{"count":0,"href":"https:\/\/kiemmi.com\/sv\/wp-json\/wp\/v2\/product\/5851\/revisions"}],"wp:featuredmedia":[{"embeddable":true,"href":"https:\/\/kiemmi.com\/sv\/wp-json\/wp\/v2\/media\/5856"}],"wp:attachment":[{"href":"https:\/\/kiemmi.com\/sv\/wp-json\/wp\/v2\/media?parent=5851"}],"wp:term":[{"taxonomy":"product_brand","embeddable":true,"href":"https:\/\/kiemmi.com\/sv\/wp-json\/wp\/v2\/product_brand?post=5851"},{"taxonomy":"product_cat","embeddable":true,"href":"https:\/\/kiemmi.com\/sv\/wp-json\/wp\/v2\/product_cat?post=5851"},{"taxonomy":"product_tag","embeddable":true,"href":"https:\/\/kiemmi.com\/sv\/wp-json\/wp\/v2\/product_tag?post=5851"}],"curies":[{"name":"wp","href":"https:\/\/api.w.org\/{rel}","templated":true}]}}