{"id":5650,"date":"2023-05-16T20:41:58","date_gmt":"2023-05-16T20:41:58","guid":{"rendered":"https:\/\/kiemmi.com\/?post_type=product&#038;p=5650"},"modified":"2026-02-15T12:42:37","modified_gmt":"2026-02-15T12:42:37","slug":"anpassningsbar-smyckeskrin-i-tra","status":"publish","type":"product","link":"https:\/\/kiemmi.com\/sv\/shop\/cajas-de-madera-personalizadas\/joyero-de-madera-personalizable\/","title":{"rendered":"Personlig hj\u00e4rtformad smyckeskrin tillverkad av massivt furutr\u00e4"},"content":{"rendered":"<p>Uppt\u00e4ck v\u00e4rmen och elegansen hos naturligt tr\u00e4 med detta exklusiva hj\u00e4rtformade smyckesskrin, handgjort av massivt furutr\u00e4 och utformat f\u00f6r att bevara dina mest speciella smycken och minnen.<\/p>\n<p>Varje smycke tillverkas noggrant p\u00e5 best\u00e4llning i v\u00e5r verkstad, och kombinerar h\u00f6gprecisions lasersk\u00e4rning och gravyrtekniker med en handgjord finish som framh\u00e4ver tr\u00e4ets autentiska sk\u00f6nhet. Furutr\u00e4ets naturliga \u00e5dring g\u00f6r varje smyckeskrin unikt, ett unikt smycke fullt av karakt\u00e4r.<\/p>\n<p>Dess hj\u00e4rtformade design symboliserar tillgivenhet och viktiga \u00f6gonblick, vilket g\u00f6r den till en idealisk present till \u00e5rsdagar, f\u00f6delsedagar, br\u00f6llop eller andra speciella tillf\u00e4llen. Dessutom kan locket anpassas med ett namn eller meddelande efter eget val, vilket skapar ett best\u00e5ende och meningsfullt minne.<\/p>\n<p>Det integrerade magnetiska st\u00e4ngningssystemet, best\u00e5ende av tre dolda neodymmagneter, h\u00e5ller locket perfekt justerat och s\u00e4kerst\u00e4ller en fast och elegant st\u00e4ngning utan behov av synliga g\u00e5ngj\u00e4rn, vilket ger en ren och modern design.<\/p>\n<p>Du kan v\u00e4lja mellan att inkludera en spegel inuti eller att beh\u00e5lla finishen helt i naturligt tr\u00e4, och anpassa den till din personliga stil.<\/p>\n<p>Mer \u00e4n bara ett smyckeskrin, det \u00e4r ett dekorativt f\u00f6rem\u00e5l utformat f\u00f6r att f\u00f6lja dig i \u00e5ratal och inneh\u00e5lla det som verkligen betyder n\u00e5got.<\/p>\n<p>\u2728 Funktioner:<\/p>\n<ul>\n<li>Tillverkad av massivt naturligt furutr\u00e4<\/li>\n<li>Elegant hj\u00e4rtformad design<\/li>\n<li>Dold magnetisk st\u00e4ngning med 3 neodymmagneter<\/li>\n<li>H\u00f6gprecisionslasergravering<\/li>\n<li>Valfri personalisering med namn eller meddelande<\/li>\n<li>Alternativ med innerspegel eller naturlig finish<\/li>\n<li>Handgjord p\u00e5 best\u00e4llning<\/li>\n<\/ul>\n<p>\ud83d\udcd0 M\u00e5tt:<\/p>\n<ul>\n<li>Bredd: 11,5 cm<\/li>\n<li>H\u00f6jd: 10 cm<\/li>\n<li>Tjocklek: 2,4 cm<\/li>\n<\/ul>\n<p>\ud83d\udce6 Ytterligare information:<\/p>\n<p>Varje smyckesask tillverkas individuellt efter att best\u00e4llningen har lagts, vilket garanterar ett unikt smycke.<br \/>\nSmyckena som visas p\u00e5 bilderna ing\u00e5r ej.<\/p>","protected":false},"excerpt":{"rendered":"<p>Elegant hj\u00e4rtformad smyckesask handgjord av massiv furu. Personifiera den med ett namn eller meddelande, och den har en dold magnetisk st\u00e4ngning med neodymmagneter. En unik och meningsfull present f\u00f6r speciella tillf\u00e4llen.<\/p>","protected":false},"featured_media":52863,"template":"","meta":{"_seopress_robots_primary_cat":"38","_seopress_titles_title":"Joyero coraz\u00f3n personalizado de madera maciza de pino con cierre magn\u00e9tico","_seopress_titles_desc":"Joyero en forma de coraz\u00f3n fabricado en madera maciza de pino, personalizado y hecho a mano. Con cierre magn\u00e9tico oculto y dise\u00f1o elegante, ideal como regalo especial o recuerdo \u00fanico.","_seopress_robots_index":"","site-sidebar-layout":"default","site-content-layout":"","ast-site-content-layout":"default","site-content-style":"default","site-sidebar-style":"default","ast-global-header-display":"","ast-banner-title-visibility":"","ast-main-header-display":"","ast-hfb-above-header-display":"","ast-hfb-below-header-display":"","ast-hfb-mobile-header-display":"","site-post-title":"","ast-breadcrumbs-content":"","ast-featured-img":"","footer-sml-layout":"","ast-disable-related-posts":"","theme-transparent-header-meta":"default","adv-header-id-meta":"","stick-header-meta":"default","header-above-stick-meta":"","header-main-stick-meta":"","header-below-stick-meta":"","astra-migrate-meta-layouts":"set","ast-page-background-enabled":"default","ast-page-background-meta":{"desktop":{"background-color":"","background-image":"","background-repeat":"repeat","background-position":"center center","background-size":"auto","background-attachment":"scroll","background-type":"","background-media":"","overlay-type":"","overlay-color":"","overlay-opacity":"","overlay-gradient":""},"tablet":{"background-color":"","background-image":"","background-repeat":"repeat","background-position":"center center","background-size":"auto","background-attachment":"scroll","background-type":"","background-media":"","overlay-type":"","overlay-color":"","overlay-opacity":"","overlay-gradient":""},"mobile":{"background-color":"","background-image":"","background-repeat":"repeat","background-position":"center center","background-size":"auto","background-attachment":"scroll","background-type":"","background-media":"","overlay-type":"","overlay-color":"","overlay-opacity":"","overlay-gradient":""}},"ast-content-background-meta":{"desktop":{"background-color":"var(--ast-global-color-5)","background-image":"","background-repeat":"repeat","background-position":"center center","background-size":"auto","background-attachment":"scroll","background-type":"","background-media":"","overlay-type":"","overlay-color":"","overlay-opacity":"","overlay-gradient":""},"tablet":{"background-color":"var(--ast-global-color-5)","background-image":"","background-repeat":"repeat","background-position":"center center","background-size":"auto","background-attachment":"scroll","background-type":"","background-media":"","overlay-type":"","overlay-color":"","overlay-opacity":"","overlay-gradient":""},"mobile":{"background-color":"var(--ast-global-color-5)","background-image":"","background-repeat":"repeat","background-position":"center center","background-size":"auto","background-attachment":"scroll","background-type":"","background-media":"","overlay-type":"","overlay-color":"","overlay-opacity":"","overlay-gradient":""}}},"product_brand":[],"product_cat":[38,49],"product_tag":[],"class_list":{"0":"post-5650","1":"product","2":"type-product","3":"status-publish","4":"has-post-thumbnail","6":"product_cat-cajas-de-madera-personalizadas","7":"product_cat-regalos-originales","8":"desktop-align-center","9":"tablet-align-left","10":"mobile-align-center","11":"ast-product-gallery-layout-horizontal","12":"ast-magnify-disabled","13":"ast-product-tabs-layout-horizontal","14":"tm-has-options","16":"first","17":"instock","18":"taxable","19":"shipping-taxable","20":"purchasable","21":"product-type-simple"},"_links":{"self":[{"href":"https:\/\/kiemmi.com\/sv\/wp-json\/wp\/v2\/product\/5650","targetHints":{"allow":["GET"]}}],"collection":[{"href":"https:\/\/kiemmi.com\/sv\/wp-json\/wp\/v2\/product"}],"about":[{"href":"https:\/\/kiemmi.com\/sv\/wp-json\/wp\/v2\/types\/product"}],"version-history":[{"count":0,"href":"https:\/\/kiemmi.com\/sv\/wp-json\/wp\/v2\/product\/5650\/revisions"}],"wp:featuredmedia":[{"embeddable":true,"href":"https:\/\/kiemmi.com\/sv\/wp-json\/wp\/v2\/media\/52863"}],"wp:attachment":[{"href":"https:\/\/kiemmi.com\/sv\/wp-json\/wp\/v2\/media?parent=5650"}],"wp:term":[{"taxonomy":"product_brand","embeddable":true,"href":"https:\/\/kiemmi.com\/sv\/wp-json\/wp\/v2\/product_brand?post=5650"},{"taxonomy":"product_cat","embeddable":true,"href":"https:\/\/kiemmi.com\/sv\/wp-json\/wp\/v2\/product_cat?post=5650"},{"taxonomy":"product_tag","embeddable":true,"href":"https:\/\/kiemmi.com\/sv\/wp-json\/wp\/v2\/product_tag?post=5650"}],"curies":[{"name":"wp","href":"https:\/\/api.w.org\/{rel}","templated":true}]}}