{"id":5634,"date":"2023-05-13T09:47:46","date_gmt":"2023-05-13T09:47:46","guid":{"rendered":"https:\/\/kiemmi.com\/?post_type=product&#038;p=5634"},"modified":"2025-09-12T11:14:14","modified_gmt":"2025-09-12T11:14:14","slug":"personlig-handgjord-presentask-i-tra","status":"publish","type":"product","link":"https:\/\/kiemmi.com\/sv\/shop\/cajas-de-madera-personalizadas\/cofre-de-madera-personalizada-para-regalos-hecha-a-mano\/","title":{"rendered":"Personlig handgjord presentask i tr\u00e4"},"content":{"rendered":"<p>Laserskuren och graverad tr\u00e4kista med ett anpassningsbart lock. Denna kista \u00e4r den perfekta platsen att f\u00f6rvara dina mest v\u00e4rdefulla smycken eller att ge bort som present till n\u00e5gon speciell.<\/p>\n<p>Det som g\u00f6r den h\u00e4r byr\u00e5n speciell \u00e4r att den \u00e4r handgjord med h\u00f6gsta kvalitet och noggrannhet. Vi anv\u00e4nder tr\u00e4 fr\u00e5n h\u00e5llbara europeiska skogar, vilket s\u00e4kerst\u00e4ller att varje byr\u00e5 \u00e4r unik och ber\u00e4ttar sin egen historia. Vi har ocks\u00e5 anv\u00e4nt milj\u00f6v\u00e4nliga lacker, vilket inte bara skyddar ytan och g\u00f6r den h\u00e5llbar, utan ocks\u00e5 hj\u00e4lper till att skydda v\u00e5r planet.<\/p>\n<p>Varje kista tillverkas p\u00e5 best\u00e4llning, vilket inneb\u00e4r att vi inte har n\u00e5got lager. Detta s\u00e4kerst\u00e4ller att varje kista tillverkas med omsorg och individuell uppm\u00e4rksamhet. Lasergraveringen p\u00e5 det anpassningsbara locket \u00e4r en speciell detalj som ger kistans personliga och unika pr\u00e4gel.<\/p>\n<p>Om du letar efter en present till n\u00e5gon speciell eller bara vill f\u00f6rvara dina smycken p\u00e5 en speciell plats, \u00e4r denna handgjorda tr\u00e4kista det perfekta valet. Vi \u00e4r s\u00e4kra p\u00e5 att du kommer att \u00e4lska kvaliteten och detaljerna i varje kista vi tillverkar. Tveka inte att l\u00e4gga din best\u00e4llning idag och upplev h\u00f6gkvalitativt hantverk i ditt hem!<\/p>\n<p><strong>Egenskaper:<\/strong><\/p>\n<ul>\n<li>Material: Naturtr\u00e4 lackerat med ekologiska produkter<\/li>\n<li>M\u00e5tt: 10 cm bred x 8,6 cm l\u00e5ng x 6,8 cm h\u00f6g<\/li>\n<\/ul>","protected":false},"excerpt":{"rendered":"<p>Vi presenterar v\u00e5r handgjorda tr\u00e4kista med lasersk\u00e4rning och gravyr, med ett anpassningsbart lock. Perfekt f\u00f6r f\u00f6rvaring av smycken eller som present till n\u00e5gon speciell. Vi anv\u00e4nder tr\u00e4 fr\u00e5n h\u00e5llbara europeiska skogar och milj\u00f6v\u00e4nlig lack f\u00f6r att skydda ytan. Varje kista \u00e4r specialtillverkad, vilket garanterar personlig uppm\u00e4rksamhet och exceptionell kvalitet. L\u00e4gg din best\u00e4llning idag och upplev h\u00f6gkvalitativt hantverk i ditt eget hem.<\/p>","protected":false},"featured_media":6249,"template":"","meta":{"_seopress_robots_primary_cat":"38","_seopress_titles_title":"%%title%% %%page%%","_seopress_titles_desc":"","_seopress_robots_index":"","site-sidebar-layout":"default","site-content-layout":"","ast-site-content-layout":"default","site-content-style":"default","site-sidebar-style":"default","ast-global-header-display":"","ast-banner-title-visibility":"","ast-main-header-display":"","ast-hfb-above-header-display":"","ast-hfb-below-header-display":"","ast-hfb-mobile-header-display":"","site-post-title":"","ast-breadcrumbs-content":"","ast-featured-img":"","footer-sml-layout":"","ast-disable-related-posts":"","theme-transparent-header-meta":"default","adv-header-id-meta":"","stick-header-meta":"default","header-above-stick-meta":"","header-main-stick-meta":"","header-below-stick-meta":"","astra-migrate-meta-layouts":"set","ast-page-background-enabled":"default","ast-page-background-meta":{"desktop":{"background-color":"","background-image":"","background-repeat":"repeat","background-position":"center center","background-size":"auto","background-attachment":"scroll","background-type":"","background-media":"","overlay-type":"","overlay-color":"","overlay-opacity":"","overlay-gradient":""},"tablet":{"background-color":"","background-image":"","background-repeat":"repeat","background-position":"center center","background-size":"auto","background-attachment":"scroll","background-type":"","background-media":"","overlay-type":"","overlay-color":"","overlay-opacity":"","overlay-gradient":""},"mobile":{"background-color":"","background-image":"","background-repeat":"repeat","background-position":"center center","background-size":"auto","background-attachment":"scroll","background-type":"","background-media":"","overlay-type":"","overlay-color":"","overlay-opacity":"","overlay-gradient":""}},"ast-content-background-meta":{"desktop":{"background-color":"var(--ast-global-color-5)","background-image":"","background-repeat":"repeat","background-position":"center center","background-size":"auto","background-attachment":"scroll","background-type":"","background-media":"","overlay-type":"","overlay-color":"","overlay-opacity":"","overlay-gradient":""},"tablet":{"background-color":"var(--ast-global-color-5)","background-image":"","background-repeat":"repeat","background-position":"center center","background-size":"auto","background-attachment":"scroll","background-type":"","background-media":"","overlay-type":"","overlay-color":"","overlay-opacity":"","overlay-gradient":""},"mobile":{"background-color":"var(--ast-global-color-5)","background-image":"","background-repeat":"repeat","background-position":"center center","background-size":"auto","background-attachment":"scroll","background-type":"","background-media":"","overlay-type":"","overlay-color":"","overlay-opacity":"","overlay-gradient":""}}},"product_brand":[],"product_cat":[38],"product_tag":[],"class_list":{"0":"post-5634","1":"product","2":"type-product","3":"status-publish","4":"has-post-thumbnail","6":"product_cat-cajas-de-madera-personalizadas","7":"desktop-align-center","8":"tablet-align-left","9":"mobile-align-center","10":"ast-product-gallery-layout-horizontal","11":"ast-magnify-disabled","12":"ast-product-tabs-layout-horizontal","13":"tm-has-options","15":"first","16":"instock","17":"taxable","18":"shipping-taxable","19":"purchasable","20":"product-type-simple"},"_links":{"self":[{"href":"https:\/\/kiemmi.com\/sv\/wp-json\/wp\/v2\/product\/5634","targetHints":{"allow":["GET"]}}],"collection":[{"href":"https:\/\/kiemmi.com\/sv\/wp-json\/wp\/v2\/product"}],"about":[{"href":"https:\/\/kiemmi.com\/sv\/wp-json\/wp\/v2\/types\/product"}],"version-history":[{"count":0,"href":"https:\/\/kiemmi.com\/sv\/wp-json\/wp\/v2\/product\/5634\/revisions"}],"wp:featuredmedia":[{"embeddable":true,"href":"https:\/\/kiemmi.com\/sv\/wp-json\/wp\/v2\/media\/6249"}],"wp:attachment":[{"href":"https:\/\/kiemmi.com\/sv\/wp-json\/wp\/v2\/media?parent=5634"}],"wp:term":[{"taxonomy":"product_brand","embeddable":true,"href":"https:\/\/kiemmi.com\/sv\/wp-json\/wp\/v2\/product_brand?post=5634"},{"taxonomy":"product_cat","embeddable":true,"href":"https:\/\/kiemmi.com\/sv\/wp-json\/wp\/v2\/product_cat?post=5634"},{"taxonomy":"product_tag","embeddable":true,"href":"https:\/\/kiemmi.com\/sv\/wp-json\/wp\/v2\/product_tag?post=5634"}],"curies":[{"name":"wp","href":"https:\/\/api.w.org\/{rel}","templated":true}]}}