{"id":5484,"date":"2023-05-08T08:02:04","date_gmt":"2023-05-08T08:02:04","guid":{"rendered":"https:\/\/kiemmi.com\/?post_type=product&#038;p=5484"},"modified":"2025-09-12T11:15:21","modified_gmt":"2025-09-12T11:15:21","slug":"personlig-handgjord-presentask-i-tra-2","status":"publish","type":"product","link":"https:\/\/kiemmi.com\/sv\/shop\/cajas-de-madera-personalizadas\/caja-de-madera-personalizada-para-regalos-hecha-a-mano\/","title":{"rendered":"Personlig handgjord presentask i tr\u00e4"},"content":{"rendered":"<p>V\u00e5r handgjorda tr\u00e4l\u00e5da \u00e4r en sann hantverksskatt. Varje l\u00e5da \u00e4r laserskuren och graverad f\u00f6r att garantera perfekt passform och specialdesign. L\u00e5dans topplock kan anpassas med valfri text, vilket g\u00f6r den till en verkligt speciell present till v\u00e4nner, familj eller till och med dig sj\u00e4lv.<\/p>\n<p>L\u00e5dan \u00e4r tillverkad av tr\u00e4 fr\u00e5n h\u00e5llbara europeiska skogar och lackerad med milj\u00f6v\u00e4nliga produkter f\u00f6r att skydda ytan och s\u00e4kerst\u00e4lla l\u00e5ngvarig h\u00e5llbarhet. Du kan ocks\u00e5 v\u00e4lja att f\u00e5 baksidan av l\u00e5dan kl\u00e4dd med svart eller r\u00f6d sammet f\u00f6r ett \u00e4nnu mer elegant utseende.<\/p>\n<p>Vi lagerf\u00f6r ingenting; varje l\u00e5da tillverkas f\u00f6r hand p\u00e5 best\u00e4llning. Detta g\u00f6r att vi kan l\u00e4gga ner den tid och uppm\u00e4rksamhet som kr\u00e4vs f\u00f6r att s\u00e4kerst\u00e4lla att varje l\u00e5da har en otrolig, h\u00f6gkvalitativ finish. Noggrannhet \u00e4r en av v\u00e5ra h\u00f6gsta prioriteringar, och vi ser till att varje l\u00e5da vi skickar \u00e4r ett unikt, personligt konstverk.<\/p>\n<p>Kort sagt, v\u00e5r handgjorda tr\u00e4l\u00e5da \u00e4r en originell och personlig present som du inte hittar n\u00e5gon annanstans. Med h\u00e5llbara material och o\u00f6vertr\u00e4ffad omsorg om detaljer \u00e4r denna l\u00e5da verkligen unik och kommer att uppskattas av alla som f\u00e5r den.<\/p>\n<p><strong>Egenskaper:<\/strong><\/p>\n<ul>\n<li>Material: Naturtr\u00e4 betsat i valn\u00f6tsf\u00e4rg och lackerat med ekologiska produkter<\/li>\n<li>M\u00e5tt: 15 cm bred x 8 cm l\u00e5ng x 3,4 cm h\u00f6g<\/li>\n<\/ul>","protected":false},"excerpt":{"rendered":"<p>V\u00e5r handgjorda tr\u00e4l\u00e5da \u00e4r ett personligt konstverk. Laserskuren och graverad, och locket kan anpassas med valfri text eller namnet p\u00e5 den person du vill ge bort den till. Varje l\u00e5da \u00e4r tillverkad av tr\u00e4 fr\u00e5n h\u00e5llbara europeiska skogar och lackerad med milj\u00f6v\u00e4nliga produkter f\u00f6r att skydda ytan. Varje l\u00e5da \u00e4r handgjord p\u00e5 best\u00e4llning f\u00f6r att garantera en fantastisk finish av h\u00f6g kvalitet. Dessutom kan l\u00e5dans botten behandlas med svart eller r\u00f6d sammet f\u00f6r ett \u00e4nnu mer elegant utseende. Det \u00e4r den perfekta och originella presenten f\u00f6r alla tillf\u00e4llen.<\/p>","protected":false},"featured_media":5486,"template":"","meta":{"_seopress_robots_primary_cat":"38","_seopress_titles_title":"%%title%% %%page%%","_seopress_titles_desc":"","_seopress_robots_index":"","site-sidebar-layout":"default","site-content-layout":"","ast-site-content-layout":"default","site-content-style":"default","site-sidebar-style":"default","ast-global-header-display":"","ast-banner-title-visibility":"","ast-main-header-display":"","ast-hfb-above-header-display":"","ast-hfb-below-header-display":"","ast-hfb-mobile-header-display":"","site-post-title":"","ast-breadcrumbs-content":"","ast-featured-img":"","footer-sml-layout":"","ast-disable-related-posts":"","theme-transparent-header-meta":"default","adv-header-id-meta":"","stick-header-meta":"default","header-above-stick-meta":"","header-main-stick-meta":"","header-below-stick-meta":"","astra-migrate-meta-layouts":"set","ast-page-background-enabled":"default","ast-page-background-meta":{"desktop":{"background-color":"","background-image":"","background-repeat":"repeat","background-position":"center center","background-size":"auto","background-attachment":"scroll","background-type":"","background-media":"","overlay-type":"","overlay-color":"","overlay-opacity":"","overlay-gradient":""},"tablet":{"background-color":"","background-image":"","background-repeat":"repeat","background-position":"center center","background-size":"auto","background-attachment":"scroll","background-type":"","background-media":"","overlay-type":"","overlay-color":"","overlay-opacity":"","overlay-gradient":""},"mobile":{"background-color":"","background-image":"","background-repeat":"repeat","background-position":"center center","background-size":"auto","background-attachment":"scroll","background-type":"","background-media":"","overlay-type":"","overlay-color":"","overlay-opacity":"","overlay-gradient":""}},"ast-content-background-meta":{"desktop":{"background-color":"var(--ast-global-color-5)","background-image":"","background-repeat":"repeat","background-position":"center center","background-size":"auto","background-attachment":"scroll","background-type":"","background-media":"","overlay-type":"","overlay-color":"","overlay-opacity":"","overlay-gradient":""},"tablet":{"background-color":"var(--ast-global-color-5)","background-image":"","background-repeat":"repeat","background-position":"center center","background-size":"auto","background-attachment":"scroll","background-type":"","background-media":"","overlay-type":"","overlay-color":"","overlay-opacity":"","overlay-gradient":""},"mobile":{"background-color":"var(--ast-global-color-5)","background-image":"","background-repeat":"repeat","background-position":"center center","background-size":"auto","background-attachment":"scroll","background-type":"","background-media":"","overlay-type":"","overlay-color":"","overlay-opacity":"","overlay-gradient":""}}},"product_brand":[],"product_cat":[38],"product_tag":[],"class_list":{"0":"post-5484","1":"product","2":"type-product","3":"status-publish","4":"has-post-thumbnail","6":"product_cat-cajas-de-madera-personalizadas","7":"desktop-align-center","8":"tablet-align-left","9":"mobile-align-center","10":"ast-product-gallery-layout-horizontal","11":"ast-magnify-disabled","12":"ast-product-tabs-layout-horizontal","13":"tm-has-options","15":"first","16":"instock","17":"taxable","18":"shipping-taxable","19":"purchasable","20":"product-type-simple"},"_links":{"self":[{"href":"https:\/\/kiemmi.com\/sv\/wp-json\/wp\/v2\/product\/5484","targetHints":{"allow":["GET"]}}],"collection":[{"href":"https:\/\/kiemmi.com\/sv\/wp-json\/wp\/v2\/product"}],"about":[{"href":"https:\/\/kiemmi.com\/sv\/wp-json\/wp\/v2\/types\/product"}],"version-history":[{"count":0,"href":"https:\/\/kiemmi.com\/sv\/wp-json\/wp\/v2\/product\/5484\/revisions"}],"wp:featuredmedia":[{"embeddable":true,"href":"https:\/\/kiemmi.com\/sv\/wp-json\/wp\/v2\/media\/5486"}],"wp:attachment":[{"href":"https:\/\/kiemmi.com\/sv\/wp-json\/wp\/v2\/media?parent=5484"}],"wp:term":[{"taxonomy":"product_brand","embeddable":true,"href":"https:\/\/kiemmi.com\/sv\/wp-json\/wp\/v2\/product_brand?post=5484"},{"taxonomy":"product_cat","embeddable":true,"href":"https:\/\/kiemmi.com\/sv\/wp-json\/wp\/v2\/product_cat?post=5484"},{"taxonomy":"product_tag","embeddable":true,"href":"https:\/\/kiemmi.com\/sv\/wp-json\/wp\/v2\/product_tag?post=5484"}],"curies":[{"name":"wp","href":"https:\/\/api.w.org\/{rel}","templated":true}]}}