{"id":5323,"date":"2023-10-10T09:09:35","date_gmt":"2023-10-10T09:09:35","guid":{"rendered":"https:\/\/kiemmi.com\/?post_type=product&#038;p=5323"},"modified":"2025-09-12T06:18:36","modified_gmt":"2025-09-12T06:18:36","slug":"kattformad-stor-ej-dorrskylt","status":"publish","type":"product","link":"https:\/\/kiemmi.com\/sv\/shop\/decoracion-del-hogar\/letrero-colgante-para-puerta\/cartel-no-molestar-para-puerta-en-forma-de-gato\/","title":{"rendered":"Skylt f\u00f6r kattluckan &quot;St\u00f6r ej&quot;"},"content":{"rendered":"<p>Letar du efter ett unikt s\u00e4tt att inreda ditt hem eller ge bort en speciell present? V\u00e5r kattformade d\u00f6rrskylt \u00e4r det perfekta valet. Varje skylt \u00e4r handgjord av naturligt tr\u00e4 och lasergraverad f\u00f6r att s\u00e4kerst\u00e4lla en exakt finish.<\/p>\n<p><strong>Utvalda funktioner:<\/strong><\/p>\n<ul>\n<li>Personalisering med din egen text.<\/li>\n<li>Perfekt f\u00f6r att inreda barnrum och alla utrymmen.<\/li>\n<li>Skapa en varm och mysig atmosf\u00e4r.<\/li>\n<li>Perfekt f\u00f6r katt\u00e4lskare.<\/li>\n<li>Tr\u00e4skyddat med vattenbaserad lack f\u00f6r \u00f6kad h\u00e5llbarhet.<\/li>\n<\/ul>\n<p>Ge ditt hem en touch av charm och personlighet med v\u00e5r kattluckskylt. Oavsett om du v\u00e4lkomnar en ny familjemedlem eller visar din k\u00e4rlek till kattdjur, \u00e4r den h\u00e4r skylten det perfekta valet.<\/p>\n<p>Var och en av v\u00e5ra skyltar \u00e4r tillverkade med k\u00e4rlek och omsorg, vilket garanterar att du f\u00e5r en l\u00e5ngvarig dekoration. Den vattenbaserade lacken skyddar det naturliga tr\u00e4et och s\u00e4kerst\u00e4ller att skylten kommer att vara en p\u00e4rla i ditt hem under l\u00e5ng tid.<\/p>\n<p>Anpassa din poster med valfri text, s\u00e5 blir den helt din egen. Det \u00e4r ocks\u00e5 en omt\u00e4nksam present till dig som \u00e4lskar katter och deras oemotst\u00e5ndliga charm.<\/p>\n<p>V\u00e4nta inte l\u00e4ngre med att ge ditt utrymme en magisk touch. Skaffa v\u00e5r personliga kattluckskylt idag och skapa en charmig atmosf\u00e4r som alla kommer att \u00e4lska.<\/p>\n<p>L\u00e4gg till denna charmiga poster i din varukorg nu och f\u00e5 in katternas sk\u00f6nhet i ditt hem.<\/p>\n<p><b>Egenskaper<\/b><strong>:<\/strong><\/p>\n<ul>\n<li>Material: Naturtr\u00e4 (lackerat p\u00e5 b\u00e5da sidor med ekologiska produkter)<\/li>\n<li>M\u00e5tt: 7,5 cm bred x 24,4 cm h\u00f6g x 0,3 cm tjock<\/li>\n<\/ul>","protected":false},"excerpt":{"rendered":"<p>V\u00e5r kattformade d\u00f6rrskylt, handgjord av naturligt tr\u00e4 och lasergraverad, \u00e4r ett charmigt tillskott till alla hem. Produkten kan anpassas, \u00e4r perfekt f\u00f6r att inreda ett barnrum eller vilket utrymme som helst och skapar en varm atmosf\u00e4r. Den \u00e4r ocks\u00e5 perfekt f\u00f6r katt\u00e4lskare och \u00e4r skyddad med vattenbaserad lack f\u00f6r att s\u00e4kerst\u00e4lla h\u00e5llbarhet. Ge ditt hem en touch av personlighet och charm eller ge bort denna speciella skylt som present till n\u00e5gon som \u00e4lskar katter.<\/p>","protected":false},"featured_media":6732,"template":"","meta":{"_seopress_robots_primary_cat":"57","_seopress_titles_title":"%%title%% %%page%%","_seopress_titles_desc":"Cartel de puerta \"No molestar\" personalizado en forma de gato: decoraci\u00f3n \u00fanica para tu hogar o regalo especial. Hecho a mano en madera natural.","_seopress_robots_index":"","site-sidebar-layout":"default","site-content-layout":"","ast-site-content-layout":"default","site-content-style":"default","site-sidebar-style":"default","ast-global-header-display":"","ast-banner-title-visibility":"","ast-main-header-display":"","ast-hfb-above-header-display":"","ast-hfb-below-header-display":"","ast-hfb-mobile-header-display":"","site-post-title":"","ast-breadcrumbs-content":"","ast-featured-img":"","footer-sml-layout":"","ast-disable-related-posts":"","theme-transparent-header-meta":"default","adv-header-id-meta":"","stick-header-meta":"default","header-above-stick-meta":"","header-main-stick-meta":"","header-below-stick-meta":"","astra-migrate-meta-layouts":"set","ast-page-background-enabled":"default","ast-page-background-meta":{"desktop":{"background-color":"","background-image":"","background-repeat":"repeat","background-position":"center center","background-size":"auto","background-attachment":"scroll","background-type":"","background-media":"","overlay-type":"","overlay-color":"","overlay-opacity":"","overlay-gradient":""},"tablet":{"background-color":"","background-image":"","background-repeat":"repeat","background-position":"center center","background-size":"auto","background-attachment":"scroll","background-type":"","background-media":"","overlay-type":"","overlay-color":"","overlay-opacity":"","overlay-gradient":""},"mobile":{"background-color":"","background-image":"","background-repeat":"repeat","background-position":"center center","background-size":"auto","background-attachment":"scroll","background-type":"","background-media":"","overlay-type":"","overlay-color":"","overlay-opacity":"","overlay-gradient":""}},"ast-content-background-meta":{"desktop":{"background-color":"var(--ast-global-color-5)","background-image":"","background-repeat":"repeat","background-position":"center center","background-size":"auto","background-attachment":"scroll","background-type":"","background-media":"","overlay-type":"","overlay-color":"","overlay-opacity":"","overlay-gradient":""},"tablet":{"background-color":"var(--ast-global-color-5)","background-image":"","background-repeat":"repeat","background-position":"center center","background-size":"auto","background-attachment":"scroll","background-type":"","background-media":"","overlay-type":"","overlay-color":"","overlay-opacity":"","overlay-gradient":""},"mobile":{"background-color":"var(--ast-global-color-5)","background-image":"","background-repeat":"repeat","background-position":"center center","background-size":"auto","background-attachment":"scroll","background-type":"","background-media":"","overlay-type":"","overlay-color":"","overlay-opacity":"","overlay-gradient":""}}},"product_brand":[],"product_cat":[44,51,57,87],"product_tag":[],"class_list":{"0":"post-5323","1":"product","2":"type-product","3":"status-publish","4":"has-post-thumbnail","6":"product_cat-cartel-madera","7":"product_cat-decoracion-del-hogar","8":"product_cat-letrero-colgante-para-puerta","9":"product_cat-mascotas","10":"desktop-align-center","11":"tablet-align-left","12":"mobile-align-center","13":"ast-product-gallery-layout-horizontal","14":"ast-magnify-disabled","15":"ast-product-tabs-layout-horizontal","16":"tm-has-options","18":"first","19":"instock","20":"taxable","21":"shipping-taxable","22":"purchasable","23":"product-type-simple"},"_links":{"self":[{"href":"https:\/\/kiemmi.com\/sv\/wp-json\/wp\/v2\/product\/5323","targetHints":{"allow":["GET"]}}],"collection":[{"href":"https:\/\/kiemmi.com\/sv\/wp-json\/wp\/v2\/product"}],"about":[{"href":"https:\/\/kiemmi.com\/sv\/wp-json\/wp\/v2\/types\/product"}],"version-history":[{"count":0,"href":"https:\/\/kiemmi.com\/sv\/wp-json\/wp\/v2\/product\/5323\/revisions"}],"wp:featuredmedia":[{"embeddable":true,"href":"https:\/\/kiemmi.com\/sv\/wp-json\/wp\/v2\/media\/6732"}],"wp:attachment":[{"href":"https:\/\/kiemmi.com\/sv\/wp-json\/wp\/v2\/media?parent=5323"}],"wp:term":[{"taxonomy":"product_brand","embeddable":true,"href":"https:\/\/kiemmi.com\/sv\/wp-json\/wp\/v2\/product_brand?post=5323"},{"taxonomy":"product_cat","embeddable":true,"href":"https:\/\/kiemmi.com\/sv\/wp-json\/wp\/v2\/product_cat?post=5323"},{"taxonomy":"product_tag","embeddable":true,"href":"https:\/\/kiemmi.com\/sv\/wp-json\/wp\/v2\/product_tag?post=5323"}],"curies":[{"name":"wp","href":"https:\/\/api.w.org\/{rel}","templated":true}]}}