{"id":5316,"date":"2023-04-12T14:15:11","date_gmt":"2023-04-12T14:15:11","guid":{"rendered":"https:\/\/kiemmi.com\/?post_type=product&#038;p=5316"},"modified":"2025-12-09T11:26:37","modified_gmt":"2025-12-09T11:26:37","slug":"stor-ej-dorrskylt-for-spelare","status":"publish","type":"product","link":"https:\/\/kiemmi.com\/sv\/shop\/decoracion-del-hogar\/letrero-colgante-para-puerta\/cartel-no-molestar-para-puertas-para-gamers\/","title":{"rendered":"Personlig &quot;St\u00f6r ej&quot;-skylt speciellt f\u00f6r spelare"},"content":{"rendered":"<p>V\u00e4lkommen till spelarnas v\u00e4rld med v\u00e5r d\u00f6rrskylt i tr\u00e4, gjord bara f\u00f6r dig! Denna unika och anpassningsbara d\u00f6rrskylt formad som en spelkontroll \u00e4r det perfekta tillbeh\u00f6ret f\u00f6r videospels\u00e4lskare.<\/p>\n<p>Med en design inspirerad av spelkontroller ger denna d\u00f6rrskylt inte bara en stilig touch till ditt spelutrymme utan fyller ocks\u00e5 ett praktiskt syfte. N\u00e4r du h\u00e4nger skylten p\u00e5 din d\u00f6rr skickar du ett tydligt och koncist budskap: St\u00f6r inte, spelare \u00e4r f\u00f6rdjupade i sin virtuella v\u00e4rld!<\/p>\n<p>V\u00e5r d\u00f6rrskylt med spelmotiv \u00e4r noggrant handgjord med precis lasersk\u00e4rning, vilket garanterar en h\u00f6gkvalitativ finish och exceptionella detaljer. Vi anv\u00e4nder tr\u00e4 fr\u00e5n h\u00e5llbara europeiska skogar, vilket s\u00e4kerst\u00e4ller att du inte bara f\u00e5r en exceptionell produkt utan ocks\u00e5 bidrar till milj\u00f6skyddet.<\/p>\n<p>Det b\u00e4sta med v\u00e5r d\u00f6rrskylt \u00e4r att budskapet \u00e4r helt anpassningsbart. Oavsett om du vill f\u00f6rmedla &quot;Mitt i ett spel, v\u00e4nligen st\u00f6r inte&quot; eller &quot;F\u00f6rsjunken i en v\u00e4rld av videospel, jag \u00e4r snart tillbaka&quot;, kan du anpassa inneh\u00e5llet efter din stil och dina preferenser. L\u00e5t din kreativitet fl\u00f6da och visa upp din passion f\u00f6r videospel med detta unika tillbeh\u00f6r.<\/p>\n<p>Missa inte chansen att f\u00f6rvandla ditt spelrum till en riktig spelfristad med v\u00e5r d\u00f6rrskylt i tr\u00e4. Oavsett om det \u00e4r f\u00f6r ditt sovrum, arbetsrum eller spelrum \u00e4r denna skylt ett m\u00e5ste f\u00f6r alla spel- och konsol\u00e4lskare.<\/p>\n<p>Skaffa v\u00e5r d\u00f6rrskylt med spelmotiv och l\u00e5t alla veta att du \u00e4r uppslukad av videospelens sp\u00e4nnande v\u00e4rld!<\/p>\n<p><b>Egenskaper<\/b><strong>:<\/strong><\/p>\n<ul>\n<li>F\u00e4rg: R\u00f6d (f\u00f6r andra f\u00e4rger, v\u00e4nligen kontakta oss)<\/li>\n<li>Material: Naturtr\u00e4, m\u00e5lat (p\u00e5 ovansidan) och lackerat (p\u00e5 b\u00e5da sidor)<\/li>\n<li>M\u00e5tt: 11,4 cm bred x 25,4 cm h\u00f6g x 0,3 cm tjock<\/li>\n<\/ul>","protected":false},"excerpt":{"rendered":"<p>Uppt\u00e4ck v\u00e5r exklusiva tr\u00e4skylt f\u00f6r gamers i form av en spelkontroll. Anpassningsbar och handgjord med lasersk\u00e4rning. Vi anv\u00e4nder tr\u00e4 fr\u00e5n h\u00e5llbara europeiska skogar. Den skickar ett tydligt budskap: st\u00f6r inte, spelare \u00e4r fokuserade. Det perfekta tillskottet till ditt spelutrymme.<\/p>","protected":false},"featured_media":6752,"template":"","meta":{"_seopress_robots_primary_cat":"57","_seopress_titles_title":"%%title%% %%page%%","_seopress_titles_desc":"","_seopress_robots_index":"","site-sidebar-layout":"default","site-content-layout":"","ast-site-content-layout":"default","site-content-style":"default","site-sidebar-style":"default","ast-global-header-display":"","ast-banner-title-visibility":"","ast-main-header-display":"","ast-hfb-above-header-display":"","ast-hfb-below-header-display":"","ast-hfb-mobile-header-display":"","site-post-title":"","ast-breadcrumbs-content":"","ast-featured-img":"","footer-sml-layout":"","ast-disable-related-posts":"","theme-transparent-header-meta":"default","adv-header-id-meta":"","stick-header-meta":"default","header-above-stick-meta":"","header-main-stick-meta":"","header-below-stick-meta":"","astra-migrate-meta-layouts":"set","ast-page-background-enabled":"default","ast-page-background-meta":{"desktop":{"background-color":"","background-image":"","background-repeat":"repeat","background-position":"center center","background-size":"auto","background-attachment":"scroll","background-type":"","background-media":"","overlay-type":"","overlay-color":"","overlay-opacity":"","overlay-gradient":""},"tablet":{"background-color":"","background-image":"","background-repeat":"repeat","background-position":"center center","background-size":"auto","background-attachment":"scroll","background-type":"","background-media":"","overlay-type":"","overlay-color":"","overlay-opacity":"","overlay-gradient":""},"mobile":{"background-color":"","background-image":"","background-repeat":"repeat","background-position":"center center","background-size":"auto","background-attachment":"scroll","background-type":"","background-media":"","overlay-type":"","overlay-color":"","overlay-opacity":"","overlay-gradient":""}},"ast-content-background-meta":{"desktop":{"background-color":"var(--ast-global-color-5)","background-image":"","background-repeat":"repeat","background-position":"center center","background-size":"auto","background-attachment":"scroll","background-type":"","background-media":"","overlay-type":"","overlay-color":"","overlay-opacity":"","overlay-gradient":""},"tablet":{"background-color":"var(--ast-global-color-5)","background-image":"","background-repeat":"repeat","background-position":"center center","background-size":"auto","background-attachment":"scroll","background-type":"","background-media":"","overlay-type":"","overlay-color":"","overlay-opacity":"","overlay-gradient":""},"mobile":{"background-color":"var(--ast-global-color-5)","background-image":"","background-repeat":"repeat","background-position":"center center","background-size":"auto","background-attachment":"scroll","background-type":"","background-media":"","overlay-type":"","overlay-color":"","overlay-opacity":"","overlay-gradient":""}}},"product_brand":[],"product_cat":[44,51,57],"product_tag":[],"class_list":{"0":"post-5316","1":"product","2":"type-product","3":"status-publish","4":"has-post-thumbnail","6":"product_cat-cartel-madera","7":"product_cat-decoracion-del-hogar","8":"product_cat-letrero-colgante-para-puerta","9":"desktop-align-center","10":"tablet-align-left","11":"mobile-align-center","12":"ast-product-gallery-layout-horizontal","13":"ast-magnify-disabled","14":"ast-product-tabs-layout-horizontal","15":"tm-has-options","17":"first","18":"instock","19":"taxable","20":"shipping-taxable","21":"purchasable","22":"product-type-simple"},"_links":{"self":[{"href":"https:\/\/kiemmi.com\/sv\/wp-json\/wp\/v2\/product\/5316","targetHints":{"allow":["GET"]}}],"collection":[{"href":"https:\/\/kiemmi.com\/sv\/wp-json\/wp\/v2\/product"}],"about":[{"href":"https:\/\/kiemmi.com\/sv\/wp-json\/wp\/v2\/types\/product"}],"version-history":[{"count":0,"href":"https:\/\/kiemmi.com\/sv\/wp-json\/wp\/v2\/product\/5316\/revisions"}],"wp:featuredmedia":[{"embeddable":true,"href":"https:\/\/kiemmi.com\/sv\/wp-json\/wp\/v2\/media\/6752"}],"wp:attachment":[{"href":"https:\/\/kiemmi.com\/sv\/wp-json\/wp\/v2\/media?parent=5316"}],"wp:term":[{"taxonomy":"product_brand","embeddable":true,"href":"https:\/\/kiemmi.com\/sv\/wp-json\/wp\/v2\/product_brand?post=5316"},{"taxonomy":"product_cat","embeddable":true,"href":"https:\/\/kiemmi.com\/sv\/wp-json\/wp\/v2\/product_cat?post=5316"},{"taxonomy":"product_tag","embeddable":true,"href":"https:\/\/kiemmi.com\/sv\/wp-json\/wp\/v2\/product_tag?post=5316"}],"curies":[{"name":"wp","href":"https:\/\/api.w.org\/{rel}","templated":true}]}}