{"id":5256,"date":"2023-03-07T17:45:17","date_gmt":"2023-03-07T17:45:17","guid":{"rendered":"https:\/\/kiemmi.com\/?post_type=product&#038;p=5256"},"modified":"2026-02-11T04:43:43","modified_gmt":"2026-02-11T04:43:43","slug":"rund-nyckelring-i-naturtra-modell-2","status":"publish","type":"product","link":"https:\/\/kiemmi.com\/sv\/shop\/detalles-para-bodas-y-eventos\/llavero-redondo-de-madera-natural-modelo-2\/","title":{"rendered":"Rund nyckelring i naturtr\u00e4 \u2013 Modell 2"},"content":{"rendered":"<p>Personlig och lasergraverad rund nyckelring i naturligt tr\u00e4.<\/p>\n<p>Du kan anpassa b\u00e5da sidorna efter dina \u00f6nskem\u00e5l med v\u00e5r onlinedesigner.<\/p>\n<p>Perfekt och praktisk present till dina br\u00f6llopsg\u00e4ster eller andra tillf\u00e4llen.<\/p>\n<p>Du kan skapa vilken design du vill fr\u00e5n v\u00e5r webbplats, och du f\u00e5r en originell och helt exklusiv nyckelring.<\/p>\n<p>Perfekt om du vill ge en originell present i form av en personlig nyckelring till en v\u00e4n eller familjemedlem.<span style=\"font-size: 1rem;\">.<\/span><\/p>\n<p><em><strong>Egenskaper:<\/strong><\/em><\/p>\n<ul>\n<li>Diameter: 3,8 cm<\/li>\n<li>H\u00f6jd: 0,5 cm<\/li>\n<li>Material: Naturtr\u00e4<\/li>\n<\/ul>","protected":false},"excerpt":{"rendered":"<p>Personlig och lasergraverad rund nyckelring i naturligt tr\u00e4.<\/p>\n<p>Du kan anpassa b\u00e5da sidorna efter dina \u00f6nskem\u00e5l med v\u00e5r onlinedesigner.<\/p>\n<p>Perfekt och praktisk present till dina br\u00f6llopsg\u00e4ster eller andra tillf\u00e4llen.<\/p>\n<p>Du kan skapa vilken design du vill fr\u00e5n v\u00e5r webbplats, och du f\u00e5r en originell och helt exklusiv nyckelring.<\/p>\n<p>Perfekt om du vill ge en originell present i form av en personlig nyckelring till en v\u00e4n eller familjemedlem.<span style=\"font-size: 1rem;\">.<\/span><\/p>","protected":false},"featured_media":5257,"template":"","meta":{"_seopress_robots_primary_cat":"45","_seopress_titles_title":"%%title%% %%page%%","_seopress_titles_desc":"","_seopress_robots_index":"","site-sidebar-layout":"default","site-content-layout":"","ast-site-content-layout":"default","site-content-style":"default","site-sidebar-style":"default","ast-global-header-display":"","ast-banner-title-visibility":"","ast-main-header-display":"","ast-hfb-above-header-display":"","ast-hfb-below-header-display":"","ast-hfb-mobile-header-display":"","site-post-title":"","ast-breadcrumbs-content":"","ast-featured-img":"","footer-sml-layout":"","ast-disable-related-posts":"","theme-transparent-header-meta":"","adv-header-id-meta":"","stick-header-meta":"","header-above-stick-meta":"","header-main-stick-meta":"","header-below-stick-meta":"","astra-migrate-meta-layouts":"default","ast-page-background-enabled":"default","ast-page-background-meta":{"desktop":{"background-color":"","background-image":"","background-repeat":"repeat","background-position":"center center","background-size":"auto","background-attachment":"scroll","background-type":"","background-media":"","overlay-type":"","overlay-color":"","overlay-opacity":"","overlay-gradient":""},"tablet":{"background-color":"","background-image":"","background-repeat":"repeat","background-position":"center center","background-size":"auto","background-attachment":"scroll","background-type":"","background-media":"","overlay-type":"","overlay-color":"","overlay-opacity":"","overlay-gradient":""},"mobile":{"background-color":"","background-image":"","background-repeat":"repeat","background-position":"center center","background-size":"auto","background-attachment":"scroll","background-type":"","background-media":"","overlay-type":"","overlay-color":"","overlay-opacity":"","overlay-gradient":""}},"ast-content-background-meta":{"desktop":{"background-color":"var(--ast-global-color-5)","background-image":"","background-repeat":"repeat","background-position":"center center","background-size":"auto","background-attachment":"scroll","background-type":"","background-media":"","overlay-type":"","overlay-color":"","overlay-opacity":"","overlay-gradient":""},"tablet":{"background-color":"var(--ast-global-color-5)","background-image":"","background-repeat":"repeat","background-position":"center center","background-size":"auto","background-attachment":"scroll","background-type":"","background-media":"","overlay-type":"","overlay-color":"","overlay-opacity":"","overlay-gradient":""},"mobile":{"background-color":"var(--ast-global-color-5)","background-image":"","background-repeat":"repeat","background-position":"center center","background-size":"auto","background-attachment":"scroll","background-type":"","background-media":"","overlay-type":"","overlay-color":"","overlay-opacity":"","overlay-gradient":""}}},"product_brand":[],"product_cat":[45,33,49],"product_tag":[],"class_list":{"0":"post-5256","1":"product","2":"type-product","3":"status-publish","4":"has-post-thumbnail","6":"product_cat-detalles-para-bodas-y-eventos","7":"product_cat-llaveros-madera","8":"product_cat-regalos-originales","9":"desktop-align-center","10":"tablet-align-left","11":"mobile-align-center","12":"ast-product-gallery-layout-horizontal","13":"ast-magnify-disabled","14":"ast-product-tabs-layout-horizontal","15":"tm-no-options","17":"first","18":"instock","19":"taxable","20":"shipping-taxable","21":"purchasable","22":"product-type-simple"},"_links":{"self":[{"href":"https:\/\/kiemmi.com\/sv\/wp-json\/wp\/v2\/product\/5256","targetHints":{"allow":["GET"]}}],"collection":[{"href":"https:\/\/kiemmi.com\/sv\/wp-json\/wp\/v2\/product"}],"about":[{"href":"https:\/\/kiemmi.com\/sv\/wp-json\/wp\/v2\/types\/product"}],"version-history":[{"count":0,"href":"https:\/\/kiemmi.com\/sv\/wp-json\/wp\/v2\/product\/5256\/revisions"}],"wp:featuredmedia":[{"embeddable":true,"href":"https:\/\/kiemmi.com\/sv\/wp-json\/wp\/v2\/media\/5257"}],"wp:attachment":[{"href":"https:\/\/kiemmi.com\/sv\/wp-json\/wp\/v2\/media?parent=5256"}],"wp:term":[{"taxonomy":"product_brand","embeddable":true,"href":"https:\/\/kiemmi.com\/sv\/wp-json\/wp\/v2\/product_brand?post=5256"},{"taxonomy":"product_cat","embeddable":true,"href":"https:\/\/kiemmi.com\/sv\/wp-json\/wp\/v2\/product_cat?post=5256"},{"taxonomy":"product_tag","embeddable":true,"href":"https:\/\/kiemmi.com\/sv\/wp-json\/wp\/v2\/product_tag?post=5256"}],"curies":[{"name":"wp","href":"https:\/\/api.w.org\/{rel}","templated":true}]}}