{"id":5213,"date":"2023-02-28T14:37:41","date_gmt":"2023-02-28T14:37:41","guid":{"rendered":"https:\/\/kiemmi.com\/?post_type=product&#038;p=5213"},"modified":"2023-10-07T20:35:47","modified_gmt":"2023-10-07T20:35:47","slug":"personlig-tramedaljong","status":"publish","type":"product","link":"https:\/\/kiemmi.com\/sv\/shop\/decoracion-del-hogar\/habitacion-de-bebe\/medallon-de-madera-personalizado\/","title":{"rendered":"Personlig tr\u00e4medaljong"},"content":{"rendered":"<p>Letar du efter det perfekta s\u00e4ttet att ge ditt barns barnrum en speciell, personlig touch? V\u00e5r personliga tr\u00e4medaljong \u00e4r det perfekta valet. Denna charmiga medaljong, exakt handgjord med lasersk\u00e4rning, kommer att bli ett unikt smycke som kommer att markera speciella \u00f6gonblick i din familjs liv.<\/p>\n<p><strong>Utvalda funktioner:<\/strong><\/p>\n<ul>\n<li><strong>Naturligt tr\u00e4 av h\u00f6g kvalitet:<\/strong> Varje medaljong \u00e4r noggrant tillverkad av naturligt tr\u00e4, vilket s\u00e4kerst\u00e4ller en rustik och autentisk sk\u00f6nhet i varje smycke.<\/li>\n<li><strong>Anpassning efter din smak:<\/strong> Tack vare h\u00f6gprecisionslasergraveringsteknik kan du personifiera detta medaljong med namnet p\u00e5 ditt barn, din bebis eller din \u00e4lskade. Den pr\u00e4glade f\u00f6rsta bokstaven, antingen i naturligt tr\u00e4 eller i en f\u00e4rg du v\u00e4ljer, ger den en distinkt och elegant touch.<\/li>\n<li><strong>Perfekt f\u00f6r dekoration:<\/strong> Denna medaljong \u00e4r den perfekta dekorationen f\u00f6r ditt barns rum. Den ger en touch av v\u00e4rme och personlighet samtidigt som den skapar en mysig och unik atmosf\u00e4r.<\/li>\n<li><strong>Den perfekta g\u00e5van:<\/strong> Den \u00e4r inte bara perfekt f\u00f6r ditt eget hem, utan ocks\u00e5 en perfekt present till babyshowers eller andra speciella tillf\u00e4llen. \u00d6verraska dina n\u00e4ra och k\u00e4ra med en present de kommer att v\u00e4rdes\u00e4tta f\u00f6r livet.<\/li>\n<li><strong>Gjord med k\u00e4rlek:<\/strong> Varje medaljong \u00e4r skapad med k\u00e4rlek och omsorg, och varje detalj kontrolleras f\u00f6r att s\u00e4kerst\u00e4lla maximal kvalitet och h\u00e5llbarhet.<\/li>\n<\/ul>\n<p>F\u00f6rvandla vilket utrymme som helst till n\u00e5got speciellt med v\u00e5r personliga tr\u00e4medaljong. En touch av elegans och k\u00e4rlek som kommer att vara i \u00e5ratal i ditt barns rum.<\/p>\n<p><strong>M\u00e5tt:<\/strong><\/p>\n<ul>\n<li><strong>Diameter:<\/strong> 12 cm.<\/li>\n<\/ul>","protected":false},"excerpt":{"rendered":"<p>Uppt\u00e4ck v\u00e5rt personliga tr\u00e4medaljong, ett handgjort, laserskuret smycke tillverkat av h\u00f6gkvalitativt naturligt tr\u00e4. Anpassa det med ditt barns eller din \u00e4lskades namn, med den f\u00f6rsta bokstaven pr\u00e4glad i naturligt eller f\u00e4rgat tr\u00e4, vilket skapar en distinkt och elegant touch. Detta medaljong \u00e4r perfekt f\u00f6r att dekorera ditt barns rum och \u00e4r en of\u00f6rgl\u00f6mlig present till speciella tillf\u00e4llen. Varje smycke \u00e4r skapat med omsorg och k\u00e4rlek, vilket garanterar kvalitet och h\u00e5llbarhet. F\u00f6rvandla ditt utrymme med denna unika och meningsfulla touch idag.<\/p>\n<p><strong>Diameter:<\/strong> 12 cm.<\/p>","protected":false},"featured_media":5214,"template":"","meta":{"_seopress_robots_primary_cat":"52","_seopress_titles_title":"Medallon de madera personalizable con el nombre de tus hijos","_seopress_titles_desc":"Medallon de madera personalizado con tu nombre o el nombre de tus hijos.Ideal para la decoraci\u00f3n de la habitaci\u00f3n.Producto hecho a mano en Espa\u00f1a.","_seopress_robots_index":"","site-sidebar-layout":"default","site-content-layout":"","ast-site-content-layout":"default","site-content-style":"default","site-sidebar-style":"default","ast-global-header-display":"","ast-banner-title-visibility":"","ast-main-header-display":"","ast-hfb-above-header-display":"","ast-hfb-below-header-display":"","ast-hfb-mobile-header-display":"","site-post-title":"","ast-breadcrumbs-content":"","ast-featured-img":"","footer-sml-layout":"","ast-disable-related-posts":"","theme-transparent-header-meta":"","adv-header-id-meta":"","stick-header-meta":"","header-above-stick-meta":"","header-main-stick-meta":"","header-below-stick-meta":"","astra-migrate-meta-layouts":"default","ast-page-background-enabled":"default","ast-page-background-meta":{"desktop":{"background-color":"","background-image":"","background-repeat":"repeat","background-position":"center center","background-size":"auto","background-attachment":"scroll","background-type":"","background-media":"","overlay-type":"","overlay-color":"","overlay-opacity":"","overlay-gradient":""},"tablet":{"background-color":"","background-image":"","background-repeat":"repeat","background-position":"center center","background-size":"auto","background-attachment":"scroll","background-type":"","background-media":"","overlay-type":"","overlay-color":"","overlay-opacity":"","overlay-gradient":""},"mobile":{"background-color":"","background-image":"","background-repeat":"repeat","background-position":"center center","background-size":"auto","background-attachment":"scroll","background-type":"","background-media":"","overlay-type":"","overlay-color":"","overlay-opacity":"","overlay-gradient":""}},"ast-content-background-meta":{"desktop":{"background-color":"var(--ast-global-color-5)","background-image":"","background-repeat":"repeat","background-position":"center center","background-size":"auto","background-attachment":"scroll","background-type":"","background-media":"","overlay-type":"","overlay-color":"","overlay-opacity":"","overlay-gradient":""},"tablet":{"background-color":"var(--ast-global-color-5)","background-image":"","background-repeat":"repeat","background-position":"center center","background-size":"auto","background-attachment":"scroll","background-type":"","background-media":"","overlay-type":"","overlay-color":"","overlay-opacity":"","overlay-gradient":""},"mobile":{"background-color":"var(--ast-global-color-5)","background-image":"","background-repeat":"repeat","background-position":"center center","background-size":"auto","background-attachment":"scroll","background-type":"","background-media":"","overlay-type":"","overlay-color":"","overlay-opacity":"","overlay-gradient":""}}},"product_brand":[],"product_cat":[51,52,49],"product_tag":[],"class_list":{"0":"post-5213","1":"product","2":"type-product","3":"status-publish","4":"has-post-thumbnail","6":"product_cat-decoracion-del-hogar","7":"product_cat-habitacion-de-bebe","8":"product_cat-regalos-originales","9":"desktop-align-center","10":"tablet-align-left","11":"mobile-align-center","12":"ast-product-gallery-layout-horizontal","13":"ast-magnify-disabled","14":"ast-product-tabs-layout-horizontal","15":"tm-has-options","17":"first","18":"instock","19":"taxable","20":"shipping-taxable","21":"purchasable","22":"product-type-simple"},"_links":{"self":[{"href":"https:\/\/kiemmi.com\/sv\/wp-json\/wp\/v2\/product\/5213","targetHints":{"allow":["GET"]}}],"collection":[{"href":"https:\/\/kiemmi.com\/sv\/wp-json\/wp\/v2\/product"}],"about":[{"href":"https:\/\/kiemmi.com\/sv\/wp-json\/wp\/v2\/types\/product"}],"version-history":[{"count":0,"href":"https:\/\/kiemmi.com\/sv\/wp-json\/wp\/v2\/product\/5213\/revisions"}],"wp:featuredmedia":[{"embeddable":true,"href":"https:\/\/kiemmi.com\/sv\/wp-json\/wp\/v2\/media\/5214"}],"wp:attachment":[{"href":"https:\/\/kiemmi.com\/sv\/wp-json\/wp\/v2\/media?parent=5213"}],"wp:term":[{"taxonomy":"product_brand","embeddable":true,"href":"https:\/\/kiemmi.com\/sv\/wp-json\/wp\/v2\/product_brand?post=5213"},{"taxonomy":"product_cat","embeddable":true,"href":"https:\/\/kiemmi.com\/sv\/wp-json\/wp\/v2\/product_cat?post=5213"},{"taxonomy":"product_tag","embeddable":true,"href":"https:\/\/kiemmi.com\/sv\/wp-json\/wp\/v2\/product_tag?post=5213"}],"curies":[{"name":"wp","href":"https:\/\/api.w.org\/{rel}","templated":true}]}}