{"id":5175,"date":"2023-01-19T14:44:15","date_gmt":"2023-01-19T14:44:15","guid":{"rendered":"https:\/\/kiemmi.com\/?post_type=product&#038;p=5175"},"modified":"2025-09-11T08:00:56","modified_gmt":"2025-09-11T08:00:56","slug":"pennhallare-och-mobilt-stativ-i-traformad-katt","status":"publish","type":"product","link":"https:\/\/kiemmi.com\/sv\/shop\/soportes-para-moviles\/portaboligrafos-y-soporte-movil-en-forma-de-gato-de-madera\/","title":{"rendered":"Pennh\u00e5llare och mobilt stativ i tr\u00e4formad katt"},"content":{"rendered":"<p>Uppt\u00e4ck den kattformade pennh\u00e5llaren i tr\u00e4, en verkligt handgjord p\u00e4rla som kommer att gl\u00e4dja katt\u00e4lskare! Detta otroliga tillbeh\u00f6r, noggrant laserskuret, kombinerar funktionalitet och stil p\u00e5 ett unikt s\u00e4tt.<\/p>\n<p>Varje pennh\u00e5llare har noggrant tillverkats f\u00f6r hand, vilket garanterar exceptionell kvalitet in i minsta detalj. Den kattformade designen f\u00e5ngar essensen och elegansen hos dessa bed\u00e5rande djur, vilket g\u00f6r den till ett m\u00e5ste f\u00f6r katt\u00e4lskare.<\/p>\n<p>Men det \u00e4r inte allt. Denna m\u00e5ngsidiga pennh\u00e5llare fungerar \u00e4ven som ett praktiskt stativ f\u00f6r din mobiltelefon. Placera din enhet i det specialdesignade facket och njut av bekv\u00e4m och s\u00e4ker visning medan du arbetar, studerar eller bara kopplar av.<\/p>\n<p>Vi v\u00e4rdes\u00e4tter milj\u00f6skydd, och d\u00e4rf\u00f6r \u00e4r denna pennh\u00e5llare tillverkad av tr\u00e4 fr\u00e5n h\u00e5llbara europeiska skogar. Du k\u00f6per inte bara ett funktionellt och vackert f\u00f6rem\u00e5l, utan bidrar ocks\u00e5 till att bevara v\u00e5ra v\u00e4rdefulla naturresurser.<\/p>\n<p>Oavsett om du \u00e4r en katt\u00e4lskare eller letar efter den perfekta presenten till en katt\u00e4lskare, \u00e4r denna kattformade pennh\u00e5llare i tr\u00e4 det perfekta valet. Ge din arbetsyta en charmig och praktisk touch eller ge bort den till den d\u00e4r speciella personen som inte kan motst\u00e5 kattens s\u00f6thet.<\/p>\n<p>Missa inte denna m\u00f6jlighet! Skaffa denna kattformade pennh\u00e5llare i tr\u00e4 nu och g\u00e5 med i gemenskapen av katt\u00e4lskare som redan njuter av denna underbara produkt.<\/p>\n<p><strong>M\u00e5tt:<\/strong><\/p>\n<ul>\n<li>Bredd: 10 cm<\/li>\n<li>Djup: 5,5 cm<\/li>\n<li>H\u00f6jd: 11 cm<\/li>\n<li>Tr\u00e4tjocklek: 3 mm<\/li>\n<\/ul>","protected":false},"excerpt":{"rendered":"<p>Uppt\u00e4ck den kattformade pennh\u00e5llaren i tr\u00e4, ett handgjort, laserskuret smycke. Den fungerar \u00e4ven som telefonst\u00e4ll och kommer fr\u00e5n h\u00e5llbara europeiska skogar. Perfekt f\u00f6r katt\u00e4lskare och kattentusiaster. Den ger charm och funktionalitet till din arbetsplats. Missa inte denna m\u00f6jlighet att k\u00f6pa denna underbara produkt!<\/p>","protected":false},"featured_media":5176,"template":"","meta":{"_seopress_robots_primary_cat":"34","_seopress_titles_title":"%%title%% %%page%%","_seopress_titles_desc":"","_seopress_robots_index":"","site-sidebar-layout":"default","site-content-layout":"","ast-site-content-layout":"default","site-content-style":"default","site-sidebar-style":"default","ast-global-header-display":"","ast-banner-title-visibility":"","ast-main-header-display":"","ast-hfb-above-header-display":"","ast-hfb-below-header-display":"","ast-hfb-mobile-header-display":"","site-post-title":"","ast-breadcrumbs-content":"","ast-featured-img":"","footer-sml-layout":"","ast-disable-related-posts":"","theme-transparent-header-meta":"","adv-header-id-meta":"","stick-header-meta":"","header-above-stick-meta":"","header-main-stick-meta":"","header-below-stick-meta":"","astra-migrate-meta-layouts":"default","ast-page-background-enabled":"default","ast-page-background-meta":{"desktop":{"background-color":"","background-image":"","background-repeat":"repeat","background-position":"center center","background-size":"auto","background-attachment":"scroll","background-type":"","background-media":"","overlay-type":"","overlay-color":"","overlay-opacity":"","overlay-gradient":""},"tablet":{"background-color":"","background-image":"","background-repeat":"repeat","background-position":"center center","background-size":"auto","background-attachment":"scroll","background-type":"","background-media":"","overlay-type":"","overlay-color":"","overlay-opacity":"","overlay-gradient":""},"mobile":{"background-color":"","background-image":"","background-repeat":"repeat","background-position":"center center","background-size":"auto","background-attachment":"scroll","background-type":"","background-media":"","overlay-type":"","overlay-color":"","overlay-opacity":"","overlay-gradient":""}},"ast-content-background-meta":{"desktop":{"background-color":"var(--ast-global-color-5)","background-image":"","background-repeat":"repeat","background-position":"center center","background-size":"auto","background-attachment":"scroll","background-type":"","background-media":"","overlay-type":"","overlay-color":"","overlay-opacity":"","overlay-gradient":""},"tablet":{"background-color":"var(--ast-global-color-5)","background-image":"","background-repeat":"repeat","background-position":"center center","background-size":"auto","background-attachment":"scroll","background-type":"","background-media":"","overlay-type":"","overlay-color":"","overlay-opacity":"","overlay-gradient":""},"mobile":{"background-color":"var(--ast-global-color-5)","background-image":"","background-repeat":"repeat","background-position":"center center","background-size":"auto","background-attachment":"scroll","background-type":"","background-media":"","overlay-type":"","overlay-color":"","overlay-opacity":"","overlay-gradient":""}}},"product_brand":[],"product_cat":[87,49,34],"product_tag":[],"class_list":{"0":"post-5175","1":"product","2":"type-product","3":"status-publish","4":"has-post-thumbnail","6":"product_cat-mascotas","7":"product_cat-regalos-originales","8":"product_cat-soportes-para-moviles","9":"desktop-align-center","10":"tablet-align-left","11":"mobile-align-center","12":"ast-product-gallery-layout-horizontal","13":"ast-magnify-disabled","14":"ast-product-tabs-layout-horizontal","15":"tm-no-options","17":"first","18":"instock","19":"taxable","20":"shipping-taxable","21":"purchasable","22":"product-type-simple"},"_links":{"self":[{"href":"https:\/\/kiemmi.com\/sv\/wp-json\/wp\/v2\/product\/5175","targetHints":{"allow":["GET"]}}],"collection":[{"href":"https:\/\/kiemmi.com\/sv\/wp-json\/wp\/v2\/product"}],"about":[{"href":"https:\/\/kiemmi.com\/sv\/wp-json\/wp\/v2\/types\/product"}],"version-history":[{"count":0,"href":"https:\/\/kiemmi.com\/sv\/wp-json\/wp\/v2\/product\/5175\/revisions"}],"wp:featuredmedia":[{"embeddable":true,"href":"https:\/\/kiemmi.com\/sv\/wp-json\/wp\/v2\/media\/5176"}],"wp:attachment":[{"href":"https:\/\/kiemmi.com\/sv\/wp-json\/wp\/v2\/media?parent=5175"}],"wp:term":[{"taxonomy":"product_brand","embeddable":true,"href":"https:\/\/kiemmi.com\/sv\/wp-json\/wp\/v2\/product_brand?post=5175"},{"taxonomy":"product_cat","embeddable":true,"href":"https:\/\/kiemmi.com\/sv\/wp-json\/wp\/v2\/product_cat?post=5175"},{"taxonomy":"product_tag","embeddable":true,"href":"https:\/\/kiemmi.com\/sv\/wp-json\/wp\/v2\/product_tag?post=5175"}],"curies":[{"name":"wp","href":"https:\/\/api.w.org\/{rel}","templated":true}]}}