{"id":5102,"date":"2023-01-18T17:23:22","date_gmt":"2023-01-18T17:23:22","guid":{"rendered":"https:\/\/kiemmi.com\/?post_type=product&#038;p=5102"},"modified":"2025-06-29T10:42:20","modified_gmt":"2025-06-29T10:42:20","slug":"anteckningsbok-i-tra-for-modedesigner","status":"publish","type":"product","link":"https:\/\/kiemmi.com\/sv\/shop\/libretas-de-madera-personalizadas\/libreta-con-tapa-de-madera-para-disenador-de-moda\/","title":{"rendered":"Tr\u00e4p\u00e4rm anteckningsbok f\u00f6r modedesigners"},"content":{"rendered":"<p>Personlig anteckningsbok med tr\u00e4omslag f\u00f6r modedesigners.<\/p>\n<p>Anpassa namnet p\u00e5 locket efter din smak.<\/p>\n<p><span class=\"a-list-item a-size-base\">V\u00e5ra anteckningsb\u00f6cker i tr\u00e4 \u00e4r perfekta f\u00f6r att skapa eller<\/span>En originell, rolig och anpassningsbar present.<\/p>\n<p>Perfekt f\u00f6r en modeintresserad v\u00e4n eller familjemedlem.<\/p>\n<p><strong>Egenskaper:<\/strong><\/p>\n<ul>\n<li>M\u00e5tt: 22 cm x 17 cm<\/li>\n<li>Tr\u00e4omslag fram och bak<\/li>\n<li>Anteckningsbok med rutade ark<\/li>\n<li>80 sidor \u00e0 90 gram.<\/li>\n<\/ul>","protected":false},"excerpt":{"rendered":"<p>Personlig anteckningsbok med tr\u00e4omslag f\u00f6r modedesigners.<\/p>\n<p>Anpassa namnet p\u00e5 locket efter din smak.<\/p>\n<p><span class=\"a-list-item a-size-base\">V\u00e5ra anteckningsb\u00f6cker i tr\u00e4 \u00e4r perfekta f\u00f6r att skapa eller<\/span>En originell, rolig och anpassningsbar present.<\/p>\n<p>Perfekt f\u00f6r en modeintresserad v\u00e4n eller familjemedlem.<\/p>","protected":false},"featured_media":5105,"template":"","meta":{"_seopress_robots_primary_cat":"50","_seopress_titles_title":"Cuaderno personalizable de madera para amantes de la moda","_seopress_titles_desc":"Regala originalidad con nuestra libreta de madera personalizable. Un detalle \u00fanico para amantes de la moda. \u00a1Personaliza el nombre en la tapa!","_seopress_robots_index":"","site-sidebar-layout":"default","site-content-layout":"","ast-site-content-layout":"default","site-content-style":"default","site-sidebar-style":"default","ast-global-header-display":"","ast-banner-title-visibility":"","ast-main-header-display":"","ast-hfb-above-header-display":"","ast-hfb-below-header-display":"","ast-hfb-mobile-header-display":"","site-post-title":"","ast-breadcrumbs-content":"","ast-featured-img":"","footer-sml-layout":"","ast-disable-related-posts":"","theme-transparent-header-meta":"default","adv-header-id-meta":"","stick-header-meta":"default","header-above-stick-meta":"","header-main-stick-meta":"","header-below-stick-meta":"","astra-migrate-meta-layouts":"set","ast-page-background-enabled":"default","ast-page-background-meta":{"desktop":{"background-color":"","background-image":"","background-repeat":"repeat","background-position":"center center","background-size":"auto","background-attachment":"scroll","background-type":"","background-media":"","overlay-type":"","overlay-color":"","overlay-opacity":"","overlay-gradient":""},"tablet":{"background-color":"","background-image":"","background-repeat":"repeat","background-position":"center center","background-size":"auto","background-attachment":"scroll","background-type":"","background-media":"","overlay-type":"","overlay-color":"","overlay-opacity":"","overlay-gradient":""},"mobile":{"background-color":"","background-image":"","background-repeat":"repeat","background-position":"center center","background-size":"auto","background-attachment":"scroll","background-type":"","background-media":"","overlay-type":"","overlay-color":"","overlay-opacity":"","overlay-gradient":""}},"ast-content-background-meta":{"desktop":{"background-color":"var(--ast-global-color-5)","background-image":"","background-repeat":"repeat","background-position":"center center","background-size":"auto","background-attachment":"scroll","background-type":"","background-media":"","overlay-type":"","overlay-color":"","overlay-opacity":"","overlay-gradient":""},"tablet":{"background-color":"var(--ast-global-color-5)","background-image":"","background-repeat":"repeat","background-position":"center center","background-size":"auto","background-attachment":"scroll","background-type":"","background-media":"","overlay-type":"","overlay-color":"","overlay-opacity":"","overlay-gradient":""},"mobile":{"background-color":"var(--ast-global-color-5)","background-image":"","background-repeat":"repeat","background-position":"center center","background-size":"auto","background-attachment":"scroll","background-type":"","background-media":"","overlay-type":"","overlay-color":"","overlay-opacity":"","overlay-gradient":""}}},"product_brand":[],"product_cat":[50],"product_tag":[],"class_list":{"0":"post-5102","1":"product","2":"type-product","3":"status-publish","4":"has-post-thumbnail","6":"product_cat-libretas-de-madera-personalizadas","7":"desktop-align-center","8":"tablet-align-left","9":"mobile-align-center","10":"ast-product-gallery-layout-horizontal","11":"ast-magnify-disabled","12":"ast-product-tabs-layout-horizontal","13":"tm-has-options","15":"first","16":"instock","17":"taxable","18":"shipping-taxable","19":"purchasable","20":"product-type-simple"},"_links":{"self":[{"href":"https:\/\/kiemmi.com\/sv\/wp-json\/wp\/v2\/product\/5102","targetHints":{"allow":["GET"]}}],"collection":[{"href":"https:\/\/kiemmi.com\/sv\/wp-json\/wp\/v2\/product"}],"about":[{"href":"https:\/\/kiemmi.com\/sv\/wp-json\/wp\/v2\/types\/product"}],"version-history":[{"count":0,"href":"https:\/\/kiemmi.com\/sv\/wp-json\/wp\/v2\/product\/5102\/revisions"}],"wp:featuredmedia":[{"embeddable":true,"href":"https:\/\/kiemmi.com\/sv\/wp-json\/wp\/v2\/media\/5105"}],"wp:attachment":[{"href":"https:\/\/kiemmi.com\/sv\/wp-json\/wp\/v2\/media?parent=5102"}],"wp:term":[{"taxonomy":"product_brand","embeddable":true,"href":"https:\/\/kiemmi.com\/sv\/wp-json\/wp\/v2\/product_brand?post=5102"},{"taxonomy":"product_cat","embeddable":true,"href":"https:\/\/kiemmi.com\/sv\/wp-json\/wp\/v2\/product_cat?post=5102"},{"taxonomy":"product_tag","embeddable":true,"href":"https:\/\/kiemmi.com\/sv\/wp-json\/wp\/v2\/product_tag?post=5102"}],"curies":[{"name":"wp","href":"https:\/\/api.w.org\/{rel}","templated":true}]}}