{"id":4995,"date":"2022-11-10T07:35:58","date_gmt":"2022-11-10T07:35:58","guid":{"rendered":"https:\/\/kiemmi.com\/?post_type=product&#038;p=4995"},"modified":"2026-01-19T21:26:26","modified_gmt":"2026-01-19T21:26:26","slug":"anpassningsbar-3d-dodekaederkalender-i-tra","status":"publish","type":"product","link":"https:\/\/kiemmi.com\/sv\/shop\/decoracion-del-hogar\/calendario-3d-de-madera-en-forma-de-dodecaedro-personalizable\/","title":{"rendered":"Anpassningsbar 3D-dodekaederkalender i tr\u00e4 | Kalender 2025"},"content":{"rendered":"<p>Letar du efter en unik inredningsdetalj som kombinerar elegans och h\u00e5llbarhet? V\u00e5r 3D-dodekaederkalender i tr\u00e4 \u00e4r ett handgjort, laserskuret konstverk som kommer att imponera p\u00e5 dina g\u00e4ster och lysa upp ditt utrymme. Varje del \u00e4r ett bevis p\u00e5 exceptionellt hantverk och kan anpassas f\u00f6r att perfekt passa din stil.<\/p>\n<p><strong>Utvalda funktioner:<\/strong><\/p>\n<ul>\n<li><strong>Exceptionell geometrisk design:<\/strong> V\u00e5r 3D-kalender har formen av en dodekaeder, en polyeder med 12 sidor, vilket ger ditt hem eller kontor en unik estetik.<\/li>\n<li><strong>Handgjord med exakt lasersk\u00e4rning:<\/strong> Varje kalender \u00e4r noggrant laserskuren f\u00f6r att uppn\u00e5 exakt precision i varje detalj.<\/li>\n<li><strong>Anpassning efter din smak:<\/strong> Vill du ha ditt namn, ett speciellt datum eller ett inspirerande meddelande graverat i kalendern? Vi kan ordna det!<\/li>\n<li><strong>Ekologiskt och h\u00e5llbart:<\/strong> Vi anv\u00e4nder milj\u00f6v\u00e4nliga vattenbaserade lacker f\u00f6r att skydda tr\u00e4et och s\u00e4kerst\u00e4lla produktens h\u00e5llbarhet.<\/li>\n<li><strong>Perfekt som en originell present:<\/strong> Oavsett om det \u00e4r f\u00f6r en f\u00f6delsedag, ett jubileum eller n\u00e5got annat speciellt tillf\u00e4lle, \u00e4r den h\u00e4r kalendern en unik g\u00e5va som kommer att uppskattas och bli ih\u00e5gkommen.<\/li>\n<li><strong>M\u00e5tt:<\/strong> Diameter 14 cm.<\/li>\n<\/ul>\n<p>Denna 3D-dodekaederformade tr\u00e4kalender \u00e4r mycket mer \u00e4n bara ett tidsverktyg; den \u00e4r ett uttryck f\u00f6r stil och engagemang f\u00f6r naturen. Ge ditt utrymme en touch av distinktitet med denna unika och anpassningsbara dekoration.<\/p>\n<p>Skaffa din idag och f\u00f6rvandla din omgivning till ett m\u00e4sterverk av ekodesign!<\/p>","protected":false},"excerpt":{"rendered":"<p>V\u00e5r 3D-dodekaederkalender i tr\u00e4 \u00e4r en unik och h\u00e5llbar dekoration. Handgjord med precisionslasersk\u00e4rning, dess exceptionella geometriska design ger en unik touch till vilket utrymme som helst. Du kan anpassa den med speciella gravyrer, och vi anv\u00e4nder milj\u00f6v\u00e4nliga lacker. Den \u00e4r perfekt som en originell present f\u00f6r speciella tillf\u00e4llen. F\u00f6rvandla ditt utrymme till ett m\u00e4sterverk av milj\u00f6v\u00e4nlig design genom att k\u00f6pa din idag.<\/p>","protected":false},"featured_media":10229,"template":"","meta":{"_seopress_robots_primary_cat":"51","_seopress_titles_title":"Calendario de Madera 3D: Elegancia y Sostenibilidad","_seopress_titles_desc":"Descubre un calendario 3D de madera en forma de dodecaedro, totalmente personalizable. A\u00f1ade estilo y originalidad a tu espacio con esta obra de arte \u00fanica.","_seopress_robots_index":"","site-sidebar-layout":"default","site-content-layout":"","ast-site-content-layout":"default","site-content-style":"default","site-sidebar-style":"default","ast-global-header-display":"","ast-banner-title-visibility":"","ast-main-header-display":"","ast-hfb-above-header-display":"","ast-hfb-below-header-display":"","ast-hfb-mobile-header-display":"","site-post-title":"","ast-breadcrumbs-content":"","ast-featured-img":"","footer-sml-layout":"","ast-disable-related-posts":"","theme-transparent-header-meta":"default","adv-header-id-meta":"","stick-header-meta":"default","header-above-stick-meta":"","header-main-stick-meta":"","header-below-stick-meta":"","astra-migrate-meta-layouts":"set","ast-page-background-enabled":"default","ast-page-background-meta":{"desktop":{"background-color":"","background-image":"","background-repeat":"repeat","background-position":"center center","background-size":"auto","background-attachment":"scroll","background-type":"","background-media":"","overlay-type":"","overlay-color":"","overlay-opacity":"","overlay-gradient":""},"tablet":{"background-color":"","background-image":"","background-repeat":"repeat","background-position":"center center","background-size":"auto","background-attachment":"scroll","background-type":"","background-media":"","overlay-type":"","overlay-color":"","overlay-opacity":"","overlay-gradient":""},"mobile":{"background-color":"","background-image":"","background-repeat":"repeat","background-position":"center center","background-size":"auto","background-attachment":"scroll","background-type":"","background-media":"","overlay-type":"","overlay-color":"","overlay-opacity":"","overlay-gradient":""}},"ast-content-background-meta":{"desktop":{"background-color":"var(--ast-global-color-5)","background-image":"","background-repeat":"repeat","background-position":"center center","background-size":"auto","background-attachment":"scroll","background-type":"","background-media":"","overlay-type":"","overlay-color":"","overlay-opacity":"","overlay-gradient":""},"tablet":{"background-color":"var(--ast-global-color-5)","background-image":"","background-repeat":"repeat","background-position":"center center","background-size":"auto","background-attachment":"scroll","background-type":"","background-media":"","overlay-type":"","overlay-color":"","overlay-opacity":"","overlay-gradient":""},"mobile":{"background-color":"var(--ast-global-color-5)","background-image":"","background-repeat":"repeat","background-position":"center center","background-size":"auto","background-attachment":"scroll","background-type":"","background-media":"","overlay-type":"","overlay-color":"","overlay-opacity":"","overlay-gradient":""}}},"product_brand":[],"product_cat":[51],"product_tag":[],"class_list":{"0":"post-4995","1":"product","2":"type-product","3":"status-publish","4":"has-post-thumbnail","6":"product_cat-decoracion-del-hogar","7":"desktop-align-center","8":"tablet-align-left","9":"mobile-align-center","10":"ast-product-gallery-layout-horizontal","11":"ast-magnify-disabled","12":"ast-product-tabs-layout-horizontal","13":"tm-has-options","15":"first","16":"instock","17":"sale","18":"taxable","19":"shipping-taxable","20":"purchasable","21":"product-type-simple"},"_links":{"self":[{"href":"https:\/\/kiemmi.com\/sv\/wp-json\/wp\/v2\/product\/4995","targetHints":{"allow":["GET"]}}],"collection":[{"href":"https:\/\/kiemmi.com\/sv\/wp-json\/wp\/v2\/product"}],"about":[{"href":"https:\/\/kiemmi.com\/sv\/wp-json\/wp\/v2\/types\/product"}],"version-history":[{"count":0,"href":"https:\/\/kiemmi.com\/sv\/wp-json\/wp\/v2\/product\/4995\/revisions"}],"wp:featuredmedia":[{"embeddable":true,"href":"https:\/\/kiemmi.com\/sv\/wp-json\/wp\/v2\/media\/10229"}],"wp:attachment":[{"href":"https:\/\/kiemmi.com\/sv\/wp-json\/wp\/v2\/media?parent=4995"}],"wp:term":[{"taxonomy":"product_brand","embeddable":true,"href":"https:\/\/kiemmi.com\/sv\/wp-json\/wp\/v2\/product_brand?post=4995"},{"taxonomy":"product_cat","embeddable":true,"href":"https:\/\/kiemmi.com\/sv\/wp-json\/wp\/v2\/product_cat?post=4995"},{"taxonomy":"product_tag","embeddable":true,"href":"https:\/\/kiemmi.com\/sv\/wp-json\/wp\/v2\/product_tag?post=4995"}],"curies":[{"name":"wp","href":"https:\/\/api.w.org\/{rel}","templated":true}]}}