{"id":4989,"date":"2022-11-07T07:47:30","date_gmt":"2022-11-07T07:47:30","guid":{"rendered":"https:\/\/kiemmi.com\/?post_type=product&#038;p=4989"},"modified":"2025-06-02T21:15:08","modified_gmt":"2025-06-02T21:15:08","slug":"trafodelsedagsplaketter-for-bebisar","status":"publish","type":"product","link":"https:\/\/kiemmi.com\/sv\/shop\/decoracion-del-hogar\/habitacion-de-bebe\/placas-cumple-meses-bebe-de-madera\/","title":{"rendered":"Tr\u00e4f\u00f6delsedagsplaketter f\u00f6r bebisar"},"content":{"rendered":"<p>Ett barns f\u00f6rsta \u00e5r \u00e4r en v\u00e4ldigt \u00f6msint tid som flyger f\u00f6rbi.<\/p>\n<p>Med v\u00e5ra f\u00f6delsedagsplaketter i tr\u00e4 kan du f\u00f6reviga dessa \u00f6gonblick med ett foto fr\u00e5n varje m\u00e5nad och d\u00e4rmed f\u00e5 ett of\u00f6rgl\u00f6mligt minne av ditt barns tillv\u00e4xt.<\/p>\n<p>Du kan v\u00e4lja mellan 7 och 12 m\u00e5nader (3 plattor graverade p\u00e5 b\u00e5da sidor) eller hela \u00e5ret (6 plattor graverade p\u00e5 b\u00e5da sidor).<\/p>\n<p>V\u00e5ra plaketter kommer i en bomullsp\u00e5se.<\/p>\n<p>Produkten \u00e4r handgjord i Spanien.<\/p>\n<p><strong>M\u00e5tt:<\/strong><\/p>\n<ul>\n<li>Diameter: 10 cm<\/li>\n<li>Tjocklek: 3 mm<\/li>\n<\/ul>","protected":false},"excerpt":{"rendered":"<p>Plaquitas firar tr\u00e4m\u00e5nader.<\/p>\n<p>Du kan v\u00e4lja mellan 7 och 12 m\u00e5nader (3 plattor graverade p\u00e5 b\u00e5da sidor) eller hela \u00e5ret (6 plattor graverade p\u00e5 b\u00e5da sidor).<\/p>\n<p>V\u00e5ra plaketter kommer i en bomullsp\u00e5se.<\/p>\n<p>Produkten \u00e4r handgjord i Spanien.<\/p>","protected":false},"featured_media":4990,"template":"","meta":{"_seopress_robots_primary_cat":"52","_seopress_titles_title":"Plaquitas cumple meses de madera","_seopress_titles_desc":"Plaquitas cumple meses de madera. Puedes seleccionar de 7 a 12 meses o el a\u00f1o completo (12 meses). Nuestras plaquitas vienen dentro de una bolsa de algod\u00f3n.","_seopress_robots_index":"","site-sidebar-layout":"default","site-content-layout":"","ast-site-content-layout":"default","site-content-style":"default","site-sidebar-style":"default","ast-global-header-display":"","ast-banner-title-visibility":"","ast-main-header-display":"","ast-hfb-above-header-display":"","ast-hfb-below-header-display":"","ast-hfb-mobile-header-display":"","site-post-title":"","ast-breadcrumbs-content":"","ast-featured-img":"","footer-sml-layout":"","ast-disable-related-posts":"","theme-transparent-header-meta":"","adv-header-id-meta":"","stick-header-meta":"","header-above-stick-meta":"","header-main-stick-meta":"","header-below-stick-meta":"","astra-migrate-meta-layouts":"default","ast-page-background-enabled":"default","ast-page-background-meta":{"desktop":{"background-color":"","background-image":"","background-repeat":"repeat","background-position":"center center","background-size":"auto","background-attachment":"scroll","background-type":"","background-media":"","overlay-type":"","overlay-color":"","overlay-opacity":"","overlay-gradient":""},"tablet":{"background-color":"","background-image":"","background-repeat":"repeat","background-position":"center center","background-size":"auto","background-attachment":"scroll","background-type":"","background-media":"","overlay-type":"","overlay-color":"","overlay-opacity":"","overlay-gradient":""},"mobile":{"background-color":"","background-image":"","background-repeat":"repeat","background-position":"center center","background-size":"auto","background-attachment":"scroll","background-type":"","background-media":"","overlay-type":"","overlay-color":"","overlay-opacity":"","overlay-gradient":""}},"ast-content-background-meta":{"desktop":{"background-color":"var(--ast-global-color-5)","background-image":"","background-repeat":"repeat","background-position":"center center","background-size":"auto","background-attachment":"scroll","background-type":"","background-media":"","overlay-type":"","overlay-color":"","overlay-opacity":"","overlay-gradient":""},"tablet":{"background-color":"var(--ast-global-color-5)","background-image":"","background-repeat":"repeat","background-position":"center center","background-size":"auto","background-attachment":"scroll","background-type":"","background-media":"","overlay-type":"","overlay-color":"","overlay-opacity":"","overlay-gradient":""},"mobile":{"background-color":"var(--ast-global-color-5)","background-image":"","background-repeat":"repeat","background-position":"center center","background-size":"auto","background-attachment":"scroll","background-type":"","background-media":"","overlay-type":"","overlay-color":"","overlay-opacity":"","overlay-gradient":""}}},"product_brand":[],"product_cat":[51,52,49],"product_tag":[],"class_list":{"0":"post-4989","1":"product","2":"type-product","3":"status-publish","4":"has-post-thumbnail","6":"product_cat-decoracion-del-hogar","7":"product_cat-habitacion-de-bebe","8":"product_cat-regalos-originales","9":"desktop-align-center","10":"tablet-align-left","11":"mobile-align-center","12":"ast-product-gallery-layout-horizontal","13":"ast-magnify-disabled","14":"ast-product-tabs-layout-horizontal","15":"tm-has-options","17":"first","18":"instock","19":"taxable","20":"shipping-taxable","21":"purchasable","22":"product-type-simple"},"_links":{"self":[{"href":"https:\/\/kiemmi.com\/sv\/wp-json\/wp\/v2\/product\/4989","targetHints":{"allow":["GET"]}}],"collection":[{"href":"https:\/\/kiemmi.com\/sv\/wp-json\/wp\/v2\/product"}],"about":[{"href":"https:\/\/kiemmi.com\/sv\/wp-json\/wp\/v2\/types\/product"}],"version-history":[{"count":0,"href":"https:\/\/kiemmi.com\/sv\/wp-json\/wp\/v2\/product\/4989\/revisions"}],"wp:featuredmedia":[{"embeddable":true,"href":"https:\/\/kiemmi.com\/sv\/wp-json\/wp\/v2\/media\/4990"}],"wp:attachment":[{"href":"https:\/\/kiemmi.com\/sv\/wp-json\/wp\/v2\/media?parent=4989"}],"wp:term":[{"taxonomy":"product_brand","embeddable":true,"href":"https:\/\/kiemmi.com\/sv\/wp-json\/wp\/v2\/product_brand?post=4989"},{"taxonomy":"product_cat","embeddable":true,"href":"https:\/\/kiemmi.com\/sv\/wp-json\/wp\/v2\/product_cat?post=4989"},{"taxonomy":"product_tag","embeddable":true,"href":"https:\/\/kiemmi.com\/sv\/wp-json\/wp\/v2\/product_tag?post=4989"}],"curies":[{"name":"wp","href":"https:\/\/api.w.org\/{rel}","templated":true}]}}