{"id":4949,"date":"2022-11-02T22:03:25","date_gmt":"2022-11-02T22:03:25","guid":{"rendered":"https:\/\/kiemmi.com\/?post_type=product&#038;p=4949"},"modified":"2023-07-15T14:38:28","modified_gmt":"2023-07-15T14:38:28","slug":"trablommor-for-vaggdekoration-2","status":"publish","type":"product","link":"https:\/\/kiemmi.com\/sv\/shop\/decoracion-del-hogar\/habitacion-de-bebe\/flores-de-madera-para-decoracion-mural-2\/","title":{"rendered":"Tr\u00e4blommor f\u00f6r v\u00e4ggdekoration"},"content":{"rendered":"<p>Tr\u00e4blommor, perfekta som v\u00e4ggdekoration.<\/p>\n<p>Handgjorda tr\u00e4blommor.<\/p>\n<p>Om du k\u00f6per 5 eller fler enheter ges en superrabatt.<\/p>\n<p><strong>M\u00e5tt:<\/strong><\/p>\n<div id='gallery-1' class='gallery galleryid-4949 gallery-columns-4 gallery-size-thumbnail'><figure class='gallery-item'>\n\t\t\t<div class='gallery-icon landscape'>\n\t\t\t\t<a href='https:\/\/kiemmi.com\/wp-content\/uploads\/2022\/11\/Flore-mural-Modelo-1.jpg'><img width=\"150\" height=\"150\" src=\"https:\/\/kiemmi.com\/wp-content\/uploads\/2022\/11\/Flore-mural-Modelo-1-150x150.jpg\" class=\"attachment-thumbnail size-thumbnail\" alt=\"Tr\u00e4v\u00e4ggblomma - Modell 1\" aria-describedby=\"gallery-1-4953\" srcset=\"https:\/\/kiemmi.com\/wp-content\/uploads\/2022\/11\/Flore-mural-Modelo-1-150x150.jpg 150w, https:\/\/kiemmi.com\/wp-content\/uploads\/2022\/11\/Flore-mural-Modelo-1-300x300.jpg 300w, https:\/\/kiemmi.com\/wp-content\/uploads\/2022\/11\/Flore-mural-Modelo-1-100x100.jpg 100w, https:\/\/kiemmi.com\/wp-content\/uploads\/2022\/11\/Flore-mural-Modelo-1-600x600.jpg 600w, https:\/\/kiemmi.com\/wp-content\/uploads\/2022\/11\/Flore-mural-Modelo-1-64x64.jpg 64w, https:\/\/kiemmi.com\/wp-content\/uploads\/2022\/11\/Flore-mural-Modelo-1-1024x1024.jpg 1024w, https:\/\/kiemmi.com\/wp-content\/uploads\/2022\/11\/Flore-mural-Modelo-1-768x768.jpg 768w, https:\/\/kiemmi.com\/wp-content\/uploads\/2022\/11\/Flore-mural-Modelo-1-1536x1536.jpg 1536w, https:\/\/kiemmi.com\/wp-content\/uploads\/2022\/11\/Flore-mural-Modelo-1-12x12.jpg 12w, https:\/\/kiemmi.com\/wp-content\/uploads\/2022\/11\/Flore-mural-Modelo-1-500x500.jpg 500w, https:\/\/kiemmi.com\/wp-content\/uploads\/2022\/11\/Flore-mural-Modelo-1.jpg 2000w\" sizes=\"(max-width: 150px) 100vw, 150px\" data-xoowscfly=\"fly\" decoding=\"async\" \/><\/a>\n\t\t\t<\/div>\n\t\t\t\t<figcaption class='wp-caption-text gallery-caption' id='gallery-1-4953'>\n\t\t\t\t10 cm x 10 cm\n\t\t\t\t<\/figcaption><\/figure><figure class='gallery-item'>\n\t\t\t<div class='gallery-icon landscape'>\n\t\t\t\t<a href='https:\/\/kiemmi.com\/wp-content\/uploads\/2022\/11\/Flore-mural-Modelo-2.jpg'><img width=\"150\" height=\"150\" src=\"https:\/\/kiemmi.com\/wp-content\/uploads\/2022\/11\/Flore-mural-Modelo-2-150x150.jpg\" class=\"attachment-thumbnail size-thumbnail\" alt=\"Tr\u00e4v\u00e4ggblomma - Modell 2\" aria-describedby=\"gallery-1-4960\" srcset=\"https:\/\/kiemmi.com\/wp-content\/uploads\/2022\/11\/Flore-mural-Modelo-2-150x150.jpg 150w, https:\/\/kiemmi.com\/wp-content\/uploads\/2022\/11\/Flore-mural-Modelo-2-300x300.jpg 300w, https:\/\/kiemmi.com\/wp-content\/uploads\/2022\/11\/Flore-mural-Modelo-2-100x100.jpg 100w, https:\/\/kiemmi.com\/wp-content\/uploads\/2022\/11\/Flore-mural-Modelo-2-600x600.jpg 600w, https:\/\/kiemmi.com\/wp-content\/uploads\/2022\/11\/Flore-mural-Modelo-2-64x64.jpg 64w, https:\/\/kiemmi.com\/wp-content\/uploads\/2022\/11\/Flore-mural-Modelo-2-1024x1024.jpg 1024w, https:\/\/kiemmi.com\/wp-content\/uploads\/2022\/11\/Flore-mural-Modelo-2-768x768.jpg 768w, https:\/\/kiemmi.com\/wp-content\/uploads\/2022\/11\/Flore-mural-Modelo-2-1536x1536.jpg 1536w, https:\/\/kiemmi.com\/wp-content\/uploads\/2022\/11\/Flore-mural-Modelo-2-12x12.jpg 12w, https:\/\/kiemmi.com\/wp-content\/uploads\/2022\/11\/Flore-mural-Modelo-2-500x500.jpg 500w, https:\/\/kiemmi.com\/wp-content\/uploads\/2022\/11\/Flore-mural-Modelo-2.jpg 2000w\" sizes=\"(max-width: 150px) 100vw, 150px\" data-xoowscfly=\"fly\" decoding=\"async\" \/><\/a>\n\t\t\t<\/div>\n\t\t\t\t<figcaption class='wp-caption-text gallery-caption' id='gallery-1-4960'>\n\t\t\t\t10 cm x 8,5 cm\n\t\t\t\t<\/figcaption><\/figure><figure class='gallery-item'>\n\t\t\t<div class='gallery-icon landscape'>\n\t\t\t\t<a href='https:\/\/kiemmi.com\/wp-content\/uploads\/2022\/11\/Flore-mural-Modelo-3.jpg'><img width=\"150\" height=\"150\" src=\"https:\/\/kiemmi.com\/wp-content\/uploads\/2022\/11\/Flore-mural-Modelo-3-150x150.jpg\" class=\"attachment-thumbnail size-thumbnail\" alt=\"Tr\u00e4v\u00e4ggblomma - Modell 3\" aria-describedby=\"gallery-1-4959\" srcset=\"https:\/\/kiemmi.com\/wp-content\/uploads\/2022\/11\/Flore-mural-Modelo-3-150x150.jpg 150w, https:\/\/kiemmi.com\/wp-content\/uploads\/2022\/11\/Flore-mural-Modelo-3-300x300.jpg 300w, https:\/\/kiemmi.com\/wp-content\/uploads\/2022\/11\/Flore-mural-Modelo-3-100x100.jpg 100w, https:\/\/kiemmi.com\/wp-content\/uploads\/2022\/11\/Flore-mural-Modelo-3-600x600.jpg 600w, https:\/\/kiemmi.com\/wp-content\/uploads\/2022\/11\/Flore-mural-Modelo-3-64x64.jpg 64w, https:\/\/kiemmi.com\/wp-content\/uploads\/2022\/11\/Flore-mural-Modelo-3-1024x1024.jpg 1024w, https:\/\/kiemmi.com\/wp-content\/uploads\/2022\/11\/Flore-mural-Modelo-3-768x768.jpg 768w, https:\/\/kiemmi.com\/wp-content\/uploads\/2022\/11\/Flore-mural-Modelo-3-1536x1536.jpg 1536w, https:\/\/kiemmi.com\/wp-content\/uploads\/2022\/11\/Flore-mural-Modelo-3-12x12.jpg 12w, https:\/\/kiemmi.com\/wp-content\/uploads\/2022\/11\/Flore-mural-Modelo-3-500x500.jpg 500w, https:\/\/kiemmi.com\/wp-content\/uploads\/2022\/11\/Flore-mural-Modelo-3.jpg 2000w\" sizes=\"(max-width: 150px) 100vw, 150px\" data-xoowscfly=\"fly\" decoding=\"async\" \/><\/a>\n\t\t\t<\/div>\n\t\t\t\t<figcaption class='wp-caption-text gallery-caption' id='gallery-1-4959'>\n\t\t\t\t9 cm x 10 cm\n\t\t\t\t<\/figcaption><\/figure><figure class='gallery-item'>\n\t\t\t<div class='gallery-icon landscape'>\n\t\t\t\t<a href='https:\/\/kiemmi.com\/wp-content\/uploads\/2022\/11\/Flore-mural-Modelo-4.jpg'><img width=\"150\" height=\"150\" src=\"https:\/\/kiemmi.com\/wp-content\/uploads\/2022\/11\/Flore-mural-Modelo-4-150x150.jpg\" class=\"attachment-thumbnail size-thumbnail\" alt=\"Tr\u00e4v\u00e4ggblomma - Modell 4\" aria-describedby=\"gallery-1-4958\" srcset=\"https:\/\/kiemmi.com\/wp-content\/uploads\/2022\/11\/Flore-mural-Modelo-4-150x150.jpg 150w, https:\/\/kiemmi.com\/wp-content\/uploads\/2022\/11\/Flore-mural-Modelo-4-300x300.jpg 300w, https:\/\/kiemmi.com\/wp-content\/uploads\/2022\/11\/Flore-mural-Modelo-4-100x100.jpg 100w, https:\/\/kiemmi.com\/wp-content\/uploads\/2022\/11\/Flore-mural-Modelo-4-600x600.jpg 600w, https:\/\/kiemmi.com\/wp-content\/uploads\/2022\/11\/Flore-mural-Modelo-4-64x64.jpg 64w, https:\/\/kiemmi.com\/wp-content\/uploads\/2022\/11\/Flore-mural-Modelo-4-1024x1024.jpg 1024w, https:\/\/kiemmi.com\/wp-content\/uploads\/2022\/11\/Flore-mural-Modelo-4-768x768.jpg 768w, https:\/\/kiemmi.com\/wp-content\/uploads\/2022\/11\/Flore-mural-Modelo-4-1536x1536.jpg 1536w, https:\/\/kiemmi.com\/wp-content\/uploads\/2022\/11\/Flore-mural-Modelo-4-12x12.jpg 12w, https:\/\/kiemmi.com\/wp-content\/uploads\/2022\/11\/Flore-mural-Modelo-4-500x500.jpg 500w, https:\/\/kiemmi.com\/wp-content\/uploads\/2022\/11\/Flore-mural-Modelo-4.jpg 2000w\" sizes=\"(max-width: 150px) 100vw, 150px\" data-xoowscfly=\"fly\" decoding=\"async\" \/><\/a>\n\t\t\t<\/div>\n\t\t\t\t<figcaption class='wp-caption-text gallery-caption' id='gallery-1-4958'>\n\t\t\t\t10 cm x 9,8 cm\n\t\t\t\t<\/figcaption><\/figure><figure class='gallery-item'>\n\t\t\t<div class='gallery-icon landscape'>\n\t\t\t\t<a href='https:\/\/kiemmi.com\/wp-content\/uploads\/2022\/11\/Flore-mural-Modelo-5.jpg'><img width=\"150\" height=\"150\" src=\"https:\/\/kiemmi.com\/wp-content\/uploads\/2022\/11\/Flore-mural-Modelo-5-150x150.jpg\" class=\"attachment-thumbnail size-thumbnail\" alt=\"Tr\u00e4v\u00e4ggblomma - Modell 5\" aria-describedby=\"gallery-1-4957\" srcset=\"https:\/\/kiemmi.com\/wp-content\/uploads\/2022\/11\/Flore-mural-Modelo-5-150x150.jpg 150w, https:\/\/kiemmi.com\/wp-content\/uploads\/2022\/11\/Flore-mural-Modelo-5-300x300.jpg 300w, https:\/\/kiemmi.com\/wp-content\/uploads\/2022\/11\/Flore-mural-Modelo-5-100x100.jpg 100w, https:\/\/kiemmi.com\/wp-content\/uploads\/2022\/11\/Flore-mural-Modelo-5-600x600.jpg 600w, https:\/\/kiemmi.com\/wp-content\/uploads\/2022\/11\/Flore-mural-Modelo-5-64x64.jpg 64w, https:\/\/kiemmi.com\/wp-content\/uploads\/2022\/11\/Flore-mural-Modelo-5-1024x1024.jpg 1024w, https:\/\/kiemmi.com\/wp-content\/uploads\/2022\/11\/Flore-mural-Modelo-5-768x768.jpg 768w, https:\/\/kiemmi.com\/wp-content\/uploads\/2022\/11\/Flore-mural-Modelo-5-1536x1536.jpg 1536w, https:\/\/kiemmi.com\/wp-content\/uploads\/2022\/11\/Flore-mural-Modelo-5-12x12.jpg 12w, https:\/\/kiemmi.com\/wp-content\/uploads\/2022\/11\/Flore-mural-Modelo-5-500x500.jpg 500w, https:\/\/kiemmi.com\/wp-content\/uploads\/2022\/11\/Flore-mural-Modelo-5.jpg 2000w\" sizes=\"(max-width: 150px) 100vw, 150px\" data-xoowscfly=\"fly\" decoding=\"async\" \/><\/a>\n\t\t\t<\/div>\n\t\t\t\t<figcaption class='wp-caption-text gallery-caption' id='gallery-1-4957'>\n\t\t\t\t9,7 cm x 10 x m\n\t\t\t\t<\/figcaption><\/figure><figure class='gallery-item'>\n\t\t\t<div class='gallery-icon landscape'>\n\t\t\t\t<a href='https:\/\/kiemmi.com\/wp-content\/uploads\/2022\/11\/Flore-mural-Modelo-6.jpg'><img width=\"150\" height=\"150\" src=\"https:\/\/kiemmi.com\/wp-content\/uploads\/2022\/11\/Flore-mural-Modelo-6-150x150.jpg\" class=\"attachment-thumbnail size-thumbnail\" alt=\"Tr\u00e4v\u00e4ggblomma - Modell 6\" aria-describedby=\"gallery-1-4956\" srcset=\"https:\/\/kiemmi.com\/wp-content\/uploads\/2022\/11\/Flore-mural-Modelo-6-150x150.jpg 150w, https:\/\/kiemmi.com\/wp-content\/uploads\/2022\/11\/Flore-mural-Modelo-6-300x300.jpg 300w, https:\/\/kiemmi.com\/wp-content\/uploads\/2022\/11\/Flore-mural-Modelo-6-100x100.jpg 100w, https:\/\/kiemmi.com\/wp-content\/uploads\/2022\/11\/Flore-mural-Modelo-6-600x600.jpg 600w, https:\/\/kiemmi.com\/wp-content\/uploads\/2022\/11\/Flore-mural-Modelo-6-64x64.jpg 64w, https:\/\/kiemmi.com\/wp-content\/uploads\/2022\/11\/Flore-mural-Modelo-6-1024x1024.jpg 1024w, https:\/\/kiemmi.com\/wp-content\/uploads\/2022\/11\/Flore-mural-Modelo-6-768x768.jpg 768w, https:\/\/kiemmi.com\/wp-content\/uploads\/2022\/11\/Flore-mural-Modelo-6-1536x1536.jpg 1536w, https:\/\/kiemmi.com\/wp-content\/uploads\/2022\/11\/Flore-mural-Modelo-6-12x12.jpg 12w, https:\/\/kiemmi.com\/wp-content\/uploads\/2022\/11\/Flore-mural-Modelo-6-500x500.jpg 500w, https:\/\/kiemmi.com\/wp-content\/uploads\/2022\/11\/Flore-mural-Modelo-6.jpg 2000w\" sizes=\"(max-width: 150px) 100vw, 150px\" data-xoowscfly=\"fly\" decoding=\"async\" \/><\/a>\n\t\t\t<\/div>\n\t\t\t\t<figcaption class='wp-caption-text gallery-caption' id='gallery-1-4956'>\n\t\t\t\t10 cm x 9,7 cm\n\t\t\t\t<\/figcaption><\/figure><figure class='gallery-item'>\n\t\t\t<div class='gallery-icon landscape'>\n\t\t\t\t<a href='https:\/\/kiemmi.com\/wp-content\/uploads\/2022\/11\/Flore-mural-Modelo-7.jpg'><img width=\"150\" height=\"150\" src=\"https:\/\/kiemmi.com\/wp-content\/uploads\/2022\/11\/Flore-mural-Modelo-7-150x150.jpg\" class=\"attachment-thumbnail size-thumbnail\" alt=\"Tr\u00e4v\u00e4ggblomma - Modell 7\" aria-describedby=\"gallery-1-4955\" srcset=\"https:\/\/kiemmi.com\/wp-content\/uploads\/2022\/11\/Flore-mural-Modelo-7-150x150.jpg 150w, https:\/\/kiemmi.com\/wp-content\/uploads\/2022\/11\/Flore-mural-Modelo-7-300x300.jpg 300w, https:\/\/kiemmi.com\/wp-content\/uploads\/2022\/11\/Flore-mural-Modelo-7-100x100.jpg 100w, https:\/\/kiemmi.com\/wp-content\/uploads\/2022\/11\/Flore-mural-Modelo-7-600x600.jpg 600w, https:\/\/kiemmi.com\/wp-content\/uploads\/2022\/11\/Flore-mural-Modelo-7-64x64.jpg 64w, https:\/\/kiemmi.com\/wp-content\/uploads\/2022\/11\/Flore-mural-Modelo-7-1024x1024.jpg 1024w, https:\/\/kiemmi.com\/wp-content\/uploads\/2022\/11\/Flore-mural-Modelo-7-768x768.jpg 768w, https:\/\/kiemmi.com\/wp-content\/uploads\/2022\/11\/Flore-mural-Modelo-7-1536x1536.jpg 1536w, https:\/\/kiemmi.com\/wp-content\/uploads\/2022\/11\/Flore-mural-Modelo-7-12x12.jpg 12w, https:\/\/kiemmi.com\/wp-content\/uploads\/2022\/11\/Flore-mural-Modelo-7-500x500.jpg 500w, https:\/\/kiemmi.com\/wp-content\/uploads\/2022\/11\/Flore-mural-Modelo-7.jpg 2000w\" sizes=\"(max-width: 150px) 100vw, 150px\" data-xoowscfly=\"fly\" decoding=\"async\" \/><\/a>\n\t\t\t<\/div>\n\t\t\t\t<figcaption class='wp-caption-text gallery-caption' id='gallery-1-4955'>\n\t\t\t\t10 cm x 9,5 cm\n\t\t\t\t<\/figcaption><\/figure><figure class='gallery-item'>\n\t\t\t<div class='gallery-icon landscape'>\n\t\t\t\t<a href='https:\/\/kiemmi.com\/wp-content\/uploads\/2022\/11\/Flore-mural-Modelo-8.jpg'><img width=\"150\" height=\"150\" src=\"https:\/\/kiemmi.com\/wp-content\/uploads\/2022\/11\/Flore-mural-Modelo-8-150x150.jpg\" class=\"attachment-thumbnail size-thumbnail\" alt=\"Tr\u00e4v\u00e4ggblomma - Modell 8\" aria-describedby=\"gallery-1-4954\" srcset=\"https:\/\/kiemmi.com\/wp-content\/uploads\/2022\/11\/Flore-mural-Modelo-8-150x150.jpg 150w, https:\/\/kiemmi.com\/wp-content\/uploads\/2022\/11\/Flore-mural-Modelo-8-300x300.jpg 300w, https:\/\/kiemmi.com\/wp-content\/uploads\/2022\/11\/Flore-mural-Modelo-8-100x100.jpg 100w, https:\/\/kiemmi.com\/wp-content\/uploads\/2022\/11\/Flore-mural-Modelo-8-600x600.jpg 600w, https:\/\/kiemmi.com\/wp-content\/uploads\/2022\/11\/Flore-mural-Modelo-8-64x64.jpg 64w, https:\/\/kiemmi.com\/wp-content\/uploads\/2022\/11\/Flore-mural-Modelo-8-1024x1024.jpg 1024w, https:\/\/kiemmi.com\/wp-content\/uploads\/2022\/11\/Flore-mural-Modelo-8-768x768.jpg 768w, https:\/\/kiemmi.com\/wp-content\/uploads\/2022\/11\/Flore-mural-Modelo-8-1536x1536.jpg 1536w, https:\/\/kiemmi.com\/wp-content\/uploads\/2022\/11\/Flore-mural-Modelo-8-12x12.jpg 12w, https:\/\/kiemmi.com\/wp-content\/uploads\/2022\/11\/Flore-mural-Modelo-8-500x500.jpg 500w, https:\/\/kiemmi.com\/wp-content\/uploads\/2022\/11\/Flore-mural-Modelo-8.jpg 2000w\" sizes=\"(max-width: 150px) 100vw, 150px\" data-xoowscfly=\"fly\" decoding=\"async\" \/><\/a>\n\t\t\t<\/div>\n\t\t\t\t<figcaption class='wp-caption-text gallery-caption' id='gallery-1-4954'>\n\t\t\t\t9,7 cm x 10 cm\n\t\t\t\t<\/figcaption><\/figure>\n\t\t<\/div>","protected":false},"excerpt":{"rendered":"<p>Tr\u00e4blommor, perfekta som v\u00e4ggdekoration.<\/p>\n<p><span style=\"font-size: 1rem;\">Handgjorda tr\u00e4blommor.<\/span><\/p>","protected":false},"featured_media":4950,"template":"","meta":{"_seopress_robots_primary_cat":"52","_seopress_titles_title":"Flores de madera hecha de mano para decoraci\u00f3n mural","_seopress_titles_desc":"Flores de madera, ideal como elemento de decoraci\u00f3n mural para la habitaci\u00f3n de los ni\u00f1os. Flores de madera hechas a mano.","_seopress_robots_index":"","site-sidebar-layout":"default","site-content-layout":"","ast-site-content-layout":"default","site-content-style":"default","site-sidebar-style":"default","ast-global-header-display":"","ast-banner-title-visibility":"","ast-main-header-display":"","ast-hfb-above-header-display":"","ast-hfb-below-header-display":"","ast-hfb-mobile-header-display":"","site-post-title":"","ast-breadcrumbs-content":"","ast-featured-img":"","footer-sml-layout":"","ast-disable-related-posts":"","theme-transparent-header-meta":"","adv-header-id-meta":"","stick-header-meta":"","header-above-stick-meta":"","header-main-stick-meta":"","header-below-stick-meta":"","astra-migrate-meta-layouts":"default","ast-page-background-enabled":"default","ast-page-background-meta":{"desktop":{"background-color":"","background-image":"","background-repeat":"repeat","background-position":"center center","background-size":"auto","background-attachment":"scroll","background-type":"","background-media":"","overlay-type":"","overlay-color":"","overlay-opacity":"","overlay-gradient":""},"tablet":{"background-color":"","background-image":"","background-repeat":"repeat","background-position":"center center","background-size":"auto","background-attachment":"scroll","background-type":"","background-media":"","overlay-type":"","overlay-color":"","overlay-opacity":"","overlay-gradient":""},"mobile":{"background-color":"","background-image":"","background-repeat":"repeat","background-position":"center center","background-size":"auto","background-attachment":"scroll","background-type":"","background-media":"","overlay-type":"","overlay-color":"","overlay-opacity":"","overlay-gradient":""}},"ast-content-background-meta":{"desktop":{"background-color":"var(--ast-global-color-5)","background-image":"","background-repeat":"repeat","background-position":"center center","background-size":"auto","background-attachment":"scroll","background-type":"","background-media":"","overlay-type":"","overlay-color":"","overlay-opacity":"","overlay-gradient":""},"tablet":{"background-color":"var(--ast-global-color-5)","background-image":"","background-repeat":"repeat","background-position":"center center","background-size":"auto","background-attachment":"scroll","background-type":"","background-media":"","overlay-type":"","overlay-color":"","overlay-opacity":"","overlay-gradient":""},"mobile":{"background-color":"var(--ast-global-color-5)","background-image":"","background-repeat":"repeat","background-position":"center center","background-size":"auto","background-attachment":"scroll","background-type":"","background-media":"","overlay-type":"","overlay-color":"","overlay-opacity":"","overlay-gradient":""}}},"product_brand":[],"product_cat":[51,52,49],"product_tag":[],"class_list":{"0":"post-4949","1":"product","2":"type-product","3":"status-publish","4":"has-post-thumbnail","6":"product_cat-decoracion-del-hogar","7":"product_cat-habitacion-de-bebe","8":"product_cat-regalos-originales","9":"desktop-align-center","10":"tablet-align-left","11":"mobile-align-center","12":"ast-product-gallery-layout-horizontal","13":"ast-magnify-disabled","14":"ast-product-tabs-layout-horizontal","15":"tm-has-options","17":"first","18":"instock","19":"taxable","20":"shipping-taxable","21":"purchasable","22":"product-type-simple"},"_links":{"self":[{"href":"https:\/\/kiemmi.com\/sv\/wp-json\/wp\/v2\/product\/4949","targetHints":{"allow":["GET"]}}],"collection":[{"href":"https:\/\/kiemmi.com\/sv\/wp-json\/wp\/v2\/product"}],"about":[{"href":"https:\/\/kiemmi.com\/sv\/wp-json\/wp\/v2\/types\/product"}],"version-history":[{"count":0,"href":"https:\/\/kiemmi.com\/sv\/wp-json\/wp\/v2\/product\/4949\/revisions"}],"wp:featuredmedia":[{"embeddable":true,"href":"https:\/\/kiemmi.com\/sv\/wp-json\/wp\/v2\/media\/4950"}],"wp:attachment":[{"href":"https:\/\/kiemmi.com\/sv\/wp-json\/wp\/v2\/media?parent=4949"}],"wp:term":[{"taxonomy":"product_brand","embeddable":true,"href":"https:\/\/kiemmi.com\/sv\/wp-json\/wp\/v2\/product_brand?post=4949"},{"taxonomy":"product_cat","embeddable":true,"href":"https:\/\/kiemmi.com\/sv\/wp-json\/wp\/v2\/product_cat?post=4949"},{"taxonomy":"product_tag","embeddable":true,"href":"https:\/\/kiemmi.com\/sv\/wp-json\/wp\/v2\/product_tag?post=4949"}],"curies":[{"name":"wp","href":"https:\/\/api.w.org\/{rel}","templated":true}]}}