{"id":4932,"date":"2022-10-23T08:12:17","date_gmt":"2022-10-23T08:12:17","guid":{"rendered":"https:\/\/kiemmi.com\/?post_type=product&#038;p=4932"},"modified":"2023-10-07T20:47:22","modified_gmt":"2023-10-07T20:47:22","slug":"traballong-med-personligt-namn-for-dekoration-i-ditt-barns-rum","status":"publish","type":"product","link":"https:\/\/kiemmi.com\/sv\/shop\/decoracion-del-hogar\/habitacion-de-bebe\/globo-de-madera-con-nombre-personalizado-para-decoracion-de-habitacion-de-tu-bebe\/","title":{"rendered":"Tr\u00e4ballong med personligt namn f\u00f6r dekoration i ditt barns rum"},"content":{"rendered":"<p>Om du letar efter ett unikt och speciellt s\u00e4tt att ge ditt barns barnrum en touch av charm eller \u00f6verraska en n\u00e4rst\u00e5ende som just v\u00e4lkomnat en nyf\u00f6dd, har du kommit till r\u00e4tt st\u00e4lle. V\u00e5ra handgjorda, laserskurna jordglober i naturtr\u00e4 \u00e4r det perfekta valet f\u00f6r att ge en touch av \u00f6mhet och personlighet till vilket utrymme som helst.<\/p>\n<p>Vad g\u00f6r v\u00e5ra ballonger s\u00e5 speciella? F\u00f6rst och fr\u00e4mst \u00e4r varje ballong ett konstverk, handgjort med k\u00e4rlek och omsorg. Vi anv\u00e4nder naturligt tr\u00e4 av h\u00f6gsta kvalitet f\u00f6r att s\u00e4kerst\u00e4lla ett h\u00e5llbart och vackert verk. Men det som verkligen g\u00f6r dessa ballonger unika \u00e4r m\u00f6jligheten att anpassa dem med ditt barns namn eller namnet p\u00e5 den d\u00e4r speciella personen. Det \u00e4r ett fint s\u00e4tt att g\u00f6ra varje ballong verkligt unik och meningsfull.<\/p>\n<p>F\u00f6r att passa dina preferenser och behov erbjuder vi tre f\u00e4rgalternativ: bl\u00e5, rosa eller naturligt tr\u00e4. Du kan v\u00e4lja den nyans som b\u00e4st passar rummets stil eller smaken hos personen du ger bort den till. Vi erbjuder ocks\u00e5 tv\u00e5 olika ballongstorlekar: 25 cm eller 30 cm h\u00f6ga, s\u00e5 att du kan hitta den perfekta storleken f\u00f6r den inredning du hade i \u00e5tanke.<\/p>\n<p>V\u00e5ra personliga tr\u00e4glober \u00e4r mer \u00e4n bara dekorativa f\u00f6rem\u00e5l; de \u00e4r skatter som ber\u00e4ttar en historia och skapar of\u00f6rgl\u00f6mliga minnen. Oavsett om du vill f\u00f6rsk\u00f6na ditt barns barnrum eller ge bort en present med en personlig touch vid ett speciellt tillf\u00e4lle, \u00e4r v\u00e5ra glober det perfekta valet.<\/p>\n<p>S\u00e5 v\u00e4nta inte l\u00e4ngre och l\u00e4gg till en touch av magi i ditt liv med v\u00e5ra charmiga personliga jordglober i naturligt tr\u00e4. L\u00e4gg din best\u00e4llning idag och skapa of\u00f6rgl\u00f6mliga \u00f6gonblick som varar f\u00f6r evigt!<\/p>\n<p><strong style=\"font-size: 1rem;\">M\u00e5tt:<\/strong><\/p>\n<ul>\n<li><strong>Normal modell:<\/strong>\n<ul>\n<li><strong>H\u00f6g:<\/strong> 25 cm<\/li>\n<li><strong>Bred:<\/strong> Det varierar beroende p\u00e5 namnets l\u00e4ngd.<\/li>\n<li><strong>Tjocklek:<\/strong> 8mm<\/li>\n<\/ul>\n<\/li>\n<li><strong>Stor modell:<\/strong>\n<ul>\n<li><strong>H\u00f6g:<\/strong> 30 cm<\/li>\n<li><strong>Bred:<\/strong> Det varierar beroende p\u00e5 namnets l\u00e4ngd.<\/li>\n<li><strong>Tjocklek:<\/strong> 8mm<\/li>\n<\/ul>\n<\/li>\n<\/ul>","protected":false},"excerpt":{"rendered":"<p>Uppt\u00e4ck v\u00e5ra personliga jordglober i naturtr\u00e4, perfekta f\u00f6r att inreda babyrum eller som speciella presenter. Varje jordglob \u00e4r handgjord med lasersk\u00e4rning och kan anpassas med ditt barns eller din \u00e4lskades namn. Vi erbjuder tre f\u00e4rger (bl\u00e5, rosa eller naturtr\u00e4) och tv\u00e5 storlekar (25 cm eller 30 cm) f\u00f6r att passa dina preferenser. Dessa jordglober \u00e4r unika f\u00f6rem\u00e5l som ger charm och mening till alla utrymmen. Best\u00e4ll idag och skapa of\u00f6rgl\u00f6mliga stunder med v\u00e5ra personliga jordglober.<\/p>","protected":false},"featured_media":4933,"template":"","meta":{"_seopress_robots_primary_cat":"52","_seopress_titles_title":"Globo de madera con nombre personalizado para habitaci\u00f3n de ni\u00f1o","_seopress_titles_desc":"Globo decorativo hecho a mano de madera personalizado con el nombre de tu bebe. Ideal para la decoraci\u00f3n de la habitaci\u00f3n de tu bebe.","_seopress_robots_index":"","site-sidebar-layout":"default","site-content-layout":"","ast-site-content-layout":"default","site-content-style":"default","site-sidebar-style":"default","ast-global-header-display":"","ast-banner-title-visibility":"","ast-main-header-display":"","ast-hfb-above-header-display":"","ast-hfb-below-header-display":"","ast-hfb-mobile-header-display":"","site-post-title":"","ast-breadcrumbs-content":"","ast-featured-img":"","footer-sml-layout":"","ast-disable-related-posts":"","theme-transparent-header-meta":"","adv-header-id-meta":"","stick-header-meta":"","header-above-stick-meta":"","header-main-stick-meta":"","header-below-stick-meta":"","astra-migrate-meta-layouts":"default","ast-page-background-enabled":"default","ast-page-background-meta":{"desktop":{"background-color":"","background-image":"","background-repeat":"repeat","background-position":"center center","background-size":"auto","background-attachment":"scroll","background-type":"","background-media":"","overlay-type":"","overlay-color":"","overlay-opacity":"","overlay-gradient":""},"tablet":{"background-color":"","background-image":"","background-repeat":"repeat","background-position":"center center","background-size":"auto","background-attachment":"scroll","background-type":"","background-media":"","overlay-type":"","overlay-color":"","overlay-opacity":"","overlay-gradient":""},"mobile":{"background-color":"","background-image":"","background-repeat":"repeat","background-position":"center center","background-size":"auto","background-attachment":"scroll","background-type":"","background-media":"","overlay-type":"","overlay-color":"","overlay-opacity":"","overlay-gradient":""}},"ast-content-background-meta":{"desktop":{"background-color":"var(--ast-global-color-5)","background-image":"","background-repeat":"repeat","background-position":"center center","background-size":"auto","background-attachment":"scroll","background-type":"","background-media":"","overlay-type":"","overlay-color":"","overlay-opacity":"","overlay-gradient":""},"tablet":{"background-color":"var(--ast-global-color-5)","background-image":"","background-repeat":"repeat","background-position":"center center","background-size":"auto","background-attachment":"scroll","background-type":"","background-media":"","overlay-type":"","overlay-color":"","overlay-opacity":"","overlay-gradient":""},"mobile":{"background-color":"var(--ast-global-color-5)","background-image":"","background-repeat":"repeat","background-position":"center center","background-size":"auto","background-attachment":"scroll","background-type":"","background-media":"","overlay-type":"","overlay-color":"","overlay-opacity":"","overlay-gradient":""}}},"product_brand":[],"product_cat":[51,52],"product_tag":[],"class_list":{"0":"post-4932","1":"product","2":"type-product","3":"status-publish","4":"has-post-thumbnail","6":"product_cat-decoracion-del-hogar","7":"product_cat-habitacion-de-bebe","8":"desktop-align-center","9":"tablet-align-left","10":"mobile-align-center","11":"ast-product-gallery-layout-horizontal","12":"ast-magnify-disabled","13":"ast-product-tabs-layout-horizontal","14":"tm-has-options","16":"first","17":"instock","18":"taxable","19":"shipping-taxable","20":"purchasable","21":"product-type-simple"},"_links":{"self":[{"href":"https:\/\/kiemmi.com\/sv\/wp-json\/wp\/v2\/product\/4932","targetHints":{"allow":["GET"]}}],"collection":[{"href":"https:\/\/kiemmi.com\/sv\/wp-json\/wp\/v2\/product"}],"about":[{"href":"https:\/\/kiemmi.com\/sv\/wp-json\/wp\/v2\/types\/product"}],"version-history":[{"count":0,"href":"https:\/\/kiemmi.com\/sv\/wp-json\/wp\/v2\/product\/4932\/revisions"}],"wp:featuredmedia":[{"embeddable":true,"href":"https:\/\/kiemmi.com\/sv\/wp-json\/wp\/v2\/media\/4933"}],"wp:attachment":[{"href":"https:\/\/kiemmi.com\/sv\/wp-json\/wp\/v2\/media?parent=4932"}],"wp:term":[{"taxonomy":"product_brand","embeddable":true,"href":"https:\/\/kiemmi.com\/sv\/wp-json\/wp\/v2\/product_brand?post=4932"},{"taxonomy":"product_cat","embeddable":true,"href":"https:\/\/kiemmi.com\/sv\/wp-json\/wp\/v2\/product_cat?post=4932"},{"taxonomy":"product_tag","embeddable":true,"href":"https:\/\/kiemmi.com\/sv\/wp-json\/wp\/v2\/product_tag?post=4932"}],"curies":[{"name":"wp","href":"https:\/\/api.w.org\/{rel}","templated":true}]}}