{"id":4799,"date":"2022-09-22T11:40:20","date_gmt":"2022-09-22T11:40:20","guid":{"rendered":"https:\/\/kiemmi.com\/?post_type=product&#038;p=4799"},"modified":"2023-05-29T11:15:39","modified_gmt":"2023-05-29T11:15:39","slug":"ednas-vaggdekoration-i-trahuset","status":"publish","type":"product","link":"https:\/\/kiemmi.com\/sv\/shop\/decoracion-del-hogar\/casa-edna-de-madera-de-decoracion-mural\/","title":{"rendered":"Ednas v\u00e4ggdekorationshus i tr\u00e4"},"content":{"rendered":"<p>Hem<strong>Edna<\/strong>\u201dv\u00e4ggdekoration i tr\u00e4.\u201d<\/p>\n<p>Den levereras omonterad, du kan tona f\u00f6nsterkarmarna i vilken f\u00e4rg du vill.<\/p>\n<p>F\u00f6nsterkarmarna och balkongen ska limmas.<\/p>\n<p>Mycket dekorativt element, perfekt f\u00f6r barnrum.<\/p>\n<p><strong style=\"font-size: 1rem;\">M\u00e5tt:<\/strong><\/p>\n<ul>\n<li><strong>H\u00f6g:<\/strong> 50 cm<\/li>\n<li><strong>Bred:<\/strong> 22 cm<\/li>\n<\/ul>","protected":false},"excerpt":{"rendered":"<p>Hem<strong>Edna<\/strong>\u201dv\u00e4ggdekoration i tr\u00e4.\u201d<\/p>\n<p>Den levereras omonterad, du kan tona f\u00f6nsterkarmarna i vilken f\u00e4rg du vill.<\/p>\n<p>F\u00f6nsterkarmarna och balkongen ska limmas.<\/p>\n<p>Mycket dekorativt element, perfekt f\u00f6r barnrum.<\/p>","protected":false},"featured_media":4800,"template":"","meta":{"_seopress_robots_primary_cat":"51","_seopress_titles_title":"Casa Edna de madera de decoraci\u00f3n mural","_seopress_titles_desc":"Casa &quot;Edna&quot; de madera de decoraci\u00f3n mural. Viene sin montar. Puedes te\u00f1ir ciertas partes. Elemento muy decorativo, ideal para habitaciones de ni\u00f1os.","_seopress_robots_index":"","site-sidebar-layout":"default","site-content-layout":"","ast-site-content-layout":"default","site-content-style":"default","site-sidebar-style":"default","ast-global-header-display":"","ast-banner-title-visibility":"","ast-main-header-display":"","ast-hfb-above-header-display":"","ast-hfb-below-header-display":"","ast-hfb-mobile-header-display":"","site-post-title":"","ast-breadcrumbs-content":"","ast-featured-img":"","footer-sml-layout":"","ast-disable-related-posts":"","theme-transparent-header-meta":"","adv-header-id-meta":"","stick-header-meta":"","header-above-stick-meta":"","header-main-stick-meta":"","header-below-stick-meta":"","astra-migrate-meta-layouts":"default","ast-page-background-enabled":"default","ast-page-background-meta":{"desktop":{"background-color":"","background-image":"","background-repeat":"repeat","background-position":"center center","background-size":"auto","background-attachment":"scroll","background-type":"","background-media":"","overlay-type":"","overlay-color":"","overlay-opacity":"","overlay-gradient":""},"tablet":{"background-color":"","background-image":"","background-repeat":"repeat","background-position":"center center","background-size":"auto","background-attachment":"scroll","background-type":"","background-media":"","overlay-type":"","overlay-color":"","overlay-opacity":"","overlay-gradient":""},"mobile":{"background-color":"","background-image":"","background-repeat":"repeat","background-position":"center center","background-size":"auto","background-attachment":"scroll","background-type":"","background-media":"","overlay-type":"","overlay-color":"","overlay-opacity":"","overlay-gradient":""}},"ast-content-background-meta":{"desktop":{"background-color":"var(--ast-global-color-5)","background-image":"","background-repeat":"repeat","background-position":"center center","background-size":"auto","background-attachment":"scroll","background-type":"","background-media":"","overlay-type":"","overlay-color":"","overlay-opacity":"","overlay-gradient":""},"tablet":{"background-color":"var(--ast-global-color-5)","background-image":"","background-repeat":"repeat","background-position":"center center","background-size":"auto","background-attachment":"scroll","background-type":"","background-media":"","overlay-type":"","overlay-color":"","overlay-opacity":"","overlay-gradient":""},"mobile":{"background-color":"var(--ast-global-color-5)","background-image":"","background-repeat":"repeat","background-position":"center center","background-size":"auto","background-attachment":"scroll","background-type":"","background-media":"","overlay-type":"","overlay-color":"","overlay-opacity":"","overlay-gradient":""}}},"product_brand":[],"product_cat":[61,51,52,49],"product_tag":[],"class_list":{"0":"post-4799","1":"product","2":"type-product","3":"status-publish","4":"has-post-thumbnail","6":"product_cat-casas-de-madera","7":"product_cat-decoracion-del-hogar","8":"product_cat-habitacion-de-bebe","9":"product_cat-regalos-originales","10":"desktop-align-center","11":"tablet-align-left","12":"mobile-align-center","13":"ast-product-gallery-layout-horizontal","14":"ast-magnify-disabled","15":"ast-product-tabs-layout-horizontal","16":"tm-no-options","18":"first","19":"instock","20":"taxable","21":"shipping-taxable","22":"purchasable","23":"product-type-simple"},"_links":{"self":[{"href":"https:\/\/kiemmi.com\/sv\/wp-json\/wp\/v2\/product\/4799","targetHints":{"allow":["GET"]}}],"collection":[{"href":"https:\/\/kiemmi.com\/sv\/wp-json\/wp\/v2\/product"}],"about":[{"href":"https:\/\/kiemmi.com\/sv\/wp-json\/wp\/v2\/types\/product"}],"version-history":[{"count":0,"href":"https:\/\/kiemmi.com\/sv\/wp-json\/wp\/v2\/product\/4799\/revisions"}],"wp:featuredmedia":[{"embeddable":true,"href":"https:\/\/kiemmi.com\/sv\/wp-json\/wp\/v2\/media\/4800"}],"wp:attachment":[{"href":"https:\/\/kiemmi.com\/sv\/wp-json\/wp\/v2\/media?parent=4799"}],"wp:term":[{"taxonomy":"product_brand","embeddable":true,"href":"https:\/\/kiemmi.com\/sv\/wp-json\/wp\/v2\/product_brand?post=4799"},{"taxonomy":"product_cat","embeddable":true,"href":"https:\/\/kiemmi.com\/sv\/wp-json\/wp\/v2\/product_cat?post=4799"},{"taxonomy":"product_tag","embeddable":true,"href":"https:\/\/kiemmi.com\/sv\/wp-json\/wp\/v2\/product_tag?post=4799"}],"curies":[{"name":"wp","href":"https:\/\/api.w.org\/{rel}","templated":true}]}}