{"id":4670,"date":"2022-09-16T14:08:31","date_gmt":"2022-09-16T14:08:31","guid":{"rendered":"https:\/\/kiemmi.com\/?post_type=product&#038;p=4670"},"modified":"2024-05-06T06:45:56","modified_gmt":"2024-05-06T06:45:56","slug":"personlig-imitation-av-traprastkrage-i-rotting-for-vaggdekoration","status":"publish","type":"product","link":"https:\/\/kiemmi.com\/sv\/shop\/decoracion-del-hogar\/habitacion-de-bebe\/margarita-de-madera-imitacion-mimbre-personalizada-de-decoracion-mural\/","title":{"rendered":"Personlig v\u00e4ggdekoration i tr\u00e4imitation av pr\u00e4stkrage"},"content":{"rendered":"<p>Tr\u00e4pr\u00e4stkrage som imiterar rotting och personlig med ditt barns namn.<\/p>\n<p>Perfekt f\u00f6r v\u00e4ggdekoration i ditt barns rum.<\/p>\n<p><span style=\"font-size: 1rem;\">Handgjord tr\u00e4blomma.<\/span><\/p>\n<p><strong style=\"font-size: 1rem;\">M\u00e5tt:<\/strong><\/p>\n<ul>\n<li><strong>H\u00f6g:<\/strong> 24 cm<\/li>\n<li><strong>Bred:<\/strong> 25 cm<\/li>\n<li><strong>Tjocklek:<\/strong> 5mm<\/li>\n<\/ul>","protected":false},"excerpt":{"rendered":"<p>Tr\u00e4pr\u00e4stkrage som imiterar rotting och personlig med ditt barns namn.<\/p>\n<p>Perfekt f\u00f6r v\u00e4ggdekoration i ditt barns rum.<\/p>\n<p><span style=\"font-size: 1rem;\">Handgjord tr\u00e4blomma.<\/span><\/p>","protected":false},"featured_media":4673,"template":"","meta":{"_seopress_robots_primary_cat":"52","_seopress_titles_title":"Margarita de madera imitaci\u00f3n mimbre de decoraci\u00f3n mural","_seopress_titles_desc":"Margarita de madera personalizada con el nombre de tu bebe.Ideal para la decoraci\u00f3n mural de la habitaci\u00f3n de tu bebe.Flor de madera hecha a mano.","_seopress_robots_index":"","site-sidebar-layout":"default","site-content-layout":"","ast-site-content-layout":"default","site-content-style":"default","site-sidebar-style":"default","ast-global-header-display":"","ast-banner-title-visibility":"","ast-main-header-display":"","ast-hfb-above-header-display":"","ast-hfb-below-header-display":"","ast-hfb-mobile-header-display":"","site-post-title":"","ast-breadcrumbs-content":"","ast-featured-img":"","footer-sml-layout":"","ast-disable-related-posts":"","theme-transparent-header-meta":"","adv-header-id-meta":"","stick-header-meta":"","header-above-stick-meta":"","header-main-stick-meta":"","header-below-stick-meta":"","astra-migrate-meta-layouts":"default","ast-page-background-enabled":"default","ast-page-background-meta":{"desktop":{"background-color":"","background-image":"","background-repeat":"repeat","background-position":"center center","background-size":"auto","background-attachment":"scroll","background-type":"","background-media":"","overlay-type":"","overlay-color":"","overlay-opacity":"","overlay-gradient":""},"tablet":{"background-color":"","background-image":"","background-repeat":"repeat","background-position":"center center","background-size":"auto","background-attachment":"scroll","background-type":"","background-media":"","overlay-type":"","overlay-color":"","overlay-opacity":"","overlay-gradient":""},"mobile":{"background-color":"","background-image":"","background-repeat":"repeat","background-position":"center center","background-size":"auto","background-attachment":"scroll","background-type":"","background-media":"","overlay-type":"","overlay-color":"","overlay-opacity":"","overlay-gradient":""}},"ast-content-background-meta":{"desktop":{"background-color":"var(--ast-global-color-5)","background-image":"","background-repeat":"repeat","background-position":"center center","background-size":"auto","background-attachment":"scroll","background-type":"","background-media":"","overlay-type":"","overlay-color":"","overlay-opacity":"","overlay-gradient":""},"tablet":{"background-color":"var(--ast-global-color-5)","background-image":"","background-repeat":"repeat","background-position":"center center","background-size":"auto","background-attachment":"scroll","background-type":"","background-media":"","overlay-type":"","overlay-color":"","overlay-opacity":"","overlay-gradient":""},"mobile":{"background-color":"var(--ast-global-color-5)","background-image":"","background-repeat":"repeat","background-position":"center center","background-size":"auto","background-attachment":"scroll","background-type":"","background-media":"","overlay-type":"","overlay-color":"","overlay-opacity":"","overlay-gradient":""}}},"product_brand":[],"product_cat":[51,52,49],"product_tag":[],"class_list":{"0":"post-4670","1":"product","2":"type-product","3":"status-publish","4":"has-post-thumbnail","6":"product_cat-decoracion-del-hogar","7":"product_cat-habitacion-de-bebe","8":"product_cat-regalos-originales","9":"desktop-align-center","10":"tablet-align-left","11":"mobile-align-center","12":"ast-product-gallery-layout-horizontal","13":"ast-magnify-disabled","14":"ast-product-tabs-layout-horizontal","15":"tm-has-options","17":"first","18":"instock","19":"taxable","20":"shipping-taxable","21":"purchasable","22":"product-type-simple"},"_links":{"self":[{"href":"https:\/\/kiemmi.com\/sv\/wp-json\/wp\/v2\/product\/4670","targetHints":{"allow":["GET"]}}],"collection":[{"href":"https:\/\/kiemmi.com\/sv\/wp-json\/wp\/v2\/product"}],"about":[{"href":"https:\/\/kiemmi.com\/sv\/wp-json\/wp\/v2\/types\/product"}],"version-history":[{"count":0,"href":"https:\/\/kiemmi.com\/sv\/wp-json\/wp\/v2\/product\/4670\/revisions"}],"wp:featuredmedia":[{"embeddable":true,"href":"https:\/\/kiemmi.com\/sv\/wp-json\/wp\/v2\/media\/4673"}],"wp:attachment":[{"href":"https:\/\/kiemmi.com\/sv\/wp-json\/wp\/v2\/media?parent=4670"}],"wp:term":[{"taxonomy":"product_brand","embeddable":true,"href":"https:\/\/kiemmi.com\/sv\/wp-json\/wp\/v2\/product_brand?post=4670"},{"taxonomy":"product_cat","embeddable":true,"href":"https:\/\/kiemmi.com\/sv\/wp-json\/wp\/v2\/product_cat?post=4670"},{"taxonomy":"product_tag","embeddable":true,"href":"https:\/\/kiemmi.com\/sv\/wp-json\/wp\/v2\/product_tag?post=4670"}],"curies":[{"name":"wp","href":"https:\/\/api.w.org\/{rel}","templated":true}]}}