{"id":4659,"date":"2022-09-16T08:55:17","date_gmt":"2022-09-16T08:55:17","guid":{"rendered":"https:\/\/kiemmi.com\/?post_type=product&#038;p=4659"},"modified":"2025-12-09T11:26:36","modified_gmt":"2025-12-09T11:26:36","slug":"trafjarilar-for-vaggdekoration-i-rottingstil","status":"publish","type":"product","link":"https:\/\/kiemmi.com\/sv\/shop\/decoracion-del-hogar\/mariposas-de-madera-de-decoracion-mural-con-estilo-mimbre\/","title":{"rendered":"V\u00e4ggdekoration med tr\u00e4fj\u00e4rilar i rottingstil"},"content":{"rendered":"<p>F\u00f6rvandla ditt utrymme till en charmig och elegant plats med v\u00e5ra handgjorda tr\u00e4fj\u00e4rilar. Varje m\u00f6bel \u00e4r unik, precisionslaserskuren f\u00f6r att skapa en detaljerad design som framkallar vintagecharm med ett distinkt rottingm\u00f6nster.<\/p>\n<p>Dessa fj\u00e4rilar finns i tre olika modeller, var och en med sina egna dimensioner, och anpassar sig till din stil och dina inredningspreferenser. Fr\u00e5n en delikat liten storlek till ett stort, imponerande verk, hittar du den perfekta kombinationen f\u00f6r att f\u00f6rb\u00e4ttra din v\u00e4ggkonst.<\/p>\n<p>Hantverk och ekologi f\u00f6renas i dessa unika f\u00f6rem\u00e5l: varje fj\u00e4ril slipas, betsas och lackeras noggrant f\u00f6r hand av skickliga hantverkare. Vi anv\u00e4nder endast milj\u00f6v\u00e4nliga, vattenbaserade produkter som respekterar milj\u00f6n, vilket garanterar inte bara sk\u00f6nheten utan \u00e4ven h\u00e5llbarheten hos dessa underbara dekorativa f\u00f6rem\u00e5l.<\/p>\n<p>V\u00e5rt engagemang f\u00f6r kvalitet och h\u00e5llbarhet inneb\u00e4r att du inte bara f\u00f6rsk\u00f6nar ditt hem, utan ocks\u00e5 hj\u00e4lper till att skydda planeten!<\/p>\n<p><strong>Utvalda funktioner:<\/strong><\/p>\n<ul>\n<li>Handgjord med h\u00f6gkvalitativt tr\u00e4.<\/li>\n<li>Vintagedesign med ett unikt rottingm\u00f6nster.<\/li>\n<li>Olika storlekar f\u00f6r att passa alla utrymmen.<\/li>\n<li>Behandlad med ekologiska vattenbaserade produkter f\u00f6r \u00f6kad h\u00e5llbarhet.<\/li>\n<\/ul>\n<p>Ge ditt hem en touch av nostalgi och distinkthet med v\u00e5ra tr\u00e4fj\u00e4rilar. Skaffa dina och l\u00e5t fantasin fl\u00f6da!<\/p>\n<p><strong style=\"font-size: 1rem;\">M\u00e5tt:<\/strong><\/p>\n<ul>\n<li><strong>Modell A:<\/strong>\n<ul>\n<li><strong>H\u00f6g:<\/strong> 25,7 cm<\/li>\n<li><strong>Bred:<\/strong> 25 cm<\/li>\n<\/ul>\n<\/li>\n<li><strong>Modell B:<\/strong>\n<ul>\n<li><strong>H\u00f6g:<\/strong> 20 cm<\/li>\n<li><strong>Bred:<\/strong> 13,4 cm<\/li>\n<\/ul>\n<\/li>\n<li><strong>Modell C:<\/strong>\n<ul>\n<li><strong>H\u00f6g:<\/strong> 15 cm<\/li>\n<li><strong>Bred:<\/strong> 13,5 cm<\/li>\n<\/ul>\n<\/li>\n<\/ul>","protected":false},"excerpt":{"rendered":"<p>F\u00f6rvandla ditt hem med vintagecharm tack vare v\u00e5ra handgjorda tr\u00e4fj\u00e4rilar, tillverkade med lasersk\u00e4rning och ett distinkt rottingm\u00f6nster, tillg\u00e4ngliga i tre olika storlekar som passar din inredningsstil. Varje m\u00f6bel, noggrant slipad, betsad och lackerad f\u00f6r hand med milj\u00f6v\u00e4nliga vattenbaserade produkter, garanterar inte bara sk\u00f6nhet utan ocks\u00e5 h\u00e5llbarhet och milj\u00f6v\u00e4nlighet. Dessa unika fj\u00e4rilar ger en touch av nostalgi och distinkt karakt\u00e4r till alla v\u00e4ggar i ditt hem och representerar en perfekt kombination av hantverk och h\u00e5llbarhet, med h\u00f6gkvalitativt tr\u00e4 och milj\u00f6v\u00e4nliga tekniker. K\u00f6p dessa exklusiva f\u00f6rem\u00e5l och l\u00e5t din fantasi sv\u00e4va fritt, tillf\u00f6r en speciell charm och bidra till sk\u00f6nheten och omsorgen om din omgivning.<\/p>","protected":false},"featured_media":7018,"template":"","meta":{"_seopress_robots_primary_cat":"51","_seopress_titles_title":"Marisposas de madera para decoraci\u00f3n mural","_seopress_titles_desc":"Mariposas de madera de decoraci\u00f3n mural hechas a mano. 3 tama\u00f1os. Perfectas como elemento de dedocaci\u00f3n de pared para tu casa o como regalo regalo.","_seopress_robots_index":"","site-sidebar-layout":"default","site-content-layout":"","ast-site-content-layout":"default","site-content-style":"default","site-sidebar-style":"default","ast-global-header-display":"","ast-banner-title-visibility":"","ast-main-header-display":"","ast-hfb-above-header-display":"","ast-hfb-below-header-display":"","ast-hfb-mobile-header-display":"","site-post-title":"","ast-breadcrumbs-content":"","ast-featured-img":"","footer-sml-layout":"","ast-disable-related-posts":"","theme-transparent-header-meta":"","adv-header-id-meta":"","stick-header-meta":"","header-above-stick-meta":"","header-main-stick-meta":"","header-below-stick-meta":"","astra-migrate-meta-layouts":"default","ast-page-background-enabled":"default","ast-page-background-meta":{"desktop":{"background-color":"","background-image":"","background-repeat":"repeat","background-position":"center center","background-size":"auto","background-attachment":"scroll","background-type":"","background-media":"","overlay-type":"","overlay-color":"","overlay-opacity":"","overlay-gradient":""},"tablet":{"background-color":"","background-image":"","background-repeat":"repeat","background-position":"center center","background-size":"auto","background-attachment":"scroll","background-type":"","background-media":"","overlay-type":"","overlay-color":"","overlay-opacity":"","overlay-gradient":""},"mobile":{"background-color":"","background-image":"","background-repeat":"repeat","background-position":"center center","background-size":"auto","background-attachment":"scroll","background-type":"","background-media":"","overlay-type":"","overlay-color":"","overlay-opacity":"","overlay-gradient":""}},"ast-content-background-meta":{"desktop":{"background-color":"var(--ast-global-color-5)","background-image":"","background-repeat":"repeat","background-position":"center center","background-size":"auto","background-attachment":"scroll","background-type":"","background-media":"","overlay-type":"","overlay-color":"","overlay-opacity":"","overlay-gradient":""},"tablet":{"background-color":"var(--ast-global-color-5)","background-image":"","background-repeat":"repeat","background-position":"center center","background-size":"auto","background-attachment":"scroll","background-type":"","background-media":"","overlay-type":"","overlay-color":"","overlay-opacity":"","overlay-gradient":""},"mobile":{"background-color":"var(--ast-global-color-5)","background-image":"","background-repeat":"repeat","background-position":"center center","background-size":"auto","background-attachment":"scroll","background-type":"","background-media":"","overlay-type":"","overlay-color":"","overlay-opacity":"","overlay-gradient":""}}},"product_brand":[],"product_cat":[51,87,49],"product_tag":[],"class_list":{"0":"post-4659","1":"product","2":"type-product","3":"status-publish","4":"has-post-thumbnail","6":"product_cat-decoracion-del-hogar","7":"product_cat-mascotas","8":"product_cat-regalos-originales","9":"desktop-align-center","10":"tablet-align-left","11":"mobile-align-center","12":"ast-product-gallery-layout-horizontal","13":"ast-magnify-disabled","14":"ast-product-tabs-layout-horizontal","15":"tm-has-options","17":"first","18":"instock","19":"taxable","20":"shipping-taxable","21":"purchasable","22":"product-type-simple"},"_links":{"self":[{"href":"https:\/\/kiemmi.com\/sv\/wp-json\/wp\/v2\/product\/4659","targetHints":{"allow":["GET"]}}],"collection":[{"href":"https:\/\/kiemmi.com\/sv\/wp-json\/wp\/v2\/product"}],"about":[{"href":"https:\/\/kiemmi.com\/sv\/wp-json\/wp\/v2\/types\/product"}],"version-history":[{"count":0,"href":"https:\/\/kiemmi.com\/sv\/wp-json\/wp\/v2\/product\/4659\/revisions"}],"wp:featuredmedia":[{"embeddable":true,"href":"https:\/\/kiemmi.com\/sv\/wp-json\/wp\/v2\/media\/7018"}],"wp:attachment":[{"href":"https:\/\/kiemmi.com\/sv\/wp-json\/wp\/v2\/media?parent=4659"}],"wp:term":[{"taxonomy":"product_brand","embeddable":true,"href":"https:\/\/kiemmi.com\/sv\/wp-json\/wp\/v2\/product_brand?post=4659"},{"taxonomy":"product_cat","embeddable":true,"href":"https:\/\/kiemmi.com\/sv\/wp-json\/wp\/v2\/product_cat?post=4659"},{"taxonomy":"product_tag","embeddable":true,"href":"https:\/\/kiemmi.com\/sv\/wp-json\/wp\/v2\/product_tag?post=4659"}],"curies":[{"name":"wp","href":"https:\/\/api.w.org\/{rel}","templated":true}]}}