{"id":4646,"date":"2022-08-04T06:28:12","date_gmt":"2022-08-04T06:28:12","guid":{"rendered":"https:\/\/kiemmi.com\/?post_type=product&#038;p=4646"},"modified":"2024-07-01T19:17:47","modified_gmt":"2024-07-01T19:17:47","slug":"handgjord-trabordsklocka-med-personligt-meddelande","status":"publish","type":"product","link":"https:\/\/kiemmi.com\/sv\/shop\/relojes-de-madera\/reloj-de-mesa-hecho-a-mano-de-madera-con-mensaje-personalizado\/","title":{"rendered":"Personlig bordsklocka i tr\u00e4"},"content":{"rendered":"<p>Ge ditt utrymme en unik och elegant touch med v\u00e5r <strong>Tr\u00e4bordsklocka med anpassningsbart meddelande<\/strong>Denna vackra klocka har blivit noggrant skuren och lasergraverad, vilket s\u00e4kerst\u00e4ller en exakt och h\u00f6gkvalitativ design.<\/p>\n<p><strong>Produktegenskaper:<\/strong><\/p>\n<ul>\n<li><em><strong>H\u00f6gkvalitativt material:<\/strong><\/em> Denna klocka \u00e4r tillverkad av naturligt tr\u00e4 och h\u00e5llbar och ger en rustik charm till vilken milj\u00f6 som helst.<\/li>\n<li><em><strong>Lasergravering:<\/strong><\/em> Varje design \u00e4r lasergraverad, vilket garanterar skarpa detaljer och en felfri finish.<\/li>\n<li><em><strong>Anpassningsbar:<\/strong><\/em> L\u00e4gg till ett personligt meddelande f\u00f6r att g\u00f6ra det verkligt unikt. Perfekt f\u00f6r presenter, \u00e5rsdagar eller f\u00f6r att l\u00e4gga till ett inspirerande citat till ditt kontor eller vardagsrum.<\/li>\n<li><em><strong>M\u00e5ngsidig dekoration:<\/strong><\/em> Idealisk f\u00f6r inredning, passar denna klocka perfekt i kontor, vardagsrum, sovrum och alla utrymmen som beh\u00f6ver en speciell touch.<\/li>\n<li><em><strong>Originalg\u00e5va:<\/strong><\/em> \u00d6verraska dina n\u00e4ra och k\u00e4ra med en personlig och meningsfull present. Denna tr\u00e4klocka \u00e4r ett perfekt val f\u00f6r f\u00f6delsedagar, br\u00f6llop och andra speciella tillf\u00e4llen.<\/li>\n<\/ul>\n<p><strong style=\"font-size: 1rem;\">M\u00e5tt:<\/strong><\/p>\n<ul>\n<li><strong>H\u00f6g:<\/strong> 16 cm<\/li>\n<li><strong>Bred:<\/strong> 9 cm<\/li>\n<li><strong>Bakgrund:<\/strong> 6,5 cm<\/li>\n<\/ul>\n<p>F\u00f6rvandla ditt utrymme med elegansen och anpassningen av v\u00e5ra <strong>Tr\u00e4bordsklocka med anpassningsbart meddelande<\/strong>Varje produkt \u00e4r unik, tillverkad med engagemang och noggrannhet f\u00f6r detaljer f\u00f6r att erbjuda dig en produkt av h\u00f6gsta kvalitet. L\u00e4gg din best\u00e4llning idag och ge ditt hem eller kontor en distinkt touch!<\/p>","protected":false},"excerpt":{"rendered":"<p>V\u00e5r bordsklocka i tr\u00e4 med ett anpassningsbart budskap \u00e4r ett elegant dekorativt tillbeh\u00f6r, perfekt f\u00f6r alla utrymmen. Tillverkad av naturligt tr\u00e4 och lasergraverad, erbjuder den en exakt, h\u00f6gkvalitativ design. Dess anpassningsbara design g\u00f6r den till en originell och meningsfull present f\u00f6r alla tillf\u00e4llen. Perfekt f\u00f6r kontor, vardagsrum och sovrum, ger den en unik och distinkt touch till alla utrymmen. L\u00e4gg din best\u00e4llning idag och f\u00f6rvandla ditt utrymme med detta unika, omsorgsfullt utformade verk.<\/p>","protected":false},"featured_media":8265,"template":"","meta":{"_seopress_robots_primary_cat":"86","_seopress_titles_title":"Reloj de mesa de madera personalizado","_seopress_titles_desc":"Reloj de mesa hecho a mano de madera con mensaje personalizado. Ideal para un regalo original y personalizado para un familiar o un amigo.","_seopress_robots_index":"","site-sidebar-layout":"default","site-content-layout":"","ast-site-content-layout":"default","site-content-style":"default","site-sidebar-style":"default","ast-global-header-display":"","ast-banner-title-visibility":"","ast-main-header-display":"","ast-hfb-above-header-display":"","ast-hfb-below-header-display":"","ast-hfb-mobile-header-display":"","site-post-title":"","ast-breadcrumbs-content":"","ast-featured-img":"","footer-sml-layout":"","ast-disable-related-posts":"","theme-transparent-header-meta":"","adv-header-id-meta":"","stick-header-meta":"","header-above-stick-meta":"","header-main-stick-meta":"","header-below-stick-meta":"","astra-migrate-meta-layouts":"default","ast-page-background-enabled":"default","ast-page-background-meta":{"desktop":{"background-color":"","background-image":"","background-repeat":"repeat","background-position":"center center","background-size":"auto","background-attachment":"scroll","background-type":"","background-media":"","overlay-type":"","overlay-color":"","overlay-opacity":"","overlay-gradient":""},"tablet":{"background-color":"","background-image":"","background-repeat":"repeat","background-position":"center center","background-size":"auto","background-attachment":"scroll","background-type":"","background-media":"","overlay-type":"","overlay-color":"","overlay-opacity":"","overlay-gradient":""},"mobile":{"background-color":"","background-image":"","background-repeat":"repeat","background-position":"center center","background-size":"auto","background-attachment":"scroll","background-type":"","background-media":"","overlay-type":"","overlay-color":"","overlay-opacity":"","overlay-gradient":""}},"ast-content-background-meta":{"desktop":{"background-color":"var(--ast-global-color-5)","background-image":"","background-repeat":"repeat","background-position":"center center","background-size":"auto","background-attachment":"scroll","background-type":"","background-media":"","overlay-type":"","overlay-color":"","overlay-opacity":"","overlay-gradient":""},"tablet":{"background-color":"var(--ast-global-color-5)","background-image":"","background-repeat":"repeat","background-position":"center center","background-size":"auto","background-attachment":"scroll","background-type":"","background-media":"","overlay-type":"","overlay-color":"","overlay-opacity":"","overlay-gradient":""},"mobile":{"background-color":"var(--ast-global-color-5)","background-image":"","background-repeat":"repeat","background-position":"center center","background-size":"auto","background-attachment":"scroll","background-type":"","background-media":"","overlay-type":"","overlay-color":"","overlay-opacity":"","overlay-gradient":""}}},"product_brand":[],"product_cat":[51,49,86],"product_tag":[],"class_list":{"0":"post-4646","1":"product","2":"type-product","3":"status-publish","4":"has-post-thumbnail","6":"product_cat-decoracion-del-hogar","7":"product_cat-regalos-originales","8":"product_cat-relojes-de-madera","9":"desktop-align-center","10":"tablet-align-left","11":"mobile-align-center","12":"ast-product-gallery-layout-horizontal","13":"ast-magnify-disabled","14":"ast-product-tabs-layout-horizontal","15":"tm-has-options","17":"first","18":"instock","19":"taxable","20":"shipping-taxable","21":"purchasable","22":"product-type-simple"},"_links":{"self":[{"href":"https:\/\/kiemmi.com\/sv\/wp-json\/wp\/v2\/product\/4646","targetHints":{"allow":["GET"]}}],"collection":[{"href":"https:\/\/kiemmi.com\/sv\/wp-json\/wp\/v2\/product"}],"about":[{"href":"https:\/\/kiemmi.com\/sv\/wp-json\/wp\/v2\/types\/product"}],"version-history":[{"count":0,"href":"https:\/\/kiemmi.com\/sv\/wp-json\/wp\/v2\/product\/4646\/revisions"}],"wp:featuredmedia":[{"embeddable":true,"href":"https:\/\/kiemmi.com\/sv\/wp-json\/wp\/v2\/media\/8265"}],"wp:attachment":[{"href":"https:\/\/kiemmi.com\/sv\/wp-json\/wp\/v2\/media?parent=4646"}],"wp:term":[{"taxonomy":"product_brand","embeddable":true,"href":"https:\/\/kiemmi.com\/sv\/wp-json\/wp\/v2\/product_brand?post=4646"},{"taxonomy":"product_cat","embeddable":true,"href":"https:\/\/kiemmi.com\/sv\/wp-json\/wp\/v2\/product_cat?post=4646"},{"taxonomy":"product_tag","embeddable":true,"href":"https:\/\/kiemmi.com\/sv\/wp-json\/wp\/v2\/product_tag?post=4646"}],"curies":[{"name":"wp","href":"https:\/\/api.w.org\/{rel}","templated":true}]}}