{"id":4489,"date":"2022-05-02T07:20:26","date_gmt":"2022-05-02T07:20:26","guid":{"rendered":"https:\/\/kiemmi.com\/?post_type=product&#038;p=4489"},"modified":"2025-09-12T05:47:48","modified_gmt":"2025-09-12T05:47:48","slug":"liten-anteckningsbok-med-traomslag-med-din-personliga-design","status":"publish","type":"product","link":"https:\/\/kiemmi.com\/sv\/shop\/libretas-de-madera-personalizadas\/libreta-pequena-con-tapa-de-madera-con-tu-diseno-personalizado\/","title":{"rendered":"Liten anteckningsbok med tr\u00e4omslag med din personliga design"},"content":{"rendered":"<div data-elementor-type=\"wp-post\" data-elementor-id=\"4489\" class=\"elementor elementor-4489\">\n\t\t\t\t\t\t<section class=\"elementor-section elementor-top-section elementor-element elementor-element-602366f2 elementor-section-boxed elementor-section-height-default elementor-section-height-default\" data-id=\"602366f2\" data-element_type=\"section\" data-e-type=\"section\">\n\t\t\t\t\t\t<div class=\"elementor-container elementor-column-gap-default\">\n\t\t\t\t\t<div class=\"elementor-column elementor-col-100 elementor-top-column elementor-element elementor-element-7fd7275b\" data-id=\"7fd7275b\" data-element_type=\"column\" data-e-type=\"column\">\n\t\t\t<div class=\"elementor-widget-wrap elementor-element-populated\">\n\t\t\t\t\t\t<div class=\"elementor-element elementor-element-3e424abb elementor-widget elementor-widget-text-editor\" data-id=\"3e424abb\" data-element_type=\"widget\" data-e-type=\"widget\" data-widget_type=\"text-editor.default\">\n\t\t\t\t\t\t\t\t\t<p>Liten anteckningsbok med personligt tr\u00e4omslag, graverad och laserskuren.<\/p>\n<p>F\u00f6rsta sidan av f\u00e4rgad kartong f\u00f6r att framh\u00e4va dina designutklipp.<\/p>\n<p>Du kan designa ditt eget anteckningsboksomslag och anpassa det efter dina \u00f6nskem\u00e5l med din originella och helt exklusiva design; inga tv\u00e5 anteckningsb\u00f6cker kommer att vara desamma.<\/p>\n<p>En anpassningsbar, originell, rolig och exklusiv present, perfekt f\u00f6r en v\u00e4n eller familjemedlem.<\/p>\n<p><strong>Egenskaper:<\/strong><\/p>\n<ul>\n<li>Tr\u00e4omslag fram och bak<\/li>\n<li>F\u00f6rsta sidan i f\u00e4rg f\u00f6r att markera utklippen<\/li>\n<li>Lakan med l\u00e5dor<\/li>\n<\/ul>\n<div><strong>M\u00e5tt:<\/strong><\/div>\n<ul>\n<li>Bredd: 85 mm<\/li>\n<li>H\u00f6jd: 125 mm<\/li>\n<li>Tjocklek: 10 mm<\/li>\n<li>Sidor: 70<\/li>\n<\/ul>\n<div>Om du har n\u00e5gra sv\u00e5righeter med att skapa designen, v\u00e4nligen kontakta oss.<\/div>\t\t\t\t\t\t\t\t<\/div>\n\t\t\t\t\t<\/div>\n\t\t<\/div>\n\t\t\t\t\t<\/div>\n\t\t<\/section>\n\t\t\t\t<section class=\"elementor-section elementor-top-section elementor-element elementor-element-a0a3c52 elementor-section-boxed elementor-section-height-default elementor-section-height-default\" data-id=\"a0a3c52\" data-element_type=\"section\" data-e-type=\"section\">\n\t\t\t\t\t\t<div class=\"elementor-container elementor-column-gap-default\">\n\t\t\t\t\t<div class=\"elementor-column elementor-col-100 elementor-top-column elementor-element elementor-element-9f403af\" data-id=\"9f403af\" data-element_type=\"column\" data-e-type=\"column\">\n\t\t\t<div class=\"elementor-widget-wrap elementor-element-populated\">\n\t\t\t\t\t\t<div class=\"elementor-element elementor-element-e4df229 elementor-widget elementor-widget-heading\" data-id=\"e4df229\" data-element_type=\"widget\" data-e-type=\"widget\" data-widget_type=\"heading.default\">\n\t\t\t\t\t<h2 class=\"elementor-heading-title elementor-size-default\">Videohandledning - Designa din egen anteckningsbok<\/h2>\t\t\t\t<\/div>\n\t\t\t\t\t<\/div>\n\t\t<\/div>\n\t\t\t\t\t<\/div>\n\t\t<\/section>\n\t\t\t\t<section class=\"elementor-section elementor-top-section elementor-element elementor-element-82e8839 elementor-section-boxed elementor-section-height-default elementor-section-height-default\" data-id=\"82e8839\" data-element_type=\"section\" data-e-type=\"section\">\n\t\t\t\t\t\t<div class=\"elementor-container elementor-column-gap-default\">\n\t\t\t\t\t<div class=\"elementor-column elementor-col-100 elementor-top-column elementor-element elementor-element-f258401\" data-id=\"f258401\" data-element_type=\"column\" data-e-type=\"column\">\n\t\t\t<div class=\"elementor-widget-wrap elementor-element-populated\">\n\t\t\t\t\t\t<div class=\"elementor-element elementor-element-1cefe44 elementor-widget elementor-widget-video\" data-id=\"1cefe44\" data-element_type=\"widget\" data-e-type=\"widget\" data-settings=\"{&quot;youtube_url&quot;:&quot;https:\\\/\\\/www.youtube.com\\\/watch?v=kEPOigoxlmY&quot;,&quot;yt_privacy&quot;:&quot;yes&quot;,&quot;lazy_load&quot;:&quot;yes&quot;,&quot;video_type&quot;:&quot;youtube&quot;,&quot;controls&quot;:&quot;yes&quot;}\" data-widget_type=\"video.default\">\n\t\t\t\t\t\t\t<div class=\"elementor-wrapper elementor-open-inline\">\n\t\t\t<div class=\"elementor-video\"><\/div>\t\t<\/div>\n\t\t\t\t\t\t<\/div>\n\t\t\t\t\t<\/div>\n\t\t<\/div>\n\t\t\t\t\t<\/div>\n\t\t<\/section>\n\t\t\t\t<\/div>","protected":false},"excerpt":{"rendered":"<p>Liten anteckningsbok med personligt tr\u00e4omslag, graverad och laserskuren.<\/p>\n<p>F\u00f6rsta sidan av f\u00e4rgad kartong f\u00f6r att framh\u00e4va dina designutklipp.<\/p>\n<p>Du kan designa ditt eget anteckningsboksomslag och anpassa det efter dina \u00f6nskem\u00e5l med din originella och helt exklusiva design; inga tv\u00e5 anteckningsb\u00f6cker kommer att vara desamma.<\/p>\n<p>En anpassningsbar, originell, rolig och exklusiv present, perfekt f\u00f6r en v\u00e4n eller familjemedlem.<\/p>","protected":false},"featured_media":4491,"template":"","meta":{"_seopress_robots_primary_cat":"50","_seopress_titles_title":"Libreta personalizada con tapa de madera con dibujos de huella de perro","_seopress_titles_desc":"","_seopress_robots_index":"","site-sidebar-layout":"default","site-content-layout":"","ast-site-content-layout":"default","site-content-style":"default","site-sidebar-style":"default","ast-global-header-display":"","ast-banner-title-visibility":"","ast-main-header-display":"","ast-hfb-above-header-display":"","ast-hfb-below-header-display":"","ast-hfb-mobile-header-display":"","site-post-title":"","ast-breadcrumbs-content":"","ast-featured-img":"","footer-sml-layout":"","ast-disable-related-posts":"","theme-transparent-header-meta":"","adv-header-id-meta":"","stick-header-meta":"","header-above-stick-meta":"","header-main-stick-meta":"","header-below-stick-meta":"","astra-migrate-meta-layouts":"default","ast-page-background-enabled":"default","ast-page-background-meta":{"desktop":{"background-color":"","background-image":"","background-repeat":"repeat","background-position":"center center","background-size":"auto","background-attachment":"scroll","background-type":"","background-media":"","overlay-type":"","overlay-color":"","overlay-opacity":"","overlay-gradient":""},"tablet":{"background-color":"","background-image":"","background-repeat":"repeat","background-position":"center center","background-size":"auto","background-attachment":"scroll","background-type":"","background-media":"","overlay-type":"","overlay-color":"","overlay-opacity":"","overlay-gradient":""},"mobile":{"background-color":"","background-image":"","background-repeat":"repeat","background-position":"center center","background-size":"auto","background-attachment":"scroll","background-type":"","background-media":"","overlay-type":"","overlay-color":"","overlay-opacity":"","overlay-gradient":""}},"ast-content-background-meta":{"desktop":{"background-color":"var(--ast-global-color-5)","background-image":"","background-repeat":"repeat","background-position":"center center","background-size":"auto","background-attachment":"scroll","background-type":"","background-media":"","overlay-type":"","overlay-color":"","overlay-opacity":"","overlay-gradient":""},"tablet":{"background-color":"var(--ast-global-color-5)","background-image":"","background-repeat":"repeat","background-position":"center center","background-size":"auto","background-attachment":"scroll","background-type":"","background-media":"","overlay-type":"","overlay-color":"","overlay-opacity":"","overlay-gradient":""},"mobile":{"background-color":"var(--ast-global-color-5)","background-image":"","background-repeat":"repeat","background-position":"center center","background-size":"auto","background-attachment":"scroll","background-type":"","background-media":"","overlay-type":"","overlay-color":"","overlay-opacity":"","overlay-gradient":""}}},"product_brand":[],"product_cat":[45,50,49],"product_tag":[],"class_list":{"0":"post-4489","1":"product","2":"type-product","3":"status-publish","4":"has-post-thumbnail","6":"product_cat-detalles-para-bodas-y-eventos","7":"product_cat-libretas-de-madera-personalizadas","8":"product_cat-regalos-originales","9":"desktop-align-center","10":"tablet-align-left","11":"mobile-align-center","12":"ast-product-gallery-layout-horizontal","13":"ast-magnify-disabled","14":"ast-product-tabs-layout-horizontal","15":"tm-has-options","17":"first","18":"instock","19":"taxable","20":"shipping-taxable","21":"purchasable","22":"product-type-simple"},"_links":{"self":[{"href":"https:\/\/kiemmi.com\/sv\/wp-json\/wp\/v2\/product\/4489","targetHints":{"allow":["GET"]}}],"collection":[{"href":"https:\/\/kiemmi.com\/sv\/wp-json\/wp\/v2\/product"}],"about":[{"href":"https:\/\/kiemmi.com\/sv\/wp-json\/wp\/v2\/types\/product"}],"version-history":[{"count":0,"href":"https:\/\/kiemmi.com\/sv\/wp-json\/wp\/v2\/product\/4489\/revisions"}],"wp:featuredmedia":[{"embeddable":true,"href":"https:\/\/kiemmi.com\/sv\/wp-json\/wp\/v2\/media\/4491"}],"wp:attachment":[{"href":"https:\/\/kiemmi.com\/sv\/wp-json\/wp\/v2\/media?parent=4489"}],"wp:term":[{"taxonomy":"product_brand","embeddable":true,"href":"https:\/\/kiemmi.com\/sv\/wp-json\/wp\/v2\/product_brand?post=4489"},{"taxonomy":"product_cat","embeddable":true,"href":"https:\/\/kiemmi.com\/sv\/wp-json\/wp\/v2\/product_cat?post=4489"},{"taxonomy":"product_tag","embeddable":true,"href":"https:\/\/kiemmi.com\/sv\/wp-json\/wp\/v2\/product_tag?post=4489"}],"curies":[{"name":"wp","href":"https:\/\/api.w.org\/{rel}","templated":true}]}}