{"id":4081,"date":"2022-04-02T21:05:18","date_gmt":"2022-04-02T21:05:18","guid":{"rendered":"https:\/\/kiemmi.com\/?post_type=product&#038;p=4081"},"modified":"2024-07-29T09:34:04","modified_gmt":"2024-07-29T09:34:04","slug":"cylindrisk-led-lampa-i-tra","status":"publish","type":"product","link":"https:\/\/kiemmi.com\/sv\/shop\/lamparas\/lampara-led-de-madera-cilindrica\/","title":{"rendered":"Cylindrisk LED-lampa i tr\u00e4"},"content":{"rendered":"<p>Original cylindrisk tr\u00e4lampa med G9 LED-lampa (ing\u00e5r).<\/p>\n<p>Idealisk som nattlampa.<\/p>\n<p>Ett mycket dekorativt f\u00f6rem\u00e5l i naturligt tr\u00e4.<\/p>\n<p>Den levereras med en n\u00e4tsladd med en europeisk kontakt och en P\u00c5\/AV-brytare. Den drivs direkt med 220V.<\/p>\n<p>Handgjord produkt tillverkad i Spanien.<\/p>\n<p><strong>M\u00e5tt:<\/strong><\/p>\n<ul>\n<li>Bredd: 10,5 cm<\/li>\n<li>H\u00f6jd: 14,5 cm<\/li>\n<\/ul>","protected":false},"excerpt":{"rendered":"<p>Original cylindrisk tr\u00e4lampa med G9 LED-lampa (ing\u00e5r).<\/p>\n<p>Idealisk som nattlampa.<\/p>\n<p>Ett mycket dekorativt f\u00f6rem\u00e5l i naturligt tr\u00e4.<\/p>\n<p>Den levereras med en n\u00e4tsladd med en europeisk kontakt och en P\u00c5\/AV-brytare. Den drivs direkt med 220V.<\/p>\n<p>Handgjord produkt tillverkad i Spanien.<\/p>","protected":false},"featured_media":4082,"template":"","meta":{"_seopress_robots_primary_cat":"19","_seopress_titles_title":"","_seopress_titles_desc":"Original lampara led de madera cil\u00edndrica. Ideal como lampara de noche. Un art\u00edculo muy decorativo en madera natural hecho a mano.","_seopress_robots_index":"","site-sidebar-layout":"default","site-content-layout":"","ast-site-content-layout":"default","site-content-style":"default","site-sidebar-style":"default","ast-global-header-display":"","ast-banner-title-visibility":"","ast-main-header-display":"","ast-hfb-above-header-display":"","ast-hfb-below-header-display":"","ast-hfb-mobile-header-display":"","site-post-title":"","ast-breadcrumbs-content":"","ast-featured-img":"","footer-sml-layout":"","ast-disable-related-posts":"","theme-transparent-header-meta":"","adv-header-id-meta":"","stick-header-meta":"","header-above-stick-meta":"","header-main-stick-meta":"","header-below-stick-meta":"","astra-migrate-meta-layouts":"default","ast-page-background-enabled":"default","ast-page-background-meta":{"desktop":{"background-color":"","background-image":"","background-repeat":"repeat","background-position":"center center","background-size":"auto","background-attachment":"scroll","background-type":"","background-media":"","overlay-type":"","overlay-color":"","overlay-opacity":"","overlay-gradient":""},"tablet":{"background-color":"","background-image":"","background-repeat":"repeat","background-position":"center center","background-size":"auto","background-attachment":"scroll","background-type":"","background-media":"","overlay-type":"","overlay-color":"","overlay-opacity":"","overlay-gradient":""},"mobile":{"background-color":"","background-image":"","background-repeat":"repeat","background-position":"center center","background-size":"auto","background-attachment":"scroll","background-type":"","background-media":"","overlay-type":"","overlay-color":"","overlay-opacity":"","overlay-gradient":""}},"ast-content-background-meta":{"desktop":{"background-color":"var(--ast-global-color-5)","background-image":"","background-repeat":"repeat","background-position":"center center","background-size":"auto","background-attachment":"scroll","background-type":"","background-media":"","overlay-type":"","overlay-color":"","overlay-opacity":"","overlay-gradient":""},"tablet":{"background-color":"var(--ast-global-color-5)","background-image":"","background-repeat":"repeat","background-position":"center center","background-size":"auto","background-attachment":"scroll","background-type":"","background-media":"","overlay-type":"","overlay-color":"","overlay-opacity":"","overlay-gradient":""},"mobile":{"background-color":"var(--ast-global-color-5)","background-image":"","background-repeat":"repeat","background-position":"center center","background-size":"auto","background-attachment":"scroll","background-type":"","background-media":"","overlay-type":"","overlay-color":"","overlay-opacity":"","overlay-gradient":""}}},"product_brand":[],"product_cat":[19],"product_tag":[],"class_list":{"0":"post-4081","1":"product","2":"type-product","3":"status-publish","4":"has-post-thumbnail","6":"product_cat-lamparas","7":"desktop-align-center","8":"tablet-align-left","9":"mobile-align-center","10":"ast-product-gallery-layout-horizontal","11":"ast-magnify-disabled","12":"ast-product-tabs-layout-horizontal","13":"tm-no-options","15":"first","16":"instock","17":"sale","18":"taxable","19":"shipping-taxable","20":"purchasable","21":"product-type-simple"},"_links":{"self":[{"href":"https:\/\/kiemmi.com\/sv\/wp-json\/wp\/v2\/product\/4081","targetHints":{"allow":["GET"]}}],"collection":[{"href":"https:\/\/kiemmi.com\/sv\/wp-json\/wp\/v2\/product"}],"about":[{"href":"https:\/\/kiemmi.com\/sv\/wp-json\/wp\/v2\/types\/product"}],"version-history":[{"count":0,"href":"https:\/\/kiemmi.com\/sv\/wp-json\/wp\/v2\/product\/4081\/revisions"}],"wp:featuredmedia":[{"embeddable":true,"href":"https:\/\/kiemmi.com\/sv\/wp-json\/wp\/v2\/media\/4082"}],"wp:attachment":[{"href":"https:\/\/kiemmi.com\/sv\/wp-json\/wp\/v2\/media?parent=4081"}],"wp:term":[{"taxonomy":"product_brand","embeddable":true,"href":"https:\/\/kiemmi.com\/sv\/wp-json\/wp\/v2\/product_brand?post=4081"},{"taxonomy":"product_cat","embeddable":true,"href":"https:\/\/kiemmi.com\/sv\/wp-json\/wp\/v2\/product_cat?post=4081"},{"taxonomy":"product_tag","embeddable":true,"href":"https:\/\/kiemmi.com\/sv\/wp-json\/wp\/v2\/product_tag?post=4081"}],"curies":[{"name":"wp","href":"https:\/\/api.w.org\/{rel}","templated":true}]}}