{"id":4074,"date":"2022-03-30T22:06:09","date_gmt":"2022-03-30T22:06:09","guid":{"rendered":"https:\/\/kiemmi.com\/?post_type=product&#038;p=4074"},"modified":"2025-12-09T11:26:36","modified_gmt":"2025-12-09T11:26:36","slug":"led-lampa-i-tra-i-form-av-ett-hundtassavtryck","status":"publish","type":"product","link":"https:\/\/kiemmi.com\/sv\/shop\/lamparas\/lampara-led-de-madera-en-forma-de-huella-de-perros\/","title":{"rendered":"LED-lampa i tr\u00e4 i form av ett hundtassavtryck"},"content":{"rendered":"<p>Lys upp vilket h\u00f6rn som helst p\u00e5 ett charmigt s\u00e4tt med v\u00e5r exklusiva LED-nattlampa, handgjord och designad i form av din lurviga kamrats tassavtryck! Noggrant tillverkad av naturligt tr\u00e4 eller valn\u00f6t, erbjuder denna lampa en unik stil och en varm touch till ditt hem.<\/p>\n<p>Varje m\u00f6bel har noggrant tillverkats f\u00f6r hand, vilket framh\u00e4ver tr\u00e4ets sk\u00f6nhet och v\u00e4rme och behandlats med ekologiska vattenbaserade lacker, vilket s\u00e4kerst\u00e4ller en h\u00e5llbar och milj\u00f6v\u00e4nlig produkt.<\/p>\n<p>S\u00e4kerhet \u00e4r av st\u00f6rsta vikt, s\u00e4rskilt i utrymmen f\u00f6r barn. D\u00e4rf\u00f6r drivs denna lampa med en l\u00e5g sp\u00e4nning p\u00e5 12V via en n\u00e4tadapter, vilket garanterar s\u00e4ker och p\u00e5litlig anv\u00e4ndning i barnrum.<\/p>\n<p>Denna LED-lampa \u00e4r mer \u00e4n bara en ljusk\u00e4lla; den \u00e4r en m\u00e5ngsidig dekoration som passar perfekt in i alla milj\u00f6er. Dessutom ger dess tassavtryck en touch av k\u00e4rlek och gemenskap till ditt utrymme.<\/p>\n<p>Stick ut fr\u00e5n m\u00e4ngden med denna unika lampa, perfekt som present till djur\u00e4lskare eller som en speciell godsak till ditt eget hem. Ge v\u00e4rme, stil och trygghet med denna bed\u00e5rande LED-nattlampa i tr\u00e4.<\/p>\n<p>Handgjord produkt tillverkad i Spanien.<\/p>\n<p><strong>M\u00e5tt:<\/strong><\/p>\n<ul>\n<li>Bredd: 14 cm<\/li>\n<li>H\u00f6jd: 14 cm<\/li>\n<li>Tjocklek: 3 cm<\/li>\n<\/ul>","protected":false},"excerpt":{"rendered":"<p>Vi presenterar en handgjord LED-nattlampa i form av ett hund- eller katttassavtryck, handgjord av naturligt tr\u00e4 eller valn\u00f6tstr\u00e4 lackerat med milj\u00f6v\u00e4nliga vattenbaserade f\u00e4rger. Dess s\u00e4kra 12V-n\u00e4tadapter g\u00f6r den idealisk f\u00f6r barnrum. Denna lampa lyser inte bara upp, utan ger ocks\u00e5 v\u00e4rme och stil till vilket utrymme som helst. Perfekt som present till djur\u00e4lskare eller som en unik heminredning. En blandning av funktionalitet, estetik och h\u00e5llbarhet i en unik LED-lampa.<\/p>","protected":false},"featured_media":7118,"template":"","meta":{"_seopress_robots_primary_cat":"19","_seopress_titles_title":"%%title%% %%page%%","_seopress_titles_desc":"Original lampara led de madera en forma de huella de perro \/ gato. Regalo ideal como lampara de noche para ni\u00f1os. Art\u00edculo hecho a mano.","_seopress_robots_index":"","site-sidebar-layout":"default","site-content-layout":"","ast-site-content-layout":"default","site-content-style":"default","site-sidebar-style":"default","ast-global-header-display":"","ast-banner-title-visibility":"","ast-main-header-display":"","ast-hfb-above-header-display":"","ast-hfb-below-header-display":"","ast-hfb-mobile-header-display":"","site-post-title":"","ast-breadcrumbs-content":"","ast-featured-img":"","footer-sml-layout":"","ast-disable-related-posts":"","theme-transparent-header-meta":"","adv-header-id-meta":"","stick-header-meta":"","header-above-stick-meta":"","header-main-stick-meta":"","header-below-stick-meta":"","astra-migrate-meta-layouts":"default","ast-page-background-enabled":"default","ast-page-background-meta":{"desktop":{"background-color":"","background-image":"","background-repeat":"repeat","background-position":"center center","background-size":"auto","background-attachment":"scroll","background-type":"","background-media":"","overlay-type":"","overlay-color":"","overlay-opacity":"","overlay-gradient":""},"tablet":{"background-color":"","background-image":"","background-repeat":"repeat","background-position":"center center","background-size":"auto","background-attachment":"scroll","background-type":"","background-media":"","overlay-type":"","overlay-color":"","overlay-opacity":"","overlay-gradient":""},"mobile":{"background-color":"","background-image":"","background-repeat":"repeat","background-position":"center center","background-size":"auto","background-attachment":"scroll","background-type":"","background-media":"","overlay-type":"","overlay-color":"","overlay-opacity":"","overlay-gradient":""}},"ast-content-background-meta":{"desktop":{"background-color":"var(--ast-global-color-5)","background-image":"","background-repeat":"repeat","background-position":"center center","background-size":"auto","background-attachment":"scroll","background-type":"","background-media":"","overlay-type":"","overlay-color":"","overlay-opacity":"","overlay-gradient":""},"tablet":{"background-color":"var(--ast-global-color-5)","background-image":"","background-repeat":"repeat","background-position":"center center","background-size":"auto","background-attachment":"scroll","background-type":"","background-media":"","overlay-type":"","overlay-color":"","overlay-opacity":"","overlay-gradient":""},"mobile":{"background-color":"var(--ast-global-color-5)","background-image":"","background-repeat":"repeat","background-position":"center center","background-size":"auto","background-attachment":"scroll","background-type":"","background-media":"","overlay-type":"","overlay-color":"","overlay-opacity":"","overlay-gradient":""}}},"product_brand":[],"product_cat":[19,87],"product_tag":[],"class_list":{"0":"post-4074","1":"product","2":"type-product","3":"status-publish","4":"has-post-thumbnail","6":"product_cat-lamparas","7":"product_cat-mascotas","8":"desktop-align-center","9":"tablet-align-left","10":"mobile-align-center","11":"ast-product-gallery-layout-horizontal","12":"ast-magnify-disabled","13":"ast-product-tabs-layout-horizontal","14":"tm-has-options","16":"first","17":"instock","18":"taxable","19":"shipping-taxable","20":"purchasable","21":"product-type-simple"},"_links":{"self":[{"href":"https:\/\/kiemmi.com\/sv\/wp-json\/wp\/v2\/product\/4074","targetHints":{"allow":["GET"]}}],"collection":[{"href":"https:\/\/kiemmi.com\/sv\/wp-json\/wp\/v2\/product"}],"about":[{"href":"https:\/\/kiemmi.com\/sv\/wp-json\/wp\/v2\/types\/product"}],"version-history":[{"count":0,"href":"https:\/\/kiemmi.com\/sv\/wp-json\/wp\/v2\/product\/4074\/revisions"}],"wp:featuredmedia":[{"embeddable":true,"href":"https:\/\/kiemmi.com\/sv\/wp-json\/wp\/v2\/media\/7118"}],"wp:attachment":[{"href":"https:\/\/kiemmi.com\/sv\/wp-json\/wp\/v2\/media?parent=4074"}],"wp:term":[{"taxonomy":"product_brand","embeddable":true,"href":"https:\/\/kiemmi.com\/sv\/wp-json\/wp\/v2\/product_brand?post=4074"},{"taxonomy":"product_cat","embeddable":true,"href":"https:\/\/kiemmi.com\/sv\/wp-json\/wp\/v2\/product_cat?post=4074"},{"taxonomy":"product_tag","embeddable":true,"href":"https:\/\/kiemmi.com\/sv\/wp-json\/wp\/v2\/product_tag?post=4074"}],"curies":[{"name":"wp","href":"https:\/\/api.w.org\/{rel}","templated":true}]}}