{"id":37833,"date":"2025-12-14T18:46:21","date_gmt":"2025-12-14T18:46:21","guid":{"rendered":"https:\/\/kiemmi.com\/?post_type=product&#038;p=37833"},"modified":"2026-01-18T00:31:47","modified_gmt":"2026-01-18T00:31:47","slug":"nyckelring-internationell-montering-2026-lyckligt-i-alla-sina-dagar","status":"publish","type":"product","link":"https:\/\/kiemmi.com\/sv\/shop\/jw\/asambleas-internacionales-2026-jw\/llavero-asamblea-internacional-2026-felices-para-siempre\/","title":{"rendered":"Nyckelring till Internationella f\u00f6rsamlingen 2026 &quot;Lyckliga i alla sina dagar&quot;\u00ab"},"content":{"rendered":"<p>Minnesm\u00e4rker <strong>Jehovas vittnens internationella sammankomst 2026<\/strong> med denna tr\u00e4nyckelring designad som en speciell souvenir av det inspirerande temat &quot;\u201c<strong>Evig lycka<\/strong>\u201dVarje smycke \u00e4r handgjort och har ett fyrf\u00e4rgstryck av f\u00f6rsamlingens officiella logotyp, vilket \u00e5terspeglar budskapet om hopp och best\u00e5ende lycka som k\u00e4nnetecknar detta internationella evenemang.<\/p>\n<p>Denna nyckelring kombinerar funktionalitet och andlig betydelse, vilket g\u00f6r att du kan b\u00e4ra en p\u00e5minnelse om f\u00f6rsamlingen och det bibliska budskapet den f\u00f6rmedlar varje dag, oavsett om det \u00e4r p\u00e5 dina nycklar, i en ryggs\u00e4ck eller i en handv\u00e4ska.<\/p>\n<p><strong>Produktegenskaper:<\/strong><\/p>\n<p style=\"padding-left: 40px;\">\ud83c\udf3f <strong>Tr\u00e4 fr\u00e5n h\u00e5llbara k\u00e4llor:<\/strong> Naturligt och milj\u00f6v\u00e4nligt material med en varm och behaglig finish<br \/>\n\ud83c\udfa8 <strong>Fullf\u00e4rgstryck:<\/strong> Livfulla, v\u00e4ldefinierade f\u00e4rger som f\u00f6rst\u00e4rker designen och bibeh\u00e5ller sin kvalitet \u00f6ver tid.<br \/>\n\ud83d\udc50 <strong>Handgjord:<\/strong> Varje nyckelring \u00e4r handgjord med omsorg om varje detalj i tillsk\u00e4rning och ytbehandling.<br \/>\n\ud83d\udd11 <strong>Praktiskt och l\u00e4tt format:<\/strong> Bekv\u00e4m storlek f\u00f6r vardagsbruk, utan att vara klumpig<br \/>\n\ud83d\udd12 <strong>Kraftig metallring:<\/strong> Fast och s\u00e4kert grepp f\u00f6r nycklar eller andra tillbeh\u00f6r<br \/>\n\ud83c\udf81 <strong>Ett minne med andligt v\u00e4rde:<\/strong> Perfekt som present till br\u00f6der och systrar som deltar i sammankomsten eller att beh\u00e5lla som ett personligt minne<\/p>\n<p>Denna tr\u00e4nyckelring \u00e4r mer \u00e4n ett tillbeh\u00f6r: den \u00e4r en symbol f\u00f6r budskapet &quot;\u201c<strong>Evig lycka<\/strong>\u201d, utformad f\u00f6r att f\u00f6lja med dig varje dag och p\u00e5minna dig om det hopp och den gl\u00e4dje som delades under den internationella kongressen 2026.<\/p>","protected":false},"excerpt":{"rendered":"<p>Minnesnyckelring i tr\u00e4 f\u00f6r <strong>Jehovas vittnens internationella sammankomst 2026<\/strong>, vars tema \u00e4r &quot;\u201c<strong>Evig lycka<\/strong>\u201d. Handgjord och tryckt i fullf\u00e4rg med den officiella logotypen, \u00e4r det en praktisk och meningsfull souvenir som \u00e5terspeglar det hopp och den gl\u00e4dje som f\u00f6rmedlades under denna speciella sammankomst.<\/p>","protected":false},"featured_media":37848,"template":"","meta":{"_seopress_robots_primary_cat":"","_seopress_titles_title":"Llavero de Madera Asamblea Especial 2025 - Adoraci\u00f3n Pura","_seopress_titles_desc":"Conmemora la Asamblea Especial 2025 - \"Adoraci\u00f3n Pura\" - con un llavero artesanal de madera y logo oficial, perfecto recuerdo ecol\u00f3gico y significativo.","_seopress_robots_index":"","site-sidebar-layout":"default","site-content-layout":"","ast-site-content-layout":"default","site-content-style":"default","site-sidebar-style":"default","ast-global-header-display":"","ast-banner-title-visibility":"","ast-main-header-display":"","ast-hfb-above-header-display":"","ast-hfb-below-header-display":"","ast-hfb-mobile-header-display":"","site-post-title":"","ast-breadcrumbs-content":"","ast-featured-img":"","footer-sml-layout":"","ast-disable-related-posts":"","theme-transparent-header-meta":"default","adv-header-id-meta":"","stick-header-meta":"default","header-above-stick-meta":"","header-main-stick-meta":"","header-below-stick-meta":"","astra-migrate-meta-layouts":"set","ast-page-background-enabled":"default","ast-page-background-meta":{"desktop":{"background-color":"","background-image":"","background-repeat":"repeat","background-position":"center center","background-size":"auto","background-attachment":"scroll","background-type":"","background-media":"","overlay-type":"","overlay-color":"","overlay-opacity":"","overlay-gradient":""},"tablet":{"background-color":"","background-image":"","background-repeat":"repeat","background-position":"center center","background-size":"auto","background-attachment":"scroll","background-type":"","background-media":"","overlay-type":"","overlay-color":"","overlay-opacity":"","overlay-gradient":""},"mobile":{"background-color":"","background-image":"","background-repeat":"repeat","background-position":"center center","background-size":"auto","background-attachment":"scroll","background-type":"","background-media":"","overlay-type":"","overlay-color":"","overlay-opacity":"","overlay-gradient":""}},"ast-content-background-meta":{"desktop":{"background-color":"var(--ast-global-color-5)","background-image":"","background-repeat":"repeat","background-position":"center center","background-size":"auto","background-attachment":"scroll","background-type":"","background-media":"","overlay-type":"","overlay-color":"","overlay-opacity":"","overlay-gradient":""},"tablet":{"background-color":"var(--ast-global-color-5)","background-image":"","background-repeat":"repeat","background-position":"center center","background-size":"auto","background-attachment":"scroll","background-type":"","background-media":"","overlay-type":"","overlay-color":"","overlay-opacity":"","overlay-gradient":""},"mobile":{"background-color":"var(--ast-global-color-5)","background-image":"","background-repeat":"repeat","background-position":"center center","background-size":"auto","background-attachment":"scroll","background-type":"","background-media":"","overlay-type":"","overlay-color":"","overlay-opacity":"","overlay-gradient":""}}},"product_brand":[103],"product_cat":[105,66],"product_tag":[],"class_list":{"0":"post-37833","1":"product","2":"type-product","3":"status-publish","4":"has-post-thumbnail","6":"product_brand-kiemmi-creations","7":"product_cat-asambleas-internacionales-2026-jw","8":"product_cat-llaveros-jw","9":"desktop-align-center","10":"tablet-align-left","11":"mobile-align-center","12":"ast-product-gallery-layout-horizontal","13":"ast-magnify-disabled","14":"ast-product-tabs-layout-horizontal","15":"tm-has-options","17":"first","18":"instock","19":"taxable","20":"shipping-taxable","21":"purchasable","22":"product-type-simple"},"_links":{"self":[{"href":"https:\/\/kiemmi.com\/sv\/wp-json\/wp\/v2\/product\/37833","targetHints":{"allow":["GET"]}}],"collection":[{"href":"https:\/\/kiemmi.com\/sv\/wp-json\/wp\/v2\/product"}],"about":[{"href":"https:\/\/kiemmi.com\/sv\/wp-json\/wp\/v2\/types\/product"}],"version-history":[{"count":1,"href":"https:\/\/kiemmi.com\/sv\/wp-json\/wp\/v2\/product\/37833\/revisions"}],"predecessor-version":[{"id":67209,"href":"https:\/\/kiemmi.com\/sv\/wp-json\/wp\/v2\/product\/37833\/revisions\/67209"}],"wp:featuredmedia":[{"embeddable":true,"href":"https:\/\/kiemmi.com\/sv\/wp-json\/wp\/v2\/media\/37848"}],"wp:attachment":[{"href":"https:\/\/kiemmi.com\/sv\/wp-json\/wp\/v2\/media?parent=37833"}],"wp:term":[{"taxonomy":"product_brand","embeddable":true,"href":"https:\/\/kiemmi.com\/sv\/wp-json\/wp\/v2\/product_brand?post=37833"},{"taxonomy":"product_cat","embeddable":true,"href":"https:\/\/kiemmi.com\/sv\/wp-json\/wp\/v2\/product_cat?post=37833"},{"taxonomy":"product_tag","embeddable":true,"href":"https:\/\/kiemmi.com\/sv\/wp-json\/wp\/v2\/product_tag?post=37833"}],"curies":[{"name":"wp","href":"https:\/\/api.w.org\/{rel}","templated":true}]}}