{"id":37773,"date":"2025-12-14T16:49:50","date_gmt":"2025-12-14T16:49:50","guid":{"rendered":"https:\/\/kiemmi.com\/?post_type=product&#038;p=37773"},"modified":"2025-12-26T14:53:09","modified_gmt":"2025-12-26T14:53:09","slug":"trabokmarken-internationella-sammankomsten-2026-lyckliga-i-alla-sina-dagar-jw","status":"publish","type":"product","link":"https:\/\/kiemmi.com\/sv\/shop\/jw\/asambleas-internacionales-2026-jw\/marcapaginas-de-madera-asamblea-international-2026-felices-para-siempre-jw\/","title":{"rendered":"Tr\u00e4bokm\u00e4rken \u2013 Internationella sammankomsten 2026 \u00abLyckliga i alla sina dagar\u00bb \u2013 JW"},"content":{"rendered":"<p>Detta bokm\u00e4rke i tr\u00e4 har skapats som ett speciellt minne av <strong>Jehovas vittnens internationella sammankomst 2026<\/strong>, vars bibliska tema \u201c<strong>Evig lycka<\/strong>\u201d&quot;Det framh\u00e4ver hoppet om best\u00e5ende lycka baserad p\u00e5 Jehovas l\u00f6ften.&quot;.<\/p>\n<p>Designen inneh\u00e5ller f\u00f6rsamlingens officiella logotyp tryckt i fullf\u00e4rg p\u00e5 naturligt tr\u00e4, vilket ger en harmonisk och f\u00f6rfinad finish. Dess l\u00e4tta och eleganta format g\u00f6r den till ett idealiskt komplement till daglig bibell\u00e4sning och andra andliga publikationer, och h\u00e5ller f\u00f6rsamlingens budskap n\u00e4rvarande i varje stund av studiet.<\/p>\n<p>Bokm\u00e4rket l\u00e5ter dig anpassa text med tryck i fullf\u00e4rg, till exempel ett namn, datum eller ett kort meddelande, och integrera det s\u00f6ml\u00f6st i designen. Varje bokm\u00e4rke har ocks\u00e5 en dekorativ tofs i olika f\u00e4rger, vilket ger varje f\u00f6rem\u00e5l en distinkt touch.<\/p>\n<p><strong>Produktegenskaper:<\/strong><\/p>\n<p style=\"padding-left: 40px;\">\ud83d\udccf <strong>M\u00e5tt:<\/strong> 14 cm h\u00f6g \u00d7 3,7 cm bred \u00d7 1 mm tjock<br \/>\n\ud83c\udf33 <strong>Naturtr\u00e4:<\/strong> L\u00e4tt, slitstarkt och behagligt material att ber\u00f6ra<br \/>\n\ud83c\udfa8 <strong>Fullf\u00e4rgstryck:<\/strong> Officiell logotyp f\u00f6r 2026 \u00e5rs internationella f\u00f6rsamling med stor tydlighet<br \/>\n\u270d\ufe0f <strong>Tryckt anpassning:<\/strong> Anpassad text med tryck i fullf\u00e4rg<br \/>\n\ud83c\udf80 <strong>Dekorativ tofs:<\/strong> Inkluderar tofs i slumpm\u00e4ssiga f\u00e4rger<br \/>\n\ud83d\udc50 <strong>Handgjord:<\/strong> Varje bokm\u00e4rke \u00e4r handgjort med omsorg om varje detalj.<br \/>\n\ud83d\udcda <strong>Praktisk anv\u00e4ndning:<\/strong> Perfekt f\u00f6r att markera sidor i Bibeln, b\u00f6cker eller studiematerial<br \/>\n\ud83c\udf81 <strong>Ett minne med andlig betydelse:<\/strong> En speciell g\u00e5va till br\u00f6der och systrar som deltar i sammankomsten<\/p>\n<p>Detta bokm\u00e4rke i tr\u00e4 \u00e4r en daglig p\u00e5minnelse om budskapet &quot;\u201c<strong>Evig lycka<\/strong>\u201d, utformad f\u00f6r att ackompanjera stunder av l\u00e4sning, reflektion och andlig studium.<\/p>\n<p>En enkel, funktionell och meningsfull souvenir.<\/p>","protected":false},"excerpt":{"rendered":"<p>Tr\u00e4bokm\u00e4rke till minne av <strong>Jehovas vittnens internationella sammankomst 2026<\/strong>, vars tema \u00e4r &quot;\u201c<strong>Evig lycka<\/strong>\u201d. Den inkluderar den officiella logotypen och m\u00f6jligheten att l\u00e4gga till personlig text via fullf\u00e4rgstryck. Ett l\u00e4tt och meningsfullt minne som passar till den dagliga l\u00e4sningen och som h\u00e5ller f\u00f6rsamlingens andliga budskap n\u00e4rvarande.<\/p>","protected":false},"featured_media":37753,"template":"","meta":{"_seopress_robots_primary_cat":"none","_seopress_titles_title":"Marcap\u00e1ginas personalizado para Asamblea Especial 2025 \"Adoraci\u00f3n Pura\"","_seopress_titles_desc":"Descubre el marcap\u00e1ginas de madera de la Asamblea Especial 2025 \"Adoraci\u00f3n Pura\": elegante, personalizable, hecho a mano y con impresi\u00f3n a color del logo oficial. \u00a1Perfecto para regalar!","_seopress_robots_index":"","site-sidebar-layout":"default","site-content-layout":"","ast-site-content-layout":"default","site-content-style":"default","site-sidebar-style":"default","ast-global-header-display":"","ast-banner-title-visibility":"","ast-main-header-display":"","ast-hfb-above-header-display":"","ast-hfb-below-header-display":"","ast-hfb-mobile-header-display":"","site-post-title":"","ast-breadcrumbs-content":"","ast-featured-img":"","footer-sml-layout":"","ast-disable-related-posts":"","theme-transparent-header-meta":"default","adv-header-id-meta":"","stick-header-meta":"default","header-above-stick-meta":"","header-main-stick-meta":"","header-below-stick-meta":"","astra-migrate-meta-layouts":"set","ast-page-background-enabled":"default","ast-page-background-meta":{"desktop":{"background-color":"","background-image":"","background-repeat":"repeat","background-position":"center center","background-size":"auto","background-attachment":"scroll","background-type":"","background-media":"","overlay-type":"","overlay-color":"","overlay-opacity":"","overlay-gradient":""},"tablet":{"background-color":"","background-image":"","background-repeat":"repeat","background-position":"center center","background-size":"auto","background-attachment":"scroll","background-type":"","background-media":"","overlay-type":"","overlay-color":"","overlay-opacity":"","overlay-gradient":""},"mobile":{"background-color":"","background-image":"","background-repeat":"repeat","background-position":"center center","background-size":"auto","background-attachment":"scroll","background-type":"","background-media":"","overlay-type":"","overlay-color":"","overlay-opacity":"","overlay-gradient":""}},"ast-content-background-meta":{"desktop":{"background-color":"var(--ast-global-color-5)","background-image":"","background-repeat":"repeat","background-position":"center center","background-size":"auto","background-attachment":"scroll","background-type":"","background-media":"","overlay-type":"","overlay-color":"","overlay-opacity":"","overlay-gradient":""},"tablet":{"background-color":"var(--ast-global-color-5)","background-image":"","background-repeat":"repeat","background-position":"center center","background-size":"auto","background-attachment":"scroll","background-type":"","background-media":"","overlay-type":"","overlay-color":"","overlay-opacity":"","overlay-gradient":""},"mobile":{"background-color":"var(--ast-global-color-5)","background-image":"","background-repeat":"repeat","background-position":"center center","background-size":"auto","background-attachment":"scroll","background-type":"","background-media":"","overlay-type":"","overlay-color":"","overlay-opacity":"","overlay-gradient":""}}},"product_brand":[103],"product_cat":[105,62,100],"product_tag":[],"class_list":{"0":"post-37773","1":"product","2":"type-product","3":"status-publish","4":"has-post-thumbnail","6":"product_brand-kiemmi-creations","7":"product_cat-asambleas-internacionales-2026-jw","8":"product_cat-jw","9":"product_cat-marcapaginas-jw","10":"desktop-align-center","11":"tablet-align-left","12":"mobile-align-center","13":"ast-product-gallery-layout-horizontal","14":"ast-magnify-disabled","15":"ast-product-tabs-layout-horizontal","16":"tm-has-options","18":"first","19":"instock","20":"taxable","21":"shipping-taxable","22":"purchasable","23":"product-type-simple"},"_links":{"self":[{"href":"https:\/\/kiemmi.com\/sv\/wp-json\/wp\/v2\/product\/37773","targetHints":{"allow":["GET"]}}],"collection":[{"href":"https:\/\/kiemmi.com\/sv\/wp-json\/wp\/v2\/product"}],"about":[{"href":"https:\/\/kiemmi.com\/sv\/wp-json\/wp\/v2\/types\/product"}],"version-history":[{"count":1,"href":"https:\/\/kiemmi.com\/sv\/wp-json\/wp\/v2\/product\/37773\/revisions"}],"predecessor-version":[{"id":67210,"href":"https:\/\/kiemmi.com\/sv\/wp-json\/wp\/v2\/product\/37773\/revisions\/67210"}],"wp:featuredmedia":[{"embeddable":true,"href":"https:\/\/kiemmi.com\/sv\/wp-json\/wp\/v2\/media\/37753"}],"wp:attachment":[{"href":"https:\/\/kiemmi.com\/sv\/wp-json\/wp\/v2\/media?parent=37773"}],"wp:term":[{"taxonomy":"product_brand","embeddable":true,"href":"https:\/\/kiemmi.com\/sv\/wp-json\/wp\/v2\/product_brand?post=37773"},{"taxonomy":"product_cat","embeddable":true,"href":"https:\/\/kiemmi.com\/sv\/wp-json\/wp\/v2\/product_cat?post=37773"},{"taxonomy":"product_tag","embeddable":true,"href":"https:\/\/kiemmi.com\/sv\/wp-json\/wp\/v2\/product_tag?post=37773"}],"curies":[{"name":"wp","href":"https:\/\/api.w.org\/{rel}","templated":true}]}}