{"id":37645,"date":"2025-12-14T11:47:17","date_gmt":"2025-12-14T11:47:17","guid":{"rendered":"https:\/\/kiemmi.com\/?post_type=product&#038;p=37645"},"modified":"2026-01-18T00:31:49","modified_gmt":"2026-01-18T00:31:49","slug":"kylskapsmagnet-i-tra-internationell-montering-2026-lyckliga-i-alla-sina-dagar-jw","status":"publish","type":"product","link":"https:\/\/kiemmi.com\/sv\/shop\/jw\/asambleas-internacionales-2026-jw\/magnet-iman-para-nevera-de-madera-asamblea-internacional-2026-felices-para-siempre-jw\/","title":{"rendered":"Tr\u00e4magnet i kylsk\u00e5p \/ Internationell samling 2026 \u00abLyckliga i alla sina dagar\u00bb \u2013 JW"},"content":{"rendered":"<p>Denna kylsk\u00e5psmagnet i tr\u00e4 har designats som en speciell souvenir fr\u00e5n <strong>Jehovas vittnens internationella sammankomst 2026<\/strong>, vars bibliska tema \u201c<strong>Evig lycka<\/strong>\u201d&quot;Det framh\u00e4ver hoppet om best\u00e5ende lycka baserad p\u00e5 Jehovas l\u00f6ften.&quot;.<\/p>\n<p>Dess cirkul\u00e4ra, balanserade och diskreta design har den officiella f\u00f6rsamlingslogotypen tryckt i fullf\u00e4rg p\u00e5 naturligt tr\u00e4. Placerad p\u00e5 kylsk\u00e5pet eller n\u00e5gon annan metallyta blir den en daglig p\u00e5minnelse om det andliga budskap som f\u00f6rmedlas under denna betydelsefulla internationella f\u00f6rsamling.<\/p>\n<p>Alternativet att <strong>Anpassa ett meddelande l\u00e4ngst ner<\/strong> Det g\u00f6r att varje magnet kan vara unik, oavsett om det \u00e4r med ett namn, ett datum eller ett kort uttryck som f\u00f6rst\u00e4rker minnets andliga och jubileumsm\u00e4ssiga v\u00e4rde.<\/p>\n<p><strong>Produktinformation:<\/strong><\/p>\n<p style=\"padding-left: 40px;\">\ud83e\udeb5 <strong>Naturligt tr\u00e4 av h\u00f6g kvalitet:<\/strong> Slitstarkt och varmt material med en enkel finish som framh\u00e4ver designen.<br \/>\n\ud83c\udfa8 <strong>Fullf\u00e4rgstryck:<\/strong> En skarp och l\u00e5ngvarig bild som bibeh\u00e5ller logotypens tydlighet \u00f6ver tid.<br \/>\n\ud83d\udee0\ufe0f <strong>Handgjord:<\/strong> Varje magnet \u00e4r handgjord, med noggrann uppm\u00e4rksamhet p\u00e5 sk\u00e4rning, gravyr och slutlig ytbehandling.<br \/>\n\u270d\ufe0f <strong>Anpassningsbart meddelande:<\/strong> Utrymme avsett f\u00f6r en kort text som tillf\u00f6r minnet ett personligt och andligt v\u00e4rde.<br \/>\n\ud83d\udccf <strong>Utstr\u00e4ckning:<\/strong> Diameter 50 mm (5 cm), idealisk storlek f\u00f6r att framh\u00e4va designen utan att vara p\u00e5tr\u00e4ngande.<br \/>\n\ud83e\uddf2 <strong>H\u00e5llbar bakre magnet:<\/strong> Fast fixering f\u00f6r metallytor som kylsk\u00e5p, arkivsk\u00e5p eller whiteboardtavlor.<br \/>\n\ud83c\udf81 <strong>Best\u00e5ende andligt minne:<\/strong> Perfekt att beh\u00e5lla som ett personligt minne eller att ge till br\u00f6der och systrar som deltar i sammankomsten.<\/p>\n<p>Denna tr\u00e4magnet \u00e4r inte bara ett dekorativt f\u00f6rem\u00e5l, utan en daglig p\u00e5minnelse om budskapet &quot;Lyckliga i alla sina dagar&quot;, utformad f\u00f6r att h\u00e5lla vid liv det hopp och den gl\u00e4dje som k\u00e4nnetecknar denna internationella f\u00f6rsamling.<\/p>\n<p>En enkel, praktisk detalj full av andlig betydelse.<\/p>","protected":false},"excerpt":{"rendered":"<p>Minnesmagnet i tr\u00e4 f\u00f6r kylsk\u00e5p <strong>Jehovas vittnens internationella sammankomst 2026<\/strong>, vars tema \u00e4r &quot;\u201c<strong>Evig lycka<\/strong>\u201d. Den har den officiella logotypen tryckt i fullf\u00e4rg p\u00e5 naturligt tr\u00e4 och m\u00f6jligg\u00f6r till\u00e4gg av ett personligt meddelande. Ett praktiskt och meningsfullt minne som bevarar hoppet och gl\u00e4djen som delas under denna speciella sammankomst.<\/p>","protected":false},"featured_media":37704,"template":"","meta":{"_seopress_robots_primary_cat":"","_seopress_titles_title":"Im\u00e1n para Asambleas Especiales 2025 - \"Adoraci\u00f3n Pura\"","_seopress_titles_desc":"Celebra las Asambleas Especiales 2025 - \"Adoraci\u00f3n Pura\" - con nuestro exclusivo im\u00e1n de madera personalizado. \u00a1Personal\u00edzalo hoy!","_seopress_robots_index":"","site-sidebar-layout":"default","site-content-layout":"","ast-site-content-layout":"default","site-content-style":"default","site-sidebar-style":"default","ast-global-header-display":"","ast-banner-title-visibility":"","ast-main-header-display":"","ast-hfb-above-header-display":"","ast-hfb-below-header-display":"","ast-hfb-mobile-header-display":"","site-post-title":"","ast-breadcrumbs-content":"","ast-featured-img":"","footer-sml-layout":"","ast-disable-related-posts":"","theme-transparent-header-meta":"default","adv-header-id-meta":"","stick-header-meta":"default","header-above-stick-meta":"","header-main-stick-meta":"","header-below-stick-meta":"","astra-migrate-meta-layouts":"set","ast-page-background-enabled":"default","ast-page-background-meta":{"desktop":{"background-color":"","background-image":"","background-repeat":"repeat","background-position":"center center","background-size":"auto","background-attachment":"scroll","background-type":"","background-media":"","overlay-type":"","overlay-color":"","overlay-opacity":"","overlay-gradient":""},"tablet":{"background-color":"","background-image":"","background-repeat":"repeat","background-position":"center center","background-size":"auto","background-attachment":"scroll","background-type":"","background-media":"","overlay-type":"","overlay-color":"","overlay-opacity":"","overlay-gradient":""},"mobile":{"background-color":"","background-image":"","background-repeat":"repeat","background-position":"center center","background-size":"auto","background-attachment":"scroll","background-type":"","background-media":"","overlay-type":"","overlay-color":"","overlay-opacity":"","overlay-gradient":""}},"ast-content-background-meta":{"desktop":{"background-color":"var(--ast-global-color-5)","background-image":"","background-repeat":"repeat","background-position":"center center","background-size":"auto","background-attachment":"scroll","background-type":"","background-media":"","overlay-type":"","overlay-color":"","overlay-opacity":"","overlay-gradient":""},"tablet":{"background-color":"var(--ast-global-color-5)","background-image":"","background-repeat":"repeat","background-position":"center center","background-size":"auto","background-attachment":"scroll","background-type":"","background-media":"","overlay-type":"","overlay-color":"","overlay-opacity":"","overlay-gradient":""},"mobile":{"background-color":"var(--ast-global-color-5)","background-image":"","background-repeat":"repeat","background-position":"center center","background-size":"auto","background-attachment":"scroll","background-type":"","background-media":"","overlay-type":"","overlay-color":"","overlay-opacity":"","overlay-gradient":""}}},"product_brand":[103],"product_cat":[105,65],"product_tag":[],"class_list":{"0":"post-37645","1":"product","2":"type-product","3":"status-publish","4":"has-post-thumbnail","6":"product_brand-kiemmi-creations","7":"product_cat-asambleas-internacionales-2026-jw","8":"product_cat-imanes-de-nevera-jw","9":"desktop-align-center","10":"tablet-align-left","11":"mobile-align-center","12":"ast-product-gallery-layout-horizontal","13":"ast-magnify-disabled","14":"ast-product-tabs-layout-horizontal","15":"tm-has-options","17":"first","18":"instock","19":"taxable","20":"shipping-taxable","21":"purchasable","22":"product-type-simple"},"_links":{"self":[{"href":"https:\/\/kiemmi.com\/sv\/wp-json\/wp\/v2\/product\/37645","targetHints":{"allow":["GET"]}}],"collection":[{"href":"https:\/\/kiemmi.com\/sv\/wp-json\/wp\/v2\/product"}],"about":[{"href":"https:\/\/kiemmi.com\/sv\/wp-json\/wp\/v2\/types\/product"}],"version-history":[{"count":1,"href":"https:\/\/kiemmi.com\/sv\/wp-json\/wp\/v2\/product\/37645\/revisions"}],"predecessor-version":[{"id":67211,"href":"https:\/\/kiemmi.com\/sv\/wp-json\/wp\/v2\/product\/37645\/revisions\/67211"}],"wp:featuredmedia":[{"embeddable":true,"href":"https:\/\/kiemmi.com\/sv\/wp-json\/wp\/v2\/media\/37704"}],"wp:attachment":[{"href":"https:\/\/kiemmi.com\/sv\/wp-json\/wp\/v2\/media?parent=37645"}],"wp:term":[{"taxonomy":"product_brand","embeddable":true,"href":"https:\/\/kiemmi.com\/sv\/wp-json\/wp\/v2\/product_brand?post=37645"},{"taxonomy":"product_cat","embeddable":true,"href":"https:\/\/kiemmi.com\/sv\/wp-json\/wp\/v2\/product_cat?post=37645"},{"taxonomy":"product_tag","embeddable":true,"href":"https:\/\/kiemmi.com\/sv\/wp-json\/wp\/v2\/product_tag?post=37645"}],"curies":[{"name":"wp","href":"https:\/\/api.w.org\/{rel}","templated":true}]}}