{"id":37620,"date":"2025-12-14T11:40:49","date_gmt":"2025-12-14T11:40:49","guid":{"rendered":"https:\/\/kiemmi.com\/?post_type=product&#038;p=37620"},"modified":"2025-12-19T13:08:08","modified_gmt":"2025-12-19T13:08:08","slug":"anpassningsbara-tranalar-internationell-montering-2026-lyckliga-i-alla-sina-dagar","status":"publish","type":"product","link":"https:\/\/kiemmi.com\/sv\/shop\/jw\/asambleas-internacionales-2026-jw\/chapas-pins-de-madera-personalizables-asamblea-internacional-2026-felices-para-siempre\/","title":{"rendered":"Anpassningsbara tr\u00e4m\u00e4rken\/n\u00e5lar \u2013 2026 \u00e5rs internationella f\u00f6rsamling \u00abLyckliga i alla sina dagar\u00bb"},"content":{"rendered":"<p>Dessa tr\u00e4plaketter har skapats som ett speciellt minne av <strong>Jehovas vittnens internationella sammankomster 2026<\/strong>, vars bibliska tema \u201c<strong>Evig lycka<\/strong>\u201d&quot;Det uppmanar oss att reflektera \u00f6ver hoppet och l\u00f6ftet om en framtid full av sann lycka.&quot;.<\/p>\n<p>Dess enkla, harmoniska, cirkul\u00e4ra design har den officiella f\u00f6rsamlingslogotypen tryckt i fullf\u00e4rg p\u00e5 naturligt tr\u00e4, vilket f\u00f6rmedlar ett budskap om fred, tro och tillit till Jehovas l\u00f6ften. Varje del \u00e4r utformad f\u00f6r att f\u00f6lja denna betydelsefulla andliga h\u00e4ndelse och bevara dess minne \u00f6ver tid.<\/p>\n<p>Vidare m\u00f6jligheten att <strong>Anpassa ett meddelande l\u00e4ngst ner<\/strong> Det l\u00e5ter dig f\u00f6rvandla varje m\u00e4rke till en unik detalj, vare sig det \u00e4r med ett namn, ett speciellt datum eller ett kort uttryck som f\u00f6rst\u00e4rker den andliga inneb\u00f6rden av f\u00f6rsamlingen.<\/p>\n<p><strong>Produktinformation:<\/strong><\/p>\n<p style=\"padding-left: 40px;\">\ud83e\udeb5 <strong>Utvalt naturligt tr\u00e4:<\/strong> Varmt och slitstarkt material som ger en enkel finish som respekterar den ursprungliga designen.<br \/>\n\ud83c\udfa8 <strong>Skarpt och h\u00e5llbart tryck:<\/strong> Definierade f\u00e4rger som bibeh\u00e5ller logotypens och budskapets tydlighet vid daglig anv\u00e4ndning.<br \/>\n\ud83d\udee0\ufe0f <strong>Handgjord:<\/strong> Varje ark tillverkas f\u00f6r hand, med omsorg om varje detalj i tillsk\u00e4rning och efterbehandling.<br \/>\n\u270d\ufe0f <strong>Anpassningsbar text:<\/strong> Utrymme avsett f\u00f6r ett kort meddelande som f\u00f6rst\u00e4rker artikelns andliga och minnesv\u00e4rda v\u00e4rde.<br \/>\n\ud83d\udccf <strong>Tillg\u00e4ngliga storlekar:<\/strong><br \/>\n\ud83d\udd39 5 cm (1,97 tum): Balanserad storlek som l\u00e5ter dig uppskatta hela designen.<br \/>\n\ud83d\udd39 4 cm (1,57 tum): Mer diskret och l\u00e4ttare format.<br \/>\n\ud83d\udccc <strong>S\u00e4ker st\u00e4ngning:<\/strong> Slitstarkt sp\u00e4nne utformat f\u00f6r bekv\u00e4m och l\u00e5ngvarig anv\u00e4ndning.<br \/>\n\ud83c\udf81 <strong>Ett minne med andlig betydelse:<\/strong> Perfekt att beh\u00e5lla som ett personligt minne eller att ge till br\u00f6der och systrar som deltar i sammankomsten.<\/p>\n<p>Dessa tr\u00e4plaketter \u00e4r inte bara ett tillbeh\u00f6r, utan en visuell p\u00e5minnelse om budskapet &quot;Lyckliga i alla sina dagar&quot;, vilket hj\u00e4lper till att h\u00e5lla vid liv det hopp och den gl\u00e4dje som k\u00e4nnetecknar denna internationella f\u00f6rsamling.<\/p>\n<p>Ett enkelt, personligt minne fullt av andlig betydelse.<\/p>","protected":false},"excerpt":{"rendered":"<p>Minnessouvenir fr\u00e5n <strong>Jehovas vittnens internationella sammankomst 2026<\/strong>, under temat &quot;\u201c<strong>Evig lycka<\/strong>\u201d. Dessa handgjorda tr\u00e4plaketter har den officiella logotypen tryckt i fullf\u00e4rg p\u00e5 naturligt tr\u00e4 och m\u00f6jligg\u00f6r till\u00e4gg av ett personligt meddelande. En enkel men meningsfull detalj som \u00e5terspeglar hoppet, tron och gl\u00e4djen som delas under denna speciella sammankomst.<\/p>","protected":false},"featured_media":37622,"template":"","meta":{"_seopress_robots_primary_cat":"none","_seopress_titles_title":"Chapas exclusivas para las Asambleas Especiales 2025 - Adoraci\u00f3n Pura","_seopress_titles_desc":"Haz memorable la Asamblea Especial 2025 \"Adoraci\u00f3n Pura\"  con chapas de madera personalizables con el logo de la asamblea. Dise\u00f1o circular y elegante.","_seopress_robots_index":"","site-sidebar-layout":"default","site-content-layout":"","ast-site-content-layout":"default","site-content-style":"default","site-sidebar-style":"default","ast-global-header-display":"","ast-banner-title-visibility":"","ast-main-header-display":"","ast-hfb-above-header-display":"","ast-hfb-below-header-display":"","ast-hfb-mobile-header-display":"","site-post-title":"","ast-breadcrumbs-content":"","ast-featured-img":"","footer-sml-layout":"","ast-disable-related-posts":"","theme-transparent-header-meta":"default","adv-header-id-meta":"","stick-header-meta":"default","header-above-stick-meta":"","header-main-stick-meta":"","header-below-stick-meta":"","astra-migrate-meta-layouts":"set","ast-page-background-enabled":"default","ast-page-background-meta":{"desktop":{"background-color":"","background-image":"","background-repeat":"repeat","background-position":"center center","background-size":"auto","background-attachment":"scroll","background-type":"","background-media":"","overlay-type":"","overlay-color":"","overlay-opacity":"","overlay-gradient":""},"tablet":{"background-color":"","background-image":"","background-repeat":"repeat","background-position":"center center","background-size":"auto","background-attachment":"scroll","background-type":"","background-media":"","overlay-type":"","overlay-color":"","overlay-opacity":"","overlay-gradient":""},"mobile":{"background-color":"","background-image":"","background-repeat":"repeat","background-position":"center center","background-size":"auto","background-attachment":"scroll","background-type":"","background-media":"","overlay-type":"","overlay-color":"","overlay-opacity":"","overlay-gradient":""}},"ast-content-background-meta":{"desktop":{"background-color":"var(--ast-global-color-5)","background-image":"","background-repeat":"repeat","background-position":"center center","background-size":"auto","background-attachment":"scroll","background-type":"","background-media":"","overlay-type":"","overlay-color":"","overlay-opacity":"","overlay-gradient":""},"tablet":{"background-color":"var(--ast-global-color-5)","background-image":"","background-repeat":"repeat","background-position":"center center","background-size":"auto","background-attachment":"scroll","background-type":"","background-media":"","overlay-type":"","overlay-color":"","overlay-opacity":"","overlay-gradient":""},"mobile":{"background-color":"var(--ast-global-color-5)","background-image":"","background-repeat":"repeat","background-position":"center center","background-size":"auto","background-attachment":"scroll","background-type":"","background-media":"","overlay-type":"","overlay-color":"","overlay-opacity":"","overlay-gradient":""}}},"product_brand":[103],"product_cat":[105,62,66],"product_tag":[],"class_list":{"0":"post-37620","1":"product","2":"type-product","3":"status-publish","4":"has-post-thumbnail","6":"product_brand-kiemmi-creations","7":"product_cat-asambleas-internacionales-2026-jw","8":"product_cat-jw","9":"product_cat-llaveros-jw","10":"desktop-align-center","11":"tablet-align-left","12":"mobile-align-center","13":"ast-product-gallery-layout-horizontal","14":"ast-magnify-disabled","15":"ast-product-tabs-layout-horizontal","16":"tm-has-options","18":"first","19":"instock","20":"taxable","21":"shipping-taxable","22":"purchasable","23":"product-type-simple"},"_links":{"self":[{"href":"https:\/\/kiemmi.com\/sv\/wp-json\/wp\/v2\/product\/37620","targetHints":{"allow":["GET"]}}],"collection":[{"href":"https:\/\/kiemmi.com\/sv\/wp-json\/wp\/v2\/product"}],"about":[{"href":"https:\/\/kiemmi.com\/sv\/wp-json\/wp\/v2\/types\/product"}],"version-history":[{"count":1,"href":"https:\/\/kiemmi.com\/sv\/wp-json\/wp\/v2\/product\/37620\/revisions"}],"predecessor-version":[{"id":67212,"href":"https:\/\/kiemmi.com\/sv\/wp-json\/wp\/v2\/product\/37620\/revisions\/67212"}],"wp:featuredmedia":[{"embeddable":true,"href":"https:\/\/kiemmi.com\/sv\/wp-json\/wp\/v2\/media\/37622"}],"wp:attachment":[{"href":"https:\/\/kiemmi.com\/sv\/wp-json\/wp\/v2\/media?parent=37620"}],"wp:term":[{"taxonomy":"product_brand","embeddable":true,"href":"https:\/\/kiemmi.com\/sv\/wp-json\/wp\/v2\/product_brand?post=37620"},{"taxonomy":"product_cat","embeddable":true,"href":"https:\/\/kiemmi.com\/sv\/wp-json\/wp\/v2\/product_cat?post=37620"},{"taxonomy":"product_tag","embeddable":true,"href":"https:\/\/kiemmi.com\/sv\/wp-json\/wp\/v2\/product_tag?post=37620"}],"curies":[{"name":"wp","href":"https:\/\/api.w.org\/{rel}","templated":true}]}}