{"id":37494,"date":"2025-12-13T18:28:26","date_gmt":"2025-12-13T18:28:26","guid":{"rendered":"https:\/\/kiemmi.com\/?post_type=product&#038;p=37494"},"modified":"2026-03-09T07:07:52","modified_gmt":"2026-03-09T07:07:52","slug":"marken-nalar-internationell-forsamling-2026-lyckligt-i-alla-sina-dagar","status":"publish","type":"product","link":"https:\/\/kiemmi.com\/sv\/shop\/jw\/asambleas-internacionales-2026-jw\/chapas-pins-asamblea-internacional-2026-felices-para-siempre\/","title":{"rendered":"M\u00e4rken\/N\u00e5lar Internationella samlingen 2026 &quot;Lyckliga i alla sina dagar&quot;\u00ab"},"content":{"rendered":"<p>Fira detta speciella evenemang med specialdesignade m\u00e4rken\/n\u00e5lar inspirerade av den officiella logotypen f\u00f6r <strong>Internationella f\u00f6rsamlingen 2026<\/strong>. Varje smycke \u00e4r tillverkat med stor omsorg om detaljer s\u00e5 att du f\u00e5r ett unikt och meningsfullt minne av detta of\u00f6rgl\u00f6mliga tillf\u00e4lle.<\/p>\n<p><strong>\ud83c\udf81 Ett unikt minne, skapat bara f\u00f6r dig<\/strong><br \/>\nDen h\u00e4r n\u00e5len \u00e4r inte bara en souvenir: det \u00e4r ett personligt minne som du kan anpassa. Den \u00e4r perfekt som present till syskon eller v\u00e4nner, eller att beh\u00e5lla som ett speciellt minne fr\u00e5n sammankomsten som gjorde er upplevelse s\u00e5 minnesv\u00e4rd.<\/p>\n<p><strong>\ud83d\udd8a\ufe0f Anpassningar m\u00f6jliga<\/strong><br \/>\nDu kan anpassa din badge\/n\u00e5l med:<\/p>\n<p style=\"padding-left: 40px;\">\ud83d\udccd Staden d\u00e4r f\u00f6rsamlingen \u00e4r sammankallad<br \/>\n\u270d\ufe0f Namn, datum eller kort minnestext<br \/>\n\ud83c\udfa8 Olika ytbehandlingsalternativ (beroende p\u00e5 tillg\u00e4nglighet)<\/p>\n<p>Varje enhet f\u00f6rbereds p\u00e5 best\u00e4llning, med omsorg om varje detalj f\u00f6r att s\u00e4kerst\u00e4lla ett speciellt och exklusivt resultat.<\/p>\n<p><strong>\ud83c\udf0d Tillg\u00e4nglig f\u00f6r de 19:e internationella sammankomsterna 2026<\/strong><\/p>\n<p style=\"padding-left: 40px;\">\ud83d\udd38 Douala (Kamerun)<br \/>\n\ud83d\udd38 Bukarest (Rum\u00e4nien)<br \/>\n\ud83d\udd38 Curitiba (Brasilien)<br \/>\n\ud83d\udd38 St. John&#039;s, Newfoundland (Kanada)<br \/>\n\ud83d\udd38 Warszawa (Polen)<br \/>\n\ud83d\udd38 Stockholm (Sverige)<br \/>\n\ud83d\udd38 Kaohsiung (Taiwan)<br \/>\n\ud83d\udd38 Panama City (Panama)<br \/>\n\ud83d\udd38 Porto (Portugal)<br \/>\n\ud83d\udd38 Calgary (Kanada)<br \/>\n\ud83d\udd38 Quito (Ecuador)<br \/>\n\ud83d\udd38 Vilnius (Litauen)<br \/>\n\ud83d\udd38 Hamburg (Tyskland)<br \/>\n\ud83d\udd38 Utrecht (Nederl\u00e4nderna)<br \/>\n\ud83d\udd38 Johannesburg (Sydafrika)<br \/>\n\ud83d\udd38 Milwaukee (USA)<br \/>\n\ud83d\udd38 Manila (Filippinerna)<br \/>\n\ud83d\udd38 San Diego (USA)<br \/>\n\ud83d\udd38 Bangkok (Thailand)<\/p>\n<p><strong>\ud83d\udccc Funktioner<\/strong><\/p>\n<p style=\"padding-left: 40px;\">\u2714\ufe0f L\u00e4tt och bekv\u00e4m f\u00f6r dagligt bruk<br \/>\n\u2714\ufe0f H\u00e5llbar och robust design<br \/>\n\u2714\ufe0f Tillverkad p\u00e5 best\u00e4llning med noggrannhet<br \/>\n<span style=\"font-size: 16px;\">\u2714\ufe0f Tydlig och enkel anpassning<\/span><\/p>\n<p>\u2728 G\u00f6r ditt minne verkligt speciellt<\/p>\n<p>B\u00e4r med dig en unik symbol f\u00f6r <strong>Internationella f\u00f6rsamlingen 2026<\/strong>, skapad speciellt f\u00f6r dig.<\/p>\n<p>\ud83d\udc49 Anpassa din och beh\u00e5ll detta minne f\u00f6r alltid.<\/p>","protected":false},"excerpt":{"rendered":"<p>Personlig n\u00e5l\/m\u00e4rke \u2013 Internationella f\u00f6rsamlingen 2026\u201c<strong>Evig lycka<\/strong>\u201d.<br \/>\nExklusiv souvenir inspirerad av den internationella f\u00f6rsamlingen 2026.<br \/>\nAnpassningsbar n\u00e5l eller m\u00e4rke med staden d\u00e4r f\u00f6rsamlingen h\u00e5lls och minnestext.<br \/>\nL\u00e4tt, bekv\u00e4m och best\u00e4llningsgjord, perfekt som en speciell present eller ett best\u00e5ende minne av denna unika h\u00e4ndelse.<\/p>","protected":false},"featured_media":37498,"template":"","meta":{"_seopress_robots_primary_cat":"none","_seopress_titles_title":"Chapas exclusivas para las Asambleas Especiales 2025 - Adoraci\u00f3n Pura","_seopress_titles_desc":"Haz memorable la Asamblea Especial 2025 \"Adoraci\u00f3n Pura\"  con chapas de madera personalizables con el logo de la asamblea. Dise\u00f1o circular y elegante.","_seopress_robots_index":"","site-sidebar-layout":"default","site-content-layout":"","ast-site-content-layout":"default","site-content-style":"default","site-sidebar-style":"default","ast-global-header-display":"","ast-banner-title-visibility":"","ast-main-header-display":"","ast-hfb-above-header-display":"","ast-hfb-below-header-display":"","ast-hfb-mobile-header-display":"","site-post-title":"","ast-breadcrumbs-content":"","ast-featured-img":"","footer-sml-layout":"","ast-disable-related-posts":"","theme-transparent-header-meta":"default","adv-header-id-meta":"","stick-header-meta":"default","header-above-stick-meta":"","header-main-stick-meta":"","header-below-stick-meta":"","astra-migrate-meta-layouts":"set","ast-page-background-enabled":"default","ast-page-background-meta":{"desktop":{"background-color":"","background-image":"","background-repeat":"repeat","background-position":"center center","background-size":"auto","background-attachment":"scroll","background-type":"","background-media":"","overlay-type":"","overlay-color":"","overlay-opacity":"","overlay-gradient":""},"tablet":{"background-color":"","background-image":"","background-repeat":"repeat","background-position":"center center","background-size":"auto","background-attachment":"scroll","background-type":"","background-media":"","overlay-type":"","overlay-color":"","overlay-opacity":"","overlay-gradient":""},"mobile":{"background-color":"","background-image":"","background-repeat":"repeat","background-position":"center center","background-size":"auto","background-attachment":"scroll","background-type":"","background-media":"","overlay-type":"","overlay-color":"","overlay-opacity":"","overlay-gradient":""}},"ast-content-background-meta":{"desktop":{"background-color":"var(--ast-global-color-5)","background-image":"","background-repeat":"repeat","background-position":"center center","background-size":"auto","background-attachment":"scroll","background-type":"","background-media":"","overlay-type":"","overlay-color":"","overlay-opacity":"","overlay-gradient":""},"tablet":{"background-color":"var(--ast-global-color-5)","background-image":"","background-repeat":"repeat","background-position":"center center","background-size":"auto","background-attachment":"scroll","background-type":"","background-media":"","overlay-type":"","overlay-color":"","overlay-opacity":"","overlay-gradient":""},"mobile":{"background-color":"var(--ast-global-color-5)","background-image":"","background-repeat":"repeat","background-position":"center center","background-size":"auto","background-attachment":"scroll","background-type":"","background-media":"","overlay-type":"","overlay-color":"","overlay-opacity":"","overlay-gradient":""}}},"product_brand":[103],"product_cat":[105,62,66],"product_tag":[],"class_list":{"0":"post-37494","1":"product","2":"type-product","3":"status-publish","4":"has-post-thumbnail","6":"product_brand-kiemmi-creations","7":"product_cat-asambleas-internacionales-2026-jw","8":"product_cat-jw","9":"product_cat-llaveros-jw","10":"desktop-align-center","11":"tablet-align-left","12":"mobile-align-center","13":"ast-product-gallery-layout-horizontal","14":"ast-magnify-disabled","15":"ast-product-tabs-layout-horizontal","16":"tm-has-options","18":"first","19":"instock","20":"taxable","21":"shipping-taxable","22":"purchasable","23":"product-type-simple"},"_links":{"self":[{"href":"https:\/\/kiemmi.com\/sv\/wp-json\/wp\/v2\/product\/37494","targetHints":{"allow":["GET"]}}],"collection":[{"href":"https:\/\/kiemmi.com\/sv\/wp-json\/wp\/v2\/product"}],"about":[{"href":"https:\/\/kiemmi.com\/sv\/wp-json\/wp\/v2\/types\/product"}],"version-history":[{"count":1,"href":"https:\/\/kiemmi.com\/sv\/wp-json\/wp\/v2\/product\/37494\/revisions"}],"predecessor-version":[{"id":67001,"href":"https:\/\/kiemmi.com\/sv\/wp-json\/wp\/v2\/product\/37494\/revisions\/67001"}],"wp:featuredmedia":[{"embeddable":true,"href":"https:\/\/kiemmi.com\/sv\/wp-json\/wp\/v2\/media\/37498"}],"wp:attachment":[{"href":"https:\/\/kiemmi.com\/sv\/wp-json\/wp\/v2\/media?parent=37494"}],"wp:term":[{"taxonomy":"product_brand","embeddable":true,"href":"https:\/\/kiemmi.com\/sv\/wp-json\/wp\/v2\/product_brand?post=37494"},{"taxonomy":"product_cat","embeddable":true,"href":"https:\/\/kiemmi.com\/sv\/wp-json\/wp\/v2\/product_cat?post=37494"},{"taxonomy":"product_tag","embeddable":true,"href":"https:\/\/kiemmi.com\/sv\/wp-json\/wp\/v2\/product_tag?post=37494"}],"curies":[{"name":"wp","href":"https:\/\/api.w.org\/{rel}","templated":true}]}}