{"id":3455,"date":"2022-02-14T12:36:25","date_gmt":"2022-02-14T12:36:25","guid":{"rendered":"https:\/\/kiemmi.com\/?post_type=product&#038;p=3455"},"modified":"2024-10-08T07:05:29","modified_gmt":"2024-10-08T07:05:29","slug":"traskylt-med-hundben-och-ditt-husdjurs-namn-som-personligt-namn","status":"publish","type":"product","link":"https:\/\/kiemmi.com\/sv\/shop\/letrero-madera\/letrero-de-madera-en-forma-de-hueso-de-perro-con-el-nombre-de-tu-mascota-personalizado\/","title":{"rendered":"Tr\u00e4skylt med hundben och ditt husdjurs namn som personligt namn"},"content":{"rendered":"<p>Handgjord skylt med hundben i bj\u00f6rkplywood med ditt husdjurs namn personligt.<br \/>\nPerfekt skylt f\u00f6r hundkojor.<br \/>\nTr\u00e4et har noggrant valts ut f\u00f6r att h\u00e5lla h\u00f6g kvalitet.<\/p>\n<p><strong>Modeller:<\/strong><\/p>\n<div id='gallery-1' class='gallery galleryid-3455 gallery-columns-2 gallery-size-thumbnail'><figure class='gallery-item'>\n\t\t\t<div class='gallery-icon landscape'>\n\t\t\t\t<a href='https:\/\/kiemmi.com\/wp-content\/uploads\/2022\/02\/letrero_hueso_letras_llenas.jpg'><img width=\"150\" height=\"150\" src=\"https:\/\/kiemmi.com\/wp-content\/uploads\/2022\/02\/letrero_hueso_letras_llenas-150x150.jpg\" class=\"attachment-thumbnail size-thumbnail\" alt=\"Hundbenskylt\" aria-describedby=\"gallery-1-3457\" srcset=\"https:\/\/kiemmi.com\/wp-content\/uploads\/2022\/02\/letrero_hueso_letras_llenas-150x150.jpg 150w, https:\/\/kiemmi.com\/wp-content\/uploads\/2022\/02\/letrero_hueso_letras_llenas-300x300.jpg 300w, https:\/\/kiemmi.com\/wp-content\/uploads\/2022\/02\/letrero_hueso_letras_llenas-100x100.jpg 100w, https:\/\/kiemmi.com\/wp-content\/uploads\/2022\/02\/letrero_hueso_letras_llenas-600x600.jpg 600w, https:\/\/kiemmi.com\/wp-content\/uploads\/2022\/02\/letrero_hueso_letras_llenas-64x64.jpg 64w, https:\/\/kiemmi.com\/wp-content\/uploads\/2022\/02\/letrero_hueso_letras_llenas-1024x1024.jpg 1024w, https:\/\/kiemmi.com\/wp-content\/uploads\/2022\/02\/letrero_hueso_letras_llenas-768x768.jpg 768w, https:\/\/kiemmi.com\/wp-content\/uploads\/2022\/02\/letrero_hueso_letras_llenas-1536x1536.jpg 1536w, https:\/\/kiemmi.com\/wp-content\/uploads\/2022\/02\/letrero_hueso_letras_llenas-500x500.jpg 500w, https:\/\/kiemmi.com\/wp-content\/uploads\/2022\/02\/letrero_hueso_letras_llenas.jpg 2000w\" sizes=\"(max-width: 150px) 100vw, 150px\" data-xoowscfly=\"fly\" decoding=\"async\" \/><\/a>\n\t\t\t<\/div>\n\t\t\t\t<figcaption class='wp-caption-text gallery-caption' id='gallery-1-3457'>\n\t\t\t\tFullst\u00e4ndiga brev\n\t\t\t\t<\/figcaption><\/figure><figure class='gallery-item'>\n\t\t\t<div class='gallery-icon landscape'>\n\t\t\t\t<a href='https:\/\/kiemmi.com\/wp-content\/uploads\/2022\/02\/letrero_hueso_letras_huecas.jpg'><img width=\"150\" height=\"150\" src=\"https:\/\/kiemmi.com\/wp-content\/uploads\/2022\/02\/letrero_hueso_letras_huecas-150x150.jpg\" class=\"attachment-thumbnail size-thumbnail\" alt=\"Hundbenskylt\" aria-describedby=\"gallery-1-3456\" srcset=\"https:\/\/kiemmi.com\/wp-content\/uploads\/2022\/02\/letrero_hueso_letras_huecas-150x150.jpg 150w, https:\/\/kiemmi.com\/wp-content\/uploads\/2022\/02\/letrero_hueso_letras_huecas-300x300.jpg 300w, https:\/\/kiemmi.com\/wp-content\/uploads\/2022\/02\/letrero_hueso_letras_huecas-100x100.jpg 100w, https:\/\/kiemmi.com\/wp-content\/uploads\/2022\/02\/letrero_hueso_letras_huecas-600x600.jpg 600w, https:\/\/kiemmi.com\/wp-content\/uploads\/2022\/02\/letrero_hueso_letras_huecas-64x64.jpg 64w, https:\/\/kiemmi.com\/wp-content\/uploads\/2022\/02\/letrero_hueso_letras_huecas-1024x1024.jpg 1024w, https:\/\/kiemmi.com\/wp-content\/uploads\/2022\/02\/letrero_hueso_letras_huecas-768x768.jpg 768w, https:\/\/kiemmi.com\/wp-content\/uploads\/2022\/02\/letrero_hueso_letras_huecas-1536x1536.jpg 1536w, https:\/\/kiemmi.com\/wp-content\/uploads\/2022\/02\/letrero_hueso_letras_huecas-500x500.jpg 500w, https:\/\/kiemmi.com\/wp-content\/uploads\/2022\/02\/letrero_hueso_letras_huecas.jpg 2000w\" sizes=\"(max-width: 150px) 100vw, 150px\" data-xoowscfly=\"fly\" decoding=\"async\" \/><\/a>\n\t\t\t<\/div>\n\t\t\t\t<figcaption class='wp-caption-text gallery-caption' id='gallery-1-3456'>\n\t\t\t\tIh\u00e5liga bokst\u00e4ver\n\t\t\t\t<\/figcaption><\/figure>\n\t\t<\/div>\n\n<p><strong>M\u00e5tt:<\/strong><\/p>\n<ul>\n<li>Liten modell:\n<ul>\n<li>Bredd: 15 cm<\/li>\n<li>H\u00f6jd: 7 cm<\/li>\n<li>Tjocklek: 0,8 cm<\/li>\n<\/ul>\n<\/li>\n<li>Stor modell:\n<ul>\n<li>Bredd: 17 cm<\/li>\n<li>H\u00f6jd: 7 cm<\/li>\n<li>Tjocklek: 0,8 cm<\/li>\n<\/ul>\n<\/li>\n<\/ul>\n<p><strong>Material:<\/strong><\/p>\n<ul>\n<li>Plywood<\/li>\n<\/ul>\n<p><strong>Rekommendationer:<\/strong><\/p>\n<p>Skyltarna \u00e4r tillverkade av r\u00e5 plywood, vilket inneb\u00e4r att de inte har n\u00e5gon skyddande behandling eller lack. Om du ska anv\u00e4nda dem utomhus, eller i ett omr\u00e5de d\u00e4r det \u00e4r risk f\u00f6r st\u00e4nk, b\u00f6r du d\u00e4rf\u00f6r f\u00f6rst applicera en skyddande behandling f\u00f6r att f\u00f6rhindra fl\u00e4ckar.<\/p>","protected":false},"excerpt":{"rendered":"<p>Handgjord skylt med hundben i bj\u00f6rkplywood med ditt husdjurs namn personligt.<br \/>\nPerfekt skylt f\u00f6r hundkojor.<br \/>\nTr\u00e4et har noggrant valts ut f\u00f6r att h\u00e5lla h\u00f6g kvalitet.<\/p>","protected":false},"featured_media":4044,"template":"","meta":{"_seopress_robots_primary_cat":"40","_seopress_titles_title":"%%title%% %%page%%","_seopress_titles_desc":"","_seopress_robots_index":"","site-sidebar-layout":"default","site-content-layout":"","ast-site-content-layout":"default","site-content-style":"default","site-sidebar-style":"default","ast-global-header-display":"","ast-banner-title-visibility":"","ast-main-header-display":"","ast-hfb-above-header-display":"","ast-hfb-below-header-display":"","ast-hfb-mobile-header-display":"","site-post-title":"","ast-breadcrumbs-content":"","ast-featured-img":"","footer-sml-layout":"","ast-disable-related-posts":"","theme-transparent-header-meta":"","adv-header-id-meta":"","stick-header-meta":"","header-above-stick-meta":"","header-main-stick-meta":"","header-below-stick-meta":"","astra-migrate-meta-layouts":"default","ast-page-background-enabled":"default","ast-page-background-meta":{"desktop":{"background-color":"","background-image":"","background-repeat":"repeat","background-position":"center center","background-size":"auto","background-attachment":"scroll","background-type":"","background-media":"","overlay-type":"","overlay-color":"","overlay-opacity":"","overlay-gradient":""},"tablet":{"background-color":"","background-image":"","background-repeat":"repeat","background-position":"center center","background-size":"auto","background-attachment":"scroll","background-type":"","background-media":"","overlay-type":"","overlay-color":"","overlay-opacity":"","overlay-gradient":""},"mobile":{"background-color":"","background-image":"","background-repeat":"repeat","background-position":"center center","background-size":"auto","background-attachment":"scroll","background-type":"","background-media":"","overlay-type":"","overlay-color":"","overlay-opacity":"","overlay-gradient":""}},"ast-content-background-meta":{"desktop":{"background-color":"var(--ast-global-color-5)","background-image":"","background-repeat":"repeat","background-position":"center center","background-size":"auto","background-attachment":"scroll","background-type":"","background-media":"","overlay-type":"","overlay-color":"","overlay-opacity":"","overlay-gradient":""},"tablet":{"background-color":"var(--ast-global-color-5)","background-image":"","background-repeat":"repeat","background-position":"center center","background-size":"auto","background-attachment":"scroll","background-type":"","background-media":"","overlay-type":"","overlay-color":"","overlay-opacity":"","overlay-gradient":""},"mobile":{"background-color":"var(--ast-global-color-5)","background-image":"","background-repeat":"repeat","background-position":"center center","background-size":"auto","background-attachment":"scroll","background-type":"","background-media":"","overlay-type":"","overlay-color":"","overlay-opacity":"","overlay-gradient":""}}},"product_brand":[],"product_cat":[40,87],"product_tag":[],"class_list":{"0":"post-3455","1":"product","2":"type-product","3":"status-publish","4":"has-post-thumbnail","6":"product_cat-letrero-madera","7":"product_cat-mascotas","8":"desktop-align-center","9":"tablet-align-left","10":"mobile-align-center","11":"ast-product-gallery-layout-horizontal","12":"ast-magnify-disabled","13":"ast-product-tabs-layout-horizontal","14":"tm-has-options","16":"first","17":"instock","18":"taxable","19":"shipping-taxable","20":"purchasable","21":"product-type-simple"},"_links":{"self":[{"href":"https:\/\/kiemmi.com\/sv\/wp-json\/wp\/v2\/product\/3455","targetHints":{"allow":["GET"]}}],"collection":[{"href":"https:\/\/kiemmi.com\/sv\/wp-json\/wp\/v2\/product"}],"about":[{"href":"https:\/\/kiemmi.com\/sv\/wp-json\/wp\/v2\/types\/product"}],"version-history":[{"count":0,"href":"https:\/\/kiemmi.com\/sv\/wp-json\/wp\/v2\/product\/3455\/revisions"}],"wp:featuredmedia":[{"embeddable":true,"href":"https:\/\/kiemmi.com\/sv\/wp-json\/wp\/v2\/media\/4044"}],"wp:attachment":[{"href":"https:\/\/kiemmi.com\/sv\/wp-json\/wp\/v2\/media?parent=3455"}],"wp:term":[{"taxonomy":"product_brand","embeddable":true,"href":"https:\/\/kiemmi.com\/sv\/wp-json\/wp\/v2\/product_brand?post=3455"},{"taxonomy":"product_cat","embeddable":true,"href":"https:\/\/kiemmi.com\/sv\/wp-json\/wp\/v2\/product_cat?post=3455"},{"taxonomy":"product_tag","embeddable":true,"href":"https:\/\/kiemmi.com\/sv\/wp-json\/wp\/v2\/product_tag?post=3455"}],"curies":[{"name":"wp","href":"https:\/\/api.w.org\/{rel}","templated":true}]}}