{"id":3409,"date":"2022-02-12T21:46:05","date_gmt":"2022-02-12T21:46:05","guid":{"rendered":"https:\/\/kiemmi.com\/?post_type=product&#038;p=3409"},"modified":"2025-09-16T16:07:10","modified_gmt":"2025-09-16T16:07:10","slug":"anpassningsbara-tranyckelringar-for-stygga-katter","status":"publish","type":"product","link":"https:\/\/kiemmi.com\/sv\/shop\/llaveros-madera\/llaveros-de-madera-de-gatos-traviesos-personalizable\/","title":{"rendered":"Anpassningsbara tr\u00e4nyckelringar med stygga katter"},"content":{"rendered":"<p>Uppt\u00e4ck kollektionen <strong>Kattformade tr\u00e4nyckelringar<\/strong>, en unik detalj full av personlighet. Varje m\u00f6bel \u00e4r <strong>exakt sk\u00e4rning med laser<\/strong> och <strong>dekorerad med fullf\u00e4rgstryck<\/strong>, vilket ger en l\u00e5ngvarig och livfull finish som framh\u00e4ver varje kattuttryck.<\/p>\n<p>Dessa nyckelringar \u00e4r perfekta f\u00f6r katt\u00e4lskare, eftersom varje design f\u00f6rmedlar en unik k\u00e4nsla: \u00f6mhet, gl\u00e4dje, v\u00e4nlighet eller bus. Tack vare den handgjorda tr\u00e4konstruktionen blir varje nyckelring ett l\u00e4tt, h\u00e5llbart och helt originellt tillbeh\u00f6r.<\/p>\n<p>Dessutom kan du <strong>Anpassa din nyckelring med ditt husdjurs namn, ditt eget namn eller namnet p\u00e5 den person du vill \u00f6verraska.<\/strong>Detta g\u00f6r dem till en perfekt present f\u00f6r alla tillf\u00e4llen: f\u00f6delsedagar, \u00e5rsdagar, presenter till v\u00e4nner eller speciella souvenirer.<\/p>\n<p>Dess praktiska design inkluderar en <strong>metallkedja och stark ring<\/strong>, perfekt f\u00f6r att alltid b\u00e4ra med dig dina nycklar eller f\u00f6r att h\u00e4nga p\u00e5 ryggs\u00e4ckar, v\u00e4skor eller pennfodral.<\/p>\n<p><strong>Huvudfunktioner:<\/strong><\/p>\n<ul>\n<li>Tillverkad av naturligt tr\u00e4, skuren med laserteknik<\/li>\n<li>H\u00f6gkvalitativt f\u00e4rgtryck med uttrycksfulla och roliga kattm\u00f6nster<\/li>\n<li>Personalisering med namn, f\u00f6r en exklusiv och unik detalj<\/li>\n<li>L\u00e4tt, slitstark och bekv\u00e4m att b\u00e4ra varje dag.<\/li>\n<li>Perfekt som en originell present till katt\u00e4lskare eller som ett personligt accessoar<\/li>\n<\/ul>\n<p>Med dessa nyckelringar f\u00f6rvarar du inte bara dina nycklar s\u00e4kert, utan ger dem ocks\u00e5 en speciell touch av k\u00e4rlek och stil.<\/p>","protected":false},"excerpt":{"rendered":"<p>En laserskuren, f\u00e4rgtryckt, kattformad nyckelring i tr\u00e4, anpassningsbar med namn. Original, h\u00e5llbar och perfekt att ge bort i present.<\/p>","protected":false},"featured_media":31537,"template":"","meta":{"_seopress_robots_primary_cat":"33","_seopress_titles_title":"Llaveros de madera con gatos traviesos personalizables","_seopress_titles_desc":"Descubre llaveros de madera hechos a mano con forma de gato, personalizables con el nombre de tu mascota. Elige entre 5 modelos \u00fanicos.","_seopress_robots_index":"","site-sidebar-layout":"default","site-content-layout":"","ast-site-content-layout":"default","site-content-style":"default","site-sidebar-style":"default","ast-global-header-display":"","ast-banner-title-visibility":"","ast-main-header-display":"","ast-hfb-above-header-display":"","ast-hfb-below-header-display":"","ast-hfb-mobile-header-display":"","site-post-title":"","ast-breadcrumbs-content":"","ast-featured-img":"","footer-sml-layout":"","ast-disable-related-posts":"","theme-transparent-header-meta":"default","adv-header-id-meta":"","stick-header-meta":"default","header-above-stick-meta":"","header-main-stick-meta":"","header-below-stick-meta":"","astra-migrate-meta-layouts":"set","ast-page-background-enabled":"default","ast-page-background-meta":{"desktop":{"background-color":"","background-image":"","background-repeat":"repeat","background-position":"center center","background-size":"auto","background-attachment":"scroll","background-type":"","background-media":"","overlay-type":"","overlay-color":"","overlay-opacity":"","overlay-gradient":""},"tablet":{"background-color":"","background-image":"","background-repeat":"repeat","background-position":"center center","background-size":"auto","background-attachment":"scroll","background-type":"","background-media":"","overlay-type":"","overlay-color":"","overlay-opacity":"","overlay-gradient":""},"mobile":{"background-color":"","background-image":"","background-repeat":"repeat","background-position":"center center","background-size":"auto","background-attachment":"scroll","background-type":"","background-media":"","overlay-type":"","overlay-color":"","overlay-opacity":"","overlay-gradient":""}},"ast-content-background-meta":{"desktop":{"background-color":"var(--ast-global-color-5)","background-image":"","background-repeat":"repeat","background-position":"center center","background-size":"auto","background-attachment":"scroll","background-type":"","background-media":"","overlay-type":"","overlay-color":"","overlay-opacity":"","overlay-gradient":""},"tablet":{"background-color":"var(--ast-global-color-5)","background-image":"","background-repeat":"repeat","background-position":"center center","background-size":"auto","background-attachment":"scroll","background-type":"","background-media":"","overlay-type":"","overlay-color":"","overlay-opacity":"","overlay-gradient":""},"mobile":{"background-color":"var(--ast-global-color-5)","background-image":"","background-repeat":"repeat","background-position":"center center","background-size":"auto","background-attachment":"scroll","background-type":"","background-media":"","overlay-type":"","overlay-color":"","overlay-opacity":"","overlay-gradient":""}}},"product_brand":[],"product_cat":[33],"product_tag":[],"class_list":{"0":"post-3409","1":"product","2":"type-product","3":"status-publish","4":"has-post-thumbnail","6":"product_cat-llaveros-madera","7":"desktop-align-center","8":"tablet-align-left","9":"mobile-align-center","10":"ast-product-gallery-layout-horizontal","11":"ast-magnify-disabled","12":"ast-product-tabs-layout-horizontal","13":"tm-has-options","15":"first","16":"instock","17":"taxable","18":"shipping-taxable","19":"purchasable","20":"product-type-simple"},"_links":{"self":[{"href":"https:\/\/kiemmi.com\/sv\/wp-json\/wp\/v2\/product\/3409","targetHints":{"allow":["GET"]}}],"collection":[{"href":"https:\/\/kiemmi.com\/sv\/wp-json\/wp\/v2\/product"}],"about":[{"href":"https:\/\/kiemmi.com\/sv\/wp-json\/wp\/v2\/types\/product"}],"version-history":[{"count":0,"href":"https:\/\/kiemmi.com\/sv\/wp-json\/wp\/v2\/product\/3409\/revisions"}],"wp:featuredmedia":[{"embeddable":true,"href":"https:\/\/kiemmi.com\/sv\/wp-json\/wp\/v2\/media\/31537"}],"wp:attachment":[{"href":"https:\/\/kiemmi.com\/sv\/wp-json\/wp\/v2\/media?parent=3409"}],"wp:term":[{"taxonomy":"product_brand","embeddable":true,"href":"https:\/\/kiemmi.com\/sv\/wp-json\/wp\/v2\/product_brand?post=3409"},{"taxonomy":"product_cat","embeddable":true,"href":"https:\/\/kiemmi.com\/sv\/wp-json\/wp\/v2\/product_cat?post=3409"},{"taxonomy":"product_tag","embeddable":true,"href":"https:\/\/kiemmi.com\/sv\/wp-json\/wp\/v2\/product_tag?post=3409"}],"curies":[{"name":"wp","href":"https:\/\/api.w.org\/{rel}","templated":true}]}}