{"id":3364,"date":"2022-02-10T07:50:37","date_gmt":"2022-02-10T07:50:37","guid":{"rendered":"https:\/\/kiemmi.com\/?post_type=product&#038;p=3364"},"modified":"2025-09-02T08:41:17","modified_gmt":"2025-09-02T08:41:17","slug":"handgjord-tralada-i-form-av-ett-hund-eller-katttassavtryck","status":"publish","type":"product","link":"https:\/\/kiemmi.com\/sv\/shop\/cajas-de-madera-personalizadas\/caja-de-madera-hecha-a-mano-en-forma-de-huella-de-perro-gato\/","title":{"rendered":"Handgjord tr\u00e4l\u00e5da i form av ett hund-\/katttassavtryck"},"content":{"rendered":"<p>Handgjord l\u00e5da tillverkad av noggrant utvald bj\u00f6rkplywood i form av en hundtass (USB-minnen och SD-kort som syns p\u00e5 bilden ing\u00e5r ej).<br \/>\nRobust ask, perfekt f\u00f6r smycken, f\u00f6rvaring av personliga tillh\u00f6righeter, presentask eller presentask.<br \/>\nG\u00f6r en husdjurs\u00e4lskande v\u00e4n eller familjemedlem glad med denna underbara l\u00e5da!<\/p>\n<p><strong>M\u00e5tt:<\/strong><\/p>\n<ul>\n<li>Bredd: 8,7 cm (+\/- 1 mm)<\/li>\n<li>H\u00f6jd: 8 cm (+\/- 1 mm)<\/li>\n<li>Djup p\u00e5 fodralet: 1 cm<\/li>\n<li>Total tjocklek: 1,6 cm<\/li>\n<\/ul>\n<p><strong>Material:<\/strong><\/p>\n<ul>\n<li>Bj\u00f6rkplywood<\/li>\n<\/ul>","protected":false},"excerpt":{"rendered":"<p>Handgjord l\u00e5da tillverkad av noggrant utvald bj\u00f6rkplywood i form av en hundtass (USB-minnen och SD-kort som syns p\u00e5 bilden ing\u00e5r ej).<br \/>\nRobust ask, perfekt f\u00f6r smycken, f\u00f6rvaring av personliga tillh\u00f6righeter, presentask eller presentask.<br \/>\nG\u00f6r en husdjurs\u00e4lskande v\u00e4n eller familjemedlem glad med denna underbara l\u00e5da!<\/p>","protected":false},"featured_media":4039,"template":"","meta":{"_seopress_robots_primary_cat":"0","_seopress_titles_title":"","_seopress_titles_desc":"","_seopress_robots_index":"","site-sidebar-layout":"default","site-content-layout":"","ast-site-content-layout":"default","site-content-style":"default","site-sidebar-style":"default","ast-global-header-display":"","ast-banner-title-visibility":"","ast-main-header-display":"","ast-hfb-above-header-display":"","ast-hfb-below-header-display":"","ast-hfb-mobile-header-display":"","site-post-title":"","ast-breadcrumbs-content":"","ast-featured-img":"","footer-sml-layout":"","ast-disable-related-posts":"","theme-transparent-header-meta":"","adv-header-id-meta":"","stick-header-meta":"","header-above-stick-meta":"","header-main-stick-meta":"","header-below-stick-meta":"","astra-migrate-meta-layouts":"default","ast-page-background-enabled":"default","ast-page-background-meta":{"desktop":{"background-color":"","background-image":"","background-repeat":"repeat","background-position":"center center","background-size":"auto","background-attachment":"scroll","background-type":"","background-media":"","overlay-type":"","overlay-color":"","overlay-opacity":"","overlay-gradient":""},"tablet":{"background-color":"","background-image":"","background-repeat":"repeat","background-position":"center center","background-size":"auto","background-attachment":"scroll","background-type":"","background-media":"","overlay-type":"","overlay-color":"","overlay-opacity":"","overlay-gradient":""},"mobile":{"background-color":"","background-image":"","background-repeat":"repeat","background-position":"center center","background-size":"auto","background-attachment":"scroll","background-type":"","background-media":"","overlay-type":"","overlay-color":"","overlay-opacity":"","overlay-gradient":""}},"ast-content-background-meta":{"desktop":{"background-color":"var(--ast-global-color-5)","background-image":"","background-repeat":"repeat","background-position":"center center","background-size":"auto","background-attachment":"scroll","background-type":"","background-media":"","overlay-type":"","overlay-color":"","overlay-opacity":"","overlay-gradient":""},"tablet":{"background-color":"var(--ast-global-color-5)","background-image":"","background-repeat":"repeat","background-position":"center center","background-size":"auto","background-attachment":"scroll","background-type":"","background-media":"","overlay-type":"","overlay-color":"","overlay-opacity":"","overlay-gradient":""},"mobile":{"background-color":"var(--ast-global-color-5)","background-image":"","background-repeat":"repeat","background-position":"center center","background-size":"auto","background-attachment":"scroll","background-type":"","background-media":"","overlay-type":"","overlay-color":"","overlay-opacity":"","overlay-gradient":""}}},"product_brand":[],"product_cat":[38,87],"product_tag":[],"class_list":{"0":"post-3364","1":"product","2":"type-product","3":"status-publish","4":"has-post-thumbnail","6":"product_cat-cajas-de-madera-personalizadas","7":"product_cat-mascotas","8":"desktop-align-center","9":"tablet-align-left","10":"mobile-align-center","11":"ast-product-gallery-layout-horizontal","12":"ast-magnify-disabled","13":"ast-product-tabs-layout-horizontal","14":"tm-no-options","16":"first","17":"instock","18":"taxable","19":"shipping-taxable","20":"purchasable","21":"product-type-simple"},"_links":{"self":[{"href":"https:\/\/kiemmi.com\/sv\/wp-json\/wp\/v2\/product\/3364","targetHints":{"allow":["GET"]}}],"collection":[{"href":"https:\/\/kiemmi.com\/sv\/wp-json\/wp\/v2\/product"}],"about":[{"href":"https:\/\/kiemmi.com\/sv\/wp-json\/wp\/v2\/types\/product"}],"version-history":[{"count":0,"href":"https:\/\/kiemmi.com\/sv\/wp-json\/wp\/v2\/product\/3364\/revisions"}],"wp:featuredmedia":[{"embeddable":true,"href":"https:\/\/kiemmi.com\/sv\/wp-json\/wp\/v2\/media\/4039"}],"wp:attachment":[{"href":"https:\/\/kiemmi.com\/sv\/wp-json\/wp\/v2\/media?parent=3364"}],"wp:term":[{"taxonomy":"product_brand","embeddable":true,"href":"https:\/\/kiemmi.com\/sv\/wp-json\/wp\/v2\/product_brand?post=3364"},{"taxonomy":"product_cat","embeddable":true,"href":"https:\/\/kiemmi.com\/sv\/wp-json\/wp\/v2\/product_cat?post=3364"},{"taxonomy":"product_tag","embeddable":true,"href":"https:\/\/kiemmi.com\/sv\/wp-json\/wp\/v2\/product_tag?post=3364"}],"curies":[{"name":"wp","href":"https:\/\/api.w.org\/{rel}","templated":true}]}}