{"id":32454,"date":"2025-09-25T21:09:13","date_gmt":"2025-09-25T21:09:13","guid":{"rendered":"https:\/\/kiemmi.com\/?post_type=product&#038;p=32454"},"modified":"2025-09-26T12:24:38","modified_gmt":"2025-09-26T12:24:38","slug":"specialanpassade-3d-bokstaver-i-tra","status":"publish","type":"product","link":"https:\/\/kiemmi.com\/sv\/shop\/letras-3d-personalizadas\/letras-3d-de-madera-personalizada\/","title":{"rendered":"Anpassade 3D-bokst\u00e4ver i tr\u00e4"},"content":{"rendered":"<p>Ge varje utrymme en speciell och originell touch med v\u00e5ra personliga 3D-bokst\u00e4ver i tr\u00e4. Varje bokstav \u00e4r tillverkad av h\u00f6gkvalitativt naturligt tr\u00e4 och dekorerad med fullf\u00e4rgstryck, vilket g\u00f6r den till en unik och best\u00e5ende g\u00e5va.<\/p>\n<p>Du kan anpassa bokst\u00e4verna med personens namn, v\u00e4lja huvudf\u00e4rg och l\u00e4gga till ett tema som passar deras smak: sporter som fotboll eller basket, blommor, barnelement eller n\u00e5gon annan stil du \u00f6nskar.<\/p>\n<p>De \u00e4r perfekta som dekoration till barnrum, f\u00f6delsedagspresenter, presenter till speciella tillf\u00e4llen eller personliga souvenirer.<\/p>\n<p>\ud83c\udf1f Huvudfunktioner:<\/p>\n<ul>\n<li>\ud83e\udeb5 Kvalitetsmaterial: Naturtr\u00e4 med slitstark finish och v\u00e4ldefinierade detaljer<\/li>\n<li>\ud83c\udfa8 Fullst\u00e4ndig anpassning: V\u00e4lj teckensnittsf\u00e4rg, namn och temadesign<\/li>\n<li>\ud83d\udd20 Storlekar att v\u00e4lja mellan: Finns i olika h\u00f6jder f\u00f6r att passa alla utrymmen<\/li>\n<li>\u26bd\ud83c\udfc0\ud83c\udf38 Olika designer: Fr\u00e5n sportmotiv till blommor och roliga stilar<\/li>\n<li>\ud83c\udf81 Perfekt som present: En unik och personlig detalj som \u00f6verraskar och upphetsar<\/li>\n<li>\ud83c\udfe1 M\u00e5ngsidig dekoration: Perfekt f\u00f6r hyllor, skrivbord, sovrum och speciella h\u00f6rn<\/li>\n<\/ul>","protected":false},"excerpt":{"rendered":"<p>Personliga 3D-tr\u00e4bokst\u00e4ver med namn, f\u00e4rg och tema. V\u00e4lj storlek och skapa en unik dekoration, perfekt som present eller f\u00f6r att inreda barnrum och speciella utrymmen.<\/p>","protected":false},"featured_media":32458,"template":"","meta":{"_seopress_robots_primary_cat":"104","_seopress_titles_title":"","_seopress_titles_desc":"","_seopress_robots_index":"","site-sidebar-layout":"default","site-content-layout":"","ast-site-content-layout":"default","site-content-style":"default","site-sidebar-style":"default","ast-global-header-display":"","ast-banner-title-visibility":"","ast-main-header-display":"","ast-hfb-above-header-display":"","ast-hfb-below-header-display":"","ast-hfb-mobile-header-display":"","site-post-title":"","ast-breadcrumbs-content":"","ast-featured-img":"","footer-sml-layout":"","ast-disable-related-posts":"","theme-transparent-header-meta":"default","adv-header-id-meta":"","stick-header-meta":"default","header-above-stick-meta":"","header-main-stick-meta":"","header-below-stick-meta":"","astra-migrate-meta-layouts":"set","ast-page-background-enabled":"default","ast-page-background-meta":{"desktop":{"background-color":"","background-image":"","background-repeat":"repeat","background-position":"center center","background-size":"auto","background-attachment":"scroll","background-type":"","background-media":"","overlay-type":"","overlay-color":"","overlay-opacity":"","overlay-gradient":""},"tablet":{"background-color":"","background-image":"","background-repeat":"repeat","background-position":"center center","background-size":"auto","background-attachment":"scroll","background-type":"","background-media":"","overlay-type":"","overlay-color":"","overlay-opacity":"","overlay-gradient":""},"mobile":{"background-color":"","background-image":"","background-repeat":"repeat","background-position":"center center","background-size":"auto","background-attachment":"scroll","background-type":"","background-media":"","overlay-type":"","overlay-color":"","overlay-opacity":"","overlay-gradient":""}},"ast-content-background-meta":{"desktop":{"background-color":"var(--ast-global-color-5)","background-image":"","background-repeat":"repeat","background-position":"center center","background-size":"auto","background-attachment":"scroll","background-type":"","background-media":"","overlay-type":"","overlay-color":"","overlay-opacity":"","overlay-gradient":""},"tablet":{"background-color":"var(--ast-global-color-5)","background-image":"","background-repeat":"repeat","background-position":"center center","background-size":"auto","background-attachment":"scroll","background-type":"","background-media":"","overlay-type":"","overlay-color":"","overlay-opacity":"","overlay-gradient":""},"mobile":{"background-color":"var(--ast-global-color-5)","background-image":"","background-repeat":"repeat","background-position":"center center","background-size":"auto","background-attachment":"scroll","background-type":"","background-media":"","overlay-type":"","overlay-color":"","overlay-opacity":"","overlay-gradient":""}}},"product_brand":[103],"product_cat":[51,45,52,104],"product_tag":[],"class_list":{"0":"post-32454","1":"product","2":"type-product","3":"status-publish","4":"has-post-thumbnail","6":"product_brand-kiemmi-creations","7":"product_cat-decoracion-del-hogar","8":"product_cat-detalles-para-bodas-y-eventos","9":"product_cat-habitacion-de-bebe","10":"product_cat-letras-3d-personalizadas","11":"desktop-align-center","12":"tablet-align-left","13":"mobile-align-center","14":"ast-product-gallery-layout-horizontal","15":"ast-magnify-disabled","16":"ast-product-tabs-layout-horizontal","17":"tm-has-options","19":"first","20":"instock","21":"taxable","22":"shipping-taxable","23":"purchasable","24":"product-type-simple"},"_links":{"self":[{"href":"https:\/\/kiemmi.com\/sv\/wp-json\/wp\/v2\/product\/32454","targetHints":{"allow":["GET"]}}],"collection":[{"href":"https:\/\/kiemmi.com\/sv\/wp-json\/wp\/v2\/product"}],"about":[{"href":"https:\/\/kiemmi.com\/sv\/wp-json\/wp\/v2\/types\/product"}],"version-history":[{"count":0,"href":"https:\/\/kiemmi.com\/sv\/wp-json\/wp\/v2\/product\/32454\/revisions"}],"wp:featuredmedia":[{"embeddable":true,"href":"https:\/\/kiemmi.com\/sv\/wp-json\/wp\/v2\/media\/32458"}],"wp:attachment":[{"href":"https:\/\/kiemmi.com\/sv\/wp-json\/wp\/v2\/media?parent=32454"}],"wp:term":[{"taxonomy":"product_brand","embeddable":true,"href":"https:\/\/kiemmi.com\/sv\/wp-json\/wp\/v2\/product_brand?post=32454"},{"taxonomy":"product_cat","embeddable":true,"href":"https:\/\/kiemmi.com\/sv\/wp-json\/wp\/v2\/product_cat?post=32454"},{"taxonomy":"product_tag","embeddable":true,"href":"https:\/\/kiemmi.com\/sv\/wp-json\/wp\/v2\/product_tag?post=32454"}],"curies":[{"name":"wp","href":"https:\/\/api.w.org\/{rel}","templated":true}]}}