{"id":3192,"date":"2022-01-31T15:08:37","date_gmt":"2022-01-31T15:08:37","guid":{"rendered":"https:\/\/kiemmi.com\/?post_type=product&#038;p=3192"},"modified":"2024-11-11T20:07:48","modified_gmt":"2024-11-11T20:07:48","slug":"anpassningsbar-handgjord-gitarrformad-tralada","status":"publish","type":"product","link":"https:\/\/kiemmi.com\/sv\/shop\/cajas-de-madera-personalizadas\/caja-de-madera-en-forma-de-guitarra-personalizable-hecho-a-mano\/","title":{"rendered":"Anpassningsbar handgjord gitarrformad tr\u00e4l\u00e5da"},"content":{"rendered":"<p>Gitarrformad tr\u00e4l\u00e5da, ett handgjort m\u00e4sterverk perfekt f\u00f6r musik\u00e4lskare! Varje l\u00e5da \u00e4r noggrant handgjord och designad i form av en gitarr med precisionslasersk\u00e4rningsteknik, vilket garanterar en felfri finish in i minsta detalj.<\/p>\n<p>Denna tr\u00e4l\u00e5da \u00e4r mycket mer \u00e4n bara ett f\u00f6rvaringsobjekt. Det \u00e4r ett oumb\u00e4rligt tillbeh\u00f6r f\u00f6r alla musiker som vill h\u00e5lla sina v\u00e4rdefulla plektrum organiserade och skyddade p\u00e5 en speciell plats. Dess geniala och attraktiva design g\u00f6r det m\u00f6jligt att f\u00f6rvara flera plektrum i olika storlekar och stilar, s\u00e5 att de alltid \u00e4r l\u00e4ttillg\u00e4ngliga.<\/p>\n<p>Men det \u00e4r inte allt, f\u00f6r den h\u00e4r l\u00e5dan \u00e4r helt anpassningsbar. Du kan ge den en speciell touch genom att gravera ditt namn, din v\u00e4ns eller din \u00e4lskade musiker p\u00e5 framsidan av l\u00e5dan med en elegant och h\u00e5llbar lasergravyr. P\u00e5 s\u00e5 s\u00e4tt f\u00f6rvandlar du l\u00e5dan till ett unikt och exklusivt f\u00f6rem\u00e5l.<\/p>\n<p>Vi erbjuder ocks\u00e5 ett brett utbud av alternativ f\u00f6r att anpassa kroppen efter dina personliga preferenser. Du kan v\u00e4lja mellan olika tr\u00e4betsar. Du har ocks\u00e5 m\u00f6jlighet att v\u00e4lja mellan olika gitarrmodeller, var och en med sin egen unika personlighet och stil.<\/p>\n<p>Tr\u00e4l\u00e5dan har en baksida som kan vara tillverkad av naturligt tr\u00e4 eller sammet, beroende p\u00e5 vad du f\u00f6redrar. Den mjuka, lyxiga sammetsbaksidan ger extra skydd f\u00f6r dina plektrum och ger l\u00e5dan en touch av elegans.<\/p>\n<p>Kort sagt, denna gitarrformade tr\u00e4l\u00e5da \u00e4r den perfekta presenten till en musikerv\u00e4n eller familjemedlem. Det \u00e4r ett funktionellt och dekorativt f\u00f6rem\u00e5l som \u00e5terspeglar en k\u00e4rlek till musik och noggrannhet. Den erbjuder inte bara en s\u00e4ker plats att f\u00f6rvara plektrum, utan \u00e4r ocks\u00e5 ett konstverk i sig. \u00d6verraska dina n\u00e4ra och k\u00e4ra med denna originella och speciella present som de garanterat kommer att v\u00e5rda livet ut!<\/p>","protected":false},"excerpt":{"rendered":"<p>Gitarrformad tr\u00e4l\u00e5da, handgjord med lasersk\u00e4rning. Perfekt f\u00f6r f\u00f6rvaring av plektrum, kan anpassas med lasergravyr och v\u00e4ljas i olika f\u00e4rger och gitarrmodeller. Baksidan kan vara tillverkad av naturligt tr\u00e4 eller sammet. En originell present till musikerv\u00e4nner eller familj som kombinerar funktionalitet och handgjord design. \u00d6verraska dem med denna unika och speciella present.<\/p>","protected":false},"featured_media":5849,"template":"","meta":{"_seopress_robots_primary_cat":"0","_seopress_titles_title":"%%title%% %%page%%","_seopress_titles_desc":"","_seopress_robots_index":"","site-sidebar-layout":"default","site-content-layout":"","ast-site-content-layout":"default","site-content-style":"default","site-sidebar-style":"default","ast-global-header-display":"","ast-banner-title-visibility":"","ast-main-header-display":"","ast-hfb-above-header-display":"","ast-hfb-below-header-display":"","ast-hfb-mobile-header-display":"","site-post-title":"","ast-breadcrumbs-content":"","ast-featured-img":"","footer-sml-layout":"","ast-disable-related-posts":"","theme-transparent-header-meta":"","adv-header-id-meta":"","stick-header-meta":"","header-above-stick-meta":"","header-main-stick-meta":"","header-below-stick-meta":"","astra-migrate-meta-layouts":"default","ast-page-background-enabled":"default","ast-page-background-meta":{"desktop":{"background-color":"","background-image":"","background-repeat":"repeat","background-position":"center center","background-size":"auto","background-attachment":"scroll","background-type":"","background-media":"","overlay-type":"","overlay-color":"","overlay-opacity":"","overlay-gradient":""},"tablet":{"background-color":"","background-image":"","background-repeat":"repeat","background-position":"center center","background-size":"auto","background-attachment":"scroll","background-type":"","background-media":"","overlay-type":"","overlay-color":"","overlay-opacity":"","overlay-gradient":""},"mobile":{"background-color":"","background-image":"","background-repeat":"repeat","background-position":"center center","background-size":"auto","background-attachment":"scroll","background-type":"","background-media":"","overlay-type":"","overlay-color":"","overlay-opacity":"","overlay-gradient":""}},"ast-content-background-meta":{"desktop":{"background-color":"var(--ast-global-color-5)","background-image":"","background-repeat":"repeat","background-position":"center center","background-size":"auto","background-attachment":"scroll","background-type":"","background-media":"","overlay-type":"","overlay-color":"","overlay-opacity":"","overlay-gradient":""},"tablet":{"background-color":"var(--ast-global-color-5)","background-image":"","background-repeat":"repeat","background-position":"center center","background-size":"auto","background-attachment":"scroll","background-type":"","background-media":"","overlay-type":"","overlay-color":"","overlay-opacity":"","overlay-gradient":""},"mobile":{"background-color":"var(--ast-global-color-5)","background-image":"","background-repeat":"repeat","background-position":"center center","background-size":"auto","background-attachment":"scroll","background-type":"","background-media":"","overlay-type":"","overlay-color":"","overlay-opacity":"","overlay-gradient":""}}},"product_brand":[],"product_cat":[38],"product_tag":[],"class_list":{"0":"post-3192","1":"product","2":"type-product","3":"status-publish","4":"has-post-thumbnail","6":"product_cat-cajas-de-madera-personalizadas","7":"desktop-align-center","8":"tablet-align-left","9":"mobile-align-center","10":"ast-product-gallery-layout-horizontal","11":"ast-magnify-disabled","12":"ast-product-tabs-layout-horizontal","13":"tm-has-options","15":"first","16":"instock","17":"taxable","18":"shipping-taxable","19":"purchasable","20":"product-type-simple"},"_links":{"self":[{"href":"https:\/\/kiemmi.com\/sv\/wp-json\/wp\/v2\/product\/3192","targetHints":{"allow":["GET"]}}],"collection":[{"href":"https:\/\/kiemmi.com\/sv\/wp-json\/wp\/v2\/product"}],"about":[{"href":"https:\/\/kiemmi.com\/sv\/wp-json\/wp\/v2\/types\/product"}],"version-history":[{"count":0,"href":"https:\/\/kiemmi.com\/sv\/wp-json\/wp\/v2\/product\/3192\/revisions"}],"wp:featuredmedia":[{"embeddable":true,"href":"https:\/\/kiemmi.com\/sv\/wp-json\/wp\/v2\/media\/5849"}],"wp:attachment":[{"href":"https:\/\/kiemmi.com\/sv\/wp-json\/wp\/v2\/media?parent=3192"}],"wp:term":[{"taxonomy":"product_brand","embeddable":true,"href":"https:\/\/kiemmi.com\/sv\/wp-json\/wp\/v2\/product_brand?post=3192"},{"taxonomy":"product_cat","embeddable":true,"href":"https:\/\/kiemmi.com\/sv\/wp-json\/wp\/v2\/product_cat?post=3192"},{"taxonomy":"product_tag","embeddable":true,"href":"https:\/\/kiemmi.com\/sv\/wp-json\/wp\/v2\/product_tag?post=3192"}],"curies":[{"name":"wp","href":"https:\/\/api.w.org\/{rel}","templated":true}]}}