{"id":2865,"date":"2021-08-25T17:09:11","date_gmt":"2021-08-25T17:09:11","guid":{"rendered":"https:\/\/www.tks3d.com\/?post_type=product&#038;p=2865"},"modified":"2025-09-11T21:28:27","modified_gmt":"2025-09-11T21:28:27","slug":"tranyckelring-formad-som-en-katt-och-husdjurets-namn","status":"publish","type":"product","link":"https:\/\/kiemmi.com\/sv\/shop\/llaveros-madera\/llavero-de-madera-con-forma-de-gato-y-nombre-mascota\/","title":{"rendered":"Tr\u00e4nyckelring formad som en katt och husdjurets namn"},"content":{"rendered":"<p>Den handgjorda tr\u00e4nyckelringen f\u00f6r katter \u00e4r en unik och personlig produkt, perfekt f\u00f6r dig som \u00e4lskar sina husdjur och vill b\u00e4ra med dig en p\u00e5minnelse om dem \u00f6verallt. H\u00f6gprecisionslasersk\u00e4rning och gravyr m\u00f6jligg\u00f6r skapandet av en detaljerad katt i tr\u00e4et, vilket ger den ett elegant och modernt utseende.<\/p>\n<p>Nyckelringen kan anpassas med ditt husdjurs namn eller n\u00e5got annat \u00f6nskat namn, vilket g\u00f6r den till en speciell och minnesv\u00e4rd present till v\u00e4nner och familj. Du kan ocks\u00e5 v\u00e4lja mellan olika kattuttryck som passar varje katts unika personlighet.<\/p>\n<p>Tr\u00e4et som anv\u00e4nds i nyckelringen kommer fr\u00e5n h\u00e5llbara europeiska skogar, vilket g\u00f6r den till en milj\u00f6v\u00e4nlig produkt. Du kan ocks\u00e5 v\u00e4lja mellan olika tr\u00e4toner, fr\u00e5n naturligt tr\u00e4 till olika betsade tr\u00e4slag, s\u00e5 nyckelringen kan passa alla personliga stilar.<\/p>\n<p>Slutligen \u00e4r nyckelringens yta skyddad med milj\u00f6v\u00e4nlig lack f\u00f6r att s\u00e4kerst\u00e4lla en l\u00e4ngre livsl\u00e4ngd, vilket g\u00f6r den h\u00e5llbar och motst\u00e5ndskraftig mot daglig anv\u00e4ndning. Kort sagt, den handgjorda tr\u00e4nyckelringen f\u00f6r katter \u00e4r en personlig och milj\u00f6v\u00e4nlig present som alla katt\u00e4lskare s\u00e4kert kommer att uppskatta.<\/p>\n<p><strong>M\u00e5tt:<\/strong><\/p>\n<ul>\n<li>Tjocklek: 3 mm<\/li>\n<li>Bredd: 43,5 mm<\/li>\n<li>H\u00f6jd: 40 mm<\/li>\n<\/ul>\n<p><strong>Material:<\/strong><\/p>\n<ul>\n<li>Tr\u00e4<\/li>\n<\/ul>","protected":false},"excerpt":{"rendered":"<p>Den handgjorda tr\u00e4nyckelringen f\u00f6r katter \u00e4r en unik och personlig produkt, perfekt f\u00f6r dig som \u00e4lskar sina husdjur och vill b\u00e4ra med dig en p\u00e5minnelse om dem \u00f6verallt. H\u00f6gprecisionslasersk\u00e4rning och gravyr m\u00f6jligg\u00f6r skapandet av en detaljerad katt i tr\u00e4et, vilket ger den ett elegant och modernt utseende.<\/p>\n<p>Nyckelringen kan anpassas med ditt husdjurs namn eller n\u00e5got annat \u00f6nskat namn, vilket g\u00f6r den till en speciell och minnesv\u00e4rd present till v\u00e4nner och familj. Du kan ocks\u00e5 v\u00e4lja mellan olika kattuttryck som passar varje katts unika personlighet.<\/p>\n<p>Tr\u00e4et som anv\u00e4nds i nyckelringen kommer fr\u00e5n h\u00e5llbara europeiska skogar, vilket g\u00f6r den till en milj\u00f6v\u00e4nlig produkt. Du kan ocks\u00e5 v\u00e4lja mellan olika tr\u00e4toner, fr\u00e5n naturligt tr\u00e4 till olika betsade tr\u00e4slag, s\u00e5 nyckelringen kan passa alla personliga stilar.<\/p>\n<p>Slutligen \u00e4r nyckelringens yta skyddad med milj\u00f6v\u00e4nlig lack f\u00f6r att s\u00e4kerst\u00e4lla en l\u00e4ngre livsl\u00e4ngd, vilket g\u00f6r den h\u00e5llbar och motst\u00e5ndskraftig mot daglig anv\u00e4ndning. Kort sagt, den handgjorda tr\u00e4nyckelringen f\u00f6r katter \u00e4r en personlig och milj\u00f6v\u00e4nlig present som alla katt\u00e4lskare s\u00e4kert kommer att uppskatta.<\/p>","protected":false},"featured_media":5375,"template":"","meta":{"_seopress_robots_primary_cat":"33","_seopress_titles_title":"Llavero de Madera Personalizado en Forma de Gato \u00fanico","_seopress_titles_desc":"Lleva tu amor por los gatos a todas partes con este llavero \u00fanico y ecol\u00f3gico, personalizado con el nombre de tu mascota y una expresi\u00f3n \u00fanica.","_seopress_robots_index":"","site-sidebar-layout":"default","site-content-layout":"","ast-site-content-layout":"default","site-content-style":"default","site-sidebar-style":"default","ast-global-header-display":"","ast-banner-title-visibility":"","ast-main-header-display":"","ast-hfb-above-header-display":"","ast-hfb-below-header-display":"","ast-hfb-mobile-header-display":"","site-post-title":"","ast-breadcrumbs-content":"","ast-featured-img":"","footer-sml-layout":"","ast-disable-related-posts":"","theme-transparent-header-meta":"default","adv-header-id-meta":"","stick-header-meta":"default","header-above-stick-meta":"","header-main-stick-meta":"","header-below-stick-meta":"","astra-migrate-meta-layouts":"set","ast-page-background-enabled":"default","ast-page-background-meta":{"desktop":{"background-color":"","background-image":"","background-repeat":"repeat","background-position":"center center","background-size":"auto","background-attachment":"scroll","background-type":"","background-media":"","overlay-type":"","overlay-color":"","overlay-opacity":"","overlay-gradient":""},"tablet":{"background-color":"","background-image":"","background-repeat":"repeat","background-position":"center center","background-size":"auto","background-attachment":"scroll","background-type":"","background-media":"","overlay-type":"","overlay-color":"","overlay-opacity":"","overlay-gradient":""},"mobile":{"background-color":"","background-image":"","background-repeat":"repeat","background-position":"center center","background-size":"auto","background-attachment":"scroll","background-type":"","background-media":"","overlay-type":"","overlay-color":"","overlay-opacity":"","overlay-gradient":""}},"ast-content-background-meta":{"desktop":{"background-color":"var(--ast-global-color-5)","background-image":"","background-repeat":"repeat","background-position":"center center","background-size":"auto","background-attachment":"scroll","background-type":"","background-media":"","overlay-type":"","overlay-color":"","overlay-opacity":"","overlay-gradient":""},"tablet":{"background-color":"var(--ast-global-color-5)","background-image":"","background-repeat":"repeat","background-position":"center center","background-size":"auto","background-attachment":"scroll","background-type":"","background-media":"","overlay-type":"","overlay-color":"","overlay-opacity":"","overlay-gradient":""},"mobile":{"background-color":"var(--ast-global-color-5)","background-image":"","background-repeat":"repeat","background-position":"center center","background-size":"auto","background-attachment":"scroll","background-type":"","background-media":"","overlay-type":"","overlay-color":"","overlay-opacity":"","overlay-gradient":""}}},"product_brand":[],"product_cat":[33],"product_tag":[],"class_list":{"0":"post-2865","1":"product","2":"type-product","3":"status-publish","4":"has-post-thumbnail","6":"product_cat-llaveros-madera","7":"desktop-align-center","8":"tablet-align-left","9":"mobile-align-center","10":"ast-product-gallery-layout-horizontal","11":"ast-magnify-disabled","12":"ast-product-tabs-layout-horizontal","13":"tm-has-options","15":"first","16":"instock","17":"taxable","18":"shipping-taxable","19":"purchasable","20":"product-type-simple"},"_links":{"self":[{"href":"https:\/\/kiemmi.com\/sv\/wp-json\/wp\/v2\/product\/2865","targetHints":{"allow":["GET"]}}],"collection":[{"href":"https:\/\/kiemmi.com\/sv\/wp-json\/wp\/v2\/product"}],"about":[{"href":"https:\/\/kiemmi.com\/sv\/wp-json\/wp\/v2\/types\/product"}],"version-history":[{"count":0,"href":"https:\/\/kiemmi.com\/sv\/wp-json\/wp\/v2\/product\/2865\/revisions"}],"wp:featuredmedia":[{"embeddable":true,"href":"https:\/\/kiemmi.com\/sv\/wp-json\/wp\/v2\/media\/5375"}],"wp:attachment":[{"href":"https:\/\/kiemmi.com\/sv\/wp-json\/wp\/v2\/media?parent=2865"}],"wp:term":[{"taxonomy":"product_brand","embeddable":true,"href":"https:\/\/kiemmi.com\/sv\/wp-json\/wp\/v2\/product_brand?post=2865"},{"taxonomy":"product_cat","embeddable":true,"href":"https:\/\/kiemmi.com\/sv\/wp-json\/wp\/v2\/product_cat?post=2865"},{"taxonomy":"product_tag","embeddable":true,"href":"https:\/\/kiemmi.com\/sv\/wp-json\/wp\/v2\/product_tag?post=2865"}],"curies":[{"name":"wp","href":"https:\/\/api.w.org\/{rel}","templated":true}]}}