{"id":2830,"date":"2021-08-23T08:55:07","date_gmt":"2021-08-23T08:55:07","guid":{"rendered":"https:\/\/www.tks3d.com\/?post_type=product&#038;p=2830"},"modified":"2025-10-13T12:26:45","modified_gmt":"2025-10-13T12:26:45","slug":"tranyckelring-i-form-av-en-fot-och-ditt-barns-namn","status":"publish","type":"product","link":"https:\/\/kiemmi.com\/sv\/shop\/llaveros-madera\/llavero-de-madera-con-forma-de-pie-y-el-nombre-de-tu-bebe\/","title":{"rendered":"Tr\u00e4nyckelring i form av en fot och ditt barns namn"},"content":{"rendered":"<p>Han <strong>personlig nyckelring i form av en babyfot<\/strong> Det \u00e4r en \u00f6m och unik detalj f\u00f6r att fira ankomsten av en nyf\u00f6dd. Tillverkad i <strong>h\u00f6gkvalitativt naturligt tr\u00e4<\/strong>, kombinerar hantverksm\u00e4ssig v\u00e4rme med en <strong>h\u00f6guppl\u00f6st f\u00e4rgutskrift<\/strong>, vilket uppn\u00e5r ett resultat fullt av liv och mening.<\/p>\n<p>I <strong>framsida<\/strong>, \u00e4r tryckt <strong>barnets namn och f\u00f6delsedatum<\/strong>, medan i <strong>bak-<\/strong> l\u00e4ggs till <strong>tid, vikt och l\u00e4ngd<\/strong> fr\u00e5n f\u00f6dseln. Varje detalj \u00e4r noggrant personlig, vilket skapar ett k\u00e4nslom\u00e4ssigt och unikt minne.<\/p>\n<p>Du kan v\u00e4lja mellan <strong>olika f\u00e4rger av tr\u00e4<\/strong>, vilket g\u00f6r varje f\u00f6rem\u00e5l \u00e4nnu mer speciellt. Dess sl\u00e4ta, slitstarka finish g\u00f6r denna nyckelring till ett perfekt tillbeh\u00f6r att alltid b\u00e4ra med sig eller spara som ett familjeminne.<\/p>\n<p>Denna nyckelring i tr\u00e4 \u00e4r en <strong>h\u00e4rlig presentid\u00e9<\/strong> f\u00f6r nyblivna f\u00f6r\u00e4ldrar, mor- och farf\u00f6r\u00e4ldrar eller v\u00e4nner som precis har v\u00e4lkomnat en bebis. Det \u00e4r en <strong>originell och \u00f6m f\u00f6delsesouvenir<\/strong> som aldrig g\u00e5r obem\u00e4rkt f\u00f6rbi.<\/p>\n<p><strong>\ud83c\udf3f Utvalda funktioner:<\/strong><\/p>\n<ul>\n<li>\ud83e\udeb5 Tillverkad av h\u00f6gkvalitativt naturligt tr\u00e4.<\/li>\n<li>\ud83c\udfa8 Skarp, h\u00e5llbar f\u00e4rgtryckt text.<\/li>\n<li>\ud83d\udc63 Design av babyfot, som symboliserar b\u00f6rjan p\u00e5 ett nytt liv.<\/li>\n<li>\ud83d\udc95 Fullst\u00e4ndig anpassningsbarhet p\u00e5 b\u00e5da sidor: namn, datum, tid, vikt och l\u00e4ngd.<\/li>\n<li>\ud83c\udf81 Perfekt som present till nyf\u00f6dda, babyshowers etc.\u2026<\/li>\n<\/ul>\n<p>Fira ankomsten av en ny familjemedlem med denna personliga, f\u00e4rgtryckta nyckelring i tr\u00e4 \u2013 ett minne du kommer att v\u00e5rda f\u00f6r alltid.<\/p>\n<p>\ud83d\udccf M\u00e5tt (ungef\u00e4rliga):<\/p>\n<ul>\n<li>Bredd: 3,4 cm<\/li>\n<li>H\u00f6jd: 4,8 cm<\/li>\n<li>Tjocklek: 0,3 cm<\/li>\n<\/ul>","protected":false},"excerpt":{"rendered":"<p>Han <strong data-start=\"2049\" data-end=\"2086\">personlig nyckelring f\u00f6r babyf\u00f6tter<\/strong> visar de utskrivna f\u00f6delseuppgifterna <strong data-start=\"2129\" data-end=\"2145\">i fullf\u00e4rg<\/strong> i naturligt tr\u00e4.<br data-start=\"2438\" data-end=\"2441\" \/>En <strong data-start=\"2444\" data-end=\"2472\">\u00f6m och originell g\u00e5va<\/strong> f\u00f6r att fira ankomsten av en nyf\u00f6dd.<\/p>\n<p>Mycket originell och exklusiv present.<\/p>","protected":false},"featured_media":33301,"template":"","meta":{"_seopress_robots_primary_cat":"33","_seopress_titles_title":"Regalo ideal: %%title%% %%page%%","_seopress_titles_desc":"Llavero de madera hechos a mano y personalizable a las 2 carras con el nombre de tu bebe y su fecha de nacimiento, hora, peso, altura.","_seopress_robots_index":"","site-sidebar-layout":"default","site-content-layout":"","ast-site-content-layout":"default","site-content-style":"default","site-sidebar-style":"default","ast-global-header-display":"","ast-banner-title-visibility":"","ast-main-header-display":"","ast-hfb-above-header-display":"","ast-hfb-below-header-display":"","ast-hfb-mobile-header-display":"","site-post-title":"","ast-breadcrumbs-content":"","ast-featured-img":"","footer-sml-layout":"","ast-disable-related-posts":"","theme-transparent-header-meta":"default","adv-header-id-meta":"","stick-header-meta":"default","header-above-stick-meta":"","header-main-stick-meta":"","header-below-stick-meta":"","astra-migrate-meta-layouts":"set","ast-page-background-enabled":"default","ast-page-background-meta":{"desktop":{"background-color":"","background-image":"","background-repeat":"repeat","background-position":"center center","background-size":"auto","background-attachment":"scroll","background-type":"","background-media":"","overlay-type":"","overlay-color":"","overlay-opacity":"","overlay-gradient":""},"tablet":{"background-color":"","background-image":"","background-repeat":"repeat","background-position":"center center","background-size":"auto","background-attachment":"scroll","background-type":"","background-media":"","overlay-type":"","overlay-color":"","overlay-opacity":"","overlay-gradient":""},"mobile":{"background-color":"","background-image":"","background-repeat":"repeat","background-position":"center center","background-size":"auto","background-attachment":"scroll","background-type":"","background-media":"","overlay-type":"","overlay-color":"","overlay-opacity":"","overlay-gradient":""}},"ast-content-background-meta":{"desktop":{"background-color":"var(--ast-global-color-5)","background-image":"","background-repeat":"repeat","background-position":"center center","background-size":"auto","background-attachment":"scroll","background-type":"","background-media":"","overlay-type":"","overlay-color":"","overlay-opacity":"","overlay-gradient":""},"tablet":{"background-color":"var(--ast-global-color-5)","background-image":"","background-repeat":"repeat","background-position":"center center","background-size":"auto","background-attachment":"scroll","background-type":"","background-media":"","overlay-type":"","overlay-color":"","overlay-opacity":"","overlay-gradient":""},"mobile":{"background-color":"var(--ast-global-color-5)","background-image":"","background-repeat":"repeat","background-position":"center center","background-size":"auto","background-attachment":"scroll","background-type":"","background-media":"","overlay-type":"","overlay-color":"","overlay-opacity":"","overlay-gradient":""}}},"product_brand":[103],"product_cat":[33,81,49],"product_tag":[],"class_list":{"0":"post-2830","1":"product","2":"type-product","3":"status-publish","4":"has-post-thumbnail","6":"product_brand-kiemmi-creations","7":"product_cat-llaveros-madera","8":"product_cat-natalicios","9":"product_cat-regalos-originales","10":"desktop-align-center","11":"tablet-align-left","12":"mobile-align-center","13":"ast-product-gallery-layout-horizontal","14":"ast-magnify-disabled","15":"ast-product-tabs-layout-horizontal","16":"tm-has-options","18":"first","19":"instock","20":"taxable","21":"shipping-taxable","22":"purchasable","23":"product-type-simple"},"_links":{"self":[{"href":"https:\/\/kiemmi.com\/sv\/wp-json\/wp\/v2\/product\/2830","targetHints":{"allow":["GET"]}}],"collection":[{"href":"https:\/\/kiemmi.com\/sv\/wp-json\/wp\/v2\/product"}],"about":[{"href":"https:\/\/kiemmi.com\/sv\/wp-json\/wp\/v2\/types\/product"}],"version-history":[{"count":0,"href":"https:\/\/kiemmi.com\/sv\/wp-json\/wp\/v2\/product\/2830\/revisions"}],"wp:featuredmedia":[{"embeddable":true,"href":"https:\/\/kiemmi.com\/sv\/wp-json\/wp\/v2\/media\/33301"}],"wp:attachment":[{"href":"https:\/\/kiemmi.com\/sv\/wp-json\/wp\/v2\/media?parent=2830"}],"wp:term":[{"taxonomy":"product_brand","embeddable":true,"href":"https:\/\/kiemmi.com\/sv\/wp-json\/wp\/v2\/product_brand?post=2830"},{"taxonomy":"product_cat","embeddable":true,"href":"https:\/\/kiemmi.com\/sv\/wp-json\/wp\/v2\/product_cat?post=2830"},{"taxonomy":"product_tag","embeddable":true,"href":"https:\/\/kiemmi.com\/sv\/wp-json\/wp\/v2\/product_tag?post=2830"}],"curies":[{"name":"wp","href":"https:\/\/api.w.org\/{rel}","templated":true}]}}